{"id":717,"date":"2009-04-22T09:48:52","date_gmt":"2009-04-22T09:48:52","guid":{"rendered":"http:\/\/localhost\/wp\/wordpress\/pertuki-kurdi-elfubey-niwe\/"},"modified":"2009-04-22T09:48:52","modified_gmt":"2009-04-22T09:48:52","slug":"pertuki-kurdi-elfubey-niwe","status":"publish","type":"page","link":"https:\/\/kurdishacademy.org\/?page_id=717","title":{"rendered":"Pert\u00fak\u00ed Kurd\u00ed: Elfub\u00e9y Niw\u00e9"},"content":{"rendered":"<p class=\"rtecenter\"><span style=\"font-size: medium;\">&Iacute;brah&iacute;m Em&iacute;n Balldar<\/span><\/p>\n<p>&nbsp;<\/p>\n<h1 class=\"rtecenter\"><span style=\"color: rgb(51, 51, 153);\"><span style=\"font-size: xx-large;\">ELFUB&Eacute;Y NIW&Eacute;<\/span><\/span><\/h1>\n<p>&nbsp;<\/p>\n<p class=\"rtecenter\"><span style=\"font-size: medium;\"><strong>bo p&uacute;l&iacute; yekem&iacute; seretay&iacute;<\/strong><\/span><\/p>\n<p class=\"rtecenter\"><img loading=\"lazy\" decoding=\"async\" class=\" size-full wp-image-709\" hspace=\"5\" height=\"215\" width=\"400\" vspace=\"5\" border=\"0\" align=\"middle\" src=\"http:\/\/localhost\/wp\/wordpress\/wp-content\/uploads\/2009\/04\/cover_elfubey_niwe.jpg\" alt=\"\" \/><\/p>\n<p><!--more--><\/p>\n<p class=\"rtecenter\"><span style=\"font-size: medium;\">&Iacute;brah&iacute;m Em&iacute;n Balldar<\/span><\/p>\n<p>&nbsp;<\/p>\n<h1 class=\"rtecenter\"><span style=\"color: rgb(51, 51, 153);\"><span style=\"font-size: xx-large;\">ELFUB&Eacute;Y NIW&Eacute;<\/span><\/span><\/h1>\n<p>&nbsp;<\/p>\n<p class=\"rtecenter\"><span style=\"font-size: medium;\"><strong>bo p&uacute;l&iacute; yekem&iacute; seretay&iacute;<\/strong><\/span><\/p>\n<p class=\"rtecenter\"><img loading=\"lazy\" decoding=\"async\" class=\" size-full wp-image-709\" hspace=\"5\" height=\"215\" width=\"400\" vspace=\"5\" border=\"0\" align=\"middle\" src=\"http:\/\/localhost\/wp\/wordpress\/wp-content\/uploads\/2009\/04\/cover_elfubey_niwe.jpg\" alt=\"\" \/><\/p>\n<p class=\"rtecenter\"><strong>N&iacute;gar: Tr&uacute;d&iacute; M&iacute;tlman<\/strong><br \/>\n<em><br \/>\nDubare n&uacute;s&iacute;n be r&eacute;n&uacute;s&iacute; yekgirt&uacute;y Kurd&iacute; &uacute; t&eacute;b&iacute;n&iacute;, le D&iacute;lan Roshan&iacute;<\/em><\/p>\n<p class=\"rtecenter\">++++++++++++++++++++++++++<\/p>\n<p>Em kitibe bo yekem jar le layen &Iacute;brah&iacute;m Em&iacute;n Balldar be r&eacute;n&uacute;s&iacute; Kurd&iacute;-Ereb&iacute; le sall&iacute; 1952 billaw kira.<\/p>\n<p>&nbsp;<\/p>\n<h1 class=\"rtecenter\"><a href=\"https:\/\/kurdishacademy.org\/courses\/central\/index.html\" target=\"_parent\"><strong><strong>dekr&eacute; l&eacute;re em pert&uacute;ke bixuw&eacute;ninewe \u25ba\u25ba\u25ba\u25ba\u25ba<\/strong><\/strong><\/a><\/h1>\n","protected":false},"excerpt":{"rendered":"<p>&Iacute;brah&iacute;m Em&iacute;n Balldar &nbsp; ELFUB&Eacute;Y NIW&Eacute; &nbsp; bo p&uacute;l&iacute; yekem&iacute; seretay&iacute;<\/p>\n","protected":false},"author":1,"featured_media":709,"parent":0,"menu_order":0,"comment_status":"closed","ping_status":"closed","template":"","meta":{"footnotes":""},"categories":[],"tags":[],"class_list":["post-717","page","type-page","status-publish","has-post-thumbnail","hentry"],"_links":{"self":[{"href":"https:\/\/kurdishacademy.org\/index.php?rest_route=\/wp\/v2\/pages\/717","targetHints":{"allow":["GET"]}}],"collection":[{"href":"https:\/\/kurdishacademy.org\/index.php?rest_route=\/wp\/v2\/pages"}],"about":[{"href":"https:\/\/kurdishacademy.org\/index.php?rest_route=\/wp\/v2\/types\/page"}],"author":[{"embeddable":true,"href":"https:\/\/kurdishacademy.org\/index.php?rest_route=\/wp\/v2\/users\/1"}],"replies":[{"embeddable":true,"href":"https:\/\/kurdishacademy.org\/index.php?rest_route=%2Fwp%2Fv2%2Fcomments&post=717"}],"version-history":[{"count":0,"href":"https:\/\/kurdishacademy.org\/index.php?rest_route=\/wp\/v2\/pages\/717\/revisions"}],"wp:featuredmedia":[{"embeddable":true,"href":"https:\/\/kurdishacademy.org\/index.php?rest_route=\/"}],"wp:attachment":[{"href":"https:\/\/kurdishacademy.org\/index.php?rest_route=%2Fwp%2Fv2%2Fmedia&parent=717"}],"wp:term":[{"taxonomy":"category","embeddable":true,"href":"https:\/\/kurdishacademy.org\/index.php?rest_route=%2Fwp%2Fv2%2Fcategories&post=717"},{"taxonomy":"post_tag","embeddable":true,"href":"https:\/\/kurdishacademy.org\/index.php?rest_route=%2Fwp%2Fv2%2Ftags&post=717"}],"curies":[{"name":"wp","href":"https:\/\/api.w.org\/{rel}","templated":true}]}}