{"id":603,"date":"2009-01-30T15:45:31","date_gmt":"2009-01-30T15:45:31","guid":{"rendered":"http:\/\/localhost\/wp\/wordpress\/kiteba-jhiyan-u-shiiren-seyfulquzati-qazi-u-danasandineka-kurt\/"},"modified":"2009-01-30T15:45:31","modified_gmt":"2009-01-30T15:45:31","slug":"kiteba-jhiyan-u-shiiren-seyfulquzati-qazi-u-danasandineka-kurt","status":"publish","type":"page","link":"https:\/\/kurdishacademy.org\/?page_id=603","title":{"rendered":"Kit\u00e9ba jhiyan \u00fa sh\u00edir\u00e9n Seyfulquzat\u00ed Qaz\u00ed \u00fa danasandineka kurt"},"content":{"rendered":"<p><img loading=\"lazy\" decoding=\"async\" class=\" alignright size-full wp-image-601\" hspace=\"5\" height=\"130\" border=\"0\" align=\"right\" width=\"200\" vspace=\"5\" src=\"http:\/\/localhost\/wp\/wordpress\/wp-content\/uploads\/2009\/01\/seyfulquzati-qazi-u-cilde-kitebe.jpg\" title=\"Seyfulquzat&iacute; Qaz&iacute; &uacute; cild&eacute; kit&eacute;b&eacute;\" class=\"caption\" alt=\"\" \/><span class=\"Apple-style-span\" style=\"border-collapse: separate; color: rgb(0, 0, 0); font-family: verdana; font-size: 13px; font-style: normal; font-variant: normal; font-weight: normal; letter-spacing: normal; line-height: 16px; orphans: 2; text-indent: 0px; text-transform: none; white-space: normal; widows: 2; word-spacing: 0px;\">Hesen&eacute; Qaz&iacute;<\/span><\/p>\n<p>Kit&eacute;ba &raquo;Azad&iacute;, serbexoy&iacute;, m&iacute;r&iacute; &uacute; gewrey&iacute;, dawa biken be zar &uacute; ziman &uacute; didan &uacute; l&eacute;w. Jhiyan &uacute; sh&iacute;ire kurdiyekan&iacute; Seyfulquzat&iacute; Qaz&iacute; (1876-1945)&laquo; di dawiya sala 2008-&eacute; de jhi aliy&eacute; (Binkey Jh&iacute;n)&eacute; li Sil&eacute;maniy&eacute; ve hat belav kirin. Mamoste Enwer&eacute; Sultan&iacute; &uacute; Hesen Qaz&iacute; n&eacute;z&iacute; du salan li ser amadekirina v&eacute; pirt&uacute;ka 423-&eacute; r&uacute;per&iacute; kar kiriye &uacute; 1500 nisxe jh&eacute; capb&uacute;ne.<\/p>\n<p><!--more--><\/p>\n<p><img loading=\"lazy\" decoding=\"async\" class=\" alignright size-full wp-image-601\" hspace=\"5\" height=\"130\" border=\"0\" align=\"right\" width=\"200\" vspace=\"5\" src=\"http:\/\/localhost\/wp\/wordpress\/wp-content\/uploads\/2009\/01\/seyfulquzati-qazi-u-cilde-kitebe.jpg\" title=\"Seyfulquzat&iacute; Qaz&iacute; &uacute; cild&eacute; kit&eacute;b&eacute;\" class=\"caption\" alt=\"\" \/><span class=\"Apple-style-span\" style=\"border-collapse: separate; color: rgb(0, 0, 0); font-family: verdana; font-size: 13px; font-style: normal; font-variant: normal; font-weight: normal; letter-spacing: normal; line-height: 16px; orphans: 2; text-indent: 0px; text-transform: none; white-space: normal; widows: 2; word-spacing: 0px;\">Hesen&eacute; Qaz&iacute;<\/span><\/p>\n<p>Kit&eacute;ba &raquo;Azad&iacute;, serbexoy&iacute;, m&iacute;r&iacute; &uacute; gewrey&iacute;, dawa biken be zar &uacute; ziman &uacute; didan &uacute; l&eacute;w. Jhiyan &uacute; sh&iacute;ire kurdiyekan&iacute; Seyfulquzat&iacute; Qaz&iacute; (1876-1945)&laquo; di dawiya sala 2008-&eacute; de jhi aliy&eacute; (Binkey Jh&iacute;n)&eacute; li Sil&eacute;maniy&eacute; ve hat belav kirin. Mamoste Enwer&eacute; Sultan&iacute; &uacute; Hesen Qaz&iacute; n&eacute;z&iacute; du salan li ser amadekirina v&eacute; pirt&uacute;ka 423-&eacute; r&uacute;per&iacute; kar kiriye &uacute; 1500 nisxe jh&eacute; capb&uacute;ne.<\/p>\n<p><!--break--><\/p>\n<p>Sernav&eacute; kit&eacute;b&eacute; jhi beyteka sh&iacute;ira Seyfulquzat&iacute; bi xwe hatiye wergirtin. Di kit&eacute;b&eacute; de jhi bil&iacute; helbestan &uacute; tefs&iacute;rkirina hinekan jhi wan, piraniya nivis&eacute;n ku li ser shair&iacute; hatine niv&iacute;sandin, hatine berhev kirin. Her wusa cend&iacute;n belgey&eacute;n di der heq&eacute; Seyfulquzat&iacute; de &uacute; namey&eacute;n ku w&iacute; niv&iacute;s&iacute;ne &uacute; nemey&eacute;n ku jh&eacute; re hatine niv&iacute;sandin di v&eacute; pirt&uacute;k&eacute; de j&iacute; digirin. Ev kit&eacute;b herweha bi n&eacute;z&iacute;k&iacute; 24 w&eacute;ney&eacute;n Seyfuquzat&iacute; &uacute; kes&eacute;n peywend&iacute; p&eacute; hey&iacute; hatiye xemilandin.<\/p>\n<p><strong>Seyfulquzat k&iacute; ye?<\/strong><\/p>\n<p>M&iacute;rze Hesen&eacute; Seyfulquzat kur&eacute; Qaz&iacute; Qasim&iacute;, biray&eacute; bic&uacute;k&eacute; Qaz&iacute; El&iacute;, Ap&eacute; P&eacute;shewa Qaz&iacute; Mihemed&iacute; &uacute; Sedr&eacute; Qaz&iacute; &uacute; Bav&eacute; Muhemed Hus&eacute;n&eacute; Seyf&iacute; Qaz&iacute; &uacute; Dr. Reh&iacute;m&eacute; Qaz&iacute; ye.<\/p>\n<p>Ew di sala 1876-&eacute; de li Sablax&eacute; (Mihabad&eacute;) di malbateka oldar de hatib&uacute; din&eacute;. W&iacute; li jem bav&eacute; xwe ku Qaziy&eacute; w&eacute; der&eacute; b&uacute; dest bi xwendin&eacute; kir, pishtre jh&iacute; li jih&eacute;n juda y&eacute;n Kurdistana &Iacute;ran&eacute;, li jem mela &uacute; zanayan xwend &uacute; melat&iacute; timam kir. Ew di sala 1925-&eacute; de &uacute; jhi bo 2 salan b&uacute; serok&eacute; Da&iacute;reya Mu&rsquo;arif&eacute; ya Sablax&eacute; (Mihabad&egrave;) &uacute; jhi bo p&eacute;shdebirna xwendin &uacute; perwerdey&eacute; bi usl&uacute;beka n&uacute;h pir xebit&iacute;.<\/p>\n<p>W&iacute; di sala 1927-&eacute; de dest jhi kar&eacute; dewlet&iacute; berda &uacute; li gor fermana biray&eacute; xwe Qaz&iacute; El&iacute; &uacute; Qaz&iacute; Mun&rsquo;im&iacute; ku ew li Sablax&eacute; Qaziy&eacute;n sher&rsquo;&iacute; b&uacute;ne, dest bi kar&eacute; Qezawet&eacute; li dorh&eacute;la Miyanduwaw&eacute; kir &uacute; li gund&eacute; Gw&eacute;gjeliy&eacute;, li ser cem&eacute; Jexet&uacute; j&iacute;war b&uacute;. Seyfulquzat jhi bil&iacute; kar&eacute; qezawet&eacute; bi candin &uacute; baxc&eacute;kirin&eacute; ve mijh&uacute;l b&uacute; &uacute; avedaniyeka taybet&iacute; li w&iacute; gund&iacute; c&eacute; kir.<\/p>\n<p>Navbir&iacute; li Kurdistana &Iacute;ran&eacute; kesayetiyeka bi nav &uacute; deng b&uacute;. W&iacute; her di serdem&eacute; xortaniya xwe de dest bi niv&iacute;sandina helbest&eacute;n bi kurd&iacute; &uacute; faris&iacute; kir. Yek jhi taybetmendiy&eacute;n helbest&eacute;n kurd&iacute; y&eacute;n Seyf&iacute; (kurdiya nav&iacute;n &#8211; soraniya Mukr&iacute;?!) ew e ku, w&iacute; berevejhiya hem&uacute; sha&iacute;r&eacute;n p&eacute;shiya xwe, zimanek&eacute; paraw &uacute; xwer&uacute;, ziman&eacute; jotkar &uacute; gundiy&eacute;n kurd bi kar aniye. Loma jh&iacute; ew di helbesta kurd&iacute; ya nav&iacute;n de wek mamostey&eacute; sha&iacute;r&eacute;n Mukiryan&eacute; t&eacute; nasin. Zebih&iacute;, H&eacute;min, Hejhar, Qizilj&iacute;, ev hem&uacute; li ser v&eacute; yek&eacute; hemfikr in.<\/p>\n<p>Dibe ku helbesta &ldquo;Zistan&iacute; 1312&Prime; (1933 Zay&iacute;n&iacute;) yek jhi sh&iacute;ir&eacute;n her&iacute; h&eacute;jha &uacute; bi naverok y&eacute;n Seyfulquzat&iacute; be. Ew di w&eacute; helbest&eacute; de, ku w&iacute; ew wek nameyek&eacute; jhi bo nas &uacute; dost&eacute; xwe y&eacute; n&eacute;z&iacute;k &ldquo;Ez&iacute;z Axa Ebbas&iacute;&rdquo; nivisandib&uacute;, bi zimanek&eacute; sade &uacute; rewan behsa zivistan&eacute; &uacute; shepirzeb&uacute;na jhiyana gundiy&eacute;n kurd dike &uacute; t&eacute; de jhi kurdan dixwaze ku ew bindest nem&iacute;nin &uacute; gerek e ew bixw&iacute;nin, berxwe bidin &uacute; li maf&eacute;n xwe biwed&iacute; derbikevin.<\/p>\n<p>Seyfulquzat&iacute; bi fars&iacute;, ereb&iacute; &uacute; tirkiya azerbayjan&iacute; jh&iacute; sh&iacute;ir niv&iacute;sandine. Hinek jhi sh&iacute;ir&eacute;n w&iacute; y&eacute;n faris&iacute; di rojhanameya Azadistan&eacute; ya tevgera sh&eacute;x Muhemed&eacute; Xeyaban&iacute; de belavb&uacute;ne. Her ci qas sh&iacute;ir&eacute;n w&iacute; y&eacute;n kurd&iacute; li devera Mukryan&eacute; di nav xelk&iacute; de belav &uacute; naskir&iacute; b&uacute;n, l&eacute; ew bo jara yek&eacute; di forma cap&eacute; de di capemeniya serdema Komeley Jhiyan&iacute; Kurd ( Jh. K. ) &uacute; hem jh&iacute; ya di serdema Komara Kurdistan&eacute; de belavb&uacute;ne. Seyfulquzat di 7-&eacute; r&eacute;bendana sala 1323-ya hetav&iacute; (27\/1 1945) li gund&eacute; Gw&eacute;gjeliy&eacute; c&uacute; ser dilovaniya xwe.<\/p>\n<p class=\"rtecenter\">\n<img loading=\"lazy\" decoding=\"async\" class=\" size-full wp-image-602\" hspace=\"5\" height=\"350\" border=\"1\" width=\"450\" vspace=\"5\" class=\"caption\" title=\"Detsniv&iacute;seka Seyfulquzat&iacute;\" src=\"http:\/\/localhost\/wp\/wordpress\/wp-content\/uploads\/2009\/01\/Seyfulquzati-Qazi_desnus.jpg\" alt=\"\" \/><\/p>\n<p><strong>Xebat&eacute;n w&iacute; y&eacute;n capkir&iacute;:<\/strong><\/p>\n<p>1. Hesen&eacute; Qaz&iacute; di sala 1973-y&eacute; de di nam&iacute;lkeyeka bic&uacute;k de beshek jhi helbest&eacute;n w&iacute; bi nav&eacute; &ldquo;Sersewze Bax&iacute; Arez&uacute; n&iacute;z&iacute;ke b&eacute;te ber\/ Mezray hum&eacute;d&eacute; t&iacute;n&uacute;we wext&iacute; shewaw&iacute;ye&rdquo; li dervey&iacute; wil&eacute;t weshand.<br \/>\n2- L&eacute;kol&iacute;ner &uacute; niv&iacute;skar&eacute; kurd Ehmed&eacute; Qaz&iacute; sh&iacute;ir&eacute;n w&iacute; y&eacute;n kurd&iacute; di sala 1982-y&eacute; di kit&eacute;bek&eacute; de bi nav&eacute; &ldquo;D&iacute;wan&iacute; Seyfulquzat&rdquo; li Tehran&eacute; cap kir, ku piraniy&eacute; sh&iacute;ir&eacute;n w&iacute;, l&eacute; ne hem&uacute;, t&eacute; de hatin belav kirin.<br \/>\n3- kar&eacute; her&iacute; berfireh ev kit&eacute;ba han&eacute; ye, ya ku mamoste Enwer&eacute; Sultan&iacute; &uacute; Hesen&eacute; Qaz&iacute; li ber destniv&iacute;s&eacute;n Seyf&iacute; bi xwe &uacute; cend keshkol&eacute;n ku li ber helbest&eacute;n w&iacute; hatine niv&iacute;sandin amade kir&iacute;. Wan dil heye ew di dem&eacute; b&eacute;t de helbest&eacute;n Seyf&iacute; y&eacute;n faris&iacute; jh&iacute; biwesh&iacute;nin.<\/p>\n<p>Ev ya li jh&eacute;r jh&iacute; sh&iacute;ireka dir&eacute;jh ya Seyfulquzat&iacute; ya di v&eacute; kit&eacute;b&eacute; de ye:<\/p>\n<p>Ez&iacute;z! Arez&uacute;t zor&iacute; bo h&eacute;nam<br \/>\nfirm&eacute;skim s&uacute;r b&uacute;, zerd&iacute; r&uacute;y l&eacute;nam<\/p>\n<p>d&iacute;san be awr&iacute; d&uacute;r&iacute;t kewtme g&iacute;r<br \/>\ndinyam l&eacute; sard b&uacute;, b&uacute; be zemher&iacute;r<\/p>\n<p>dinya h&eacute;nd pir b&uacute; le befr &uacute; s&iacute;xwar<br \/>\nfirm&eacute;sk&iacute; s&uacute;rim be sip&iacute; d&eacute;ne xwar<\/p>\n<p>ta nah&uacute;m&eacute;d b&uacute;m le hatin&iacute; z&uacute;t<br \/>\njergim b&uacute;we pol &uacute;, henasem biz&uacute;t<\/p>\n<p>hewa be ahlim wek k&eacute;wan degir&iacute;<br \/>\nbe terze &uacute; befr &uacute; baran &uacute; hewr&iacute;<\/p>\n<p>&lsquo;erzish le bo min h&eacute;nd&iacute; qurr p&eacute;wa<br \/>\nbehar&iacute; le gel zistan l&eacute; sh&eacute;wa<\/p>\n<p>giya &uacute; gol&iacute; m&eacute;rgan bom s&iacute;s &uacute; zerd b&uacute;n<br \/>\nbo sh&iacute;n&iacute; k&eacute;wan, kewan hemderd b&uacute;n<\/p>\n<p>dar&iacute; m&eacute;she &uacute; bax befir dayposh&iacute;n<br \/>\nl&eacute;k del&eacute;y mird&uacute;n, kifinyan posh&iacute;n<\/p>\n<p>sh&iacute;n&iacute; behar e, &lsquo;asman her degir&iacute;<br \/>\nhewr&iacute;sh nalle nall xoy depicr&iacute;<\/p>\n<p>ba, le k&eacute;w &uacute; desht xoll weser deka<br \/>\ngiryan&iacute; k&eacute;wan behran pir deka<\/p>\n<p>kew&iacute; kw&eacute;stanan le qaspe kewtin<br \/>\nb&eacute;hosh b&uacute;n yaxo, xewyan l&eacute; kewtin<\/p>\n<p>c&iacute;rre &uacute; zir&iacute;wey jurre &uacute; coleke<br \/>\nnay&eacute;, neyanma h&eacute;lane &uacute; h&eacute;lke<\/p>\n<p>legleg le gil kewt nema teq teq&iacute;<br \/>\ns&eacute;r&uacute;sh le s&iacute;rre &uacute; f&iacute;t&uacute; &uacute; ceq ceq&iacute;<\/p>\n<p>pak pesh&iacute;manin le bo germ&eacute;n&eacute;<br \/>\nboc dehatinewe? &lsquo;emr&uacute; nem&eacute;n&eacute;!<\/p>\n<p>qaz le shetawan qarrey l&eacute; birra<br \/>\ndurrnay comawan zurrnay l&eacute; dirra<\/p>\n<p>le dirz&iacute; &lsquo;erz&iacute; hew&eacute;rde daman<br \/>\nb&eacute;hosh b&uacute;newe, sirr b&uacute;n le serman<\/p>\n<p>le serman, seryan k&iacute;sell &uacute; reqe<br \/>\nbirde ber xoyan, b&eacute; teqe &uacute; reqe<\/p>\n<p>wishik b&uacute; d&uacute;pishk &#8211; ew kw&eacute;r&iacute; narast<br \/>\nmishik kun&iacute; xoy be awat dexwast<\/p>\n<p>boq &#8211; ke deyqrrand, le w&eacute;y kirdewe<br \/>\nker&iacute;sh zerr&iacute;n&iacute; le b&iacute;r birdewe<\/p>\n<p>mar papokey xward, xol&iacute; weser kird<br \/>\ntw&eacute;jh&iacute; kone &uacute; nw&eacute;y le ber xoy dekird<\/p>\n<p>r&eacute;w&iacute; kewll&iacute; xoy awejh&uacute; dekird<br \/>\njh&uacute;shik arezuw&iacute; kewl&iacute; m&uacute;y dekird<\/p>\n<p>lall bim nab&iacute;y&eacute;m le ciya &uacute; le razan<br \/>\nz&iacute;rrey helloyan, cir&iacute;key bazan<\/p>\n<p>le bin berdan man her sermazelle<br \/>\nle bax &uacute; baxcan qel &uacute; qishqelle<\/p>\n<p>p&uacute;sh&iacute; daposh&iacute;, dalldey pak birr&iacute;<br \/>\nkerw&eacute;shk&iacute;sh r&iacute;shey pak kird &uacute; birr&iacute;<\/p>\n<p>befr&iacute; b&eacute; we&rsquo;de reshang&iacute; birr&iacute;<br \/>\nreshang &uacute; sip&iacute; pakyan ser birr&iacute;<\/p>\n<p>ser birra gash&iacute;n pash manga bore<br \/>\nle bat&iacute; &ldquo;garan roy&iacute;&rdquo; gaborre<\/p>\n<p>sh&iacute;n u sheporre le n&eacute;w re&rsquo;iyet&iacute;<br \/>\nbe ba c&uacute; renj &uacute; se&rsquo;&iacute; &uacute; zehmet&iacute;<\/p>\n<p>shemal &uacute; ziryan dayim sherryane<br \/>\naxawet shirrin, kirmanj qirryane<\/p>\n<p>rojh heta shew&eacute;, gewre &uacute; pic&uacute;kyan<br \/>\nx&eacute;zan&iacute; mal&eacute;, gewre kic, b&uacute;kyan<\/p>\n<p>xer&iacute;kin le bax fir&iacute;z&uacute; derd&eacute;nin<br \/>\nwek shewnim&iacute; gull areq derjh&eacute;nin<\/p>\n<p>areq le henyan ber&iacute;z bijhm&eacute;re<br \/>\nk&eacute; d&iacute; le &lsquo;asman be rojh est&eacute;re?<\/p>\n<p>le dewr&iacute; seryan, desrokey hewr&iacute;<br \/>\nwek mang&iacute; carde, le n&eacute;wan hewr&iacute;<\/p>\n<p>kewte ser p&iacute;lyan carekey nw&eacute;jh&eacute;<br \/>\nkeshe hewr&iacute; kird le dewrey rojh&eacute;<\/p>\n<p>zulfan le r&uacute;yan wek reshmar dexshan<br \/>\nshew b&uacute;n, wek shewe be rojh dedrexshan<\/p>\n<p>qed &uacute; balayan w&eacute;ney nemaman<br \/>\nk&eacute; d&iacute; nemaman bigrin shemaman!<\/p>\n<p>desmal&iacute; milyan, pisht&eacute;nd&iacute; shilyan<br \/>\ncinar &uacute; law law, caw&iacute; be kilyan<\/p>\n<p>zulfan le ser shan, l&eacute;k pirrjhan, rijhan<br \/>\nleshkir&iacute; c&iacute;n &uacute; jhapon t&eacute;k cirjhan<\/p>\n<p>be lerze decne fir&iacute;z&uacute; cin&iacute;n&eacute;<br \/>\ngiryane karyan j&eacute;y p&eacute;ken&iacute;n&eacute;<\/p>\n<p>bo cin&iacute;newey juwan kellekey deken<br \/>\npol&iacute; kewan wan, ke c&iacute;ney deken<\/p>\n<p>pac u p&eacute;merre &uacute; b&eacute;l le ser shanda<br \/>\nwek fewj&iacute; hazir le jh&eacute;r fermanda<\/p>\n<p>h&eacute;nde lawaze merr &uacute; mallatyan<br \/>\nqurban&iacute; nakr&eacute;, nadr&eacute; zekatyan<\/p>\n<p>ga, le ber lerr&iacute; helnagr&eacute; n&iacute;r&iacute;<br \/>\nne merr mast&iacute; ma, ne manga sh&iacute;r&iacute;<\/p>\n<p>lok cember&iacute; b&uacute;, mayin mishmishe<br \/>\nga, gw&eacute;rrepey girt, gam&eacute;sh xishxishe<\/p>\n<p>kell &uacute; gam&eacute;shyan b&uacute;ne cekcek&iacute;<br \/>\nwushtiryan be &lsquo;eyn b&eacute;c&uacute;y leglek&iacute;<\/p>\n<p>le ber b&eacute; h&eacute;z&iacute;, le tirs&iacute; serma<br \/>\npisht&eacute;ndyan best&ugrave;n, hem&uacute; jil kira<\/p>\n<p>bizn &uacute; merr r&uacute;t b&uacute;n wek s&uacute;re saqe<br \/>\nyek dan&uacute; dey kusht, yek bele baqe<\/p>\n<p>zistan&iacute; ewsal diyare p&eacute;nj mange<br \/>\nmerr &uacute; ka &uacute; giya &uacute; jo, birra le dange<\/p>\n<p>naye f&iacute;t&uacute;y shuwan le ser shew&eacute;n&eacute;<br \/>\nm&eacute;gelan c&eacute;shtan le kw&eacute; denw&eacute;n&eacute;?<\/p>\n<p>kuwan shenge b&eacute;r&iacute; le ciya &uacute; kw&eacute;stanan<br \/>\nshillqey meshkeyan ber&iacute; beyanan<\/p>\n<p>qollyan hell deken del&eacute;y bil&uacute;re<br \/>\ns&iacute;ngyan derdexen, parc&eacute;k le n&uacute;re<\/p>\n<p>derez&iacute; berokyan ke d&eacute;n derb&eacute;nin<br \/>\nrojh le &lsquo;asman&eacute; bo &lsquo;erz&iacute; d&eacute;nin<\/p>\n<p>zulfan labela deken bela da<br \/>\nrojh hewr&iacute; le ser r&uacute;y xoy we la da<\/p>\n<p>d&eacute;hat&iacute; l&eacute;k dey cadr &uacute; hoban&iacute;<br \/>\ndest nakew&eacute; ron bo cewre san&iacute;<\/p>\n<p>wedest nakew&eacute; mast bo hew&eacute;n&iacute;<br \/>\ndoy hellg&eacute;ryewe, ya b&iacute;kull&eacute;n&iacute;<\/p>\n<p>pen&iacute;r buwe &iacute;ks&iacute;r, sh&iacute;r aw&iacute; heyat<br \/>\nher wek Eskender kewt&iacute;ne zullmat<\/p>\n<p>tew&iacute;le &uacute; holl &uacute; heywan hellweshan<br \/>\nxira ber merr&iacute; le dange &uacute; hewshan<\/p>\n<p>p&uacute;sh &uacute; allash &uacute; wek w&eacute;njey nuxshan<\/p>\n<p>kirmanj, dewllet&iacute; pirupatall b&uacute;<br \/>\nkoc&iacute; d&eacute; be d&eacute;y be mang &uacute; sal b&uacute;<\/p>\n<p>ew&iacute;sh le des c&uacute;, c&iacute; d&iacute; koc meken!<br \/>\nkay serew nw&eacute; ken, j&uacute;t&iacute; ca biken!<\/p>\n<p>q&iacute;met&iacute; kaye wek karebaye<br \/>\nbote q&uacute;t&iacute; roh w&eacute;njey sehraye<\/p>\n<p>hasl&iacute; &lsquo;umr&uacute; &#8211; le zor &uacute; kem&iacute;<br \/>\ndatan be ka &uacute; giya le n&eacute;w &lsquo;ejem&iacute;<\/p>\n<p>baxan dabin&eacute;n , daran bin&eacute;jhin!<br \/>\nnej&iacute;b &uacute; eslin, kon &uacute; lem&eacute;jhn<\/p>\n<p>heyfe m&iacute;llet&eacute; shesh hezar sal b&eacute;<br \/>\nnoker&iacute; mallan, r&uacute;t &uacute; rejal b&eacute;<\/p>\n<p>noker&iacute; mallan sherme le bo me!<br \/>\nkollan hellgir&iacute;n be kome kome<\/p>\n<p>c&iacute;d&iacute; dujhmnan be xow xosh meken<br \/>\nb&uacute;z&uacute; &uacute; kepenik balla posh meken!<\/p>\n<p>ta key le derkan kiz u billaw b&iacute;n?<br \/>\nb&eacute; mezn &uacute; gewre ser b&eacute; killaw b&iacute;n<\/p>\n<p>herkes arez&uacute;y mallan&iacute; heb&eacute;<br \/>\nwejax&iacute; kw&eacute;r b&eacute;, mindal&iacute; neb&eacute;!<\/p>\n<p>ew bedbextiye le kurd r&uacute;y da b&uacute;<br \/>\nle ber nexw&eacute;ndin kozyan sawa b&uacute;<\/p>\n<p>wajibe xw&eacute;ndin bo dinya &uacute; d&iacute;n&eacute;<br \/>\np&eacute;xember ferm&uacute;y bo c&uacute;n&iacute; c&iacute;n&eacute;<\/p>\n<p>be gute &uacute; shanaman m&iacute;llet dem&eacute;nin<br \/>\nbe mezn &uacute; gewran shan deshek&eacute;nin<\/p>\n<p>derd&iacute; dil dekem kurt &uacute; kirmanj&iacute;<br \/>\n&ldquo;Hesen&rdquo; kirmanje, c&iacute; le d&iacute;lmanj&iacute;!<\/p>\n<p>kay zerd &uacute; riz&iacute;w be l&iacute;rey s&uacute;re<br \/>\nw&eacute;njey resh u sh&iacute;n p&eacute;st&iacute; sem&uacute;re<\/p>\n<p>r&eacute;y kak&eacute;shan&eacute; wek kehkeshane<br \/>\nqetar&iacute; wushtir wek est&eacute;rane<\/p>\n<p>lall bim nab&iacute;nim x&eacute;l serew xuwaran<br \/>\nteqlle &uacute; rimbaz&iacute; &uacute; hew hew&iacute; suwaran<\/p>\n<p>kuwa &ldquo;P&iacute;rot Axa&rdquo; &#8211; serx&eacute;l&iacute; Kurdan?<br \/>\nle &ldquo;Qule Sen&rdquo;- &iacute; ra bic&eacute; bo kw&eacute;stan<\/p>\n<p>le kweye &ldquo;Tax&iacute;&rdquo; ew cadr&iacute; juwan&iacute; ?<br \/>\nt&iacute;p t&iacute;p m&iacute;wan&iacute; ser sifre &uacute; xuwan&iacute;<\/p>\n<p>kuwan&eacute; &ldquo;Seyd Semed&rdquo; &#8211; ew merd&iacute; resh&iacute;d?<br \/>\nbo &ldquo;Mayin Bilax&rdquo; bic&eacute; be temh&iacute;d<\/p>\n<p>&ldquo;Xesrew&rdquo; &iacute;sh juwanega resh&iacute; mindar b&uacute;<br \/>\nxuwardin&iacute; fir&iacute;z&uacute;, gelay bin dar b&uacute;<\/p>\n<p>degel &ldquo;Xunc&eacute;&rdquo; giyan sh&iacute;niyan deg&eacute;ra<br \/>\n&ldquo;Salih&rdquo; &uacute; &rdquo; Qadir&rdquo; yan de ser deg&eacute;ra<\/p>\n<p>kere boz&iacute;shyan le ser westaye<br \/>\nkull&iacute; giryanyan le ewk&iacute; daye<\/p>\n<p>taze mallekan&iacute; to daxuda cilonin ?<br \/>\newan&iacute;sh xer&iacute;k&iacute; fir&iacute;z&uacute; &uacute; ka konin?<\/p>\n<p>dilit teng neb&eacute;, tifaqit heb&eacute;<br \/>\new&iacute; toy new&eacute;, ya xuda qet neb&eacute;!<\/p>\n<p>&ldquo;&lsquo;Umer&rdquo; &uacute; &ldquo;&lsquo;Usman&rdquo;, &ldquo;B&uacute;bekir&rdquo;&iacute; nazdar<br \/>\nbe naz gewre bin, haname cuwar yar<\/p>\n<p>j&eacute;jhn&iacute; qurbane, xom qurban dekem<br \/>\nj&eacute;jhne p&iacute;rozey &lsquo;Ez&iacute;z giyan dekem<\/p>\n<p>tar&iacute;x hezar &uacute; s&eacute;sed &uacute; duwazde<br \/>\nB&iacute;st&iacute; Ferwerd&iacute;n dad &uacute; b&eacute;dade<\/p>\n<p>&nbsp;<\/p>\n<p><em>serkan&iacute; mallperra <\/em><a href=\"http:\/\/www.kulturname.com\/?p=1167\"><em>Kult&uacute;rname.com<\/em><\/a><\/p>\n","protected":false},"excerpt":{"rendered":"<p>Hesen&eacute; Qaz&iacute; Kit&eacute;ba &raquo;Azad&iacute;, serbexoy&iacute;, m&iacute;r&iacute; &uacute; gewrey&iacute;, dawa biken be zar &uacute; ziman &uacute; didan &uacute; l&eacute;w. Jhiyan &uacute; sh&iacute;ire kurdiyekan&iacute; Seyfulquzat&iacute; Qaz&iacute; (1876-1945)&laquo; di<span class=\"excerpt-hellip\"> [\u2026]<\/span><\/p>\n","protected":false},"author":1,"featured_media":601,"parent":0,"menu_order":0,"comment_status":"closed","ping_status":"closed","template":"","meta":{"footnotes":""},"categories":[],"tags":[],"class_list":["post-603","page","type-page","status-publish","has-post-thumbnail","hentry"],"_links":{"self":[{"href":"https:\/\/kurdishacademy.org\/index.php?rest_route=\/wp\/v2\/pages\/603","targetHints":{"allow":["GET"]}}],"collection":[{"href":"https:\/\/kurdishacademy.org\/index.php?rest_route=\/wp\/v2\/pages"}],"about":[{"href":"https:\/\/kurdishacademy.org\/index.php?rest_route=\/wp\/v2\/types\/page"}],"author":[{"embeddable":true,"href":"https:\/\/kurdishacademy.org\/index.php?rest_route=\/wp\/v2\/users\/1"}],"replies":[{"embeddable":true,"href":"https:\/\/kurdishacademy.org\/index.php?rest_route=%2Fwp%2Fv2%2Fcomments&post=603"}],"version-history":[{"count":0,"href":"https:\/\/kurdishacademy.org\/index.php?rest_route=\/wp\/v2\/pages\/603\/revisions"}],"wp:featuredmedia":[{"embeddable":true,"href":"https:\/\/kurdishacademy.org\/index.php?rest_route=\/"}],"wp:attachment":[{"href":"https:\/\/kurdishacademy.org\/index.php?rest_route=%2Fwp%2Fv2%2Fmedia&parent=603"}],"wp:term":[{"taxonomy":"category","embeddable":true,"href":"https:\/\/kurdishacademy.org\/index.php?rest_route=%2Fwp%2Fv2%2Fcategories&post=603"},{"taxonomy":"post_tag","embeddable":true,"href":"https:\/\/kurdishacademy.org\/index.php?rest_route=%2Fwp%2Fv2%2Ftags&post=603"}],"curies":[{"name":"wp","href":"https:\/\/api.w.org\/{rel}","templated":true}]}}