{"id":569,"date":"2009-01-12T16:51:59","date_gmt":"2009-01-12T16:51:59","guid":{"rendered":"http:\/\/localhost\/wp\/wordpress\/zimani-kurdi-le-astaney-serdemeki-tazeda-2\/"},"modified":"2009-01-12T16:51:59","modified_gmt":"2009-01-12T16:51:59","slug":"zimani-kurdi-le-astaney-serdemeki-tazeda-2","status":"publish","type":"page","link":"https:\/\/kurdishacademy.org\/?page_id=569","title":{"rendered":"Ziman\u00ed Kurd\u00ed le astaney serdem\u00e9k\u00ed tazeda (2)"},"content":{"rendered":"<p><img loading=\"lazy\" decoding=\"async\" class=\" alignright size-full wp-image-469\" hspace=\"5\" height=\"135\" width=\"120\" vspace=\"5\" border=\"1\" align=\"right\" src=\"http:\/\/localhost\/wp\/wordpress\/wp-content\/uploads\/2008\/08\/farhad_shakali.jpg\" \/>Ferhad Shakel&iacute;, Hewl&eacute;r post (15\/12\/2008)<\/p>\n<p><strong>Yekem: r&eacute;n&uacute;s u elfub&eacute;<\/strong><br \/>\nElf: r&eacute;n&uacute;s ya rastin&uacute;s&iacute; (Orthogiraphy)<\/p>\n<p>Pashxan&eacute;k&iacute; m&eacute;jh&uacute;y&iacute;, be kurt&iacute;<\/p>\n<p><!--more--><\/p>\n<p><img loading=\"lazy\" decoding=\"async\" class=\" alignright size-full wp-image-469\" hspace=\"5\" height=\"135\" width=\"120\" vspace=\"5\" border=\"1\" align=\"right\" src=\"http:\/\/localhost\/wp\/wordpress\/wp-content\/uploads\/2008\/08\/farhad_shakali.jpg\" \/>Ferhad Shakel&iacute;, Hewl&eacute;r post (15\/12\/2008)<\/p>\n<p><strong>Yekem: r&eacute;n&uacute;s u elfub&eacute;<\/strong><br \/>\nElf: r&eacute;n&uacute;s ya rastin&uacute;s&iacute; (Orthogiraphy)<\/p>\n<p>Pashxan&eacute;k&iacute; m&eacute;jh&uacute;y&iacute;, be kurt&iacute;<\/p>\n<p>K&eacute;shey r&eacute;n&uacute;s le ziman&iacute; Kurd&iacute;da yek&eacute;ke lew k&eacute;shaney ke her le zor z&uacute;wewe zimanizanan&iacute; Kurd hest&iacute;yan p&eacute; kird&uacute;we u he&zwnj;will&iacute;yan dawe careser&iacute; bo bidozinewe, bew amanjey ke bitwanir&eacute; wushey Kurd&iacute; be sh&eacute;weyek&iacute; rast&iacute; wa bin&uacute;sir&eacute;t ke legell sh&eacute;wey gokirdin&iacute; wushekanda u legell dengekan&iacute; ziman&iacute; Kurd&iacute;da bigunj&eacute;t. D&iacute;yare k&eacute;shey r&eacute;n&uacute;s ten&iacute;ya p&eacute;best&iacute; deng (l&eacute;reda mebestim fonet&iacute;ke) n&iacute;ye, bellke p&eacute;wend&iacute;yek&iacute; zor&iacute;sh&iacute; be r&eacute;zimanewe, be morif&eacute;m&iacute; wushekanewe u be s&iacute;ntaks&iacute;shewe, heye.<\/p>\n<p>Careser&iacute; k&eacute;shekan&iacute; r&eacute;n&uacute;s&iacute; Kurd&iacute; be komell&eacute; qonax&iacute; j&iacute;yawazda t&eacute;perr&iacute;we u kar&eacute;k&iacute; yekdest u yekgirt&uacute;ysh neb&uacute;we, cunke ne destgayek&iacute; s&iacute;yas&iacute; u karg&eacute;rr&iacute; u ne desgayek&iacute; ferhe&zwnj;ng&iacute;y nawend&iacute; neb&uacute;we ta em hewilldan u careserane yek bixat. Wa p&eacute; dec&eacute;t zimanzanan&iacute; Kurd, ya ew kesaney ser u kar&iacute;yan legell n&uacute;s&iacute;n&iacute; Kurd&iacute;da heb&uacute;we, le p&eacute;shda careser&iacute;yan bo konsunantekan doz&iacute;wetewe u duwatir&iacute;sh bizw&eacute;nekan (vawill ya vokal). Min cap&iacute; yekem&iacute; ferhe&zwnj;ngekey sh&eacute;x Y&uacute;suf Z&iacute;yawdd&iacute;n Pashay Xal&iacute;d&iacute;y Meqdis&iacute; (1842-1906)m laye ke sall&iacute; 1894 cap kirawe. Lew&eacute;da n&uacute;ser bo dengekan&iacute; (\u067e\u060c \u0686\u060c \u06af\u060c \u0698, \/p\/, \/c\/, \/g\/, \/jh\/) t&iacute;p ya n&iacute;shaney taybet&iacute; danawe. Renge emane zor giring nebin cunke p&eacute;shtir lay Fars em t&iacute;pane heb&uacute;n u Kurd&iacute;sh caw&iacute; lewan kird&uacute;we, bellam s&eacute; n&iacute;shane lew ferhe&zwnj;ngeda be lay minewe yekjar giringn\u061b dengekan&iacute; (\u06a4, \/v\/) u (\u06c6, \/o\/) u (\u06ce, \/&eacute;\/) ke n&iacute;shaney taybet&iacute; xoyan heye. &Eacute;me dezan&iacute;n deng&iacute; (\u06a4, \/v\/) le ziman&iacute; Fars&iacute;shda heye, bellam ewan her be (\u0648, \/w\/) deyn&uacute;sin cunke be hoy be duway yekdahatin&iacute; bizw&eacute;n u nabizw&eacute;nekanewe dekir&eacute; b&eacute;he&zwnj;lle bixuw&eacute;nir&eacute;tewe. Giring&iacute;y karekey Y&uacute;suf Pasha eweye ke bo ewey erk&eacute;k&iacute; zor nexate ser t&iacute;p&iacute; (w) hat&uacute;we t&iacute;p&iacute; (\u06a4, \/v\/)&iacute; bo derbirr&iacute;n&iacute; ew denge be kar bird&uacute;we. P&eacute;m waye ewe yekem&iacute;n capemen&iacute;y Kurd&iacute;ye ke t&iacute;p&iacute; (\u06a4, \/v\/)&iacute; t&eacute;da be kar birab&eacute;t. Y&uacute;suf Pasha b&iacute;r&iacute; leweysh kird&uacute;wetewe ke bizw&eacute;nekan&iacute; (\u06c6, \/o\/) u (\u06ce, \/&eacute;\/) deb&eacute; n&iacute;shaney taybet&iacute; xoyan heb&eacute;t, hat&uacute;we ew d&uacute; t&iacute;pey bew sh&eacute;weye n&uacute;s&iacute;we ke lej&eacute;y&iacute; ew killawey&zwnj;, ya ew (hewt)ey, &eacute;me emirro leser ew d&uacute; t&iacute;pey daden&eacute;y&iacute;n, ew (he&zwnj;sht)&eacute;k&iacute; le jh&eacute;r&iacute;yanda danawe.<\/p>\n<p>Nim&uacute;neyek&iacute; d&iacute;ke &Iacute;nj&iacute;l (baybill)&iacute; marqose ke terjeme Kurd&iacute;yekey sall&iacute; 1909 cap kirawe u lew&eacute;da werg&eacute;rr t&iacute;p&iacute; (\u06b5, \/ll\/)&iacute; be kar bird&uacute;we. Le ber ewey ew beshey &Iacute;nj&iacute;l kirawe be Kurd&iacute;y Mukir&iacute;yan&iacute; u lew d&iacute;yal&eacute;kiteyshda, wek dezan&iacute;n, be (xuda) degutir&eacute; (xwilla), kabira hat&uacute;we (hewt)&eacute;k&iacute; ckoley leser t&iacute;p&iacute; lam (l)eke danawe u kird&uacute;yet&iacute; be n&iacute;shane ya nuw&eacute;ner&iacute; fon&eacute;m&iacute; (\u06b5, \/ll\/). P&eacute;m waye eweysh yekem jare le capkiraw&eacute;k&iacute; Kurd&iacute;da t&iacute;p&iacute; ya n&iacute;shaney (\u06b5, \/ll\/) be kar hatib&eacute;t.<\/p>\n<p>Emey l&eacute;reda basim kird&uacute;we z&iacute;yatir p&eacute;wend&iacute;y be fon&eacute;mekan u ew n&iacute;shananewe heye ke bo nuw&eacute;nerayet&iacute;kirdin&iacute;yan le r&eacute;n&uacute;s&iacute; Kurd&iacute;da danirawin. Besh&eacute;k&iacute; d&iacute;key giring&iacute; r&eacute;n&uacute;s p&eacute;wend&iacute;y be morif&eacute;m u s&iacute;ntaksewe heye. Rast&iacute;yekey eweye r&eacute;n&uacute;s ya rastin&uacute;s&iacute; ta radeyek&iacute; zor bestirawe be zan&iacute;n u t&eacute;geyshtin&iacute; r&eacute;zimanewe.&zwnj; Ew kesaney ke le n&uacute;s&iacute;nda helle deken u rast nan&uacute;sin u tenanet duway rexinegirtin&iacute;sh l&eacute;yan her leser hellekan&iacute;yan derron u natwanin carey biken, le ber eweye ke sharezay r&eacute;ziman&iacute; Kurd&iacute; n&iacute;n.<\/p>\n<p>Renge &eacute;me betewaw&iacute; agadar&iacute; ew hewilldan u r&iacute;formane neb&iacute;n ke be dir&eacute;jhay&iacute;y m&eacute;jh&uacute;y be Kurd&iacute; n&uacute;s&iacute;n kar&iacute;yan bo kirab&eacute;t. Hend&eacute; lew binema u n&iacute;shanane le r&eacute;gey destin&uacute;se konekanewe be &eacute;me geysht&uacute;n u be hoy ewanewe t&eacute;geysht&uacute;yn ke kesan&eacute;k heb&uacute;ne b&iacute;ryan lewe kird&uacute;wtewe Kurd&iacute; deb&eacute;&zwnj; con bin&uacute;sir&eacute;t. Duway billaw b&uacute;newey kit&eacute;b u rojhname be ziman&iacute; Kurd&iacute; &iacute;tir w&eacute;neyek&iacute; r&uacute;ntir&iacute; ew piros&eacute;s&iacute; r&iacute;formkar&iacute;yeman bo mawetewe, w&eacute;neyek&iacute; capkiraw, ke degate dest xellk&eacute;k&iacute; zortir. Duwatir&iacute;sh kat&eacute; le Kurdistan&iacute; bash&uacute;r ziman&iacute; Kurd&iacute; pile u stat&uacute;s&iacute; ziman&eacute;k&iacute; n&iacute;wcerresm&iacute; ya resm&iacute;y wergirt&uacute;we u komell&eacute; govar u rojhnamey p&eacute;sheng billaw kirawinetewe, hewilldanekan c&uacute;nete cuwarc&eacute;weyek&iacute; resm&iacute; u fir awantirewe u binemakan&iacute; r&eacute;n&uacute;s be sh&eacute;weyek&iacute; r&uacute;ntir ro nirawin, ta degate sallan&iacute; damezran&iacute; korr&iacute; zan&iacute;yar&iacute;y Kurd le bexda u cend destgayek&iacute; d&iacute;key zanist&iacute; u ferhe&zwnj;ng&iacute;. Le enjam&iacute; ew caksaz&iacute; u r&iacute;formaneda r&eacute;n&uacute;s&iacute; Kurd&iacute; le seretay heftakan&iacute; sedey raburd&uacute;da ta radeyek&iacute; bash r&eacute;k xira u j&eacute;y&iacute; xoy girt u ta sallan&eacute;k&iacute;sh duwatir lenaw besh&iacute; here zor&iacute; xuw&eacute;newar u n&uacute;ser u r&uacute;nakb&iacute;ran&iacute; Kurdistanda p&eacute;rroy&iacute; dekira.<\/p>\n<p>Le seretay newedekanewe ferhe&zwnj;ng&iacute; Kurd u ziman&iacute; Kurd&iacute; u wushey Kurd&iacute; p&eacute;y&iacute; naye serdem&eacute;k&iacute; tazewe ke le hem&uacute; r&uacute;yekewe le raburd&uacute;y hezarsalley j&iacute;yawaze. Lem serdeme tazeyeda b&uacute;yn be ashinay azad&iacute;, b&uacute;yn be dost&iacute; serbexoy&iacute; u b&uacute;yn be xawen&iacute; n&iacute;shtiman&eacute;k, bellam zimanekeman, ziman&iacute; Kurd&iacute;man, dorrand u ferhe&zwnj;ng&iacute; Kurd&iacute;man duz&eacute;w kird u wushey Kurd&iacute;man le dest derc&uacute;. &Eacute;me eger le taybetimend&iacute;ye ferhe&zwnj;ng&iacute;yekan&iacute; em serdeme wurd bib&iacute;newe detwan&iacute;n be dir&eacute;jh&iacute; qiseyan leser bikeyn u bep&eacute;y&iacute; jhimare u amar zor shit bill&eacute;y&iacute;n u l&eacute;koll&iacute;newe p&eacute;shikesh bikeyn. Eger bewurd&iacute; serinj bideyn deb&iacute;n&iacute;n eme serdem&iacute; r&uacute;xan&iacute; ferhe&zwnj;ng&iacute; Kurd u he&zwnj;llweshanewey ziman&iacute; Kurd&iacute; ye. Dekir&eacute; lem r&uacute;weyshewe be sh&eacute;wey j&iacute;yawaz d&iacute;yardekan bixuw&eacute;n&iacute;newe u enjamgir&iacute;y jorawjor&iacute;yan l&eacute; hell&iacute;nj&eacute;n&iacute;n. Min &eacute;sta, lem n&uacute;s&iacute;neda, ew hem&uacute; layen u d&iacute;yarde natendirustane nakeme babet&iacute; l&eacute;koll&iacute;newe u berawrd kirdin, bellke demew&eacute; le piley yekemda bas&iacute; r&eacute;n&uacute;s bikem.<\/p>\n<p>Nin nazanim le Kurdistan&iacute; emirroda jhimarey govar u rojhname u heftename u mangname u werzinamekan cende, bellam eger le b&iacute;rm mab&eacute;t, le j&eacute;geyekda xuw&eacute;ndmewe,&zwnj; le s&eacute;sed berew jh&uacute;re. Min nazanim sallane cend kit&eacute;b cap dekir&eacute;t, bellam bep&eacute;y&iacute; jhimarey pexishxane u n&uacute;seran u dengubas&iacute; naw rojhnamekan b&eacute;t, deb&eacute; le d&uacute;he&zwnj;zar kemtir neb&eacute;t.&zwnj; Lemaneysh bitraz&eacute; jhimarey ew kit&eacute;baney sallane le xuw&eacute;ndingekanda, le seretay&iacute;yewe bigre ta duwanawend&iacute;, u le zanistge u peymangekanda dexuw&eacute;nir&eacute;n nakir&eacute; le d&uacute;m&iacute;l&iacute;yon kemtir b&eacute;t. &Eacute;sta em hem&uacute; kit&eacute;b u rojhname u govar u capemen&iacute;ye bih&eacute;ne p&eacute;sh caw&iacute; xot, ewja bizane con&zwnj; ziman&eacute;k&iacute; lawaz u nexosh e, ferhe&zwnj;ng&eacute;k&iacute; sade u r&uacute;turrejall u r&eacute;n&uacute;s&eacute;k&iacute; xuwar u g&eacute;rr, wek con agir ber deb&eacute;te p&uacute;sh u pellash e, aweha berb&uacute;nete awez u hosh u b&iacute;rewer&iacute; u wuzey dah&eacute;nan&iacute; mirov&iacute; Kurd, le xuw&eacute;ndikar&eacute;k&iacute; p&eacute;nj shesh sallanewe bigre ta degate n&uacute;ser&eacute;k&iacute; hefta sallan. Eme karesat&eacute;k&iacute; netewayet&iacute; ye, eme ta&#8217;&uacute;n&eacute;k&iacute; ferhe&zwnj;ng&iacute; ye u petayek&iacute; zimanewan&iacute; ye. Eger jaran hem&uacute; duwakewtin&iacute; ziman u he&zwnj;jhar&iacute;y ferhe&zwnj;ng&iacute;y xoman dekirde tawan&iacute; dujhminan u dag&iacute;rkaran, emirro hem&uacute; pasawdan&eacute;k&iacute; em l&eacute;qewmane b&iacute;yan&uacute;h&eacute;naneweyek&iacute; dirozinane u hellxellet&eacute;n u fir&iacute;wderane ye. Min gel&eacute; jar u le zor derfetda wut&uacute;me u &eacute;staysh deyll&eacute;mewe, b&eacute; ewey naheq&iacute;yekim kirdib&eacute;t, emirro le Kurdistanda yek take kit&eacute;b, yek take govar, yek take rojhname u heftename u mangname u werziname n&iacute;ye ke be Kurd&iacute;yek&iacute; rast u be r&eacute;n&uacute;s&eacute;k&iacute; rast n&uacute;sirab&eacute;t.<\/p>\n<p>Min xom ke le mawey yanizde sallda govar&iacute; &#8221;Mamostay Kurd&#8221;im billaw kirdewe, le seretawe na, bellam her neb&eacute; le nawerrast&iacute; ew maweyeda lebarey r&eacute;n&uacute;sewe komell&eacute; enjamgir&iacute;m la gellalle b&uacute;b&uacute;n ke le r&uacute;y zanist&iacute;yewe demtuwan&iacute; bergir&iacute;yan l&eacute; bikem u be n&uacute;ser&eacute;k&iacute; Kurd, ke berhe&zwnj;m&eacute;k&iacute; denard le govarekeda billaw bikr&eacute;tewe, bill&eacute;m min r&eacute;n&uacute;seke destkar&iacute; dekem u legell r&eacute;n&uacute;s&iacute; govarekeda deygunj&eacute;nim. &Eacute;sta eger temashayek&iacute; jhimarekan&iacute; mamostay Kurd bikeyt, deb&iacute;n&iacute;t berhe&zwnj;m u namey zana u n&uacute;seran&iacute; gewre u nawdar&iacute; wek Mes&#8217;&uacute;d Mihemed, Kemal Mezhe&zwnj;r Ehmed, Marif Xezinedar, Mihemed&iacute; Mela Ker&iacute;m, Sey&iacute;d Mihemed Tah&iacute;r&iacute; Hashm&iacute;, Sh&eacute;rko B&eacute;kes u Let&iacute;f Hellmet u zor&iacute; d&iacute;keyan t&eacute;da billaw kirawetewe.<\/p>\n<p>Ke n&uacute;ser&eacute;k&iacute; ezm&uacute;ndar u shareza u zimanzan b&iacute;yew&eacute; dest bew binemayaney r&eacute;n&uacute;sewe bigr&eacute;t, ke le enjam&iacute; sallan&eacute;k&iacute; d&uacute;rdir&eacute;jh&iacute; n&uacute;s&iacute;n u l&eacute;koll&iacute;neweda p&eacute;yan geysht&uacute;we, min r&eacute;z&iacute; ew w&iacute;stey degirm, bellam p&eacute;y&iacute;shim xosh e gut u b&eacute;jh&eacute;k&iacute; zanist&iacute;y legellda bikem, bo ewey t&eacute;bigem lew r&uacute;wewe con b&iacute;r dekatewe u be ci sh&eacute;weyek bergir&iacute; lew binemayane dekat. &Eacute;ste b&uacute;we be ner&iacute;t&eacute;k ke tenanet kolkexuw&eacute;newar u zirren&uacute;serekan&iacute;sh xewsh u nezan&iacute;y xoyan bewe desharinewe ke guwaye ewan&iacute;sh b&iacute;r&iacute; taybet&iacute; xoyan lebarey zimanewe heye u r&eacute;n&uacute;s&iacute; taybet&iacute; xoyan p&eacute;rroy&iacute; deken u deb&eacute; rojhnamekan r&eacute;z&iacute; r&eacute;n&uacute;sekan&iacute;yan bigrin u destkar&iacute;y neken. Em derdeysh besh&eacute;ke lew ajhaweyey destgakan&iacute; rageyandin&iacute; Kurd&iacute; dirust&iacute;yan kird&uacute;we. Le Kurdistanda &eacute;stake z&iacute;yatir le 300 rojhname u govar u mangname werziname billaw dekir&eacute;tewe, bellam be hem&uacute;yanewe d&uacute; kes&iacute; zimanewan ya zimanzan&iacute;yan n&iacute;ye ziman&iacute; ew hezaran witar u r&iacute;portajh u sh&iacute;&#8217;r u c&iacute;rok u l&eacute;koll&iacute;newaneyan bo bikate Kurd&iacute; u r&eacute;n&uacute;sekeyan be jor&eacute;k bo rast bikatewe ke nekir&eacute; rexiney l&eacute; big&iacute;r&eacute;t.<\/p>\n<p>Qeyran&iacute; r&eacute;n&uacute;s u ew sedan u he&zwnj;zaran helleyey le t&eacute;kst&eacute;k&iacute; asay&iacute;da bercaw dekewin hest&eacute;k&iacute; wa lay min, wek xuw&eacute;ner&eacute;k u Kurd&iacute;zan&eacute;k, dirust dekat wek bill&eacute;y&iacute; n&uacute;serekan deyanew&eacute; piley wur&iacute;yay&iacute; u jh&iacute;r&iacute;y xuw&eacute;ner taq&iacute; bikenewe u nacar&iacute; biken xoy luxiz&iacute; wushe he&zwnj;llekan hellb&eacute;n&eacute;t, ya nacar&iacute; ewey biken pena bibate ber h&eacute;z&eacute;k&iacute; nepen&iacute; (h&eacute;z&eacute;k&iacute; xeyb&iacute;)&zwnj; ta b&eacute;t be hanayanewe u dest&iacute;yan bigr&eacute;t u wushe rastekan be perj&uacute; (mu&#8217;j&iacute;ze)&iacute;yek bixate m&eacute;shik u dill u der&uacute;n&iacute;yanewe. D&iacute;yare min&iacute;sh dezanim u xoysh&iacute;yan, n&uacute;seran&iacute; hellen&uacute;s, dezanin ke meseleke ewe n&iacute;ye. Bellam ewey ke ewan nayzanin u nash&iacute;yanew&eacute; p&eacute; le nezan&iacute;nekey bin&eacute;n, eweye ke ewan sharezay r&eacute;ziman u r&eacute;n&uacute;s&iacute; Kurd&iacute; n&iacute;n u ew Kurd&iacute;yey deyn&uacute;sn Kurd&iacute;yek&iacute; rast n&iacute;ye u Kurd&iacute;yek&iacute; helle ye.<\/p>\n<p>~-~-~-~-~-~-~-~-<\/p>\n<p>Kotah&iacute; besh&iacute; 2<\/p>\n","protected":false},"excerpt":{"rendered":"<p>Ferhad Shakel&iacute;, Hewl&eacute;r post (15\/12\/2008) Yekem: r&eacute;n&uacute;s u elfub&eacute; Elf: r&eacute;n&uacute;s ya rastin&uacute;s&iacute; (Orthogiraphy) Pashxan&eacute;k&iacute; m&eacute;jh&uacute;y&iacute;, be kurt&iacute;<\/p>\n","protected":false},"author":1,"featured_media":469,"parent":0,"menu_order":0,"comment_status":"closed","ping_status":"closed","template":"","meta":{"footnotes":""},"categories":[],"tags":[],"class_list":["post-569","page","type-page","status-publish","has-post-thumbnail","hentry"],"_links":{"self":[{"href":"https:\/\/kurdishacademy.org\/index.php?rest_route=\/wp\/v2\/pages\/569","targetHints":{"allow":["GET"]}}],"collection":[{"href":"https:\/\/kurdishacademy.org\/index.php?rest_route=\/wp\/v2\/pages"}],"about":[{"href":"https:\/\/kurdishacademy.org\/index.php?rest_route=\/wp\/v2\/types\/page"}],"author":[{"embeddable":true,"href":"https:\/\/kurdishacademy.org\/index.php?rest_route=\/wp\/v2\/users\/1"}],"replies":[{"embeddable":true,"href":"https:\/\/kurdishacademy.org\/index.php?rest_route=%2Fwp%2Fv2%2Fcomments&post=569"}],"version-history":[{"count":0,"href":"https:\/\/kurdishacademy.org\/index.php?rest_route=\/wp\/v2\/pages\/569\/revisions"}],"wp:featuredmedia":[{"embeddable":true,"href":"https:\/\/kurdishacademy.org\/index.php?rest_route=\/"}],"wp:attachment":[{"href":"https:\/\/kurdishacademy.org\/index.php?rest_route=%2Fwp%2Fv2%2Fmedia&parent=569"}],"wp:term":[{"taxonomy":"category","embeddable":true,"href":"https:\/\/kurdishacademy.org\/index.php?rest_route=%2Fwp%2Fv2%2Fcategories&post=569"},{"taxonomy":"post_tag","embeddable":true,"href":"https:\/\/kurdishacademy.org\/index.php?rest_route=%2Fwp%2Fv2%2Ftags&post=569"}],"curies":[{"name":"wp","href":"https:\/\/api.w.org\/{rel}","templated":true}]}}