{"id":538,"date":"2008-11-26T15:34:21","date_gmt":"2008-11-26T15:34:21","guid":{"rendered":"http:\/\/localhost\/wp\/wordpress\/sorani-axeven-akademiye-ji-li-gel-sorani-kirina-kurdiye-ne\/"},"modified":"2008-11-26T15:34:21","modified_gmt":"2008-11-26T15:34:21","slug":"sorani-axeven-akademiye-ji-li-gel-sorani-kirina-kurdiye-ne","status":"publish","type":"page","link":"https:\/\/kurdishacademy.org\/?page_id=538","title":{"rendered":"Soran\u00ee ax\u00eav\u00ean akademiy\u00ea j\u00ee li gel soran\u00ee kirina kurdiy\u00ea ne"},"content":{"rendered":"<p>Sp&ecirc;deya 16\/11 2008-&ecirc; civata Akademiya Kurdistan&ecirc; ya bingeha w&ecirc; li Hewl&ecirc;r&ecirc; (akademiya resm&icirc; ya gir&ecirc;day&ecirc; serokwez&icirc;riy&ecirc; li ba\u015f&ucirc;r&ecirc; Kurdistan&ecirc;) civ&icirc;nek li gel &ccedil;end niv&icirc;skar&ecirc;n kurmanc&icirc;ax&ecirc;v li bajar&ecirc; Dihok&ecirc; &ccedil;&ecirc; kir. Di v&ecirc; civ&icirc;n&ecirc; de g&ecirc;nga\u015fe li ser ziman&ecirc; kurd&icirc; y&ecirc; perwerdey&ecirc; &ucirc; y&ecirc; resm&icirc; hat kirin. Niv&icirc;skar&ecirc;n Dihok&ecirc; &ucirc; r&ecirc;veber&ecirc; perwerdeya par&ecirc;zgeha (w&icirc;layeta) Dihok&ecirc; ku ew j&icirc; di civ&icirc;n&ecirc; de amade b&ucirc;, rijd b&ucirc;n li ser hind&ecirc; ku div&ecirc;t kurmanc&icirc; j&icirc; mil bi mil&ecirc; soraniy&ecirc; ziman&ecirc; xwendin &ucirc; f&ecirc;rkirin &ucirc; kar&ucirc;bar&ecirc;n ferm&icirc; be.<\/p>\n<p><!--more--><\/p>\n<p>Sp&ecirc;deya 16\/11 2008-&ecirc; civata Akademiya Kurdistan&ecirc; ya bingeha w&ecirc; li Hewl&ecirc;r&ecirc; (akademiya resm&icirc; ya gir&ecirc;day&ecirc; serokwez&icirc;riy&ecirc; li ba\u015f&ucirc;r&ecirc; Kurdistan&ecirc;) civ&icirc;nek li gel &ccedil;end niv&icirc;skar&ecirc;n kurmanc&icirc;ax&ecirc;v li bajar&ecirc; Dihok&ecirc; &ccedil;&ecirc; kir. Di v&ecirc; civ&icirc;n&ecirc; de g&ecirc;nga\u015fe li ser ziman&ecirc; kurd&icirc; y&ecirc; perwerdey&ecirc; &ucirc; y&ecirc; resm&icirc; hat kirin. Niv&icirc;skar&ecirc;n Dihok&ecirc; &ucirc; r&ecirc;veber&ecirc; perwerdeya par&ecirc;zgeha (w&icirc;layeta) Dihok&ecirc; ku ew j&icirc; di civ&icirc;n&ecirc; de amade b&ucirc;, rijd b&ucirc;n li ser hind&ecirc; ku div&ecirc;t kurmanc&icirc; j&icirc; mil bi mil&ecirc; soraniy&ecirc; ziman&ecirc; xwendin &ucirc; f&ecirc;rkirin &ucirc; kar&ucirc;bar&ecirc;n ferm&icirc; be.<\/p>\n<p><!--break--><\/p>\n<p>Wan diyar kir ku nizimb&ucirc;na ast&ecirc; serketin&ecirc; di xwendingeh&ecirc;n Dihok&ecirc; de ji hem&icirc; xelk&ecirc; Dihok&ecirc; re b&ucirc;ye ciy&ecirc; dilgiraniyeka mezin. R&ecirc;jeya serketina xwendinkar&ecirc;n amadey&icirc; (l&icirc;sey&ecirc;) %14 b&ucirc; &ucirc; egera v&ecirc; encama gelek xerab j&icirc; ew e ku ne mamoste soraniy&ecirc; dizanin &ucirc; ne j&icirc; day&ucirc;bab &ucirc; weha day&ucirc;bab j&icirc; nikarin ji zarok&ecirc;n xwe re ar&icirc;kar bin. Berdewamb&ucirc;na v&ecirc; rew\u015f&ecirc; d&ecirc; bibe egera encam&ecirc;n gelek xerab di pa\u015feroja xelk&ecirc; v&ecirc; dever&ecirc; de. Ev civ&icirc;n j&icirc; wek gelek civ&icirc;n&ecirc;n din b&ecirc; encam b&ucirc; &ucirc; endam&ecirc;n soran&icirc;ax&ecirc;v ji Akademiy&ecirc; her qewaneya ber&ecirc; l&ecirc; da ku div&ecirc;t soran&icirc; ziman&ecirc; bi ten&ecirc; be li Kurdistan&ecirc;.<\/p>\n<p>Her ji ber encama xerab ya v&ecirc; civ&icirc;n&ecirc; di eyn&icirc; roj&ecirc; de li &Ecirc;ketiya Niv&icirc;ser&ecirc;n Kurd li Dihok&ecirc; &ccedil;end niv&icirc;skar amadeb&ucirc;n &ucirc; civ&icirc;nek kir &ucirc; y&ecirc;n amade ev b&ucirc;n:<\/p>\n<p>1. Re\u015f&icirc;d Find&icirc;, cihgir&ecirc; Akademiya Kurdistan&ecirc;.<br \/>\n2. Mueyed Teyib, Endam&ecirc; kara y&ecirc; Akademiya Kurdistan&ecirc; &ucirc; berpirsiyar&ecirc; dezgeha Sp&icirc;r&ecirc;z&ecirc; ya &ccedil;ap &ucirc; we\u015fan&ecirc;.<br \/>\n3. Dr. Kam&icirc;ran Berwar&icirc; (Benav&icirc;), mamostey&ecirc; zan&icirc;ngeha Dihok&ecirc;.<br \/>\n4. Segvan Cem&icirc;l, mamostey&ecirc; zankoy&ecirc;.<br \/>\n5. Wark&ecirc;s Mos&ecirc;s Serk&icirc;syan, r&ecirc;veber&ecirc; gi\u015ft&icirc; y&ecirc; perwerdeya Dihok&ecirc;.<br \/>\n6. Hesen Sil&ecirc;vaney&icirc;, serok&ecirc; &Ecirc;ketiya Niv&icirc;ser&ecirc;n Kurd li Dihok&ecirc;.<br \/>\n7. Dr. Fazil Omer, serok&ecirc; civata par&ecirc;zgeha Dihok&ecirc;.<br \/>\n8. Ehmed Ebdilla Zero, serok&ecirc; ber&ecirc; y&ecirc; &Ecirc;ketiya Niv&icirc;ser&ecirc;n Kurd li Dihok&ecirc;.<br \/>\n9. Museddeq Tov&icirc;, niv&icirc;skar.<br \/>\n10. Mihemed Ebdilla, cihgir&ecirc; serok&ecirc; &Ecirc;ketiya Niv&icirc;ser&ecirc;n Kurd li Dihok&ecirc;.<br \/>\n11. &Icirc;sma&icirc;l Taha Ceng&icirc;r, serok&ecirc; tay&ecirc; Dihok&ecirc; y&ecirc; Sand&icirc;kaya Rojnamevan&ecirc;n Kurdistan&ecirc;.<br \/>\n12. Behroz \u015euca&icirc;, mamostey&ecirc; zan&icirc;ngeha Dihok&ecirc;.<\/p>\n<p>Be\u015fdar&ecirc;n civ&icirc;n&ecirc; biryar da ku ew \u015fandek&ecirc; p&ecirc;k b&icirc;nin &ucirc; ew \u015fande bi&ccedil;e cem wez&icirc;r&ecirc; perwerdey&ecirc; &ucirc; careka din v&ecirc; ar&ecirc;\u015fey&ecirc; p&ecirc; re minaqe\u015fe bike. Herweha biryar hat dan xebat &ucirc; d&ucirc;&ccedil;&ucirc;n berdewam bin heta kurmanc&icirc; li dever&ecirc;n kurmanc&icirc;ax&ecirc;van bibe ferm&icirc; di hem&icirc; kar&ucirc;baran de.<\/p>\n<p>Ber&icirc; du mehan Civata Par&ecirc;zgeha Dihok&ecirc; &raquo;Kom&icirc;teya parastina ziman &ucirc; &ccedil;andeya kurd&icirc; li par&ecirc;zgeh&ecirc;n M&ucirc;sil &ucirc; Dihok&ecirc;&laquo; damaezrand &ucirc; ew p&ecirc;k t&ecirc;t ji:<\/p>\n<p>1. Mueyed Teyib, Endam&ecirc; kara y&ecirc; Akademiya Kurdistan&ecirc; &ucirc; berpirsiyar&ecirc; dezgeha Sp&icirc;r&ecirc;z&ecirc; ya &ccedil;ap &ucirc; we\u015fan&ecirc;.,<br \/>\n2. Mihemed Ebdilla, cihgir&ecirc; serok&ecirc; &Ecirc;ketiya Niv&icirc;ser&ecirc;n Kurd li Dihok&ecirc;.<br \/>\n3. Dr. Fazil Omer, serok&ecirc; civata par&ecirc;zgeha Dihok&ecirc;.<br \/>\n4. Behroz \u015euca&icirc;, mamostey&ecirc; zan&icirc;ngeha Dihok&ecirc;.<br \/>\n5. Wark&ecirc;s Mos&ecirc;s Serk&icirc;syan, r&ecirc;veber&ecirc; gi\u015ft&icirc; y&ecirc; perwerdeya Dihok&ecirc;.<\/p>\n<p>Yek ji kar&ecirc;n v&ecirc; kom&icirc;tey&ecirc; j&icirc; ew e ew li pey xebat &ucirc; kar&ecirc;n bikaran&icirc;na kurmanciy&ecirc; di perwerde &ucirc; xwendingehan de li dever&ecirc;n gir&ecirc;day&icirc; w&icirc;layet&ecirc;n Dihok &ucirc; M&ucirc;sil&ecirc; bi&ccedil;e &ucirc; kar ji bo bike.<\/p>\n<p>Serkan&iacute;: Kulturname<\/p>\n<p>&nbsp;<\/p>\n","protected":false},"excerpt":{"rendered":"<p>Sp&ecirc;deya 16\/11 2008-&ecirc; civata Akademiya Kurdistan&ecirc; ya bingeha w&ecirc; li Hewl&ecirc;r&ecirc; (akademiya resm&icirc; ya gir&ecirc;day&ecirc; serokwez&icirc;riy&ecirc; li ba\u015f&ucirc;r&ecirc; Kurdistan&ecirc;) civ&icirc;nek li gel &ccedil;end niv&icirc;skar&ecirc;n kurmanc&icirc;ax&ecirc;v li<span class=\"excerpt-hellip\"> [\u2026]<\/span><\/p>\n","protected":false},"author":1,"featured_media":0,"parent":0,"menu_order":0,"comment_status":"closed","ping_status":"closed","template":"","meta":{"footnotes":""},"categories":[],"tags":[],"class_list":["post-538","page","type-page","status-publish","hentry"],"_links":{"self":[{"href":"https:\/\/kurdishacademy.org\/index.php?rest_route=\/wp\/v2\/pages\/538","targetHints":{"allow":["GET"]}}],"collection":[{"href":"https:\/\/kurdishacademy.org\/index.php?rest_route=\/wp\/v2\/pages"}],"about":[{"href":"https:\/\/kurdishacademy.org\/index.php?rest_route=\/wp\/v2\/types\/page"}],"author":[{"embeddable":true,"href":"https:\/\/kurdishacademy.org\/index.php?rest_route=\/wp\/v2\/users\/1"}],"replies":[{"embeddable":true,"href":"https:\/\/kurdishacademy.org\/index.php?rest_route=%2Fwp%2Fv2%2Fcomments&post=538"}],"version-history":[{"count":0,"href":"https:\/\/kurdishacademy.org\/index.php?rest_route=\/wp\/v2\/pages\/538\/revisions"}],"wp:attachment":[{"href":"https:\/\/kurdishacademy.org\/index.php?rest_route=%2Fwp%2Fv2%2Fmedia&parent=538"}],"wp:term":[{"taxonomy":"category","embeddable":true,"href":"https:\/\/kurdishacademy.org\/index.php?rest_route=%2Fwp%2Fv2%2Fcategories&post=538"},{"taxonomy":"post_tag","embeddable":true,"href":"https:\/\/kurdishacademy.org\/index.php?rest_route=%2Fwp%2Fv2%2Ftags&post=538"}],"curies":[{"name":"wp","href":"https:\/\/api.w.org\/{rel}","templated":true}]}}