{"id":536,"date":"2008-11-26T15:26:09","date_gmt":"2008-11-26T15:26:09","guid":{"rendered":"http:\/\/localhost\/wp\/wordpress\/sorani-axeven-akademiye-jhi-li-gel-sorani-kirina-kurdiye-ne\/"},"modified":"2008-11-26T15:26:09","modified_gmt":"2008-11-26T15:26:09","slug":"sorani-axeven-akademiye-jhi-li-gel-sorani-kirina-kurdiye-ne","status":"publish","type":"page","link":"https:\/\/kurdishacademy.org\/?page_id=536","title":{"rendered":"Soran\u00ed ax\u00e9v\u00e9n akademiy\u00e9 jh\u00ed li gel Soran\u00ed kirina kurdiy\u00e9 ne"},"content":{"rendered":"<p>Sp&eacute;deya 16\/11 2008-&eacute; jivata Akademiya Kurdistan&eacute; ya bingeha w&eacute; li Hewl&eacute;r&eacute; (akademiya resm&iacute; ya gir&eacute;day&eacute; serokwez&iacute;riy&eacute; li bash&uacute;r&eacute; Kurdistan&eacute;) jiv&iacute;nek li gel cend niv&iacute;skar&eacute;n kurmanj&iacute;ax&eacute;v li bajhar&eacute; Dihok&eacute; c&eacute; kir. Di v&eacute; jiv&iacute;n&eacute; de g&eacute;ngashe li ser ziman&eacute; kurd&iacute; y&eacute; perwerdey&eacute; &uacute; y&eacute; resm&iacute; hat kirin. Niv&iacute;skar&eacute;n Dihok&eacute; &uacute; r&eacute;veber&eacute; perwerdeya par&eacute;zgeha (w&iacute;layeta) Dihok&eacute; ku ew jh&iacute; di jiv&iacute;n&eacute; de amade b&uacute;, rijhd b&uacute;n li ser hind&eacute; ku div&eacute;t kurmanj&iacute; jh&iacute; mil bi mil&eacute; soraniy&eacute; ziman&eacute; xwendin &uacute; f&eacute;rkirin &uacute; kar&uacute;bar&eacute;n ferm&iacute; be.<\/p>\n<p><!--more--><\/p>\n<p>Sp&eacute;deya 16\/11 2008-&eacute; jivata Akademiya Kurdistan&eacute; ya bingeha w&eacute; li Hewl&eacute;r&eacute; (akademiya resm&iacute; ya gir&eacute;day&eacute; serokwez&iacute;riy&eacute; li bash&uacute;r&eacute; Kurdistan&eacute;) jiv&iacute;nek li gel cend niv&iacute;skar&eacute;n kurmanj&iacute;ax&eacute;v li bajhar&eacute; Dihok&eacute; c&eacute; kir. Di v&eacute; jiv&iacute;n&eacute; de g&eacute;ngashe li ser ziman&eacute; kurd&iacute; y&eacute; perwerdey&eacute; &uacute; y&eacute; resm&iacute; hat kirin. Niv&iacute;skar&eacute;n Dihok&eacute; &uacute; r&eacute;veber&eacute; perwerdeya par&eacute;zgeha (w&iacute;layeta) Dihok&eacute; ku ew jh&iacute; di jiv&iacute;n&eacute; de amade b&uacute;, rijhd b&uacute;n li ser hind&eacute; ku div&eacute;t kurmanj&iacute; jh&iacute; mil bi mil&eacute; soraniy&eacute; ziman&eacute; xwendin &uacute; f&eacute;rkirin &uacute; kar&uacute;bar&eacute;n ferm&iacute; be.<\/p>\n<p><!--break--><\/p>\n<p>Wan diyar kir ku nizimb&uacute;na ast&eacute; serketin&eacute; di xwendingeh&eacute;n Dihok&eacute; de jhi hem&iacute; xelk&eacute; Dihok&eacute; re b&uacute;ye jiy&eacute; dilgiraniyeka mezin. R&eacute;jheya serketina xwendinkar&eacute;n amadey&iacute; (l&iacute;sey&eacute;) %14 b&uacute; &uacute; egera v&eacute; enjama gelek xerab jh&iacute; ew e ku ne mamoste soraniy&eacute; dizanin &uacute; ne jh&iacute; day&uacute;bab &uacute; weha day&uacute;bab jh&iacute; nikarin jhi zarok&eacute;n xwe re ar&iacute;kar bin. Berdewamb&uacute;na v&eacute; rewsh&eacute; d&eacute; bibe egera enjam&eacute;n gelek xerab di pasherojha xelk&eacute; v&eacute; dever&eacute; de. Ev jiv&iacute;n jh&iacute; wek gelek jiv&iacute;n&eacute;n din b&eacute; enjam b&uacute; &uacute; endam&eacute;n soran&iacute;ax&eacute;v jhi Akademiy&eacute; her qewaneya ber&eacute; l&eacute; da ku div&eacute;t soran&iacute; ziman&eacute; bi ten&eacute; be li Kurdistan&eacute;.<\/p>\n<p>Her jhi ber enjama xerab ya v&eacute; jiv&iacute;n&eacute; di eyn&iacute; rojh&eacute; de li &Eacute;ketiya Niv&iacute;ser&eacute;n Kurd li Dihok&eacute; cend niv&iacute;skar amadeb&uacute;n &uacute; jiv&iacute;nek kir &uacute; y&eacute;n amade ev b&uacute;n:<\/p>\n<p>1. Resh&iacute;d Find&iacute;, jihgir&eacute; Akademiya Kurdistan&eacute;.<br \/>\n2. Mueyed Teyib, Endam&eacute; kara y&eacute; Akademiya Kurdistan&eacute; &uacute; berpirsiyar&eacute; dezgeha Sp&iacute;r&eacute;z&eacute; ya cap &uacute; weshan&eacute;.<br \/>\n3. Dr. Kam&iacute;ran Berwar&iacute; (Benav&iacute;), mamostey&eacute; zan&iacute;ngeha Dihok&eacute;.<br \/>\n4. Segvan Jem&iacute;l, mamostey&eacute; zankoy&eacute;.<br \/>\n5. Wark&eacute;s Mos&eacute;s Serk&iacute;syan, r&eacute;veber&eacute; gisht&iacute; y&eacute; perwerdeya Dihok&eacute;.<br \/>\n6. Hesen Sil&eacute;vaney&iacute;, serok&eacute; &Eacute;ketiya Niv&iacute;ser&eacute;n Kurd li Dihok&eacute;.<br \/>\n7. Dr. Fazil Omer, serok&eacute; jivata par&eacute;zgeha Dihok&eacute;.<br \/>\n8. Ehmed Ebdilla Zero, serok&eacute; ber&eacute; y&eacute; &Eacute;ketiya Niv&iacute;ser&eacute;n Kurd li Dihok&eacute;.<br \/>\n9. Museddeq Tov&iacute;, niv&iacute;skar.<br \/>\n10. Mihemed Ebdilla, jihgir&eacute; serok&eacute; &Eacute;ketiya Niv&iacute;ser&eacute;n Kurd li Dihok&eacute;.<br \/>\n11. &Iacute;sma&iacute;l Taha Jeng&iacute;r, serok&eacute; tay&eacute; Dihok&eacute; y&eacute; Sand&iacute;kaya Rojhnamevan&eacute;n Kurdistan&eacute;.<br \/>\n12. Behroz Shuja&iacute;, mamostey&eacute; zan&iacute;ngeha Dihok&eacute;.<\/p>\n<p>Beshdar&eacute;n jiv&iacute;n&eacute; biryar da ku ew shandek&eacute; p&eacute;k b&iacute;nin &uacute; ew shande bice jem wez&iacute;r&eacute; perwerdey&eacute; &uacute; jareka din v&eacute; ar&eacute;shey&eacute; p&eacute; re minaqeshe bike. Herweha biryar hat dan xebat &uacute; d&uacute;c&uacute;n berdewam bin heta kurmanj&iacute; li dever&eacute;n kurmanj&iacute;ax&eacute;van bibe ferm&iacute; di hem&iacute; kar&uacute;baran de.<\/p>\n<p>Ber&iacute; du mehan Jivata Par&eacute;zgeha Dihok&eacute; &raquo;Kom&iacute;teya parastina ziman &uacute; candeya kurd&iacute; li par&eacute;zgeh&eacute;n M&uacute;sil &uacute; Dihok&eacute;&quot;&laquo; damaezrand &uacute; ew p&eacute;k t&eacute;t jhi:<\/p>\n<p>1. Mueyed Teyib, Endam&eacute; kara y&eacute; Akademiya Kurdistan&eacute; &uacute; berpirsiyar&eacute; dezgeha Sp&iacute;r&eacute;z&eacute; ya cap &uacute; weshan&eacute;. ,<br \/>\n2. Mihemed Ebdilla, jihgir&eacute; serok&eacute; &Eacute;ketiya Niv&iacute;ser&eacute;n Kurd li Dihok&eacute;.<br \/>\n3. Dr. Fazil Omer, serok&eacute; jivata par&eacute;zgeha Dihok&eacute;.<br \/>\n4. Behroz Shuja&iacute;, mamostey&eacute; zan&iacute;ngeha Dihok&eacute;.<br \/>\n5. Wark&eacute;s Mos&eacute;s Serk&iacute;syan, r&eacute;veber&eacute; gisht&iacute; y&eacute; perwerdeya Dihok&eacute;.<\/p>\n<p>Yek jhi kar&eacute;n v&eacute; kom&iacute;tey&eacute; jh&iacute; ew e ew li pey xebat &uacute; kar&eacute;n bikaran&iacute;na kurmanjiy&eacute; di perwerde &uacute; xwendingehan de li dever&eacute;n gir&eacute;day&iacute; w&iacute;layet&eacute;n Dihok &uacute; M&uacute;sil&eacute; bice &uacute; kar jhi bo bike.<\/p>\n<p>Serkan&iacute;: Kulturname<\/p>\n<p>&nbsp;<\/p>\n","protected":false},"excerpt":{"rendered":"<p>Sp&eacute;deya 16\/11 2008-&eacute; jivata Akademiya Kurdistan&eacute; ya bingeha w&eacute; li Hewl&eacute;r&eacute; (akademiya resm&iacute; ya gir&eacute;day&eacute; serokwez&iacute;riy&eacute; li bash&uacute;r&eacute; Kurdistan&eacute;) jiv&iacute;nek li gel cend niv&iacute;skar&eacute;n kurmanj&iacute;ax&eacute;v li<span class=\"excerpt-hellip\"> [\u2026]<\/span><\/p>\n","protected":false},"author":1,"featured_media":0,"parent":0,"menu_order":0,"comment_status":"closed","ping_status":"closed","template":"","meta":{"footnotes":""},"categories":[],"tags":[],"class_list":["post-536","page","type-page","status-publish","hentry"],"_links":{"self":[{"href":"https:\/\/kurdishacademy.org\/index.php?rest_route=\/wp\/v2\/pages\/536","targetHints":{"allow":["GET"]}}],"collection":[{"href":"https:\/\/kurdishacademy.org\/index.php?rest_route=\/wp\/v2\/pages"}],"about":[{"href":"https:\/\/kurdishacademy.org\/index.php?rest_route=\/wp\/v2\/types\/page"}],"author":[{"embeddable":true,"href":"https:\/\/kurdishacademy.org\/index.php?rest_route=\/wp\/v2\/users\/1"}],"replies":[{"embeddable":true,"href":"https:\/\/kurdishacademy.org\/index.php?rest_route=%2Fwp%2Fv2%2Fcomments&post=536"}],"version-history":[{"count":0,"href":"https:\/\/kurdishacademy.org\/index.php?rest_route=\/wp\/v2\/pages\/536\/revisions"}],"wp:attachment":[{"href":"https:\/\/kurdishacademy.org\/index.php?rest_route=%2Fwp%2Fv2%2Fmedia&parent=536"}],"wp:term":[{"taxonomy":"category","embeddable":true,"href":"https:\/\/kurdishacademy.org\/index.php?rest_route=%2Fwp%2Fv2%2Fcategories&post=536"},{"taxonomy":"post_tag","embeddable":true,"href":"https:\/\/kurdishacademy.org\/index.php?rest_route=%2Fwp%2Fv2%2Ftags&post=536"}],"curies":[{"name":"wp","href":"https:\/\/api.w.org\/{rel}","templated":true}]}}