{"id":531,"date":"2008-10-30T22:37:17","date_gmt":"2008-10-30T22:37:17","guid":{"rendered":"http:\/\/localhost\/wp\/wordpress\/badini-u-kurmanji\/"},"modified":"2018-10-26T08:03:05","modified_gmt":"2018-10-26T08:03:05","slug":"badini-u-kurmanji","status":"publish","type":"page","link":"https:\/\/kurdishacademy.org\/?page_id=531","title":{"rendered":"Bad\u00edn\u00ed u Kurmanj\u00ed"},"content":{"rendered":"<p><span class=\"Apple-style-span\" style=\"font-family: Tahoma; font-size: 14px; -webkit-border-horizontal-spacing: 5px; -webkit-border-vertical-spacing: 5px;\">N\u00fas\u00edn\u00ed: Newzad Hiror\u00ed<br \/>\nBo Kurd\u00edy n\u00e9werrast : Hesen\u00ed Qaz\u00ed<\/span><\/p>\n<p><!--more--><\/p>\n<p><span class=\"Apple-style-span\" style=\"font-family: Tahoma; font-size: 14px; -webkit-border-horizontal-spacing: 5px; -webkit-border-vertical-spacing: 5px;\">N\u00fas\u00edn\u00ed: Newzad Hiror\u00ed<br \/>\nBo Kurd\u00edy n\u00e9werrast : Hesen\u00ed Qaz\u00ed<\/span><\/p>\n<p>Kirmanj\u00edy mellbend\u00ed bad\u00ednan le h\u00e9nd\u00e9k r\u00fawewe le Kirmanj\u00ed mellbendekan\u00ed d\u00edkey Kurdistan j\u00edyawaz e. Hoy ew j\u00edyawaz\u00edyane dekir\u00e9 m\u00e9jh\u00fay\u00ed, jugiraf\u00edyay\u00ed, ab\u00far\u00ed, komellayet\u00ed u\/\u00edyan s\u00edyas\u00ed bin; bellam ew wek yek neb\u00faney ke heye bo Kirmanj\u00ed n\u00fas u Kirmanj\u00ed ax\u00e9weran d\u00edyardey serinjrrak\u00e9sh u k\u00e9shey j\u00edd\u00edn.<\/p>\n<p><span class=\"Apple-style-span\" style=\"font-family: Tahoma; font-size: 14px; -webkit-border-horizontal-spacing: 5px; -webkit-border-vertical-spacing: 5px;\">He\u200cr cend xellk be gisht\u00ed bew Kirmanj\u00edyey ke le her\u00e9m\u00ed rojhaway Kurdistan\u00ed &#8216;\u00c9raq be kar deh\u00e9ndir\u00e9 dell\u00e9n &#8216;zar\u00ed bad\u00ednan&#8217; , &#8216; lehjey Bad\u00ednan&#8217;, yan &#8216;Bad\u00edn\u00ed &#8216; (Behd\u00edn\u00ed), miro natwan\u00e9 ew sn\u00fare ashikra u naskirawey ke Kirmanj\u00ed ew her\u00e9me be tewaw\u00ed le Kirmanj\u00ed mellbend\u00ed d\u00ed dadebirr\u00e9 d\u00edyar\u00edy bika. Ew Kirmanj\u00ed ax\u00e9werane, yan &#8216;Bad\u00edn\u00edyaney&#8217;, ke le niz\u00edk sn\u00far\u00ed S\u00far\u00edye u Tirk\u00edye dejh\u00edn be ziman\u00e9k deduw\u00e9n ke z\u00edyatir\u200c lew Kirmanj\u00edye niz\u00edke ke Kurdekan\u00ed rojhawa u bak\u00far qisey p\u00e9deken. Bo nim\u00fane wushey &#8220;xosh&#8221; u &#8220;xo&#8221; ke le shar\u00ed Duhok\u00e9 deb\u00edstir\u00e9, lew mellbendane da debin be &#8221; xiwesh&#8221; u &#8220;xiwe&#8221;, her weha, ristey wek &#8220;ez dikem&#8221; , &#8220;ez d\u200cbem&#8221; u &#8221; ez didem&#8221; y mellbend\u00ed Duhok , Am\u00e9d\u00ed u Akir\u00e9 le Shengal u zaxoye debin be &#8221; ez dikim&#8221; , &#8221; ez dibim&#8221; u &#8221; ez didim&#8221;.<\/span><\/p>\n<p>&nbsp;<\/p>\n<p>Dir\u00e9jey em babete le <a href=\"http:\/\/www.kulturname.com\/?p=342\">mallperr\u00ed Kulturname<\/a><\/p>\n","protected":false},"excerpt":{"rendered":"<p>N\u00fas\u00edn\u00ed: Newzad Hiror\u00ed Bo Kurd\u00edy n\u00e9werrast : Hesen\u00ed Qaz\u00ed<\/p>\n","protected":false},"author":1,"featured_media":0,"parent":0,"menu_order":0,"comment_status":"closed","ping_status":"closed","template":"","meta":{"footnotes":""},"categories":[],"tags":[],"class_list":["post-531","page","type-page","status-publish","hentry"],"_links":{"self":[{"href":"https:\/\/kurdishacademy.org\/index.php?rest_route=\/wp\/v2\/pages\/531","targetHints":{"allow":["GET"]}}],"collection":[{"href":"https:\/\/kurdishacademy.org\/index.php?rest_route=\/wp\/v2\/pages"}],"about":[{"href":"https:\/\/kurdishacademy.org\/index.php?rest_route=\/wp\/v2\/types\/page"}],"author":[{"embeddable":true,"href":"https:\/\/kurdishacademy.org\/index.php?rest_route=\/wp\/v2\/users\/1"}],"replies":[{"embeddable":true,"href":"https:\/\/kurdishacademy.org\/index.php?rest_route=%2Fwp%2Fv2%2Fcomments&post=531"}],"version-history":[{"count":1,"href":"https:\/\/kurdishacademy.org\/index.php?rest_route=\/wp\/v2\/pages\/531\/revisions"}],"predecessor-version":[{"id":2686,"href":"https:\/\/kurdishacademy.org\/index.php?rest_route=\/wp\/v2\/pages\/531\/revisions\/2686"}],"wp:attachment":[{"href":"https:\/\/kurdishacademy.org\/index.php?rest_route=%2Fwp%2Fv2%2Fmedia&parent=531"}],"wp:term":[{"taxonomy":"category","embeddable":true,"href":"https:\/\/kurdishacademy.org\/index.php?rest_route=%2Fwp%2Fv2%2Fcategories&post=531"},{"taxonomy":"post_tag","embeddable":true,"href":"https:\/\/kurdishacademy.org\/index.php?rest_route=%2Fwp%2Fv2%2Ftags&post=531"}],"curies":[{"name":"wp","href":"https:\/\/api.w.org\/{rel}","templated":true}]}}