{"id":529,"date":"2008-10-30T22:16:01","date_gmt":"2008-10-30T22:16:01","guid":{"rendered":"http:\/\/localhost\/wp\/wordpress\/behdini-u-kurmanci\/"},"modified":"2018-10-26T08:06:39","modified_gmt":"2018-10-26T08:06:39","slug":"behdini-u-kurmanci","status":"publish","type":"page","link":"https:\/\/kurdishacademy.org\/?page_id=529","title":{"rendered":"Behd\u00een\u00ee \u00fb kurmanc\u00ee"},"content":{"rendered":"<p>Niviskar: Newzad Hiror\u00ed<\/p>\n<p>Kurmanciya devera Behd\u00eenan ji hinek aliyan ve ji kurmanciya dever\u00ean d\u00ee y\u00ean Kurdistan\u00ea cida ye. Sedem\u00ean v\u00ea cidahiy\u00ea dikarin d\u00eerok\u00ee, cograf\u00ee, abor\u00ee, civak\u00ee \u00fb\/yan siyas\u00ee bin; l\u00ea newekheviy\u00ean hey\u00ee ji bo kurmanc\u00eeniv\u00ees \u00fb kurmanc\u00eeax\u00eavan diyardey\u00ean balk\u00ea\u015f \u00fb pirsgir\u00eak\u00ean cid\u00ee ne.<\/p>\n<p><!--more--><\/p>\n<p>Niviskar: Newzad Hiror\u00ed<\/p>\n<p>Kurmanciya devera Behd\u00eenan ji hinek aliyan ve ji kurmanciya dever\u00ean d\u00ee y\u00ean Kurdistan\u00ea cida ye. Sedem\u00ean v\u00ea cidahiy\u00ea dikarin d\u00eerok\u00ee, cograf\u00ee, abor\u00ee, civak\u00ee \u00fb\/yan siyas\u00ee bin; l\u00ea newekheviy\u00ean hey\u00ee ji bo kurmanc\u00eeniv\u00ees \u00fb kurmanc\u00eeax\u00eavan diyardey\u00ean balk\u00ea\u015f \u00fb pirsgir\u00eak\u00ean cid\u00ee ne.<\/p>\n<p>Her\u00e7end xelk bi gi\u015ft\u00ee nav\u00ea \u2018zar\u00ea Behd\u00eenan\u2019, \u2018devoka Behd\u00eenan\u2019 yan \u2018behd\u00een\u00ee\u2019 (bad\u00een\u00ee) li w\u00ea kurmanciya ku li her\u00eama rojava ya Kurdistana \u00ceraq\u00ea t\u00eat bi kar an\u00een dikin, mirov nikare sinor\u00ean a\u015fkira \u00fb naskir\u00ee y\u00ean ku kurmanciya w\u00ea her\u00eam\u00ea bi temam\u00ee ji kurmanciya dever\u00ean d\u00ee vediqet\u00eene diyar bike. Kurmanc\u00eeax\u00eav\u00ean, yan \u2018behd\u00eeniy\u00ean\u2019, ku n\u00eaz\u00eek\u00ee sinor\u00ean Suriye \u00fb Tirkiyey\u00ea dij\u00een bi zimanek\u00ea ku p\u00eatir n\u00eaz\u00eek\u00ee kurmanciya kurd\u00ean rojava \u00fb bakur\u00ee ye dipeyivin. Bo nim\u00fbne, peyiv\u00ean \u201cxo\u015f\u201d \u00fb \u201cxo\u201d y\u00ean ku li bajar\u00ea Dihok\u00ea t\u00ean bih\u00eestin, li wan deveran dibin \u201cxwe\u015f\u201d \u00fb \u201cxwe\u201d. Herweha, hevok\u00ean wek \u201cez dikem\u201d, \u201cez dibem\u201d \u00fb \u201cez didem\u201d y\u00ean dever\u00ean Dihok, Am\u00ead\u00ee \u00fb Akrey\u00ea li \u015eengal \u00fb Zaxoy\u00ea dibin \u201cez dikim\u201d, \u201cez dibim\u201d \u00fb \u201cez didim\u201d.<\/p>\n<p>&nbsp;<\/p>\n<p>Dir\u00e9jey em babete le <a href=\"http:\/\/www.kulturname.com\/?p=342\">mallperr\u00ed Kulturname<\/a><\/p>\n<p>&nbsp;<\/p>\n<p>&nbsp;<\/p>\n<p>&nbsp;<\/p>\n","protected":false},"excerpt":{"rendered":"<p>Niviskar: Newzad Hiror\u00ed Kurmanciya devera Behd\u00eenan ji hinek aliyan ve ji kurmanciya dever\u00ean d\u00ee y\u00ean Kurdistan\u00ea cida ye. Sedem\u00ean v\u00ea cidahiy\u00ea dikarin d\u00eerok\u00ee, cograf\u00ee, abor\u00ee, civak\u00ee<span class=\"excerpt-hellip\"> [\u2026]<\/span><\/p>\n","protected":false},"author":1,"featured_media":0,"parent":0,"menu_order":0,"comment_status":"closed","ping_status":"closed","template":"","meta":{"footnotes":""},"categories":[],"tags":[],"class_list":["post-529","page","type-page","status-publish","hentry"],"_links":{"self":[{"href":"https:\/\/kurdishacademy.org\/index.php?rest_route=\/wp\/v2\/pages\/529","targetHints":{"allow":["GET"]}}],"collection":[{"href":"https:\/\/kurdishacademy.org\/index.php?rest_route=\/wp\/v2\/pages"}],"about":[{"href":"https:\/\/kurdishacademy.org\/index.php?rest_route=\/wp\/v2\/types\/page"}],"author":[{"embeddable":true,"href":"https:\/\/kurdishacademy.org\/index.php?rest_route=\/wp\/v2\/users\/1"}],"replies":[{"embeddable":true,"href":"https:\/\/kurdishacademy.org\/index.php?rest_route=%2Fwp%2Fv2%2Fcomments&post=529"}],"version-history":[{"count":1,"href":"https:\/\/kurdishacademy.org\/index.php?rest_route=\/wp\/v2\/pages\/529\/revisions"}],"predecessor-version":[{"id":2689,"href":"https:\/\/kurdishacademy.org\/index.php?rest_route=\/wp\/v2\/pages\/529\/revisions\/2689"}],"wp:attachment":[{"href":"https:\/\/kurdishacademy.org\/index.php?rest_route=%2Fwp%2Fv2%2Fmedia&parent=529"}],"wp:term":[{"taxonomy":"category","embeddable":true,"href":"https:\/\/kurdishacademy.org\/index.php?rest_route=%2Fwp%2Fv2%2Fcategories&post=529"},{"taxonomy":"post_tag","embeddable":true,"href":"https:\/\/kurdishacademy.org\/index.php?rest_route=%2Fwp%2Fv2%2Ftags&post=529"}],"curies":[{"name":"wp","href":"https:\/\/api.w.org\/{rel}","templated":true}]}}