{"id":503,"date":"2008-09-26T20:32:48","date_gmt":"2008-09-26T20:32:48","guid":{"rendered":"http:\/\/localhost\/wp\/wordpress\/girtigeh-u-zimane-kurdi\/"},"modified":"2008-09-26T20:32:48","modified_gmt":"2008-09-26T20:32:48","slug":"girtigeh-u-zimane-kurdi","status":"publish","type":"page","link":"https:\/\/kurdishacademy.org\/?page_id=503","title":{"rendered":"Girt\u00edgeh \u00fa Ziman\u00e9 Kurd\u00ed"},"content":{"rendered":"<p>Shervab Dogan<\/p>\n<p>Girt&iacute;geh jihek&iacute; xwed&iacute; taybet e. Taybeta w&eacute; jhi rewsha w&eacute; ya dorp&eacute;ckir&iacute; &uacute; car hawirdor teng t&eacute;. Ew der yek jih&eacute;n ku gir&iacute;ngiya jhi bo ziman b&eacute; day&iacute;n e.<\/p>\n<p><!--more--><\/p>\n<p>Shervab Dogan<\/p>\n<p>Girt&iacute;geh jihek&iacute; xwed&iacute; taybet e. Taybeta w&eacute; jhi rewsha w&eacute; ya dorp&eacute;ckir&iacute; &uacute; car hawirdor teng t&eacute;. Ew der yek jih&eacute;n ku gir&iacute;ngiya jhi bo ziman b&eacute; day&iacute;n e.<\/p>\n<p>Eger em bixwazin ku ziman&eacute; me bi p&eacute;sh bikeve div&eacute; ku em li hem&uacute; qad&eacute;n jhiyan&eacute; bi ziman&eacute; xwe biaxivin, bixw&iacute;nin &uacute; biniv&iacute;sin. L&eacute; bel&eacute; li hinek qadan div&eacute; ku em her tim bi ziman&eacute; kurd&iacute; biaxivin. M&iacute;nak, div&eacute; em li mal&eacute;n xwe, jih&eacute; kar&eacute; xwe, li kuce &uacute; kolan&eacute;n xwe &uacute; ya ku ez gelek&iacute; gir&iacute;ng dib&iacute;nim div&eacute; ku li girt&iacute;gehan ten&eacute; bi ziman&eacute; kurd&iacute; b&eacute; axaftin, b&eacute; xwendin &uacute; b&eacute; niv&iacute;sandin.<\/p>\n<p>Heval&eacute;n Delal, cima li girt&iacute;gehan ten&eacute; axaftina ziman&eacute; kurd&iacute;? Jhi ber ku &eacute; jhi bo ziman&eacute; kurd&iacute; her&iacute; z&eacute;de &eacute;sh&eacute; dikish&iacute;nin, dijhwariy&eacute; dib&iacute;nin, rast&iacute; neheqiyan t&eacute;n ew kes&eacute;n ku di girt&iacute;geh&eacute; de ne. Jhi ber w&eacute; div&eacute; ku jhi me z&eacute;detir heval&eacute;n ku girtiy&eacute;n siyas&iacute; ne &uacute; jhi ber doza ziman&eacute; kurd&iacute;, jhi bo azadiya gel&eacute; kurd hatine girtin div&eacute; girt&iacute;gehan bikin dibistan &uacute; wargeh&eacute;n ziman&eacute; kurd&iacute;.<\/p>\n<p>L&eacute; mixabin jhi xeyn&iacute; cend heval&eacute;n girt&iacute; p&eacute; ve hem&uacute; girtiy&eacute;n din qet li ser ziman&eacute; kurd&iacute; naxebitin. Dev jhi xebitandin&eacute; berdin weleh&iacute; bi ziman&eacute; kurd&iacute; naaxivin jh&iacute;. Ez van tishtan ne ku jhi ser&eacute; xwe dib&eacute;jhim. Jhi bo ku min bi cav&eacute; xwe d&iacute;tiye &uacute; bi guh&eacute; xwe bih&iacute;stiye.<\/p>\n<p>Ez bi xwe li girt&iacute;geha M&eacute;rd&iacute;n &uacute; Amed&eacute; raketime. &Uacute; ev n&eacute;z&iacute; salek&eacute; ye ez dicim hevd&iacute;tina girt&iacute;geha Midyad&eacute;. Li M&eacute;rd&iacute;n&eacute; cend kes&eacute;n ku bi kurd&iacute; diaxivin heb&uacute;n, l&eacute; jareke din jh&iacute; bi piran&iacute; bi tirk&iacute; diaxiv&iacute;n. L&eacute; bel&eacute; li girt&iacute;geha Amed&eacute; ya t&iacute;pa D, hema hem&uacute; girt&iacute; bi tirk&iacute; diaxiv&iacute;n. Wele dema ez li wir b&uacute;m min digot belk&iacute; ev der bajharek&iacute; tirkan e &uacute; kurd l&eacute; tune ne. Jhi ber ku li girt&iacute;geha Amed&eacute; hem&uacute; jhiyana me bi tirk&iacute; b&uacute;.<\/p>\n<p>Div&eacute; ku &eacute;d&iacute; h&uacute;n girt&iacute;gehan bikin dibistan&eacute;n ziman&eacute; kurd&iacute; &uacute; jhi hem&uacute; kes&eacute;n derdor&eacute; re bibin m&iacute;nak jhi bo p&eacute;shxistina ziman&eacute; kurd&iacute;. Ew derfet jh&iacute; hene. Li gelek girt&iacute;geh&eacute;n li herem&eacute; pirt&uacute;k&eacute;n bi ziman&eacute; kurd&iacute;, ferheng, rojhname &uacute; kovar&eacute; ku niv&iacute;s&eacute;n kurd&iacute; t&eacute; de jih digirin hene. &Uacute; heval&eacute;n ku li gel hev in gisht kurd in. Kes&eacute;n ku t&eacute;ne hevd&iacute;tina wan jh&iacute; kurd in.<\/p>\n<p>Wele heger ku girtiy&eacute;n siyas&iacute; &eacute;d&iacute; jhi bo ku ziman&eacute; kurd&iacute; bi p&eacute;sh bikeve nexebitin, div&eacute; w&iacute; wext&iacute; xwe pir bipirsin. Div&eacute; &eacute;d&iacute; neb&eacute;jhin, &quot;em jhi bo nasnameya kurd&iacute; hatine girtin&quot;. Div&eacute; &eacute;d&iacute; neb&eacute;jhin, &quot;em doza ziman, cand &uacute; nasnameya kurd&iacute; dikin&quot; Ez van tishtan jhi bo girtiy&eacute;n ku derfet&eacute;n wan hene dib&eacute;jhim. Li gor ku ez dizanim li girt&iacute;geh&eacute; her&eacute;m&eacute; ev derfet hene. L&eacute; li girt&iacute;geh&eacute;n metropolan derfet hinek&iacute; k&eacute;m in, astengkirin &uacute; qedexekirina cavkaniy&eacute;n bi kurd&iacute; &uacute; qedexekirina axaftina bi ziman&eacute; kurd&iacute; jh&iacute; bi piran&iacute; li girt&iacute;geh&eacute;n metropolan li ser girtiyan t&eacute; meshandin.<\/p>\n<p>Li gelek girt&iacute;gehan nah&eacute;lin ku rojhname, pirt&uacute;k, kovar &uacute; niv&iacute;s&eacute;n kurd&iacute; t&eacute;kevin dest&eacute; girtiyan. Qedexe dikin. Li gelek girt&iacute;gehan jhi bo ku girt&iacute; di telefon&eacute; de bi malbat&eacute;n xwe re bi kurd&iacute; axiv&iacute;ne telefon&eacute;n wan hatine qutkirin &uacute; li rast&iacute; jezay&eacute; jur bi jur hatine. Li gelek girt&iacute;gehan jhi bo ku girt&iacute; bi kes&eacute;n ku hatine hevd&iacute;tina wan re bi kurd&iacute; axiv&iacute;ne li rast&iacute; l&eacute;dan &uacute; jezay&eacute;n hujrey&eacute; hatine. Li gelek girt&iacute;gehan jhi bo ku di nameyan de hin hevok&eacute;n bi ziman&eacute; kurd&iacute; hene ew name nedane girtiyan &uacute; namey&eacute;n girtiyan jh&iacute; r&eacute;nekirine jhi derve re.<\/p>\n<p>H&uacute;n hem&uacute;, van p&eacute;kan&iacute;n&eacute;n jhi dervey&iacute; hiq&uacute;q&eacute;, van asteng&iacute;, van neheqiyan dib&iacute;nin. L&eacute; mixabin li hember van p&eacute;kan&iacute;nan jh&iacute; h&uacute;n heval&eacute;n ku niha di girt&iacute;gehan de ne, h&uacute;n jareke din jh&iacute; bi malbat&eacute;n xwe re bi ziman&eacute; tirk&iacute; diaxivin, h&uacute;n bi kes&eacute;n ku t&eacute;ne hevd&iacute;tina we re bi tirk&iacute; diaxivin, h&uacute;n bi heval&eacute;n xwe re bi tirk&iacute; diaxivin &uacute; h&uacute;n jh&iacute; weke dildarek&iacute; ziman&eacute; tirk&iacute;, h&uacute;n ziman&eacute; tirk&iacute; bi p&eacute;sh dixin, h&uacute;n ziman&eacute; kurd&iacute; jh&iacute; qels dikin. &Uacute; jhi hem&uacute; kes&eacute;n ku t&eacute;ne hevd&iacute;tina we re h&uacute;n dibin m&iacute;nakeke cewt. (cend heval&eacute;n ist&iacute;sna &eacute;n ku jhi bo ziman&eacute; kurd&iacute; diaxivin ne di nav wan de ne!!!) <br \/>&Eacute;d&iacute; div&eacute; ku em li hember&iacute; van hem&uacute; zextan li ziman&eacute; xwe xwed&iacute; derkevin &uacute; jhi van cewtiyan vegerin. &Eacute;d&iacute; div&eacute; ku girt&iacute;geh jhi bo p&eacute;shxistina ziman&eacute; kurd&iacute; bibin m&iacute;nak jhi hem&uacute; derdoran re.. .<br \/>&nbsp;<br \/>Cavkan&iacute;: Mallperra Azadiya Welat <\/p>\n","protected":false},"excerpt":{"rendered":"<p>Shervab Dogan Girt&iacute;geh jihek&iacute; xwed&iacute; taybet e. Taybeta w&eacute; jhi rewsha w&eacute; ya dorp&eacute;ckir&iacute; &uacute; car hawirdor teng t&eacute;. Ew der yek jih&eacute;n ku gir&iacute;ngiya jhi<span class=\"excerpt-hellip\"> [\u2026]<\/span><\/p>\n","protected":false},"author":1,"featured_media":0,"parent":0,"menu_order":0,"comment_status":"closed","ping_status":"closed","template":"","meta":{"footnotes":""},"categories":[],"tags":[],"class_list":["post-503","page","type-page","status-publish","hentry"],"_links":{"self":[{"href":"https:\/\/kurdishacademy.org\/index.php?rest_route=\/wp\/v2\/pages\/503","targetHints":{"allow":["GET"]}}],"collection":[{"href":"https:\/\/kurdishacademy.org\/index.php?rest_route=\/wp\/v2\/pages"}],"about":[{"href":"https:\/\/kurdishacademy.org\/index.php?rest_route=\/wp\/v2\/types\/page"}],"author":[{"embeddable":true,"href":"https:\/\/kurdishacademy.org\/index.php?rest_route=\/wp\/v2\/users\/1"}],"replies":[{"embeddable":true,"href":"https:\/\/kurdishacademy.org\/index.php?rest_route=%2Fwp%2Fv2%2Fcomments&post=503"}],"version-history":[{"count":0,"href":"https:\/\/kurdishacademy.org\/index.php?rest_route=\/wp\/v2\/pages\/503\/revisions"}],"wp:attachment":[{"href":"https:\/\/kurdishacademy.org\/index.php?rest_route=%2Fwp%2Fv2%2Fmedia&parent=503"}],"wp:term":[{"taxonomy":"category","embeddable":true,"href":"https:\/\/kurdishacademy.org\/index.php?rest_route=%2Fwp%2Fv2%2Fcategories&post=503"},{"taxonomy":"post_tag","embeddable":true,"href":"https:\/\/kurdishacademy.org\/index.php?rest_route=%2Fwp%2Fv2%2Ftags&post=503"}],"curies":[{"name":"wp","href":"https:\/\/api.w.org\/{rel}","templated":true}]}}