{"id":490,"date":"2008-09-06T22:14:43","date_gmt":"2008-09-06T22:14:43","guid":{"rendered":"http:\/\/localhost\/wp\/wordpress\/standarbun-le-newan-kirmanji%e2%80%8c-seru-u-kirmanji%e2%80%8c-nawerrastda\/"},"modified":"2008-09-06T22:14:43","modified_gmt":"2008-09-06T22:14:43","slug":"standarbun-le-newan-kirmanji%e2%80%8c-seru-u-kirmanji%e2%80%8c-nawerrastda","status":"publish","type":"page","link":"https:\/\/kurdishacademy.org\/?page_id=490","title":{"rendered":"Standarb\u00fan le n\u00e9wan Kirmanj\u00ed\u200c ser\u00fa u Kirmanj\u00ed\u200c nawerrastda"},"content":{"rendered":"<p>Selam Nawxosh, 02\/09\/2008<br \/>\n<!--more--><\/p>\n<p>Selam Nawxosh, 02\/09\/2008<\/p>\n<p>Le sedey&zwnj; pazde u shazdewe gelan&iacute;&zwnj; &Iacute;ngl&iacute;z u Ferrens&iacute;&zwnj; u Elman&iacute;&zwnj; be ple yek mijholl&iacute;&zwnj; n&uacute;s&iacute;n be ziman&iacute;&zwnj; netewey&iacute;&zwnj; xoyan b&uacute;n.. Le &Iacute;ngl&iacute;z&iacute;da deqe sh&iacute;&#8217;r&iacute;yekan&iacute;&zwnj; (j&iacute;fir &iacute;&zwnj; coser) be seretay&zwnj; ziman&iacute;&zwnj; netewey&iacute;&zwnj; &Iacute;ngl&iacute;z dadenr&eacute;. Heta le nezer hend&eacute; rexnegir u tuw&eacute;jherewe (coser) be bawk&iacute;&zwnj; sh&iacute;&#8217;r&iacute;&zwnj; &Iacute;ngl&iacute;z&iacute;sh dadenir&eacute;t! lem ruwangeyewe dekir&eacute; bill&eacute;y&iacute;n ziman&iacute;&zwnj; netewayet&iacute;&zwnj; be ziman&iacute;&zwnj; serek&iacute;&zwnj; netewey&iacute;&zwnj; dewillet&eacute;k dadenr&eacute;t. Sebaret be netewayet&iacute;&zwnj; wek &Iacute;ngl&iacute;z&iacute;&zwnj; u Ferrens&iacute;&zwnj; u Elman&iacute;&zwnj; ziman&iacute;&zwnj; netewayet&iacute;&zwnj; hawatay&zwnj; ziman&iacute;&zwnj; ferm&iacute;&zwnj; (official langage) willat&iacute;sh d&eacute;t, bellam lew willataney&zwnj; be willatan&iacute;&zwnj; fire ziman u netewe dadenir&eacute;n wek (Belj&iacute;ka), (Sengap&uacute;re), (Gane) herd&uacute; man&iacute;&zwnj; netewayet&iacute;&zwnj; (national language) u ziman&iacute;&zwnj; ferm&iacute;&zwnj; be hawtay&zwnj; yekitr nayen!<\/p>\n<p>Ziman&iacute;&zwnj; ferm&iacute;&zwnj; ew zimaneye le biwar&iacute;&zwnj; dadga, dam&zwnj;udeziga, dewillet u rageyandinda bekard&eacute;t. Le hend&eacute; willatda d&uacute; yan z&iacute;yatir le d&uacute; ziman&iacute;&zwnj; ferm&iacute;&zwnj; le willatda heye, her yeke berijhewend&iacute;yekan&iacute;&zwnj; dan&iacute;shtwanekan denuw&eacute;n&eacute;, ewey&zwnj; ar&eacute;sheye bo &quot;&eacute;sta&quot;&iacute;&zwnj; Kurd ziman&iacute;&zwnj; standere (standard language). Ziman&iacute;&zwnj; standard xoy&zwnj; ziman&eacute;k&iacute;&zwnj; serbexo n&iacute;ye! bellku le binerretda zar&eacute;k&iacute;&zwnj; ziman&eacute;ke ke xud&iacute;&zwnj; xoy&zwnj; yan hend&eacute; fakiter deykene ziman&iacute;&zwnj; standar. Ke wab&eacute;t ziman&iacute;&zwnj; standar zar&eacute;ke z&eacute;de maf u j&iacute;yawk&iacute;&zwnj; (pirestige) heye u lenaw komellgey&zwnj; axawtin&iacute;&zwnj; (speech community) bekard&eacute;. Biwar&iacute;&zwnj; f&eacute;rkirdin u f&eacute;rb&uacute;n d&uacute; biwar&iacute;&zwnj; serek&iacute;n bo mik&uacute;mb&uacute;n u sepandin&iacute;&zwnj; ew zimane. Em jore zimane cend binema u shengst u form&eacute;k&iacute;&zwnj; cesp&iacute;yu daderr&eacute;jh&iacute;&zwnj;. Her zar&eacute;k yan sh&eacute;wezar&eacute;k beguw&eacute;rey&zwnj; ew cuwarc&eacute;we u binemayane neb&eacute;t edgar&iacute;&zwnj; stander&iacute;&zwnj; nab&eacute;t! zor jaran sh&eacute;wey&zwnj; gokirdin&iacute;&zwnj;(pronunciation) wushekan&iacute;&zwnj; zareke deb&eacute;te binemayek bo dirustkirdin&iacute;&zwnj; zimaneke. Ewete le Ber&iacute;tan&iacute;ya be ziman&iacute;&zwnj; stander dell&eacute;n: &Iacute;ngl&iacute;z&iacute;&zwnj; BBC yan &Iacute;ngl&iacute;z&iacute;&zwnj; Oksford. Ew d&uacute; &quot;&Iacute;ngl&iacute;z&iacute;&quot;&iacute;yesh leser gokirdin b&iacute;nakirawin!<\/p>\n<p><strong>Hokarekan&iacute;&zwnj; dirustib&uacute;n&iacute;&zwnj; ziman&iacute;&zwnj; stander<\/strong><\/p>\n<p>Eme le neteweyekewe bo neteweyek&iacute;&zwnj; tir judaye. Ew hokaraney&zwnj; stander&iacute;&zwnj; ziman&iacute;&zwnj; &#8216;Ereb&iacute;yan dirust kird. Ew hokarane, be taybet&iacute;&zwnj; heb&uacute;n&iacute;&zwnj; kit&eacute;b&eacute;k&iacute;&zwnj; p&iacute;roz&iacute; asman&iacute;&zwnj;, le Kurd&iacute;da n&iacute;n, quran&iacute;&zwnj; p&iacute;roz fakiter&eacute;k&iacute;&zwnj; yekilay&iacute;kerewe b&uacute; le be standarkirdin&iacute;&zwnj; zar&iacute;&zwnj; qurreyshe, bellam (av&eacute;sta)&iacute;&zwnj; zerdesht be h&iacute;c jor&eacute; be quran&iacute;&zwnj; p&iacute;roz berawird nakir&eacute;. Lelayek her xud&iacute;&zwnj; deqe resene &quot;asman&iacute;&quot;&iacute;yeke nemawe, herweha ew deqe be &quot;kurd&iacute;&quot;sh neb&uacute;we. &quot;zend&quot;&iacute;&zwnj; aw&eacute;stash ew twaniste ziman&iacute;yey&zwnj; n&iacute;ye.. W&eacute;rray&zwnj; eme heta le naw nas&iacute;yonal&iacute;stekan&iacute;&zwnj; Kurd&iacute;shda nasnamey&zwnj; aw&eacute;sta sax nebotewe!<\/p>\n<p>Rewsh&iacute;&zwnj; s&iacute;yas&iacute;&zwnj; fakiter&eacute;k&iacute;&zwnj; tire le dirustib&uacute;n&iacute;&zwnj; ziman&iacute;&zwnj; standarda. Zorbey&zwnj; gele wush&iacute;yarekan&iacute;&zwnj; din&iacute;ya s&uacute;d&iacute;yan le rewsh&iacute;&zwnj; s&iacute;yas&iacute;&zwnj; b&iacute;n&iacute;we bo ewey&zwnj; zar&eacute;k le zarekan&iacute;&zwnj; zimanekeyan bikene ziman&iacute;&zwnj; xuw&eacute;ndin u p&eacute;n&uacute;s&iacute;n u rageyandin u dewillet, bellam Kurd neytwan&iacute;we s&uacute;d&eacute;k&iacute;&zwnj; ewea bib&iacute;n&eacute;! refah&iacute;yet u xoshguzeran&iacute;&zwnj; u tenah&iacute;&zwnj; s&iacute;yas&iacute;&zwnj; u ab&uacute;r&iacute;&zwnj; fakiter&iacute;&zwnj; tirn le pesend krdin&iacute;&zwnj; deste jem&#8217;&iacute;&zwnj; xellk&iacute;&zwnj; willat bo zar&eacute;k.<\/p>\n<p><strong>Desellat&iacute;&zwnj; s&iacute;yas&iacute;&zwnj; wullat<\/strong><\/p>\n<p>Le zor wullatda desellat&iacute;&zwnj; s&iacute;yas&iacute;&zwnj; wullat wek dirust kirdin&iacute;&zwnj; shikoyek bo xoy&zwnj;, herweha bewperr&iacute;&zwnj; l&eacute;burdeyewe her le p&eacute;kol&iacute;&zwnj; eweda b&uacute;we wek netewekan&iacute;&zwnj; diraws&eacute; zar&eacute;k le zarekan&iacute;&zwnj; wullat bikate ziman&iacute;&zwnj; stander.<\/p>\n<p><strong>Desellat&iacute;&zwnj; ekad&iacute;m&iacute;yay&zwnj;<\/strong><br \/>Zanst&iacute;&zwnj; ziman<\/p>\n<p>Korr&iacute;&zwnj; zan&iacute;yar&iacute;&zwnj; ya xud ekad&iacute;m&iacute;ya d&uacute; dezgay&zwnj; zanst&iacute;&zwnj; mitimane p&eacute;kirawin bo hellbijhardin&iacute;&zwnj; zar&eacute;k bo n&uacute;s&iacute;n u xuw&eacute;ndin u dewullet u dam &zwnj;u dezgay&zwnj; me&#8217;r&iacute;f&iacute;&zwnj; wullat.<\/p>\n<p>Roshinb&iacute;ran&iacute;&zwnj; wullat<br \/>Ewaney&zwnj; xoshew&iacute;st&iacute;&zwnj; u &iacute;nt&iacute;mayan bo ziman u xellk u netewe u he&zwnj;m&uacute; asayshekan&iacute;&zwnj; wullat e, nek h&iacute;zb u dam&zwnj; u dezigay&zwnj; h&iacute;zb u berijhewend&iacute;&zwnj; h&iacute;zb, detwanin roll&iacute;&zwnj; pozet&iacute;v&iacute;&zwnj; xoyan bib&iacute;nin lew piroseyeda.<\/p>\n<p>Kirmanj&iacute;&zwnj; ser&uacute; yan nawerrast?<\/p>\n<p>Yan elterinat&iacute;v&iacute;&zwnj; tir heye?<\/p>\n","protected":false},"excerpt":{"rendered":"<p>Selam Nawxosh, 02\/09\/2008<\/p>\n","protected":false},"author":1,"featured_media":0,"parent":0,"menu_order":0,"comment_status":"closed","ping_status":"closed","template":"","meta":{"footnotes":""},"categories":[],"tags":[],"class_list":["post-490","page","type-page","status-publish","hentry"],"_links":{"self":[{"href":"https:\/\/kurdishacademy.org\/index.php?rest_route=\/wp\/v2\/pages\/490","targetHints":{"allow":["GET"]}}],"collection":[{"href":"https:\/\/kurdishacademy.org\/index.php?rest_route=\/wp\/v2\/pages"}],"about":[{"href":"https:\/\/kurdishacademy.org\/index.php?rest_route=\/wp\/v2\/types\/page"}],"author":[{"embeddable":true,"href":"https:\/\/kurdishacademy.org\/index.php?rest_route=\/wp\/v2\/users\/1"}],"replies":[{"embeddable":true,"href":"https:\/\/kurdishacademy.org\/index.php?rest_route=%2Fwp%2Fv2%2Fcomments&post=490"}],"version-history":[{"count":0,"href":"https:\/\/kurdishacademy.org\/index.php?rest_route=\/wp\/v2\/pages\/490\/revisions"}],"wp:attachment":[{"href":"https:\/\/kurdishacademy.org\/index.php?rest_route=%2Fwp%2Fv2%2Fmedia&parent=490"}],"wp:term":[{"taxonomy":"category","embeddable":true,"href":"https:\/\/kurdishacademy.org\/index.php?rest_route=%2Fwp%2Fv2%2Fcategories&post=490"},{"taxonomy":"post_tag","embeddable":true,"href":"https:\/\/kurdishacademy.org\/index.php?rest_route=%2Fwp%2Fv2%2Ftags&post=490"}],"curies":[{"name":"wp","href":"https:\/\/api.w.org\/{rel}","templated":true}]}}