{"id":486,"date":"2008-08-31T13:10:09","date_gmt":"2008-08-31T13:10:09","guid":{"rendered":"http:\/\/localhost\/wp\/wordpress\/tzp-kurdi-ji-bo-ziman-dakevin-qadan\/"},"modified":"2008-08-31T13:10:09","modified_gmt":"2008-08-31T13:10:09","slug":"tzp-kurdi-ji-bo-ziman-dakevin-qadan","status":"publish","type":"page","link":"https:\/\/kurdishacademy.org\/?page_id=486","title":{"rendered":"TZP-Kurd\u00ee: Ji bo ziman dakevin qadan"},"content":{"rendered":"<p><img loading=\"lazy\" decoding=\"async\" class=\" alignright size-full wp-image-485\" hspace=\"5\" height=\"133\" width=\"200\" vspace=\"5\" border=\"1\" align=\"right\" alt=\"TZP-Kurd&icirc;\" src=\"http:\/\/localhost\/wp\/wordpress\/wp-content\/uploads\/2008\/08\/tzp-kurdi-konferans.jpg\" \/>Aktuelb&ucirc;n: 31\/8\/2008<\/p>\n<p> Tevgera Ziman &ucirc; Perwerdehiya Kurd&icirc; (TZP-Kurd&icirc;) bi \u015f&icirc;ara &#8216;&Ecirc;d&icirc; bes e em bi ziman&ecirc; xwe perwerdeh&ecirc; dixwazin&#8217; 2&#8217;em&icirc;n Konferansa xwe p&ecirc;k an&icirc;. Di konferans&ecirc; de bang li dewlet&ecirc; hat kirin ku &#8216;Div&ecirc; Tirkiye &ecirc;d&icirc; nasname &ucirc; ziman&ecirc; kurd&icirc; nas bike&#8217;. Di konferans&ecirc; de hat gotin ku d&ecirc; ji bo ziman m&icirc;t&icirc;ngan p&ecirc;k b&icirc;nin &ucirc; bila kurd ji bo ziman dakevin qadan TZP-Kurd&icirc; 2 sal ber&ecirc; ji bo p&ecirc;\u015f&icirc;girtina as&icirc;m&icirc;lasyona li ser ziman&ecirc; kurd&icirc;, xebat &ucirc; p&ecirc;\u015fvebirina w&icirc; hat avakirin. TZP-Kurd&icirc; 27-28&#8217;&ecirc; tebax&ecirc; bi be\u015fdariya 60 delegeyan li Amed&ecirc; 2&#8217;yem&icirc;n konferansa xwe p&ecirc;k an&icirc;.<\/p>\n<p><!--more--><\/p>\n<p><img loading=\"lazy\" decoding=\"async\" class=\" alignright size-full wp-image-485\" hspace=\"5\" height=\"133\" width=\"200\" vspace=\"5\" border=\"1\" align=\"right\" alt=\"TZP-Kurd&icirc;\" src=\"http:\/\/localhost\/wp\/wordpress\/wp-content\/uploads\/2008\/08\/tzp-kurdi-konferans.jpg\" \/>Aktuelb&ucirc;n: 31\/8\/2008<\/p>\n<p> Tevgera Ziman &ucirc; Perwerdehiya Kurd&icirc; (TZP-Kurd&icirc;) bi \u015f&icirc;ara &#8216;&Ecirc;d&icirc; bes e em bi ziman&ecirc; xwe perwerdeh&ecirc; dixwazin&#8217; 2&#8217;em&icirc;n Konferansa xwe p&ecirc;k an&icirc;. Di konferans&ecirc; de bang li dewlet&ecirc; hat kirin ku &#8216;Div&ecirc; Tirkiye &ecirc;d&icirc; nasname &ucirc; ziman&ecirc; kurd&icirc; nas bike&#8217;. Di konferans&ecirc; de hat gotin ku d&ecirc; ji bo ziman m&icirc;t&icirc;ngan p&ecirc;k b&icirc;nin &ucirc; bila kurd ji bo ziman dakevin qadan TZP-Kurd&icirc; 2 sal ber&ecirc; ji bo p&ecirc;\u015f&icirc;girtina as&icirc;m&icirc;lasyona li ser ziman&ecirc; kurd&icirc;, xebat &ucirc; p&ecirc;\u015fvebirina w&icirc; hat avakirin. TZP-Kurd&icirc; 27-28&#8217;&ecirc; tebax&ecirc; bi be\u015fdariya 60 delegeyan li Amed&ecirc; 2&#8217;yem&icirc;n konferansa xwe p&ecirc;k an&icirc;.<\/p>\n<p><!--break--><\/p>\n<blockquote>\n<p>Di konferansa 2-y&ecirc; de bang li dewlet&ecirc; hat kirin ku &#8216;Div&ecirc; Tirkiye &ecirc;d&icirc; nasname &ucirc; ziman&ecirc; kurd&icirc; nas bike&#8217;.<\/p>\n<\/blockquote>\n<p>Di konferans&ecirc; de der bar&ecirc; nasname &ucirc; ziman&ecirc; kurd&icirc; de biryar&ecirc;n gir&icirc;ng hatin girtin &ucirc; her wiha xebat&ecirc;n TZP-Kurd&icirc; y&ecirc;n 2 salan, as&icirc;m&icirc;lasyon &ucirc; otoas&icirc;m&icirc;lasyona li ser ziman&ecirc; kurd&icirc; hatin n&icirc;qa\u015fkirin.<\/p>\n<p> <strong>KOKA KURD&Icirc; K&Ucirc;R E<\/strong><\/p>\n<p> Di konferans&ecirc; de delegeyan destn&icirc;\u015fan kir ku hezar sal in gel&ecirc; kurd li ser axa Mezopotamyay&ecirc; dij&icirc; &ucirc; ziman&ecirc; kurd&icirc; j&icirc; xwed&icirc; bingeheke qa&icirc;&icirc;m e. Delegeyan diyar kir ku ji Baba Tahir&ecirc; Hemedan&icirc; heta Ehmed&ecirc; Xan&icirc;, ji Evdila Goran heta Cegerxw&icirc;n bi sedan w&ecirc;jevanan bi v&icirc; ziman&icirc; berhem&ecirc;n xwe p&ecirc;\u015fk&ecirc;\u015f kirine &ucirc; li hember&icirc; zordariyan sal&ecirc; bi dehan berhem&ecirc;n xwe\u015fik t&ecirc;n p&ecirc;\u015fk&ecirc;\u015fkirin.<\/p>\n<p> Delegeyan di axaftin&ecirc;n xwe de an&icirc;n ziman ku w&ecirc;jeya kurd&icirc; ya devk&icirc; (dengb&ecirc;j&icirc;) li hem&ucirc; c&icirc;han&ecirc; hatiye nas&icirc;n &ucirc; wiha got:<\/p>\n<p> &quot;Ziman&ecirc; kurd&icirc; ji &ccedil;&icirc;rokan heta gotin&ecirc;n p&ecirc;\u015fiyan, destanan xwed&icirc; dewlemendiyeke &ccedil;and&icirc; ya k&ucirc;r &ucirc; berfireh e. Heta niha destan&ecirc;n wek Kela Dimdim, Xec&ecirc; &ucirc; Siyabend, Mem &ucirc; Z&icirc;n, Cembeliy&ecirc; Kur&ecirc; M&icirc;r&ecirc; Hekaryan &ucirc; Binev\u015fa Nar&icirc;n, Zemb&icirc;lfiro\u015f &ucirc; bi dehan destan&ecirc;n din bi xwe\u015fikiya ziman&ecirc; kurd&icirc; ve gih&icirc;\u015ftine &icirc;ro.&quot;<\/p>\n<p> Di konferans&ecirc; de wiha hat gotin: &quot;Li Tirkiyey&ecirc; ji 20 m&icirc;lyonan z&ecirc;detir kes ziman&ecirc; kurd&icirc; bi kar t&icirc;nin. Her &ccedil;iqas ji aliy&ecirc; girseyeke evqas mezin b&ecirc; bikaran&icirc;n j&icirc; ji ber ku her tim rast&icirc; pol&icirc;t&icirc;kay&ecirc;n &icirc;nkar &ucirc; as&icirc;m&icirc;lasyon&ecirc; t&ecirc; ji hem&ucirc; maf&ecirc;n ziman &ucirc; &ccedil;and&icirc; mehr&ucirc;m maye. Li hember&icirc; hem&ucirc; kirinan gel&ecirc; kurd ziman&ecirc; xwe parastiye, ber xwe daye &ucirc; bi derfet&ecirc;n xwe ve ziman heta &icirc;ro aniye.&quot;<\/p>\n<p> Di berdewama axaftin&ecirc; de wiha hat gotin: &quot;Dewleta tirk h&ecirc; j&icirc; li gor&icirc; sersala 20&#8217;em&icirc;n netew-dewlet&ecirc; tevdigere. Dem &ecirc;d&icirc; dema yek ziman, yek &ccedil;and&icirc; n&icirc;n e, dema pirziman&icirc; &ucirc; pir&ccedil;andiy&ecirc; ye. Pirziman&icirc; &ecirc;d&icirc; wek dewlemendiyek&ecirc; t&ecirc; qeb&ucirc;lkirin. Di qan&ucirc;n&ecirc;n navnetewey&icirc; de as&icirc;m&icirc;lasyon wek s&ucirc;c&ecirc; mirovahiy&ecirc; t&ecirc; qeb&ucirc;lkirin. Ligel van hem&ucirc;yan rayedar&ecirc;n Tirkiyey&ecirc; li gor&icirc; z&icirc;hniyeta sedsala 20&#8217;em&icirc;n tevdigerin. &Ecirc;d&icirc; gel&ecirc; kurd j&icirc; hatiye asta ku van pol&icirc;t&icirc;kayan qeb&ucirc;l neke. Div&ecirc; Tirkiye dev ji van pol&icirc;t&icirc;kay&ecirc;n kevn berde &ucirc; ziman &ucirc; nasnameya kurdan nas bike.&quot; AMED<\/p>\n<p> Di konferansa TZP-Kurd&icirc; de ev biryar hatin girtin<\/p>\n<p> Di delegasyona konferansa TZP-Kurd&icirc; de hat gotin ku bila kurd ji bo bi ziman&ecirc; xwe perwerde bibin dakevin ku&ccedil;eyan &ucirc; v&ecirc; daxwaza xwe bi riy&ecirc;n demokrat&icirc;k p&ecirc;k b&icirc;nin. Li gor&icirc; daxwaz&ecirc;n TZP-Kurd&icirc; hin biryar&ecirc;n &ccedil;alakiy&ecirc; girtin. Di konferasan TZP-Kurd&icirc; de ev biryar hatin girtin:<\/p>\n<p> 1- Ji bo &ccedil;areseriya ziman&ecirc; kurd&icirc; div&ecirc; pirsgir&ecirc;ka kurd b&ecirc; &ccedil;areserkirin. Ji bo w&ecirc; &ccedil;areseriya her&icirc; ba\u015f Xweseriya Demokrat&icirc;k e. Delegasyona konferans&ecirc; bang li dewlet&ecirc; dike ku maf&ecirc; Xweseriya Demokrat&icirc;k a gel&ecirc; kurd b&ecirc; nas&icirc;n. <\/p>\n<p> 2- Delegesyona Konferans&ecirc; bang dike ku dewlet ziman&ecirc; kurd&icirc; bi awayek&icirc; ferm&icirc; nas bike &ucirc; bila bikeve bin m&icirc;sogeriya makeqan&ucirc;n&ecirc;. <\/p>\n<p> 3- Div&ecirc; ziman&ecirc; kurd&icirc; ji kre\u015fan heta zan&icirc;ngehan bibe ziman&ecirc; perwerdeh&ecirc;. Hem&ucirc; astengiy&ecirc;n li p&ecirc;\u015fiya ziman&ecirc; kurd&icirc; b&ecirc;n rakirin. Ji ber v&ecirc; yek&ecirc; div&ecirc; perwerde ji desthilatdariya dewlet&ecirc; derkeve bikeve dest&ecirc; gel. Delegasyon ji bo w&ecirc; dixwaze ku gav b&ecirc;ne av&ecirc;tin ji bo v&ecirc; gava yekem div&ecirc; li zan&icirc;ngehan be\u015fa Kurdoloj&icirc; &ucirc; Enst&icirc;tuy&ecirc;n Perwerdeh&ecirc; b&ecirc;n vekirin. Her wiha ji bo perwerdehiya bi ziman &ucirc; w&ecirc;jeya kurd&icirc; ji bo mamostey&ecirc;n kurd kurs b&ecirc;n vekirin.&nbsp; <\/p>\n<p> 4- Delegasyon&ecirc; bang li dewlet&ecirc; kir ku as&icirc;m&icirc;lasyon&ecirc;n li ser ziman b&ecirc;n rakirin, ji bo kurd&icirc; cudahiya poz&icirc;t&icirc;f p&ecirc;k b&ecirc;. <\/p>\n<p> 5- Delegasyon bal&ecirc; diki\u015f&icirc;ne nav&ecirc;n her&ecirc;m &ucirc; cih&ecirc;n kurdan &ecirc;n hatine guhertin &ucirc; delegasyon dixwaze ku nav&ecirc;n kurd&icirc; y&ecirc;n or&icirc;j&icirc;nal bi awayek&icirc; ferm&icirc; b&ecirc;ne nas&icirc;n &ucirc; b&ecirc;ne bikaran&icirc;n. <\/p>\n<p> 6- Delegasyon, p&ecirc;\u015f&icirc;girtina &icirc;badeta kurd&icirc; ya dewlet p&ecirc;k t&icirc;ne wek &icirc;nkara Xwed&ecirc; &ucirc; Quran&ecirc; bi nav dike &ucirc; bang li dewlet&ecirc; dike ku bila astengiy&ecirc;n li p&ecirc;\u015fiya &icirc;badeta kurd&icirc; b&ecirc;n rakirin.<\/p>\n<p> 7- Delegasyon d&ecirc; bi slogana &#8216;&Ecirc;d&icirc; bes e em bi ziman&ecirc; xwe perwerdeh&ecirc; dixwazin&#8217; bi tev&icirc; saz&icirc; &ucirc; dergehan hin &ccedil;alakiy&ecirc;n demokrat&icirc;k p&ecirc;k b&icirc;ne. Ji bo v&ecirc; j&icirc; d&ecirc; di 10&#8217;&ecirc; &icirc;lon&ecirc; de li &Ecirc;lih&ecirc; bi be\u015fdariyeke berfireh m&icirc;t&icirc;ngek b&ecirc; lidarxistin.<\/p>\n<p> 8- Delegasyona TZP-Kurd&icirc; ji bo &ccedil;alak&icirc; p&ecirc;k b&ecirc;n bang&icirc; hem&ucirc; saziy&ecirc;n kurdan dike. Her wiha bang&icirc; kurdan dike ku bi rih&ecirc; seferberiy&ecirc; be\u015fdar&icirc; di ser&icirc; de li m&icirc;t&icirc;nga &Ecirc;lih&ecirc; &ucirc; y&ecirc;n din bibin.<\/p>\n<p> 9- Delegasyona konferans&ecirc; bal ki\u015fand ser helwesta Hik&ucirc;meta Her&ecirc;ma Federal a Kurdistan&ecirc; ferm&icirc;kirina zaravay&ecirc; soran&icirc;. Hate gotin ku ev yek tu faydey&ecirc; nade gel&ecirc; kurd &ucirc; yekitiya w&icirc;. Berevaj&icirc; v&ecirc; yek&ecirc;, ev yek zirareke mezin dide yekitiya gel&ecirc; kurd &ucirc; di xizmeta dijmin&ecirc;n gel&ecirc; kurd de ye. Lewre bang li Hik&ucirc;meta Her&ecirc;ma Kurdistan&ecirc; kir ku dest ji v&ecirc; biryara xwe berde &ucirc; digel zaravay&ecirc; soran&icirc; zaravay&ecirc; kurmanc&icirc; j&icirc; di hem&ucirc; qad&ecirc;n ferm&icirc; de bi kar b&icirc;ne.<\/p>\n<p>&#8211;~&#8211;~&#8211;~&#8211;~&#8211;~&#8211;~&#8211;~&#8211;~&#8211;~&#8211;~&#8211;~<br \/> Cavkan&iacute;: Azadiya Welat<\/p>\n","protected":false},"excerpt":{"rendered":"<p>Aktuelb&ucirc;n: 31\/8\/2008 Tevgera Ziman &ucirc; Perwerdehiya Kurd&icirc; (TZP-Kurd&icirc;) bi \u015f&icirc;ara &#8216;&Ecirc;d&icirc; bes e em bi ziman&ecirc; xwe perwerdeh&ecirc; dixwazin&#8217; 2&#8217;em&icirc;n Konferansa xwe p&ecirc;k an&icirc;. Di konferans&ecirc;<span class=\"excerpt-hellip\"> [\u2026]<\/span><\/p>\n","protected":false},"author":1,"featured_media":485,"parent":0,"menu_order":0,"comment_status":"closed","ping_status":"closed","template":"","meta":{"footnotes":""},"categories":[],"tags":[],"class_list":["post-486","page","type-page","status-publish","has-post-thumbnail","hentry"],"_links":{"self":[{"href":"https:\/\/kurdishacademy.org\/index.php?rest_route=\/wp\/v2\/pages\/486","targetHints":{"allow":["GET"]}}],"collection":[{"href":"https:\/\/kurdishacademy.org\/index.php?rest_route=\/wp\/v2\/pages"}],"about":[{"href":"https:\/\/kurdishacademy.org\/index.php?rest_route=\/wp\/v2\/types\/page"}],"author":[{"embeddable":true,"href":"https:\/\/kurdishacademy.org\/index.php?rest_route=\/wp\/v2\/users\/1"}],"replies":[{"embeddable":true,"href":"https:\/\/kurdishacademy.org\/index.php?rest_route=%2Fwp%2Fv2%2Fcomments&post=486"}],"version-history":[{"count":0,"href":"https:\/\/kurdishacademy.org\/index.php?rest_route=\/wp\/v2\/pages\/486\/revisions"}],"wp:featuredmedia":[{"embeddable":true,"href":"https:\/\/kurdishacademy.org\/index.php?rest_route=\/"}],"wp:attachment":[{"href":"https:\/\/kurdishacademy.org\/index.php?rest_route=%2Fwp%2Fv2%2Fmedia&parent=486"}],"wp:term":[{"taxonomy":"category","embeddable":true,"href":"https:\/\/kurdishacademy.org\/index.php?rest_route=%2Fwp%2Fv2%2Fcategories&post=486"},{"taxonomy":"post_tag","embeddable":true,"href":"https:\/\/kurdishacademy.org\/index.php?rest_route=%2Fwp%2Fv2%2Ftags&post=486"}],"curies":[{"name":"wp","href":"https:\/\/api.w.org\/{rel}","templated":true}]}}