{"id":481,"date":"2008-08-29T11:52:26","date_gmt":"2008-08-29T11:52:26","guid":{"rendered":"http:\/\/localhost\/wp\/wordpress\/standard-durust-debet-durust-nakiret\/"},"modified":"2008-08-29T11:52:26","modified_gmt":"2008-08-29T11:52:26","slug":"standard-durust-debet-durust-nakiret","status":"publish","type":"page","link":"https:\/\/kurdishacademy.org\/?page_id=481","title":{"rendered":"Standard durust deb\u00e9t durust nakir\u00e9t"},"content":{"rendered":"<p>Professor. Dr. Wurya &#8216;Umer Em\u00edn<\/p>\n<p>He\u200cm\u00fa ziman\u00e9k le enjam\u00ed ew gorr\u00ednaney be serya d\u00e9t deb\u00e9te cend sh\u00e9wey\u00e9k\u00ed nawcey\u00ed&#8230; Cend kat\u00ed be sera t\u00e9perr\u00ed sh\u00e9wekan z\u00edyatir l\u00e9k detraz\u00e9n u l\u00e9k d\u00far dekewnewe u j\u00edyawaz\u00edy n\u00e9wanyan le r\u00e9ziman u ferhe\u200cng u yasa deng\u00edyekanda z\u00edyatir deb\u00e9. Wata her sh\u00e9weyek deb\u00e9 be s\u00edstem\u00e9k\u00ed serbexo bo xoy, j\u00edya le wan\u00ed tir. H\u00edc h\u00e9z\u00e9 n\u00edye bituwan\u00e9 l\u00e9kyan datewe u b\u00edyangerr\u00e9n\u00e9tewe barudox\u00ed p\u00e9sh\u00fayan u b\u00edyankatewe be yek s\u00edstem.<\/p>\n<p><!--more--><\/p>\n<p>Professor. Dr. Wurya &#8216;Umer Em\u00edn<\/p>\n<p>He\u200cm\u00fa ziman\u00e9k le enjam\u00ed ew gorr\u00ednaney be serya d\u00e9t deb\u00e9te cend sh\u00e9wey\u00e9k\u00ed nawcey\u00ed&#8230; Cend kat\u00ed be sera t\u00e9perr\u00ed sh\u00e9wekan z\u00edyatir l\u00e9k detraz\u00e9n u l\u00e9k d\u00far dekewnewe u j\u00edyawaz\u00edy n\u00e9wanyan le r\u00e9ziman u ferhe\u200cng u yasa deng\u00edyekanda z\u00edyatir deb\u00e9. Wata her sh\u00e9weyek deb\u00e9 be s\u00edstem\u00e9k\u00ed serbexo bo xoy, j\u00edya le wan\u00ed tir. H\u00edc h\u00e9z\u00e9 n\u00edye bituwan\u00e9 l\u00e9kyan datewe u b\u00edyangerr\u00e9n\u00e9tewe barudox\u00ed p\u00e9sh\u00fayan u b\u00edyankatewe be yek s\u00edstem.<\/p>\n<p><!--break--><\/p>\n<p>H\u00e9nd\u00e9k way bo decin ke standard eweye sh\u00e9wekan wek mizash t\u00e9kell be yektir bikr\u00e9n u yek sh\u00e9weyan l\u00e9 durust bikr\u00e9, shit\u00ed wa le m\u00e9jh\u00fa da r\u00fay nedawe u he\u200crg\u00edz r\u00fa nadat. Eger d\u00fa s\u00edstem l\u00e9k bidr\u00e9n u bikr\u00e9n be yek her d\u00fa t\u00edya decin.<\/p>\n<p>Le enjam\u00ed cend hokar\u00e9k\u00ed m\u00e9jh\u00fay\u00ed wek serhelldan\u00ed nawend\u00e9k\u00ed roshinb\u00edr\u00ed ya bazirgan\u00ed ya ay\u00edn\u00ed le yek\u00e9 le nawcekanda, qisekeran\u00ed ser be nawce u sh\u00e9wekan\u00ed tir, bo enjamdan\u00ed karubar\u00ed bazirgan\u00ed ya ay\u00edn\u00ed u roshinb\u00edr\u00edyan r\u00fay t\u00e9 deken u bew sh\u00e9weye peywend\u00ed legell yekitr deken u den\u00fasn.. Shit\u00e9k\u00ed sirusht\u00edye gel\u00e9 wushe u derbirr\u00edn u layenekan\u00ed sh\u00e9wezarekanyan bixsh\u00e9ne naw sh\u00e9we (werg\u00edraweke). Enjam le r\u00fay ferhe\u200cngewe dewllemend deb\u00e9 u neshunima ekat u pere desen\u00e9 (tenha lay c\u00edne roshinb\u00edreke), bellam le naw xellkeke wek xoy dem\u00e9n\u00e9tewe, bo nim\u00fane sh\u00e9wey Sil\u00e9man\u00ed le Kurdistan\u00ed Xuwar\u00fada ke bote binaxe u nawik\u00ed p\u00e9khatin\u00ed ziman\u00e9k\u00ed standard lem beshey Kurdistanda. Ger standardeke berawird bikey legell qisey axawtin\u00ed xellk\u00ed Sil\u00e9man\u00ed, derdekew\u00e9 ke zor j\u00edyawazin.<\/p>\n<p>Standard wek ziman\u00e9k\u00ed d\u00fawem\u00ed l\u00e9 d\u00e9 u qisekeran\u00ed ser be sh\u00e9we j\u00edyawazekan\u00ed tir\u00ed zimaneke f\u00e9r\u00ed debin. Zimam d\u00edyardeyek\u00ed remek\u00edye le jh\u00e9r rik\u00e9f\u00ed yasa sirusht\u00edyekanda kar deka u he\u200clldes\u00farr\u00e9.. Herg\u00edz h\u00edc h\u00e9z u desellat\u00e9k natuwan\u00e9 deskar\u00ed bikat u duwa rojhekey desn\u00edshan bikat. H\u00edc ekad\u00e9m\u00edyay\u00e9k u nawend\u00e9k\u00ed desellat natuwanin birryar le ser destn\u00edshankirdin u h\u00e9nane aray ziman\u00ed standard biden. (standard durust deb\u00e9, durust nakir\u00e9).<br \/>\nKe bas\u00ed standard dekr\u00e9, her naw\u00ed d\u00fa zarawe ke Kirmanj\u00ed Jh\u00far u Xuwar\u00fa, deh\u00e9nr\u00e9, kec\u00ed ziman\u00ed Kurd\u00ed be lay kem\u00ed cuwar zarawey nawend\u00ed heye, bo ewan bill\u00e9yn c\u00ed? Ew rayey ke dell\u00e9 ba be her d\u00fa zarawe bin\u00fasr\u00e9 u bixw\u00e9nr\u00e9 be lay minewe d\u00edyardey\u00e9k\u00ed asay\u00edye.<\/p>\n<p>He\u200cr con \u00e9sta be d\u00fa zaraweke den\u00fasr\u00e9 u le m\u00edd\u00edyakanda deng u bas u pirrogram p\u00e9shkesh dekr\u00e9 ba herwa b\u00e9t h\u00edc tirs\u00ed le ser n\u00edye. M\u00e9jh\u00fa xoy seruber\u00ed dekat u yeklay\u00ed dekatewe be merj\u00e9 nawce perist u dever peristan dest\u00ed t\u00e9werneden u he\u200cwll\u00ed l\u00e9k d\u00far xistineweyan neden.. \u00e9sta zor wullat u m\u00edllet hen d\u00fa standard\u00edyan heye. Bo nim\u00fane Nerw\u00edj\u00ed [Norw\u00e9jh\u00ed] d\u00fa standard\u00ed heye (Bokm\u00e5l u Nynorsk). Ba eme neb\u00e9te hokar\u00e9k bo durust kirdin\u00ed d\u00faberek\u00ed u k\u00e9shey\u00e9k\u00ed b\u00e9 enjam le n\u00e9wanman ke le z\u00edyan z\u00edyatir h\u00edcman p\u00e9 nagey\u00e9n\u00e9..<\/p>\n<p>Ezm\u00fan\u00ed hem\u00fa m\u00edlletan\u00ed tir be sh\u00e9wey\u00e9k\u00ed sirusht\u00ed u &#8216;efew\u00ed u b\u00e9g\u00edr u girift enjam dirawe.. Le m\u00e9jh\u00fay zimanewan\u00edda neb\u00edstirawe em jore k\u00e9sheye le h\u00edc shw\u00e9n\u00e9kda r\u00fay dab\u00e9 u zimanewan yan desellat careser\u00ed kirdib\u00e9.. Le her wullat u shw\u00e9n\u00e9kda b\u00fab\u00e9t, ke sh\u00e9wey\u00e9k bote hew\u00e9n\u00ed ziman\u00ed standard qub\u00fallyan kird\u00fawe cunke ew sh\u00e9weyesh her ziman\u00ed xoyan b\u00fawe u be b\u00edyan\u00ed seyryan nekird\u00fawe.<\/p>\n<p>Zor m\u00edllet hen ziman\u00e9k\u00ed tir standard\u00edyane. Be ziman u sh\u00e9wekan\u00ed xoyan dedw\u00e9n u peywend\u00ed legell yektir da deken u sh\u00e9&#8217;r u edeb den\u00fasn, bo shite zanist\u00ed u gisht\u00edyekan zimane b\u00e9ganeke be kar deh\u00e9nin u hokar\u00ed serek\u00ed l\u00e9k bestinyane (bo nim\u00fane le H\u00ednd da).<\/p>\n<p>Amanj\u00ed serek\u00edman deb\u00e9 l\u00e9k niz\u00edk kirdineweyan b\u00e9. Emesh nayete d\u00ed eger n\u00faser u m\u00edd\u00edyakan wushe u derbirr\u00edn\u00ed yektr\u00ed be kar neh\u00e9nin u roshinb\u00edr u n\u00faseran billawkirawekan\u00ed her d\u00fa la be berdewam\u00ed nexw\u00e9ninewe u neb\u00edstin. Yekem hengaw\u00ed serek\u00ed bo niz\u00edkb\u00fanewe eweye forrmekan\u00ed ziman\u00ed karg\u00e9rr\u00edy fermanga u dezga resm\u00edyekan bikr\u00e9n be yek.<\/p>\n<p>\u00c9sta le serdem\u00e9k\u00ed yekjar naskdayn. Gel\u00e9 g\u00edr u girift\u00ed allozman le ber deme herg\u00edz kat\u00ed ewe n\u00edye xoman xer\u00edk\u00ed meseleyek\u00ed wa bikeyn, amanje serek\u00edyekanman le dest bidat.<\/p>\n<p>&#8211;~&#8211;~&#8211;~&#8211;~&#8211;~&#8211;~&#8211;~&#8211;~&#8211;~&#8211;~&#8211;~&#8211;~&#8211;~<br \/>\n<strong>T\u00e9b\u00edn\u00ed:<\/strong> em n\u00fasraweye be sipasewe le billawkiraweyek be naw\u00ed &#8220;Babetekan\u00ed ziman\u00ed standard&#8221; ke le layen Ekad\u00edm\u00edyay Kurdistanewe billaw kirawetewe, werg\u00edrawe, (<a href=\"http:\/\/ruwange.blogspot.com\">Webn\u00fas\u00ed Ruwange<\/a>)<\/p>\n","protected":false},"excerpt":{"rendered":"<p>Professor. Dr. Wurya &#8216;Umer Em\u00edn He\u200cm\u00fa ziman\u00e9k le enjam\u00ed ew gorr\u00ednaney be serya d\u00e9t deb\u00e9te cend sh\u00e9wey\u00e9k\u00ed nawcey\u00ed&#8230; Cend kat\u00ed be sera t\u00e9perr\u00ed sh\u00e9wekan z\u00edyatir l\u00e9k<span class=\"excerpt-hellip\"> [\u2026]<\/span><\/p>\n","protected":false},"author":1,"featured_media":1203,"parent":0,"menu_order":0,"comment_status":"closed","ping_status":"closed","template":"","meta":{"footnotes":""},"categories":[],"tags":[],"class_list":["post-481","page","type-page","status-publish","has-post-thumbnail","hentry"],"_links":{"self":[{"href":"https:\/\/kurdishacademy.org\/index.php?rest_route=\/wp\/v2\/pages\/481","targetHints":{"allow":["GET"]}}],"collection":[{"href":"https:\/\/kurdishacademy.org\/index.php?rest_route=\/wp\/v2\/pages"}],"about":[{"href":"https:\/\/kurdishacademy.org\/index.php?rest_route=\/wp\/v2\/types\/page"}],"author":[{"embeddable":true,"href":"https:\/\/kurdishacademy.org\/index.php?rest_route=\/wp\/v2\/users\/1"}],"replies":[{"embeddable":true,"href":"https:\/\/kurdishacademy.org\/index.php?rest_route=%2Fwp%2Fv2%2Fcomments&post=481"}],"version-history":[{"count":0,"href":"https:\/\/kurdishacademy.org\/index.php?rest_route=\/wp\/v2\/pages\/481\/revisions"}],"wp:featuredmedia":[{"embeddable":true,"href":"https:\/\/kurdishacademy.org\/index.php?rest_route=\/"}],"wp:attachment":[{"href":"https:\/\/kurdishacademy.org\/index.php?rest_route=%2Fwp%2Fv2%2Fmedia&parent=481"}],"wp:term":[{"taxonomy":"category","embeddable":true,"href":"https:\/\/kurdishacademy.org\/index.php?rest_route=%2Fwp%2Fv2%2Fcategories&post=481"},{"taxonomy":"post_tag","embeddable":true,"href":"https:\/\/kurdishacademy.org\/index.php?rest_route=%2Fwp%2Fv2%2Ftags&post=481"}],"curies":[{"name":"wp","href":"https:\/\/api.w.org\/{rel}","templated":true}]}}