{"id":473,"date":"2008-08-26T22:36:46","date_gmt":"2008-08-26T22:36:46","guid":{"rendered":"http:\/\/localhost\/wp\/wordpress\/hawin-and-hamin\/"},"modified":"2008-08-26T22:36:46","modified_gmt":"2008-08-26T22:36:46","slug":"hawin-and-hamin","status":"publish","type":"page","link":"https:\/\/kurdishacademy.org\/?page_id=473","title":{"rendered":"Haw\u00edn and Ham\u00edn"},"content":{"rendered":"<p><strong>Haw&iacute;n and Ham&iacute;n &#8211; The losing of old Kurdish \/m\/ in Kurmanj&iacute; and Soran&iacute;<\/strong><\/p>\n<p>By Hesen el-Ekrad, (hasankaracan@live.at)<\/p>\n<p><img loading=\"lazy\" decoding=\"async\" class=\" alignleft size-full wp-image-472\" hspace=\"5\" height=\"149\" border=\"1\" align=\"left\" width=\"151\" vspace=\"5\" alt=\"\" src=\"http:\/\/localhost\/wp\/wordpress\/wp-content\/uploads\/2008\/08\/med2pp5.jpg\" \/><\/p>\n<p><!--more--><\/p>\n<p><strong>Haw&iacute;n and Ham&iacute;n &#8211; The losing of old Kurdish \/m\/ in Kurmanj&iacute; and Soran&iacute;<\/strong><\/p>\n<p>By Hesen el-Ekrad, (hasankaracan@live.at)<\/p>\n<p><img loading=\"lazy\" decoding=\"async\" class=\" alignleft size-full wp-image-472\" hspace=\"5\" height=\"149\" border=\"1\" align=\"left\" width=\"151\" vspace=\"5\" alt=\"\" src=\"http:\/\/localhost\/wp\/wordpress\/wp-content\/uploads\/2008\/08\/med2pp5.jpg\" \/><\/p>\n<p>The division of the Kurdish language into Kurmanj&iacute; and Pehlewan&iacute; branches commences with the consonant shift of the Old Kurdish \/m\/ into a \/v\/. Due to this transformation, Kurmanj&iacute;, Soran&iacute;, and Southern Kurdish separated from the Guran&iacute;\/Hewram&iacute; and Zazak&iacute;\/Dimil&iacute; dialect groups. This special shift was only carried out by the Kurmanj&iacute; branch. All other Iranic languages preserved the consonant \/m\/, which is traceable to the Proto-Indo-European, 3200 B.C. &nbsp;<\/p>\n<p>Among the Kurdish vernaculars, Kurmanj&iacute;, Soran&iacute; and Southern Kurdish changed the old Kurdish sound \/m\/ at the end or even in the middle of the word into a \/v\/ or \/w\/. This change is one of the primary hallmarks of Kurdish language division into the Kurmanj&iacute; and Pehlewan&iacute; branches. The Pehlewan&iacute; branch contains the dialects Guran&iacute;\/Hewram&iacute; and Zazak&iacute;\/Dimil&iacute; Groups, whereas the Kurmanji branch consists of Soran&iacute;, Kalhur&iacute; and other popular vernaculars. These main vernaculars went through the phonetic change of the consonant \/m\/ into a \/v\/ and preserved the Old-Kurdish diphthong \/xw\/, whereas Guran&iacute;\/Hewram&iacute; and Zazak&iacute;\/Dimil&iacute; lost the initial sound \/x\/ and only maintained the \/w\/. (By comparison: Soran&iacute; &ldquo;xwardin&rdquo; and Zazak&iacute;\/Dimil&iacute; &ldquo;werdene&rdquo; &ndash; &ldquo;to eat&rdquo;).<\/p>\n<p>On the basis of those two main reasons, some linguistics attempt at rejecting the Kurdish identity of the Zazak&iacute;\/Dimil&iacute; and Guran&iacute;\/Hewram&iacute;-speakers and do not assign these vernaculars to the Kurdish language groups. They assume that the Kurmanj&iacute; branch has to be the Yardstick for all Kurdish vernaculars, and oddly despite the clear fact that the speakers of Guran&iacute;\/Hewram&iacute; and Zazak&iacute;\/Dimil&iacute; call their mother tongue &ldquo;Kurdish&rdquo; and see themselves as Kurds. &nbsp; &nbsp;<\/p>\n<p>The hallmark of the Kurmanj&iacute;-Group is that it converted the \/m\/-sounds. This is a unique process among the Iranic Language family. Zazak&iacute;\/Dimil&iacute; and Guran&iacute;\/Hewram&iacute; were able to conserve the \/m\/-consonants, whose roots date from the Proto-Indo-European era. The word &ldquo;zama&rdquo; in Hewram&iacute; and Zazak&iacute;, for example, which is in Kurmanj&iacute; &ldquo;zava&rdquo;, originates from Proto-Indo-Europan &ldquo;*geme-&ldquo; &nbsp;and has the same origin like the English &ldquo;groom&rdquo; in the word &ldquo;bridegroom&rdquo; (which is &ldquo;Br&auml;uti-gam&rdquo; in German). In general, the Old Iranic Languages transformed the consonant \/g\/ into a \/z\/ or into similar sounding consonants like \/j\/ or \/jh\/. One might ascertain this by almost one hundred common words among the Indo-European languages. &nbsp;<\/p>\n<p>Another example is the word &ldquo;ham&iacute;n&rdquo; from Hewram&iacute;, which changed into &ldquo;hav&iacute;n&rdquo; in Kurmanj&iacute;. It has the same origin in the English word &ldquo;summer&rdquo;. The Sanskrit &quot;s&aacute;m\u0101-&quot; changed in Avesta in to &quot;h&auml;m&auml;&rdquo; and became later &quot;h\u0101min&quot;. In some cases the Iranic languages mutated the \/s\/-sounds of Old-Indo-European into a \/h\/. Like the Proto-Indo-European &quot;septm&quot;, which is &quot;s&auml;pt&aacute;&quot; in Sanskrit, then &quot;h&auml;pt&auml;&quot; in Avesta and finally comes to be &ldquo;heft&rdquo; in Kurdish, which is related to the English &ldquo;seven&rdquo;. &nbsp;&nbsp;<\/p>\n<p>This consonant shift from \/m\/ into \/v\/ disconnected the Kurdish people into two groups, which was unnecessary. Politicized linguists advance this argument in order to divide the Kurdish people for political and strategice ends by denying the Kurdish identity of Zazak&iacute; and Hewram&iacute;-speakers. &nbsp;&nbsp;<\/p>\n<p>The Old-Kurdish &ldquo;m-sound&rdquo; should be unified among a standardized Kurdish, so that the Kurmanj&iacute; branch would approach Old Kurdish and also to Pahlawan&iacute; branch. Nevertheless the vowels of Kurmanj&iacute; should remain; the structure of the vocabulary should stay unmodified. So that the Kurmanj&iacute; and Soran&iacute;-speakers will be able to understand the Guran&iacute;-Zazak&iacute; vocabulary better. What we need to do is to replace the &ldquo;v-sounds&rdquo; by the Old-Kurdish &ldquo;m-sounds&rdquo; from Pahlawan&iacute; vernaculars, in order to remove the separation line between the two Kurdish linguistic branches. &nbsp;&nbsp;<\/p>\n<p>This chart shows clearly the developing from the Old-Kurdish consonants \/m\/ into \/v\/&rsquo;s and shows in each case a recommendation for a potential version of the word in a Unified Kurdish.<\/p>\n<p>Table 1:<\/p>\n<table cellspacing=\"0\" border=\"2\" width=\"632\">\n<tbody>\n<tr valign=\"middle\">\n<th nowrap=\"\" height=\"12\" bgcolor=\"#b0b0b0\" align=\"center\" width=\"21\"><b>1<\/b><\/th>\n<td nowrap=\"\" width=\"86\"><font face=\"Arial\" size=\"2\"><b>English<\/b><\/font><\/td>\n<td nowrap=\"\" width=\"124\"><font face=\"Arial\" size=\"2\"><b>Old Kurdish<\/b><\/font><\/td>\n<td nowrap=\"\" width=\"109\"><font face=\"Arial\" size=\"2\"><b>Unified Kurdish<\/b><\/font><\/td>\n<td nowrap=\"\" width=\"67\"><font face=\"Arial\" size=\"2\"><b>Kurmanj&iacute;<\/b><\/font><\/td>\n<td nowrap=\"\" width=\"76\"><font face=\"Arial\" size=\"2\"><b>Soran&iacute; \/ <br \/>     Kelhur&iacute;    \/<br \/> Lek&iacute;<\/b><\/font><\/td>\n<td nowrap=\"\" width=\"117\"><font face=\"Arial\" size=\"2\"><b>Hewram&iacute; \/ Zazak&iacute;<\/b><\/font><\/td>\n<\/tr>\n<tr valign=\"bottom\">\n<th nowrap=\"\" height=\"12\" bgcolor=\"#b0b0b0\" align=\"center\"><b>2<\/b><\/th>\n<td nowrap=\"\"><font face=\"Arial\" size=\"2\"><b>name<\/b><\/font><\/td>\n<td nowrap=\"\"><font face=\"Arial\" size=\"2\">n\u0101m&auml;n <\/font><font face=\"Arial\" size=\"1\">(Avesta)<\/font><\/td>\n<td nowrap=\"\"><font face=\"Arial\" size=\"2\"><b>nam<\/b><\/font><\/td>\n<td nowrap=\"\"><font face=\"Arial\" size=\"2\">nav<\/font><\/td>\n<td nowrap=\"\"><font face=\"Arial\" size=\"2\">naw<\/font><\/td>\n<td nowrap=\"\"><font face=\"Arial\" size=\"2\">nam \/ name<\/font><\/td>\n<\/tr>\n<tr valign=\"middle\">\n<th nowrap=\"\" height=\"12\" bgcolor=\"#b0b0b0\" align=\"center\"><b>3<\/b><\/th>\n<td nowrap=\"\"><font face=\"Arial\" size=\"2\"><b>eye<\/b><\/font><\/td>\n<td nowrap=\"\"><font face=\"Arial\" size=\"2\">c&auml;shm&auml;n<\/font><font face=\"Arial\" size=\"1\"> (Avesta)<\/font><\/td>\n<td nowrap=\"\"><font face=\"Arial\" size=\"2\"><b>cam<\/b><\/font><\/td>\n<td nowrap=\"\"><font face=\"Arial\" size=\"2\">cav<\/font><\/td>\n<td nowrap=\"\"><font face=\"Arial\" size=\"2\">caw \/ <br \/>cew \/<br \/> ceshm<\/font><\/td>\n<td nowrap=\"\"><font face=\"Arial\" size=\"2\">cem \/ cim<\/font><\/td>\n<\/tr>\n<tr valign=\"bottom\">\n<th nowrap=\"\" height=\"12\" bgcolor=\"#b0b0b0\" align=\"center\"><b>4<\/b><\/th>\n<td nowrap=\"\"><font face=\"Arial\" size=\"2\"><b>tail<\/b><\/font><\/td>\n<td nowrap=\"\"><font face=\"Arial\" size=\"2\">dum&auml;<\/font><font face=\"Arial\" size=\"1\">    (Avesta)<\/font><\/td>\n<td nowrap=\"\"><font face=\"Arial\" size=\"2\"><b>d&uacute;m<\/b><\/font><\/td>\n<td nowrap=\"\"><font face=\"Arial\" size=\"2\">d&uacute;v<\/font><\/td>\n<td nowrap=\"\"><font face=\"Arial\" size=\"2\">d&uacute;w<\/font><\/td>\n<td nowrap=\"\"><font face=\"Arial\" size=\"2\">d&iacute;m \/ dim<\/font><\/td>\n<\/tr>\n<tr valign=\"bottom\">\n<th nowrap=\"\" height=\"12\" bgcolor=\"#b0b0b0\" align=\"center\"><b>5<\/b><\/th>\n<td nowrap=\"\"><font face=\"Arial\" size=\"2\"><b>step<\/b><\/font><\/td>\n<td nowrap=\"\"><font face=\"Arial\" size=\"2\">g\u0101m&auml;<\/font><font face=\"Arial\" size=\"1\">    (Avesta)<\/font><\/td>\n<td nowrap=\"\"><font face=\"Arial\" size=\"2\"><b>gam<\/b><\/font><\/td>\n<td nowrap=\"\"><font face=\"Arial\" size=\"2\">gav<\/font><\/td>\n<td nowrap=\"\"><font face=\"Arial\" size=\"2\">gaw<\/font><\/td>\n<td nowrap=\"\"><font face=\"Arial\" size=\"2\">gam \/ game<\/font><\/td>\n<\/tr>\n<tr valign=\"bottom\">\n<th nowrap=\"\" height=\"12\" bgcolor=\"#b0b0b0\" align=\"center\"><b>6<\/b><\/th>\n<td nowrap=\"\"><font face=\"Arial\" size=\"2\"><b>summer<\/b><\/font><\/td>\n<td nowrap=\"\"><font face=\"Arial\" size=\"2\">h\u0101min<\/font><font face=\"Arial\" size=\"1\">    (Avesta)<\/font><\/td>\n<td nowrap=\"\"><font face=\"Arial\" size=\"2\"><b>ham&iacute;n<\/b><\/font><\/td>\n<td nowrap=\"\"><font face=\"Arial\" size=\"2\">hav&iacute;n<\/font><\/td>\n<td nowrap=\"\"><font face=\"Arial\" size=\"2\">haw&iacute;n<\/font><\/td>\n<td nowrap=\"\"><font face=\"Arial\" size=\"2\">ham&iacute;n \/ hamnan<\/font><\/td>\n<\/tr>\n<tr valign=\"bottom\">\n<th nowrap=\"\" height=\"12\" bgcolor=\"#b0b0b0\" align=\"center\"><b>7<\/b><\/th>\n<td nowrap=\"\"><font face=\"Arial\" size=\"2\"><b>guest<\/b><\/font><\/td>\n<td nowrap=\"\"><font face=\"Arial\" size=\"2\">m&auml;em&auml;n<\/font><font face=\"Arial\" size=\"1\"> (Avesta)<\/font><\/td>\n<td nowrap=\"\"><font face=\"Arial\" size=\"2\"><b>m&iacute;man<\/b><\/font><\/td>\n<td nowrap=\"\"><font face=\"Arial\" size=\"2\">m&iacute;van<\/font><\/td>\n<td nowrap=\"\"><font face=\"Arial\" size=\"2\">m&iacute;wan<\/font><\/td>\n<td nowrap=\"\"><font face=\"Arial\" size=\"2\">m&eacute;man<\/font><\/td>\n<\/tr>\n<tr valign=\"middle\">\n<th nowrap=\"\" height=\"12\" bgcolor=\"#b0b0b0\" align=\"center\"><b>8<\/b><\/th>\n<td nowrap=\"\"><font face=\"Arial\" size=\"2\"><b>human<\/b><\/font><\/td>\n<td nowrap=\"\">\n<p><font face=\"Arial\" size=\"2\">m&auml;ret-      (Avesta),      <br \/>     m&auml;rtum (Pahlavi)<\/font><\/p>\n<\/td>\n<td nowrap=\"\"><font face=\"Arial\" size=\"2\"><b>mirdom<\/b><\/font><\/td>\n<td nowrap=\"\"><font face=\"Arial\" size=\"2\">mirov<\/font><\/td>\n<td nowrap=\"\"><font face=\"Arial\" size=\"2\">mirdow \/ <br \/>merdim<\/font><\/td>\n<td nowrap=\"\"><font face=\"Arial\" size=\"2\">merdim<\/font><\/td>\n<\/tr>\n<tr valign=\"bottom\">\n<th nowrap=\"\" height=\"12\" bgcolor=\"#b0b0b0\" align=\"center\"><b>9<\/b><\/th>\n<td nowrap=\"\"><font face=\"Arial\" size=\"2\"><b>half<\/b><\/font><\/td>\n<td nowrap=\"\"><font face=\"Arial\" size=\"2\">n&auml;eme<\/font><font face=\"Arial\" size=\"1\">    (Avesta)<\/font><\/td>\n<td nowrap=\"\"><font face=\"Arial\" size=\"2\"><b>n&iacute;m<\/b><\/font><\/td>\n<td nowrap=\"\"><font face=\"Arial\" size=\"2\">n&iacute;v<\/font><\/td>\n<td nowrap=\"\"><font face=\"Arial\" size=\"2\">n&iacute;w<\/font><\/td>\n<td nowrap=\"\"><font face=\"Arial\" size=\"2\">n&iacute;m \/ n&eacute;me<\/font><\/td>\n<\/tr>\n<tr valign=\"bottom\">\n<th nowrap=\"\" height=\"12\" bgcolor=\"#b0b0b0\" align=\"center\"><b>10<\/b><\/th>\n<td nowrap=\"\"><font face=\"Arial\" size=\"2\"><b>to mesaure<\/b><\/font><\/td>\n<td nowrap=\"\"><font face=\"Arial\" size=\"2\">p&auml;itim\u0101- <\/font><font face=\"Arial\" size=\"1\">(Avesta)<\/font><\/td>\n<td nowrap=\"\"><font face=\"Arial\" size=\"2\"><b>p&eacute;man<\/b><\/font><\/td>\n<td nowrap=\"\"><font face=\"Arial\" size=\"2\">p&iacute;van<\/font><\/td>\n<td nowrap=\"\"><font face=\"Arial\" size=\"2\">p&eacute;wan<\/font><\/td>\n<td nowrap=\"\"><font face=\"Arial\" size=\"2\">p&eacute;may \/ p&eacute;mitene<\/font><\/td>\n<\/tr>\n<tr valign=\"bottom\">\n<th nowrap=\"\" height=\"12\" bgcolor=\"#b0b0b0\" align=\"center\"><b>11<\/b><\/th>\n<td nowrap=\"\"><font face=\"Arial\" size=\"2\"><b>dinner<\/b><\/font><\/td>\n<td nowrap=\"\"><font face=\"Arial\" size=\"2\">sh\u0101m <\/font><font face=\"Arial\" size=\"1\">(Pahlavi)<\/font><\/td>\n<td nowrap=\"\"><font face=\"Arial\" size=\"2\"><b>sh&eacute;m<\/b><\/font><\/td>\n<td nowrap=\"\"><font face=\"Arial\" size=\"2\">sh&iacute;v<\/font><\/td>\n<td nowrap=\"\"><font face=\"Arial\" size=\"2\">sh&eacute;w<\/font><\/td>\n<td nowrap=\"\"><font face=\"Arial\" size=\"2\">sham \/ sham&iacute;<\/font><\/td>\n<\/tr>\n<tr valign=\"bottom\">\n<th nowrap=\"\" height=\"12\" bgcolor=\"#b0b0b0\" align=\"center\"><b>12<\/b><\/th>\n<td nowrap=\"\"><font face=\"Arial\" size=\"2\"><b>seed<\/b><\/font><\/td>\n<td nowrap=\"\"><font face=\"Arial\" size=\"2\">t&auml;oxm&auml;n <\/font><font face=\"Arial\" size=\"1\">(Avesta)<\/font><\/td>\n<td nowrap=\"\"><font face=\"Arial\" size=\"2\"><b>tom<\/b><\/font><\/td>\n<td nowrap=\"\"><font face=\"Arial\" size=\"2\">tov<\/font><\/td>\n<td nowrap=\"\"><font face=\"Arial\" size=\"2\">tow<\/font><\/td>\n<td nowrap=\"\"><font face=\"Arial\" size=\"2\">tom \/ toxim<\/font><\/td>\n<\/tr>\n<tr valign=\"bottom\">\n<th nowrap=\"\" height=\"12\" bgcolor=\"#b0b0b0\" align=\"center\"><b>13<\/b><\/th>\n<td nowrap=\"\"><font face=\"Arial\" size=\"2\"><b>raw<\/b><\/font><\/td>\n<td nowrap=\"\"><font face=\"Arial\" size=\"2\">\u0101m&aacute; <\/font><font face=\"Arial\" size=\"1\">(Sanskrit)<\/font><\/td>\n<td nowrap=\"\"><font face=\"Arial\" size=\"2\"><b>xam<\/b><\/font><\/td>\n<td nowrap=\"\"><font face=\"Arial\" size=\"2\">xav<\/font><\/td>\n<td nowrap=\"\"><font face=\"Arial\" size=\"2\">xaw<\/font><\/td>\n<td nowrap=\"\"><font face=\"Arial\" size=\"2\">xam<\/font><\/td>\n<\/tr>\n<tr valign=\"bottom\">\n<th nowrap=\"\" height=\"12\" bgcolor=\"#b0b0b0\" align=\"center\"><b>14<\/b><\/th>\n<td nowrap=\"\"><font face=\"Arial\" size=\"2\"><b>bridegroom<\/b><\/font><\/td>\n<td nowrap=\"\"><font face=\"Arial\" size=\"2\">z\u0101m\u0101t&auml;r <\/font><font face=\"Arial\" size=\"1\">(Avesta)<\/font><\/td>\n<td nowrap=\"\"><font face=\"Arial\" size=\"2\"><b>zama<\/b><\/font><\/td>\n<td nowrap=\"\"><font face=\"Arial\" size=\"2\">zava<\/font><\/td>\n<td nowrap=\"\"><font face=\"Arial\" size=\"2\">zawa<\/font><\/td>\n<td nowrap=\"\"><font face=\"Arial\" size=\"2\">zama<\/font><\/td>\n<\/tr>\n<tr valign=\"bottom\">\n<th nowrap=\"\" height=\"12\" bgcolor=\"#b0b0b0\" align=\"center\"><b>15<\/b><\/th>\n<td nowrap=\"\"><font face=\"Arial\" size=\"2\"><b>winter<\/b><\/font><\/td>\n<td nowrap=\"\"><font face=\"Arial\" size=\"2\">z&auml;m- <\/font><font face=\"Arial\" size=\"1\">(Avesta),<\/font><br \/><font face=\"Arial\" size=\"2\"> z&auml;mist\u0101n<\/font><font face=\"Arial\" size=\"1\">    (Pahlavi)<\/font><\/td>\n<td nowrap=\"\"><font face=\"Arial\" size=\"2\"><b>zimistan<\/b><\/font><\/td>\n<td nowrap=\"\"><font face=\"Arial\" size=\"2\">zivistan<\/font><\/td>\n<td nowrap=\"\"><font face=\"Arial\" size=\"2\">ziwistan<\/font><\/td>\n<td nowrap=\"\"><font face=\"Arial\" size=\"2\">zimistan<\/font><\/td>\n<\/tr>\n<tr valign=\"bottom\">\n<th nowrap=\"\" height=\"12\" bgcolor=\"#b0b0b0\" align=\"center\"><b>16<\/b><\/th>\n<td nowrap=\"\"><font face=\"Arial\" size=\"2\"><b>silver<\/b><\/font><\/td>\n<td nowrap=\"\"><font face=\"Arial\" size=\"2\">&auml;-s\u0113m <\/font><font face=\"Arial\" size=\"1\">(Pahlavi)<\/font><\/td>\n<td nowrap=\"\"><font face=\"Arial\" size=\"2\"><b>z&iacute;m<\/b><\/font><\/td>\n<td nowrap=\"\"><font face=\"Arial\" size=\"2\">z&iacute;v, s&iacute;m<\/font><\/td>\n<td nowrap=\"\"><font face=\"Arial\" size=\"2\">z&iacute;w<\/font><\/td>\n<td nowrap=\"\"><font face=\"Arial\" size=\"2\">z&iacute;w \/ s&eacute;m<\/font><\/td>\n<\/tr>\n<tr valign=\"bottom\">\n<th nowrap=\"\" height=\"12\" bgcolor=\"#b0b0b0\" align=\"center\"><b>17<\/b><\/th>\n<td nowrap=\"\"><font face=\"Arial\" size=\"2\"><b>trap<\/b><\/font><\/td>\n<td nowrap=\"\"><font face=\"Arial\" size=\"2\">d&aacute;man <\/font><font face=\"Arial\" size=\"1\">(Sanskrit)<\/font><\/td>\n<td nowrap=\"\"><font face=\"Arial\" size=\"2\"><b>dam<\/b><\/font><\/td>\n<td nowrap=\"\"><font face=\"Arial\" size=\"2\">dav<\/font><\/td>\n<td nowrap=\"\"><font face=\"Arial\" size=\"2\">daw<\/font><\/td>\n<td nowrap=\"\"><font face=\"Arial\" size=\"2\">dam \/ dame<\/font><\/td>\n<\/tr>\n<tr valign=\"bottom\">\n<th nowrap=\"\" height=\"12\" bgcolor=\"#b0b0b0\" align=\"center\"><b>18<\/b><\/th>\n<td nowrap=\"\"><font face=\"Arial\" size=\"2\"><b>to flee<\/b><\/font><\/td>\n<td nowrap=\"\"><font face=\"Arial\" size=\"2\">ra\u1e41- <\/font><font face=\"Arial\" size=\"1\">(Sanskrit)<\/font><\/td>\n<td nowrap=\"\"><font face=\"Arial\" size=\"2\"><b>rem&iacute;n<\/b><\/font><\/td>\n<td nowrap=\"\"><font face=\"Arial\" size=\"2\">rev&iacute;n<\/font><\/td>\n<td nowrap=\"\"><font face=\"Arial\" size=\"2\">rew&iacute;n<\/font><\/td>\n<td nowrap=\"\"><font face=\"Arial\" size=\"2\">reway \/ remayene<\/font><\/td>\n<\/tr>\n<tr valign=\"bottom\">\n<th nowrap=\"\" height=\"12\" bgcolor=\"#b0b0b0\" align=\"center\"><b>19<\/b><\/th>\n<td nowrap=\"\"><font face=\"Arial\" size=\"2\"><b>stone<\/b><\/font><\/td>\n<td nowrap=\"\"><font face=\"Arial\" size=\"2\">kam\u0259r\u0259&delta;a <\/font><font face=\"Arial\" size=\"1\">(Avesta)<\/font><\/td>\n<td nowrap=\"\"><font face=\"Arial\" size=\"2\"><b>kemir<\/b><\/font><\/td>\n<td nowrap=\"\"><font face=\"Arial\" size=\"2\">kevir<\/font><\/td>\n<td nowrap=\"\"><font face=\"Arial\" size=\"2\">kewir<\/font><\/td>\n<td nowrap=\"\"><font face=\"Arial\" size=\"2\">kemir \/ kemer<\/font><\/td>\n<\/tr>\n<tr valign=\"bottom\">\n<th nowrap=\"\" height=\"12\" bgcolor=\"#b0b0b0\" align=\"center\"><b>20<\/b><\/th>\n<td nowrap=\"\"><font face=\"Arial\" size=\"2\"><b>earth, field<\/b><\/font><\/td>\n<td nowrap=\"\"><font face=\"Arial\" size=\"2\">z&auml;m- <\/font><font face=\"Arial\" size=\"1\">(Avesta)<\/font><\/td>\n<td nowrap=\"\"><font face=\"Arial\" size=\"2\"><b>zem&iacute;<\/b><\/font><\/td>\n<td nowrap=\"\"><font face=\"Arial\" size=\"2\">zev&iacute;<\/font><\/td>\n<td nowrap=\"\"><font face=\"Arial\" size=\"2\">zew&iacute;<\/font><\/td>\n<td nowrap=\"\"><font face=\"Arial\" size=\"2\">zem&iacute;n<\/font><\/td>\n<\/tr>\n<\/tbody>\n<\/table>\n<p><strong>Biblography:<\/strong>&nbsp;Paul Horn, Grundriss der Neupersischen Etymologie, Strassburg, 1893; Paul, Ludwig: The position of Zazaki among West Iranian languages. Proceedings of the 3rd European Conference on Iranian Studies (held in Cambridge, 11th to 15th September 1995). Part I, Old and Middle Iranian Studies, ed. N. Sims-Williams, Wiesbaden 1998, p. 163-176; D. N. MacKenzie, The Dialect of Awroman (Hawr\u0101m\u0101n-\u012b Luh\u014dn), Hist.-Filos. Skr. Dan. Vid. Selsk. 4, no. 3, Copenhagen, 1966; David Neil MacKenzie: Kurdish dialect studies. Oxford Univ. Press, London 1961-1962; Nicholas Awde: Kurdish-English\/English-Kurdish (Kurmanci, Sorani and Zazaki) Dictionary and Phrasebook. Hippocrene Books Inc., 2004;<\/p>\n<p> <strong>Note:<\/strong>&nbsp;My name is Hasan Karacan. I was born in Cewl&iacute;g (Turkish: Bing&ouml;l) in 1982. I came to Austria in 1991 and started my education in Political science. I have a huge interest in kurdish language studies and I would like to explore the historical development of Kurdish vocabulary.<br \/> &nbsp;<\/p>\n","protected":false},"excerpt":{"rendered":"<p>Haw&iacute;n and Ham&iacute;n &#8211; The losing of old Kurdish \/m\/ in Kurmanj&iacute; and Soran&iacute; By Hesen el-Ekrad, (hasankaracan@live.at)<\/p>\n","protected":false},"author":1,"featured_media":472,"parent":0,"menu_order":0,"comment_status":"closed","ping_status":"closed","template":"","meta":{"footnotes":""},"categories":[],"tags":[],"class_list":["post-473","page","type-page","status-publish","has-post-thumbnail","hentry"],"_links":{"self":[{"href":"https:\/\/kurdishacademy.org\/index.php?rest_route=\/wp\/v2\/pages\/473","targetHints":{"allow":["GET"]}}],"collection":[{"href":"https:\/\/kurdishacademy.org\/index.php?rest_route=\/wp\/v2\/pages"}],"about":[{"href":"https:\/\/kurdishacademy.org\/index.php?rest_route=\/wp\/v2\/types\/page"}],"author":[{"embeddable":true,"href":"https:\/\/kurdishacademy.org\/index.php?rest_route=\/wp\/v2\/users\/1"}],"replies":[{"embeddable":true,"href":"https:\/\/kurdishacademy.org\/index.php?rest_route=%2Fwp%2Fv2%2Fcomments&post=473"}],"version-history":[{"count":0,"href":"https:\/\/kurdishacademy.org\/index.php?rest_route=\/wp\/v2\/pages\/473\/revisions"}],"wp:featuredmedia":[{"embeddable":true,"href":"https:\/\/kurdishacademy.org\/index.php?rest_route=\/"}],"wp:attachment":[{"href":"https:\/\/kurdishacademy.org\/index.php?rest_route=%2Fwp%2Fv2%2Fmedia&parent=473"}],"wp:term":[{"taxonomy":"category","embeddable":true,"href":"https:\/\/kurdishacademy.org\/index.php?rest_route=%2Fwp%2Fv2%2Fcategories&post=473"},{"taxonomy":"post_tag","embeddable":true,"href":"https:\/\/kurdishacademy.org\/index.php?rest_route=%2Fwp%2Fv2%2Ftags&post=473"}],"curies":[{"name":"wp","href":"https:\/\/api.w.org\/{rel}","templated":true}]}}