{"id":462,"date":"2008-08-25T15:13:40","date_gmt":"2008-08-25T15:13:40","guid":{"rendered":"http:\/\/localhost\/wp\/wordpress\/zimani-kurdi-u-kurd-bun\/"},"modified":"2008-08-25T15:13:40","modified_gmt":"2008-08-25T15:13:40","slug":"zimani-kurdi-u-kurd-bun","status":"publish","type":"page","link":"https:\/\/kurdishacademy.org\/?page_id=462","title":{"rendered":"Ziman\u00ed Kurd\u00ed u Kurd b\u00fan"},"content":{"rendered":"<p><img loading=\"lazy\" decoding=\"async\" class=\" alignright size-full wp-image-461\" width=\"120\" vspace=\"5\" hspace=\"5\" height=\"155\" border=\"1\" align=\"right\" src=\"http:\/\/localhost\/wp\/wordpress\/wp-content\/uploads\/2008\/08\/kawe_amin.jpg\" alt=\"Kawe Em&iacute;n\" \/>Kawe Em&iacute;n<\/p>\n<p> Birrbirrey pisht&iacute; her neteweyek zimanekeyet&iacute;, be taybet&iacute; bo neteweyek&iacute; dag&iacute;rkiraw&iacute; wek&uacute; Kurd ke zor jar zimanekey tenha cek&eacute;k b&uacute;we bo xoparastin u manewey le n&eacute;w gele g&uacute;rg&iacute; dag&iacute;rkeranda. Bellam lem rojhgarey emrroda tenha ziman n&iacute;ye ke neteweyek&iacute; p&eacute; denasr&eacute;tewe, be taybet&iacute; hend&eacute;k tak&iacute; netewey Kurd be hec hoyekewe b&eacute;t ziman&iacute; Kurd&iacute; nazanin, bellam ke d&eacute;te ser ewey ke axo Kurdin yan&iacute;sh ser bew neteweyen ke be zimanekey deaxfin, ewa b&eacute; s&eacute; u d&uacute;, xoyan be Kurd dezanin, nim&uacute;ney lem jore zorin be taybet&iacute; le Bak&uacute;r&iacute; Kurdistanda, tenanet zor&eacute;k lew r&eacute;gayeda sheh&iacute;d&iacute;sh b&uacute;n u yek wushey Kurd&iacute;shyan nezan&iacute;we.<\/p>\n<p><!--more--><\/p>\n<p><img loading=\"lazy\" decoding=\"async\" class=\" alignright size-full wp-image-461\" width=\"120\" vspace=\"5\" hspace=\"5\" height=\"155\" border=\"1\" align=\"right\" src=\"http:\/\/localhost\/wp\/wordpress\/wp-content\/uploads\/2008\/08\/kawe_amin.jpg\" alt=\"Kawe Em&iacute;n\" \/>Kawe Em&iacute;n<\/p>\n<p> Birrbirrey pisht&iacute; her neteweyek zimanekeyet&iacute;, be taybet&iacute; bo neteweyek&iacute; dag&iacute;rkiraw&iacute; wek&uacute; Kurd ke zor jar zimanekey tenha cek&eacute;k b&uacute;we bo xoparastin u manewey le n&eacute;w gele g&uacute;rg&iacute; dag&iacute;rkeranda. Bellam lem rojhgarey emrroda tenha ziman n&iacute;ye ke neteweyek&iacute; p&eacute; denasr&eacute;tewe, be taybet&iacute; hend&eacute;k tak&iacute; netewey Kurd be hec hoyekewe b&eacute;t ziman&iacute; Kurd&iacute; nazanin, bellam ke d&eacute;te ser ewey ke axo Kurdin yan&iacute;sh ser bew neteweyen ke be zimanekey deaxfin, ewa b&eacute; s&eacute; u d&uacute;, xoyan be Kurd dezanin, nim&uacute;ney lem jore zorin be taybet&iacute; le Bak&uacute;r&iacute; Kurdistanda, tenanet zor&eacute;k lew r&eacute;gayeda sheh&iacute;d&iacute;sh b&uacute;n u yek wushey Kurd&iacute;shyan nezan&iacute;we.<\/p>\n<p><!--break--><\/p>\n<p>Mebest lem cend d&eacute;re ewe n&iacute;ye ke pasaw bo ewane bih&eacute;nmewe ke Kurd&iacute; nazanin, bellk&uacute; le hem&uacute; rojh&eacute;k z&iacute;yatir Kurd p&eacute;w&iacute;st&iacute; be zimanekeyet&iacute;, ewe le kat&eacute;k daye ke deyan u sedan ziman le dinyada berew neman decn. K&eacute;shey here gewre ke dw&eacute;n&eacute; u emrro u le dahat&uacute;yshda r&uacute;ber&uacute;man deb&eacute;tewe, heb&uacute;n&iacute; ew jhimare zore d&iacute;yal&eacute;kit u zarawaneye ke ziman&iacute; Kurd&iacute;yan l&eacute; p&eacute;khat&uacute;we, be sh&eacute;weyek ke zor jar deb&eacute;te hoy l&eacute;kt&eacute;ngeyishtin, emeysh deb&eacute;te hoy ewey ke le layen hend&eacute;k n&uacute;ser u zanistkar&iacute; b&iacute;yan&iacute; u tenanet xomall&iacute;shewe, bangashey fire ziman&iacute; Kurd&iacute; bikr&eacute;t, be taybet&iacute;sh ke emrro Rojhhe\u200cllat&iacute; Nawerrast wek&uacute; seretay Sedey rabird&uacute;, le layen rojhawawe caw&iacute; t&eacute; birrawe u s&iacute;yaset&iacute; pertke u zallbe d&iacute;san birew&iacute; peyda kirdotewe. Eweta be dest&iacute; b&eacute;ganey d&uacute;r u niz&iacute;k deyanew&eacute;t &eacute;z&iacute;d&iacute; u Shebek u Kellhurr u Zaza u He\u200cwarm&iacute;sh hellaw&eacute;rin, le Ellman&iacute;ya u Sw&eacute;d u le Kurdistan&iacute;sh hewll&iacute; lew babete le aradan. Shan be shan&iacute; ew hewllane, &eacute;sta gift&uacute;goyek le n&eacute;wan her dik d&iacute;yal&eacute;kit&iacute; Kurmanj&iacute; Ser&uacute; u Xuwaru (Soran&iacute;) le layen hend&eacute;k n&uacute;ser&iacute; Kurdewe ke guman le dillsoz&iacute; hend&eacute;kyan n&iacute;ye, r&uacute;per&iacute; rojhnamekanyan dag&iacute;rkird&uacute;we, bellam ewey ta &eacute;sta lew gift&uacute;goye sh&iacute;n b&uacute;we, d&uacute;rkewtneweye nek le yek niz&iacute;k kirdinewey d&iacute;yal&eacute;ktekan, eweysh le nasharezay&iacute;yewe sercawey girt&uacute;we, cunke hend&eacute;k lewaney daway yek d&iacute;yal&eacute;kit&iacute; deken, tenha le d&iacute;d&eacute;k&iacute; &#8216;etf&iacute; u &iacute;d&iacute;olog&iacute; bo meseleke derrwanin, axir besh&eacute;k&iacute; zoryan nek zimanizan n&iacute;n, bellk&uacute; xoshyan be Kurd&iacute;yek&iacute; seqet den&uacute;sn.<\/p>\n<p>Xoshman b&eacute;t u tirshman b&eacute;t, emrro ziman&iacute; Kurd&iacute; bo d&uacute; d&iacute;yal&eacute;kit&iacute; serek&iacute; u d&uacute; sh&eacute;wey n&uacute;s&iacute;n ke deb&eacute;t be herd&uacute;kyan bwutr&eacute;t elfbay Kurd&iacute;, dabesh b&uacute;we, yekgirtneweu t&eacute;kellkirdin&iacute; ew d&uacute; d&iacute;yal&eacute;kte lemrroda wek&uacute; xew&eacute;k waye ke zor mihalle le kirdarda b&eacute;te d&iacute;, egerc&iacute; ewe dijh&iacute; b&iacute;rkirdnewe u he\u200cst&iacute; netewey&iacute;shme bellam min p&eacute;m waye le dahat&uacute;da, herd&uacute; d&iacute;yal&eacute;kteke wek&uacute; ziman&iacute; Nerw&eacute;jh&iacute; u Sw&eacute;d&iacute;yan l&eacute; d&eacute;t, bellam guman leweda n&iacute;ye ke herd&uacute;k la xoyan be Kurd dezanin u m&eacute;jh&uacute;y sedan salleman dem&eacute;ke boy le pisht&iacute; mil daw&iacute;n, renge her eweysh b&eacute;t way le Kurd kirdib&eacute;t bergey ew hem&uacute; dag&iacute;rkar&iacute;yey girtib&eacute;t u wek&uacute; neteweyek&iacute; hawxw&eacute;n mab&eacute;tewe. Soran&iacute;, Kirmanj&iacute;, Zazak&iacute;, Hewram&iacute;, &eacute;z&iacute;d&iacute;, Musillman u Mes&iacute;h&iacute; deb&iacute;n ba bib&iacute;n, bellam\u200c pasok wuten&iacute;: giring eweye p&eacute;sh ewey her shit&eacute;k b&iacute;n Kurd b&iacute;n.<\/p>\n<p> &#8211;~&#8211;~&#8211;~&#8211;~&#8211;~&#8211;~&#8211;~&#8211;~&#8211;~&#8211;~<br \/> T&eacute;b&iacute;n&iacute;: em wutare le Govar&iacute; Kowar da billawkirawetewe\u200c<br \/> sercawe : w&eacute;bin&uacute;s&iacute; wellat http:\/\/www.welat.blogspot.com\/<\/p>\n","protected":false},"excerpt":{"rendered":"<p>Kawe Em&iacute;n Birrbirrey pisht&iacute; her neteweyek zimanekeyet&iacute;, be taybet&iacute; bo neteweyek&iacute; dag&iacute;rkiraw&iacute; wek&uacute; Kurd ke zor jar zimanekey tenha cek&eacute;k b&uacute;we bo xoparastin u manewey le<span class=\"excerpt-hellip\"> [\u2026]<\/span><\/p>\n","protected":false},"author":1,"featured_media":461,"parent":0,"menu_order":0,"comment_status":"closed","ping_status":"closed","template":"","meta":{"footnotes":""},"categories":[],"tags":[],"class_list":["post-462","page","type-page","status-publish","has-post-thumbnail","hentry"],"_links":{"self":[{"href":"https:\/\/kurdishacademy.org\/index.php?rest_route=\/wp\/v2\/pages\/462","targetHints":{"allow":["GET"]}}],"collection":[{"href":"https:\/\/kurdishacademy.org\/index.php?rest_route=\/wp\/v2\/pages"}],"about":[{"href":"https:\/\/kurdishacademy.org\/index.php?rest_route=\/wp\/v2\/types\/page"}],"author":[{"embeddable":true,"href":"https:\/\/kurdishacademy.org\/index.php?rest_route=\/wp\/v2\/users\/1"}],"replies":[{"embeddable":true,"href":"https:\/\/kurdishacademy.org\/index.php?rest_route=%2Fwp%2Fv2%2Fcomments&post=462"}],"version-history":[{"count":0,"href":"https:\/\/kurdishacademy.org\/index.php?rest_route=\/wp\/v2\/pages\/462\/revisions"}],"wp:featuredmedia":[{"embeddable":true,"href":"https:\/\/kurdishacademy.org\/index.php?rest_route=\/"}],"wp:attachment":[{"href":"https:\/\/kurdishacademy.org\/index.php?rest_route=%2Fwp%2Fv2%2Fmedia&parent=462"}],"wp:term":[{"taxonomy":"category","embeddable":true,"href":"https:\/\/kurdishacademy.org\/index.php?rest_route=%2Fwp%2Fv2%2Fcategories&post=462"},{"taxonomy":"post_tag","embeddable":true,"href":"https:\/\/kurdishacademy.org\/index.php?rest_route=%2Fwp%2Fv2%2Ftags&post=462"}],"curies":[{"name":"wp","href":"https:\/\/api.w.org\/{rel}","templated":true}]}}