{"id":426,"date":"2008-08-11T11:34:34","date_gmt":"2008-08-11T11:34:34","guid":{"rendered":"http:\/\/localhost\/wp\/wordpress\/keshey-zimani-resmiy-kurdi-iv\/"},"modified":"2008-08-11T11:34:34","modified_gmt":"2008-08-11T11:34:34","slug":"keshey-zimani-resmiy-kurdi-iv","status":"publish","type":"page","link":"https:\/\/kurdishacademy.org\/?page_id=426","title":{"rendered":"K\u00e9shey Ziman\u00ed Resm\u00edy Kurd\u00ed (IV)"},"content":{"rendered":"<p><img loading=\"lazy\" decoding=\"async\" class=\" alignright size-full wp-image-425\" hspace=\"5\" height=\"151\" width=\"120\" vspace=\"5\" border=\"0\" align=\"right\" alt=\"Prof. Amir Hassanpour\" src=\"http:\/\/localhost\/wp\/wordpress\/wp-content\/uploads\/2008\/08\/amir_hassanpour.jpg\" \/><strong>Em&iacute;r&iacute; Hesenp&uacute;r<\/strong> (Besh&iacute; cuwar)<br \/> 4- Qonax&iacute; p&eacute;sh standard b&uacute;n: Hewram&iacute;, Kirmanj&iacute;, u Soran&iacute;<\/p>\n<p>Bo r&uacute;nkirdinewey k&eacute;shekan&iacute; ziman&iacute; standard&iacute; Kurd&iacute; p&eacute;w&iacute;ste d&uacute; qonax&iacute; p&eacute;sh u pash standardb&uacute;n&iacute; lehje edeb&iacute;ye kan &#8212; Hewram&iacute;, Kirmanj&iacute; u Soran&iacute; &ndash; berawird bikey u rewt&iacute; standardb&uacute;nyan d&iacute;yar&iacute; bikeyn. S&eacute; lehjekan p&eacute;sh billawb&uacute;newey rojhnamey Kurdistan le 1898 da standard ne b&uacute;n. Standardb&uacute;n, wek pirosey&eacute;k, ne seretay&eacute;k&iacute; deq&iacute;q&iacute; heye u ne kotay&iacute; d&eacute;. Bellam dekr&eacute; bill&eacute;yn ew piroseye le Kirmanj&iacute; da le 1898 dest&iacute;p&eacute;kird u duway b&iacute;st sallan le Soran&iacute; (1918) da wer&eacute;kewit u le Hewram&iacute; da h&eacute;shta bed&iacute; nakr&eacute;.<\/p>\n<p><!--more--><\/p>\n<p><img loading=\"lazy\" decoding=\"async\" class=\" alignright size-full wp-image-425\" hspace=\"5\" height=\"151\" width=\"120\" vspace=\"5\" border=\"0\" align=\"right\" alt=\"Prof. Amir Hassanpour\" src=\"http:\/\/localhost\/wp\/wordpress\/wp-content\/uploads\/2008\/08\/amir_hassanpour.jpg\" \/><strong>Em&iacute;r&iacute; Hesenp&uacute;r<\/strong> (Besh&iacute; cuwar)<br \/> 4- Qonax&iacute; p&eacute;sh standard b&uacute;n: Hewram&iacute;, Kirmanj&iacute;, u Soran&iacute;<\/p>\n<p>Bo r&uacute;nkirdinewey k&eacute;shekan&iacute; ziman&iacute; standard&iacute; Kurd&iacute; p&eacute;w&iacute;ste d&uacute; qonax&iacute; p&eacute;sh u pash standardb&uacute;n&iacute; lehje edeb&iacute;ye kan &#8212; Hewram&iacute;, Kirmanj&iacute; u Soran&iacute; &ndash; berawird bikey u rewt&iacute; standardb&uacute;nyan d&iacute;yar&iacute; bikeyn. S&eacute; lehjekan p&eacute;sh billawb&uacute;newey rojhnamey Kurdistan le 1898 da standard ne b&uacute;n. Standardb&uacute;n, wek pirosey&eacute;k, ne seretay&eacute;k&iacute; deq&iacute;q&iacute; heye u ne kotay&iacute; d&eacute;. Bellam dekr&eacute; bill&eacute;yn ew piroseye le Kirmanj&iacute; da le 1898 dest&iacute;p&eacute;kird u duway b&iacute;st sallan le Soran&iacute; (1918) da wer&eacute;kewit u le Hewram&iacute; da h&eacute;shta bed&iacute; nakr&eacute;.<\/p>\n<p><!--break--><\/p>\n<p>Taybet&eacute;t&iacute;yekan&iacute; ew&nbsp; lehje edeb&iacute;yane ke ta radey&eacute;k&iacute; zor le Soran&iacute; u Kirmanj&iacute; ewro dayan debirr&eacute; ewanen:<\/p>\n<p><strong>Yekem:<\/strong> lehje edeb&iacute;yekan honrawey&iacute; b&uacute;n u pexishanyan ne b&uacute;we yan zor kem b&uacute;we.<\/p>\n<p> <strong>D&uacute;hem:<\/strong> erkekan&iacute;yan ber tesk b&uacute; (zortir le edeb&iacute;yat da dekardehatin nek le zanste jorawjorekan).<br \/> S&eacute;hem: binkey komellayet&iacute; ew lehjane zor tesik b&uacute; (dah&eacute;ner&iacute; berhem&iacute; n&uacute;sraw zortir rohan&eacute;t&iacute; u axawet b&uacute;n\u061b jhnan r&eacute;geyan ne dedira xw&eacute;ndewar bin u &quot;jemawer&iacute; xw&eacute;nerewe&quot; p&eacute;k ne hatib&uacute; u ney detuwan&iacute; p&eacute;k b&eacute;) u ewesh berhem&iacute; komellgey derebeg&iacute; u &#8216;esh&iacute;rey&iacute; b&uacute;.<\/p>\n<p> <strong>Cuwarem:<\/strong> qa&#8217;&iacute;de ronan (codification) le form&iacute; zimanda (le elf u b&eacute; u xallbend&iacute; u r&eacute;n&uacute;s ra bigre he ta wushe ronan u sh&eacute;waz&iacute; n&uacute;s&iacute;n u r&eacute;ziman) zor kem b&uacute; u n&uacute;ser ta radey&eacute;k azad b&uacute; be sel&iacute;qey xoy bin&uacute;s&eacute;.<\/p>\n<p><strong>P&eacute;njem:<\/strong> her kam le s&eacute; lehjekan cend bin lehjeyan heb&uacute; u h&iacute;c kamyan le ser norm&eacute;k sax ne bib&uacute;newe u her kes bin- lehjey xoy dekardeh&eacute;na.<\/p>\n<p> <strong>Sheshem:<\/strong> her lehjey&eacute;k le sin&uacute;r&iacute; xoyda dekardehat u ax&eacute;weran&iacute; lehjey d&iacute; f&eacute;r&iacute; ne deb&uacute;n u dekaryan ne deh&eacute;na (Hewram&iacute; ta radey&eacute;k bib&uacute; be ziman&iacute; edeb&iacute; le hjekan&iacute; dewr&uacute;ber&iacute; xoy).<\/p>\n<p> <strong>Hewtem:<\/strong> le gell eweshda zimanekan (&#8216;Err&zwnj;eb&iacute;, Kurd&iacute;, Fars&iacute;, Tirk&iacute;&#8230;) le bar&iacute; desellatewe naberaber b&uacute;n u milmilaney ziman&iacute;y le arada b&uacute;, &quot;&iacute;deolojh&iacute; ziman&iacute;&quot; yan &quot;s&iacute;yaset&iacute; ziman&iacute;&quot; zortir be lay l&eacute;kf&eacute;rb&uacute;n u l&eacute;kwergirtin u xuwastineweda deshikawe. S&eacute; sede lewey p&eacute;sh Ehmed&iacute; Xan&iacute; le barudox&iacute; komellgey derebeg&iacute;da, dijh&iacute; jh&eacute;r cepokey&iacute; s&iacute;yas&iacute; u ziman&iacute; wexokewit u t&eacute;kosha Kurd&iacute; wek Fars&iacute; bib&eacute;te ziman&eacute;k&iacute; edeb&iacute; be p&eacute;z u be h&eacute;z u Fars&iacute; wek mod&eacute;l&iacute; geshanewey Kurd&iacute; dadena.<\/p>\n<p> Ew xislletane le yektir j&iacute;yawaz n&iacute;n u w&eacute;krra p&eacute;khat&uacute;n u yekitr dader&eacute;jhin u debirrnewe u degirnewe. Bo w&eacute;ne tesikb&uacute;n&iacute; binkey komellayet&iacute; (rohan&eacute;t&iacute; u er&iacute;stokiras&iacute; derebeg&iacute;) erkekan&iacute; ziman&iacute; n&uacute;sraw&iacute; tengeber dekird (zortir bo edeb&iacute; honrawey&iacute; dekardehat) u berteng b&uacute;n&iacute; erkekan r&eacute;gey ne deda n&uacute;s&iacute;n be pexishan geshe bika u ew d&uacute; hoyanesh p&eacute;shyan le xemll&iacute;n&iacute; wushe u cemk degirt. Le gell eweshda ew xislletane ziman&iacute; standard u na standard l&eacute;k juw&eacute; dekenewe, p&eacute;w&iacute;ste le b&iacute;rman b&eacute; ke perijh&iacute;n&iacute; n&eacute;wan ew d&uacute;wane zor pitew n&iacute;ye. D&iacute;yare ziman&iacute; standard con&eacute;t&eacute;k&iacute; nw&eacute;ye, bellam eger her kam lew xislletane be tenyay&iacute; le ber cawbigr&iacute;n j&iacute;yawaz&iacute; n&eacute;wan standard u na standard wek tefawet&iacute; cend&eacute;t&iacute; bed&iacute; dekr&eacute; nek con&eacute;t&iacute;. Bo w&eacute;ne eger sed sall lemew p&eacute;sh lehje edeb&iacute;yekan le ser norm&eacute;k (bin- lehjey&eacute;k) sax ne bib&uacute;newe, Kirmanj&iacute; u Soran&iacute; standard&iacute; ewrrosh h&eacute;shta ew k&eacute;sheyan p&eacute; careser nekirawe. Eger ew perjh&iacute;n nizm&iacute;ye le standard b&uacute;n&iacute; Kurd&iacute; da zortir we bercaw dekew&eacute; le ber eweye ke zimaneke h&eacute;shta le se retakan&iacute; ew pirose daye.<\/p>\n<p> Ew xislletane le zimane standard nekrawekan&iacute; d&iacute;sh da be d&iacute; dekir&eacute;n. Bellam eger s&eacute; lehje edeb&iacute;yekan&iacute; Kurd&iacute; le gell &#8216;Erreb&iacute; u Fars&iacute; p&eacute;sh- standard da berawird bikeyn, der dekew&eacute; ke tefawet&iacute; cend&eacute;t&iacute; le n&eacute;wan Kurd&iacute; u Fars&iacute; (yan &#8216;Erreb&iacute;) da zor bercawe. Bo w&eacute;ne erkekan&iacute; Fars&iacute;y p&eacute;sh- standard zor le Kurd&iacute; ber&iacute;ntir b&uacute;n. Fars&iacute; le kat&eacute;kda ke edeb&iacute;yat&eacute;k&iacute; honrawey&iacute; mezin&iacute; p&eacute;k h&eacute;nab&uacute;, le zor buwar&iacute; d&iacute; da dekardehat, bo w&eacute;ne le &iacute;sh&iacute; &iacute;dar&iacute; (dewllet&iacute;), perwerde, ay&iacute;n, m&eacute;jh&uacute;n&uacute;s&iacute;, felsefe, r&iacute;yaz&iacute;yat, est&eacute;renas&iacute;, pizishk&iacute; u zanst&iacute; jorawjor&iacute; d&iacute; le ziman ra bigre heta kishtukall u mos&iacute;qa. Be p&eacute;cewane, Kurd&iacute; p&eacute;sh 1898, zortir le edeb&iacute; honrawey&iacute; da dekardehat u b&eacute;jgele edeb&iacute;yat tenya cend berhem&eacute;k&iacute; ay&iacute;n&iacute; u ziman&iacute; u yek berhem&iacute; piz&iacute;shk&iacute; p&eacute; n&uacute;sirab&uacute;. Ser baq&iacute; ew j&iacute;yawaz&iacute;ye zor u zebende, dekr&eacute; bill&eacute;yn Kurd&iacute; u zimane kilas&iacute;ke mezinekan (&#8216;Erreb&iacute;, Fars&iacute;, Suryan&iacute;&hellip;) ta axir&iacute; Sedey Nozde na standard b&uacute;n. Ew l&eacute;kdaneweye k&eacute;shey&eacute;k&iacute; t&iacute;or&iacute; u felsefey d&eacute;n&eacute;te gorr&eacute;: le ew xislletaney ziman&iacute; p&eacute;sh- standard kamyan serek&iacute;ye wate ewan&iacute; d&iacute; wer&eacute; dexa u han deda? eger ew xislletane be hellkewt peyda ne b&uacute;n, berhem&iacute; kam barudox&iacute; m&eacute;jh&uacute;y&iacute;n?<\/p>\n<p>Wullam&iacute; ew pirs&iacute;yarane p&eacute;w&iacute;st&iacute; be wurdib&uacute;newey zortir le xislletekan&iacute; ziman&iacute; p&eacute;sh- standard heye. Le cend besh&iacute; dahat&uacute; da, ew hewt taybet&eacute;t&iacute;yaney ziman&iacute; p&eacute;sh- standard l&eacute;k dedemewe u duway tewawb&uacute;n&iacute; ew base pirrosey standard b&uacute;n&iacute; Kirmanj&iacute; u Soran&iacute; u k&eacute;shekan&iacute; be wurd&iacute; deg&eacute;rrmewe. Le besh&iacute; p&eacute;njda, k&eacute;shey zall b&uacute;n&iacute; honrawe be ser pexishan le lehje edeb&iacute;yekan da bas dekem. <\/p>\n<p> dir&eacute;jhey heye&#8230;.<\/p>\n<p> &#8211;~&#8211;~&#8211;~&#8211;~&#8211;~&#8211;~&#8211;~&#8211;~&#8211;~&#8211;~&#8211;~&#8211;~<br \/> T&eacute;b&iacute;n&iacute; : Besh&iacute; cuwarem&iacute; wutar&iacute; mamoste Em&iacute;r&iacute; Hesenp&uacute;r le jhimarey&nbsp; 275-&iacute; rojhnamey ROJNAMA Cuwarshemo 4\/8\/2008 da billaw buwetewe u le layen <a href=\"http:\/\/ruwange.blogspot.com\/2008\/08\/blog-post_04.html\">w&eacute;bn&uacute;s&iacute;&nbsp; Ruwange<\/a> ra h&eacute;nrawete ser elfub&eacute;y Yekgirt&uacute;.<br \/> &nbsp;<\/p>\n","protected":false},"excerpt":{"rendered":"<p>Em&iacute;r&iacute; Hesenp&uacute;r (Besh&iacute; cuwar) 4- Qonax&iacute; p&eacute;sh standard b&uacute;n: Hewram&iacute;, Kirmanj&iacute;, u Soran&iacute; Bo r&uacute;nkirdinewey k&eacute;shekan&iacute; ziman&iacute; standard&iacute; Kurd&iacute; p&eacute;w&iacute;ste d&uacute; qonax&iacute; p&eacute;sh u pash standardb&uacute;n&iacute;<span class=\"excerpt-hellip\"> [\u2026]<\/span><\/p>\n","protected":false},"author":1,"featured_media":425,"parent":0,"menu_order":0,"comment_status":"closed","ping_status":"closed","template":"","meta":{"footnotes":""},"categories":[],"tags":[],"class_list":["post-426","page","type-page","status-publish","has-post-thumbnail","hentry"],"_links":{"self":[{"href":"https:\/\/kurdishacademy.org\/index.php?rest_route=\/wp\/v2\/pages\/426","targetHints":{"allow":["GET"]}}],"collection":[{"href":"https:\/\/kurdishacademy.org\/index.php?rest_route=\/wp\/v2\/pages"}],"about":[{"href":"https:\/\/kurdishacademy.org\/index.php?rest_route=\/wp\/v2\/types\/page"}],"author":[{"embeddable":true,"href":"https:\/\/kurdishacademy.org\/index.php?rest_route=\/wp\/v2\/users\/1"}],"replies":[{"embeddable":true,"href":"https:\/\/kurdishacademy.org\/index.php?rest_route=%2Fwp%2Fv2%2Fcomments&post=426"}],"version-history":[{"count":0,"href":"https:\/\/kurdishacademy.org\/index.php?rest_route=\/wp\/v2\/pages\/426\/revisions"}],"wp:featuredmedia":[{"embeddable":true,"href":"https:\/\/kurdishacademy.org\/index.php?rest_route=\/"}],"wp:attachment":[{"href":"https:\/\/kurdishacademy.org\/index.php?rest_route=%2Fwp%2Fv2%2Fmedia&parent=426"}],"wp:term":[{"taxonomy":"category","embeddable":true,"href":"https:\/\/kurdishacademy.org\/index.php?rest_route=%2Fwp%2Fv2%2Fcategories&post=426"},{"taxonomy":"post_tag","embeddable":true,"href":"https:\/\/kurdishacademy.org\/index.php?rest_route=%2Fwp%2Fv2%2Ftags&post=426"}],"curies":[{"name":"wp","href":"https:\/\/api.w.org\/{rel}","templated":true}]}}