{"id":416,"date":"2008-08-10T12:57:39","date_gmt":"2008-08-10T12:57:39","guid":{"rendered":"http:\/\/localhost\/wp\/wordpress\/zimani-yekgirtoy-kurdi-u-keshe-helpesardeki\/"},"modified":"2008-08-10T12:57:39","modified_gmt":"2008-08-10T12:57:39","slug":"zimani-yekgirtoy-kurdi-u-keshe-helpesardeki","status":"publish","type":"page","link":"https:\/\/kurdishacademy.org\/?page_id=416","title":{"rendered":"Ziman\u00ed yekgirtoy kurd\u00ed u k\u00e9she helpesardek\u00ed"},"content":{"rendered":"<p>Serdar Sind&iacute; (seradrsharif@hotmail.com)<\/p>\n<p>K&eacute; demarg&iacute;r u nawcepereste? K&eacute;n ewan&iacute; ke dehol&iacute; ziman&iacute; standard u yekgirtoy kurd deqotin? K&eacute;n ewaney ke guw&eacute;y xwoyan kerr kirdotewe u caw&iacute; xoyan k&uacute;r kirdotewe?<br \/>\n<!--more--><\/p>\n<p>Serdar Sind&iacute; (seradrsharif@hotmail.com)<\/p>\n<p>K&eacute; demarg&iacute;r u nawcepereste? K&eacute;n ewan&iacute; ke dehol&iacute; ziman&iacute; standard u yekgirtoy kurd deqotin? K&eacute;n ewaney ke guw&eacute;y xwoyan kerr kirdotewe u caw&iacute; xoyan k&uacute;r kirdotewe?<\/p>\n<p>Ewan&iacute; ke p&eacute; le ser ewe radegirin ke ziman&iacute; yekgirtoy kurd&iacute; deb&eacute;t soran&iacute; b&eacute;t, dabesh kirdin&iacute; kurdistan&iacute;yan le ber caw e, nek yekgirtin. Bel&eacute; eme rast&iacute;yeke ke kurdistan le layen dojhminan&iacute; netewey&iacute; kurdewe qonax be qonax dabeshkirawtewe. Belam maf&iacute; kurd&iacute;sh heye ke t&eacute;shk b&eacute;x&eacute;te ser em rast&iacute;ye, heta cend kurd bu xoy&iacute; lem dabeshkirdineweda beshdar butewe? Qeyran&iacute; em k&eacute;sheye bu lay&iacute; k&eacute; deger&eacute;tewe, serkirdekan&iacute; kurd yan kesan&iacute; rewshenb&iacute;r u le xo raz&iacute;? Weyan hend&eacute;k kes&iacute; nawceperest u le xo raz&iacute; xoyan weko serwer&iacute; kurdistan dezanin u ewan&iacute; d&iacute;ke ciyan p&eacute;n&iacute;ye? Xem mexo&hellip;..kurdistan zor gewretire le Sil&eacute;man&iacute;&hellip;.<\/p>\n<p>Ewe&iacute; ke &eacute;sta bas l&eacute;we&iacute; dekir&eacute;t u hend&eacute;k le nuser u rewshenb&iacute;r u herweha wezaret&iacute; perwerde plan&iacute; bu darshtutewe yek lem planeye ke kurdistan dabesh birkridr&eacute;t. Eger wa b&eacute;t min her l&eacute;rewe dan be we den&eacute;m u del&eacute;m min hez dekem &eacute;me dan bew rast&iacute;ye bin&eacute;n ke welat&eacute;k be naw&iacute; kurdistan n&iacute;ye, belko do netewe ke beshek lew netewane&iacute; Mesopotamya p&eacute;k d&eacute;nin. Emesh m&eacute;jho selmandoyet&iacute;.<br \/>1- Kirmanj<br \/>2- Soran<br \/>L&eacute;reda eme d&eacute;te ber dest ke be helbijhrartin&iacute; zarawey soran&iacute; weko ziman&iacute; fermi u standard&iacute; kurd&iacute; serkirdayet&iacute; kurd&iacute; dan&iacute; be we nawtewe ke deb&eacute;t kurdistan bib&eacute;te do besh le layen zimanewen&iacute;yewe. B&eacute;jge lewey&iacute; ke le layen joxraf&iacute;yewe kurdistan le 4 besh p&eacute;khatotewe.<\/p>\n<p>Ziman&iacute; yekgirtoy&iacute; netewey kurd sereta nek be sepandin&iacute; yek le sh&eacute;wezarekan&iacute; ziman&iacute; kurd&iacute; be ser hemu netewey kurd da d&eacute;te arawe, belko yekem bernamey ke b&eacute;te darshtin deb&eacute;t b&iacute;r le be kar h&eacute;nanewey yek sh&eacute;wey p&iacute;t&iacute; kurd&iacute; b&eacute;te kirdin. Eme le rewanga u d&iacute;tnewey min yekem hengaw&iacute; pol&iacute;n deb&eacute;t bu yekxistinewey ziman&iacute; kurd&iacute; u be standardkirdin&iacute; em zimane pir buha u pir wate. &Ecirc;me ci nuser, rewshenb&iacute;r u ci kesayet&iacute; s&iacute;yas&iacute; deb&eacute;t xoman le demarg&iacute;r&iacute; u nawceger&iacute; durbixe&iacute;n. Min zor r&eacute;zim heye bu ew ber&eacute;zaney ke b&iacute;r le yekgirtinewey ziman&iacute; kurd&iacute; deken, herweha bu b&iacute;r u bucunekan&iacute; em ber&eacute;zane. Belam ewe&iacute; ke min t&eacute;b&iacute;n&iacute; dekem u d&eacute;te ber caw, em ber&eacute;zane her weku kurdistan&iacute; gewreyan le b&iacute;r kirdib&eacute;t u xuyan le naw cuward&iacute;war&iacute; jhor&iacute; malewe zinadn&iacute; kirdb&eacute;t u p&eacute; le ser ewe radegirin ke &iacute;la bila deb&eacute;t shewezar&iacute; soran&iacute; bib&eacute;te ziman&iacute; ferm&iacute; gel&iacute; kurd. Herc&iacute; Muhsin Ciwam&eacute;r le bare&iacute; ziman&iacute; y&eacute;kgirt&iacute; kurd&iacute; del&eacute;t diroste, d&iacute;tinewe u rewangehek&iacute; taybet be ka El&iacute; Birifkan (sayt&iacute; ronak&iacute;) ye. Lew baweresh dam ke hemu kurdek xawen ew b&iacute;r u bawere n&iacute;ye.<\/p>\n<p>Ber lewey ke dehol u zorna bu ziman&iacute; yekgirtoy kurd&iacute; l&eacute;b&eacute;te dan, deb&eacute;t b&iacute;r le we bikir&eacute;tewe ke be sh&eacute;weyek le sh&eacute;wekan netewe&iacute; kurd p&eacute;kewe gir&eacute;bidr&eacute;t. Ewey ke l&eacute;reda gir&iacute;nge helbijhartrn&iacute; p&eacute;t&iacute; nus&iacute;ne. Emro netewey kurd be do p&eacute;t&iacute; &ndash; Ereb&iacute; u Lat&iacute;n&iacute;- denus&eacute;t u dexw&eacute;n&eacute;t. Emesh bu xoy k&eacute;sheyek&iacute; gewreye, ke bute hoy dabiran&iacute; kurd le yektir le layen rewshenb&iacute;r&iacute;, kultur&iacute; u komelayet&iacute;yewe. Em rewshe deb&eacute;t goran&iacute; be ser da b&eacute;t, ber lewey ke b&iacute;r le ziman&iacute; yekgirtoy kurd&iacute; b&eacute;te kirdin. Eme be serkridayet&iacute; siyas&iacute; kurd&iacute; le bashur&iacute; kurdsitan&iacute;sh careser nakir&eacute;t.<\/p>\n<p>Serkirdayet&iacute; kurd&iacute; le bashur&iacute; kurdistan deb&eacute;t bizan&eacute;t ke ew tenya le layen gel&iacute; kurd&iacute; dan&iacute;shtu&iacute; yek le beshekan&iacute; kurdistan bunete xawen deselat, nek hemo kurdistan.<\/p>\n<p>Seretay&iacute; darshtin u yekgirtin&iacute; zimani kurdi be yekgirtnewei p&eacute;tekaniu kurd&iacute; bed&eacute; d&eacute;t. Kat&eacute; ewe hattewe ke kurd le layeni nus&iacute;newe xo&eacute; le Fars u Ereb jia bikatewe. Heta em qeyrane le naw kurd da careser nekirab&eacute;r, be zehmet detwanr&eacute;t ke bas le yek ziman&iacute; standard&iacute; kurd&iacute; bikir&eacute;t, kat&eacute;k n&iacute;wey netewey Kurdistan (bakur&iacute; Kurdistan, u bashur&iacute; bicuk) le layen nus&iacute;n, rewshenb&iacute;r&iacute; u rageyandinewe le bashur&iacute; Kurdistan u rojhhelat&iacute; Kurdistan j&iacute;ya kirab&eacute;t. Gel&iacute; kurd be gisht&iacute; agay le n&iacute;wey kurdistan&iacute; n&iacute;ye u kesh&eacute;k bu danostandin le nawbeyn&iacute; gel&iacute; kurd da drost nebutewe. Heta em k&eacute;sheye caresernekridr&eacute;t kurd natwanr&eacute;t bas le neteweyek&iacute; yekgirto bikat. Belko ewey ke le &eacute;sta le bashur&iacute; kurdistanewe rodedat, nek p&eacute;kewegir&eacute;dan&iacute; kurdistan e, belko parcekirdin&iacute; Kurdistan be do besh, ew&iacute;sh Soran&iacute; u Kirmanj&iacute;. Besh behal&iacute; xum min h&iacute;sh girft&eacute;kim n&iacute;ye eger b&eacute;t u kurdish weku netewekan&iacute; dike xawen 1, 2, 3 we yan 4 dewlet b&eacute;t. Eme bu xoy&iacute; le rewangey min k&eacute;shekan&iacute; kurd kemtir dekat. Ew kat&iacute;sh kurd nek tenya yek ziman&iacute; deb&eacute;t, belko deb&eacute;te xawen do ziman&iacute; ferm&iacute;, ke p&eacute;khatodeb&eacute;t le Soran&iacute; u Kirmanj&iacute;. Emesh bu xoy karesat n&iacute;ye.<\/p>\n<p>Le ber em huye bu jar&iacute; yekem deb&eacute;t kurd b&iacute;r le darshtin&eacute; P&eacute;t&eacute;k&iacute; xw&eacute;ndin u nus&iacute;n&iacute; hawbesh bikat. Nek her yek le shuw&eacute;n u mal&iacute; xoy dehol&eacute;k be naw&iacute; ziman&iacute; standar u yekgirtoy kurd&iacute; l&eacute;bidat. Nebun&iacute; p&eacute;t&iacute; hawbesh asteng&eacute;k&iacute; gewreye le yekgirtinewey&iacute; ziman&iacute; kurd&iacute; u bigre yekgirtnewey r&eacute;zekan&iacute; gel&iacute; kurd&iacute; dorst kirdotewe ke deb&eacute;t lem kateda em astengane w&eacute;ranbikirdr&eacute;n. Standard kirdinewey p&eacute;t&iacute; nus&iacute;n u xw&eacute;ndinewey kurd&iacute; deb&eacute;te huy sud&eacute; u mifayek&iacute; yekjar gewre bu netewey kurd. Ler ber eme p&eacute;w&iacute;ste ke rewshenb&iacute;ran u p&eacute;nusan&iacute; Sil&eacute;man&iacute; han&eacute;k be xoyan biden ke legel beshekan&iacute; d&iacute;key kurdistan r&eacute;k bikewin. Emey ke &eacute;sta deb&iacute;nir&eacute;t u pirakt&iacute;k dekir&eacute;t sepandin&iacute; &Icirc;mpratoryay Sil&eacute;man&iacute; ye le ser hemu kurdistan. Belay minewe zor gir&iacute;nge ke bayex be hemu kurdistan bidr&eacute;t, nek tenya kurdistan le rewange&iacute; sil&eacute;man&eacute;yewe caw l&eacute; bikirdir&eacute;t.<\/p>\n<p>&#8211;~&#8211;~&#8211;~&#8211;~&#8211;~&#8211;~&#8211;~&#8211;~&#8211;~&#8211;~&#8211;~&#8211;~&#8211;~&#8211;~&#8211;~<br \/>Cavkani: Malpera &eacute;k&eacute;tiya Niviser&eacute;n Kurd &#8211; Dehok<\/p>\n","protected":false},"excerpt":{"rendered":"<p>Serdar Sind&iacute; (seradrsharif@hotmail.com) K&eacute; demarg&iacute;r u nawcepereste? K&eacute;n ewan&iacute; ke dehol&iacute; ziman&iacute; standard u yekgirtoy kurd deqotin? K&eacute;n ewaney ke guw&eacute;y xwoyan kerr kirdotewe u caw&iacute;<span class=\"excerpt-hellip\"> [\u2026]<\/span><\/p>\n","protected":false},"author":1,"featured_media":0,"parent":0,"menu_order":0,"comment_status":"closed","ping_status":"closed","template":"","meta":{"footnotes":""},"categories":[],"tags":[],"class_list":["post-416","page","type-page","status-publish","hentry"],"_links":{"self":[{"href":"https:\/\/kurdishacademy.org\/index.php?rest_route=\/wp\/v2\/pages\/416","targetHints":{"allow":["GET"]}}],"collection":[{"href":"https:\/\/kurdishacademy.org\/index.php?rest_route=\/wp\/v2\/pages"}],"about":[{"href":"https:\/\/kurdishacademy.org\/index.php?rest_route=\/wp\/v2\/types\/page"}],"author":[{"embeddable":true,"href":"https:\/\/kurdishacademy.org\/index.php?rest_route=\/wp\/v2\/users\/1"}],"replies":[{"embeddable":true,"href":"https:\/\/kurdishacademy.org\/index.php?rest_route=%2Fwp%2Fv2%2Fcomments&post=416"}],"version-history":[{"count":0,"href":"https:\/\/kurdishacademy.org\/index.php?rest_route=\/wp\/v2\/pages\/416\/revisions"}],"wp:attachment":[{"href":"https:\/\/kurdishacademy.org\/index.php?rest_route=%2Fwp%2Fv2%2Fmedia&parent=416"}],"wp:term":[{"taxonomy":"category","embeddable":true,"href":"https:\/\/kurdishacademy.org\/index.php?rest_route=%2Fwp%2Fv2%2Fcategories&post=416"},{"taxonomy":"post_tag","embeddable":true,"href":"https:\/\/kurdishacademy.org\/index.php?rest_route=%2Fwp%2Fv2%2Ftags&post=416"}],"curies":[{"name":"wp","href":"https:\/\/api.w.org\/{rel}","templated":true}]}}