{"id":378,"date":"2008-07-19T15:21:28","date_gmt":"2008-07-19T15:21:28","guid":{"rendered":"http:\/\/localhost\/wp\/wordpress\/zarawekani-zimani-kurdi\/"},"modified":"2008-07-19T15:21:28","modified_gmt":"2008-07-19T15:21:28","slug":"zarawekani-zimani-kurdi","status":"publish","type":"page","link":"https:\/\/kurdishacademy.org\/?page_id=378","title":{"rendered":"Zarawekan\u00ed Ziman\u00ed Kurd\u00ed"},"content":{"rendered":"<blockquote>\n<p align=\"justify\">&quot;Am&iacute;l&eacute;k&iacute; binj&iacute; heye ke p&iacute;yaw ser&iacute; l&eacute;y surrdem&iacute;n&eacute; u yek&eacute;t&iacute; kon&iacute; Kurdan p&eacute;shandeda, ew&iacute;sh zimanekeyane ke cend&iacute; zarawekan&iacute; jiyawaziyan heb&eacute; h&eacute;shta le bar&iacute; deng u r&eacute;zimanewe yek ziman e, u ziman&eacute;k&iacute; &Eacute;ran&iacute; ye, egerc&iacute; ta hendazeyek degell ziman&iacute; gewrey &Eacute;ran&iacute; jiyawaz&iacute; heye&quot;.<sup>1<\/sup><\/p>\n<p><!--more--><\/p>\n<blockquote>\n<p align=\"justify\">&quot;Am&iacute;l&eacute;k&iacute; binj&iacute; heye ke p&iacute;yaw ser&iacute; l&eacute;y surrdem&iacute;n&eacute; u yek&eacute;t&iacute; kon&iacute; Kurdan p&eacute;shandeda, ew&iacute;sh zimanekeyane ke cend&iacute; zarawekan&iacute; jiyawaziyan heb&eacute; h&eacute;shta le bar&iacute; deng u r&eacute;zimanewe yek ziman e, u ziman&eacute;k&iacute; &Eacute;ran&iacute; ye, egerc&iacute; ta hendazeyek degell ziman&iacute; gewrey &Eacute;ran&iacute; jiyawaz&iacute; heye&quot;.<sup>1<\/sup><\/p>\n<\/blockquote>\n<p>A! ziman&iacute; Kurd&iacute; zarawey jor be jor&iacute; heye, ew zarawaneysh degell yek jiyawaz&iacute;yan heye. Bellam weneb&eacute; ziman&iacute; Kurd&iacute; bem sh&eacute;weyewe (heb&uacute;n&iacute; zarawey jor be jor) le zimanan&iacute; tir&iacute; dunya taq b&uacute;b&eacute;tewe. Ew kesaney ser u kariyan degell zimanan u zimanwan&iacute; heye, zor cak dezanin ke tenanet p&eacute;shkewt&uacute;tir&iacute;n zimanekan&iacute; jihan&iacute;sh zaraweyan heye.<\/p>\n<p>Niz&iacute;ktir&iacute;n ziman le Kurd&iacute;, Fars&iacute; ye, da Xuwa zarawey l&eacute; birrawe? Dr. Moy&iacute;n deseretayek&iacute;da ke b&uacute; ferhang&iacute; &quot;Burhan&iacute; Qat&iacute;e&#8217;&quot;-y n&uacute;s&iacute;we ziyatir le penja zarawey jhimar kird&uacute;we<sup>(2)<\/sup>. Ew &iacute;ngil&iacute;s&iacute;yey ke le Lenden u W&eacute;llz u Skotland qisey p&eacute;deken degell yek ewendeyan j&iacute;yawaz&iacute; heye ke ewaney lelawe f&eacute;r&iacute; &Iacute;ngil&iacute;s&iacute; b&uacute;n t&uacute;sh&iacute; sereg&eacute;jhe bika.<\/p>\n<p>Heb&uacute;n&iacute; zarawe, eger le zimanan&iacute;tira d&iacute;yadey&eacute;k&iacute; surisht&iacute; b+e, le ziman&iacute; Kurd&iacute;da em surisht&iacute; b&uacute;ne degate l&uacute;tkey hereberz, cunk&uacute; gel&eacute; ziman&iacute; wa hen be raste u cepeda xomane u b&eacute;gane xizmet&iacute;yan kirdiwe u dekeyn u h&eacute;shtash jiyawaz&iacute; zaraweyan l&eacute; nebirrawe, &eacute;tir deb&eacute; cawerriwan&iacute; c&eacute;b&iacute;n ke ziman&iacute; Kurd&iacute;, bem hem&uacute; b&eacute;xizmet&iacute;yewe, hall&iacute; lewey bashtir b&eacute; ke &eacute;sta heyet&iacute;.<\/p>\n<p>Zarawe, le zimanda ber u b&uacute;y gel&eacute; hoyane ke h&iacute;nd&eacute;kiyan renge be koshish&iacute; kesan le nawbicin, bellam hend&eacute;kiyan, be lay minewe le hel u merj&iacute; &eacute;sta u diwa rojh&eacute;k&iacute; niz&eacute;k&iacute;sha, lewane n&iacute;n qursay&iacute; xoyan leser zimanekeman la biden, lewesh ziyatir, detwanim bill&eacute;m nek her ziman&iacute; Kurd&iacute; bellk&uacute; p&eacute;shkewtetir&iacute;n ziman&iacute; z&iacute;nd&uacute;y ser zew&iacute;, ewey le baranda n&iacute;ye ke xoy le heb&uacute;n&iacute; zarawekan&iacute; rizgar kat. Min qisanem nedekird eger giw&eacute;m l&eacute; neba hend&eacute; xiw&eacute;ndewar&iacute; Kurd, wek&uacute; necak&eacute;k&iacute; gewre u kemayes&eacute;k&iacute; de tolle kirdinew nayet, le zarawekan&iacute; zimanekeman dediw&eacute;n.<\/p>\n<p>Le naw birdin&iacute; zarewekan&iacute; zimanekeman ew kare n&iacute;ye ke wek&uacute; p&eacute;w&iacute;st&eacute;k&iacute; netewayet&iacute; le berdem&iacute; zanayan u xiw&eacute;ndekaran&iacute; Kurd xo radan&eacute;, bellk&uacute; ewey wek&uacute; p&eacute;w&iacute;st, ew&iacute;sh p&eacute;w&iacute;st&eacute;k&iacute; gewre u erk&eacute;k&iacute; giran, xoy deniw&eacute;n&eacute; h&eacute;nane, heb&uacute;n&iacute; ziman&eacute;k&iacute; yekgirt&uacute;y n&uacute;s&iacute;ne, ke her wek&uacute; le shiw&eacute;n&eacute;k&iacute; tir&iacute; em p&eacute;shekyeda amajheman bo kird le seretay cerxey b&iacute;stem ta &eacute;sta hengaw&iacute; bash&iacute; berew p&eacute;sh hellh&eacute;nawetewe u herweha dameziran&iacute; dezgay jor be jor&iacute; zanist&iacute; bo ziman&iacute; Kurd&iacute; cawerriwan&iacute; gel&eacute; xizmetyan l&eacute;dekir&eacute;, ke le p&eacute;naw&iacute; j&eacute; be j&eacute; kirdin&iacute; em erke netewayet&iacute;ye deb&eacute; b&iacute;ken.<\/p>\n<p>Em la base l&eacute;re debirrimewe u degerr&eacute;mewe ser est&iacute; babeteke ke bas&iacute; zarewekan&iacute; ziman&iacute; Kurd&iacute;ye. Witiman ziman&iacute; Kurd&iacute; zarawey jiya jiyay heye, peyda b&uacute;n&iacute; em zarawane wek&uacute; &iacute; hem&uacute; ziman&eacute;k&iacute; tir, gel&eacute; hoy heye ke bas kirdinyan b&uacute; &eacute;re dest nada, tenya hoyeke ke be lay minewe kar&eacute;k&iacute; gewrey le peyda b&uacute;n&iacute; zarawekanda kirduwe u lewaneye ke zimanan&iacute; tir eweyan her neb&uacute;b&eacute; ya kar&eacute;k&iacute; ewtoy nekirdib&eacute;te seryan, boye her bas&iacute; em hoyeyan dekem, bellam jar&eacute; ba bizan&iacute;n zarawekan&iacute; ziman&iacute; Kurd&iacute; kamanen, pashan dec&iacute;ne ser bas&iacute; hoy peydab&uacute;nyan.<\/p>\n<p>Leser zarawekan&iacute; ziman&iacute; Kurd&iacute; gel&eacute; qise kirawe u her kese be jor&eacute; beregar&iacute; em babeteye buwe u belay minewe besh&iacute; zor&iacute; ew qisaney ke ta &eacute;sta le ser zarekan&iacute; ziman&iacute; Kurd&iacute; kirawin le jh&eacute;r karay&iacute; b&iacute;r u l&eacute;kdanewey xorhellatnasan&iacute; fereng&iacute;da buwe u &quot;ewey le gisht l&eacute;koll&iacute;newe u koshish&iacute; b&eacute;-pisanewey zanayan&iacute; d&eacute;te dest eweye ke kar&eacute;k&iacute; gisht&iacute; leser hem&uacute; zarawekan&iacute; Kurd&iacute; p&eacute;w&iacute;ste ke ta &eacute;sta nekirab&uacute;, cunk&uacute; ew deste zanayane zoryan &iacute; derewe b&uacute;n u sererray ewey zor&iacute;sh t&eacute;dekoshan, be giyan&iacute; ziman&iacute; u aheng&iacute; rast&iacute; wishe u b&eacute;jhey dirustyan ashna neb&uacute;n u be cak&iacute; serewderyan l&eacute; nedekird u herweha bo l&eacute;koll&eacute;newey zaraweyek hend&eacute; gosheyan degirt u l&eacute;y wird deb&uacute;newe u layenekan&iacute; tiryan be lawe dena, ya xo ewey derbarey ew zarawane be b&iacute;ryanda dehat deytwan&iacute; tenya lan&eacute;k&iacute; ew zarawane bigir&eacute;tewe, ja boye karekanyan zorjaran natewaw b&uacute;, hend&eacute; jar r&eacute; le mirov degorr&iacute; u gel&eacute; jar&iacute;sh mirov&iacute; tosh&iacute; serg&eacute;jhe dekird, bellam &iacute;nkar&iacute; ewe nakir&eacute; ke rewisht&iacute; l&eacute;koll&eacute;newe u sh&eacute;wey kar&iacute; ewan rewisht&eacute;k pesind u berz buwe, eger ehl&iacute; zimaneke rewisht&iacute; ewanyan recaw kirdiba ew sirinj&iacute; werdeg&iacute;ra hezaran kerret zortir deb&uacute;.&quot;<sup>3<\/sup><\/p>\n<p>Duktor Mukr&iacute; n&iacute;shanekey pash p&eacute;kawe, eger l&eacute; zanan&iacute; Kurd be sh&eacute;wey kar&iacute; ferheng&iacute;yan b&eacute;ne meydan u le zarawekan&iacute; ziman&iacute; Kurd&iacute; ya her babet&eacute;k&iacute; d&iacute;key ziman bikollinewe, be merj&eacute; xoyan le karay&iacute; b&iacute;r u ray zanayan&iacute; fereng&iacute; rizgar ken u dest ken be l&eacute;koll&iacute;newey&eacute;k&iacute; &quot;meydan&iacute;&quot; degene enjam&iacute; weha, ke zor&iacute; be ser ew enjamaneda heb&eacute; zanayan&iacute; fereng&iacute; bedest&iacute;yan h&eacute;nawe, eger j&eacute;gake pesinde ba gel&eacute; lew shitanem bas dekird ke renge her yekeyan lewane b&eacute; zanatir&iacute;n xorhellatnas be helle ber&eacute; u b&eacute;-ewey h&iacute;c niyaz&eacute;k&iacute; xerap&iacute; heb&eacute; b&iacute;gey&eacute;n&eacute;te enjam&iacute; helle.<\/p>\n<p>&Iacute;nja be bizan&iacute;n zarawekan&iacute; ziman&iacute; Kurd&iacute; c&iacute;n? Eger sernj&eacute;k le mellbend&iacute; destellat u fermanrreway&iacute; ziman&iacute; Kurd&iacute; bideyn, le bar&iacute; sh&eacute;wey qisekirdinewey s&eacute; nawcey l&eacute;k j&iacute;yawaziman dekew&eacute;te ber caw.<\/p>\n<ol>\n<li>le kinarey xoraway gol&iacute; Wirm&eacute;da, deq lew shiw&eacute;neda ke nawcey Dizey Doll&eacute; u Sind&uacute;s l&eacute;k j&iacute;yadebinewe, be b&iacute;r h&eacute;ll&eacute;k destp&eacute;dekeyn u be pisht Shino yeyda t&eacute;deperr&eacute;n&iacute;n u deyh&eacute;n&iacute;ne bak&uacute;r&iacute; Rewandiz&eacute; u herwa berew xorawa ta degate Akir&eacute; u Dihok u Zaxo u Shingar u be n&eacute;wan Qm&iacute;shl&iacute; u Heseke-da derbaz&iacute; dekeyn bo bash&uacute;r&iacute; Derbas&iacute;ye, Ras El&#8217;e&eacute;n u deygey&eacute;n&iacute;ne Efr&iacute;n u c&iacute;yay Kurmanja.<\/li>\n<li>Herweha be b&iacute;r h&eacute;ll&eacute;k le mellbend&iacute; xoraway Hemedan-ewe helldegir&iacute;n u be bak&uacute;r&iacute; mellbend&iacute; Kirmashan-da derbaz&iacute; dekeyn ta degatewe r&uacute;bar&iacute; Dejle.<\/li>\n<\/ol>\n<div class=\"rtecenter\"><img loading=\"lazy\" decoding=\"async\" class=\" size-full wp-image-372\" width=\"550\" vspace=\"10\" hspace=\"0\" height=\"338\" border=\"1\" alt=\"Dabesh b&uacute;newey zarawe serek&eacute;kan&iacute; ziman&iacute; Kurd&iacute;\" src=\"http:\/\/localhost\/wp\/wordpress\/wp-content\/uploads\/2008\/07\/Kurdish-dialectsarea.jpg\" \/><\/div>\n<p>Em d&uacute; h&eacute;lle b&iacute;r&iacute;ye hem&uacute; ew mellbendey be ziman&iacute; Kurd&iacute; qisey t&eacute;da dekir&eacute; dekate s&eacute; besh, ke le her besheyanda zarawey&eacute;k&iacute; serek&iacute; ziman&iacute; Kurd&iacute; zalle:<\/p>\n<ol>\n<li><strong>Zarawey Bak&uacute;r&iacute; (ser&uacute;)<\/strong>: dekew&eacute;te bak&uacute;r&iacute; h&eacute;ll&iacute; yekem, ew bin zaraweney t&eacute;da bed&iacute;dekir&eacute;; Herk&iacute;, Shikak&iacute;, Jelal&iacute; (Bayez&iacute;d&iacute;), Hekar&iacute;, bot&iacute;, Jiz&iacute;r&iacute;, Efr&iacute;n&iacute;, Dumbill&iacute;, Bad&iacute;n&iacute;, .<\/li>\n<li><strong>Zarawey Nawend&iacute;<\/strong>: dekew&eacute;te bash&uacute;r&iacute; h&eacute;ll&iacute; yekem u bak&uacute;r&iacute; h&eacute;ll&iacute; duhem u be helleyk&iacute; pirrbang p&eacute;y dell&eacute;n zarawey &quot;Soran&iacute;&quot;, ke ewey rast b&eacute; &quot;Soran&iacute;&quot; bin zarawey&eacute;k&iacute; le zarawey nawend&iacute; ye. Lem mellbendeda ew bin zarane hen; Mukryan&iacute;, Soran&iacute;, Sil&eacute;man&iacute;, Shiwan&iacute;, Jaf&iacute;, Siney&iacute;, Gerr&uacute;s&iacute;, .<\/li>\n<li><strong>Zarawey Bash&uacute;r&iacute; (xuwar&uacute;)<\/strong>: Le bash&uacute;r&iacute; h&eacute;ll&iacute; duhem zarawey bash&uacute;r&iacute; (xuwar&uacute;y) ziman&iacute; Kurd&iacute; zalle ke em bin zaraney t&eacute;da bed&iacute;dekir&eacute;; Kirmashan&iacute;, Kel&uacute;rr&iacute;, Kulyay&iacute;, P&iacute;rewend&iacute;, Lek&iacute;, Lurr&iacute; pic&uacute;k (Feyl&iacute; yan ko Pehl&iacute;).<\/li>\n<li><strong>Goran&iacute; (Hewram&iacute;) u Zazay&iacute; (Dimil&iacute;)<\/strong>: le mellbend&iacute; zarawey bak&uacute;r&iacute; &uacute; nawend&iacute; ziman&iacute; Kurd&iacute;da d&uacute; durgey ziman&iacute; Kurd&iacute; hen sererray d&uacute;r&iacute; le yektir piyaw be hesan&iacute; detwan&iacute; bill&eacute; le binewe yekin, ew&iacute;sh Zazay&iacute; (ke be Dimil&iacute;sh nasirawe) ye le bak&uacute;r, u Goran&iacute; ye le nawcey zarawey nawend&iacute;da. Goran&iacute; zortir be Hewram&iacute; naw&iacute; derkirdiwe conk&uacute; gewretir&iacute;n nawcey&eacute;k&iacute; t&eacute;yda perrey heye Hewraman e, b&eacute;jge lewey le R&eacute;jhaw u Ken&uacute;le<sup>4<\/sup> u le naw hoz&iacute; Bajellan u Zengene u Shebek-&iacute;sh qisey p&eacute;dekir&eacute;. Zazay&iacute;sh le Pallo, Kor, u Cebexc&uacute;r le birewda ye.<\/li>\n<\/ol>\n<p>Lurr&iacute; dekew&eacute;te besh&iacute; xuwar&uacute;y mellbend&iacute; ziman&iacute; Kurd&iacute;. Derbarey em bin zareye her kes&iacute; hat&uacute;we qisey&eacute;k&iacute; kirdiwe, Sherefxan&iacute; bitl&iacute;s&iacute; le &quot;Sherefname-da&quot; be yek&eacute;k le ciwar zarey gewrey ziman&iacute; Kurd&iacute; daden&eacute;, h&iacute;nd&eacute;k zana u xorhellatnas&iacute; fereng&iacute; u &Eacute;ran&iacute; be zar&eacute;k&iacute; ziman&iacute; Fars&iacute;yan daden&eacute;n, Duktor Kemal Fuad Rayek&iacute;tir&iacute; heye u dell&eacute;; &quot;le r&uacute;y r&eacute;zimanewe Lurr&iacute; be ziman&eacute;k&iacute; &Eacute;ran&iacute; bash&uacute;r&iacute;-xoraway&iacute; dadenir&eacute;t, bellam Fars&iacute; n&iacute;ye, bellko ziman&eacute;k&iacute; serbexo ye. Besh&iacute; yekemyan Bextyar&iacute; weko le r&uacute;y zimanewe Kurd&iacute; niye, xoshyan le r&uacute;y netewey&iacute;yewe be Kurd nazanin, bellam duhemyan, be taybet&iacute; le &Iacute;raq, le ber gel&eacute;k hoy m&eacute;jh&uacute;y&iacute; u ramyar&iacute; u ab&uacute;r&iacute; le r&uacute;y netewey&iacute;yewe le Kurd jiya nekir&eacute;newe, heta le r&uacute;y zimanewe le enjam&iacute; t&eacute;kellaw b&uacute;newe zoryan le Kurd&iacute; xorhellat&iacute; wergirtiwe.&quot;<sup>5<\/sup><\/p>\n<p>Em babet&iacute; Lurr&iacute;, Kurd&iacute; ye ya Kurd&iacute; niye, babet&eacute;ke p&eacute;w&iacute;st&iacute; be l&eacute;koll&iacute;newey zanist&iacute;, d&uacute;r le hest u soz&iacute; netewayet&iacute; u d&uacute;r le karay&iacute; qise u nawbang&iacute; fillane xorhellatnas&iacute; fereng&iacute; ya zanay ne fereng&iacute; heye. L&eacute;koll&iacute;neweyk&iacute; ke Kurdayet&iacute; kiw&eacute;rane do u doshaw t&eacute;kell neka u her be w&eacute;kc&uacute;n&iacute; cend wishey&eacute;k&iacute; Kurd&iacute; &uacute; Lurr&iacute;, Lurr&iacute; neka be Kurd&iacute;. L&eacute;koll&iacute;newey&eacute;k&iacute; wash ke her leber ewey cend wishe ya sh&eacute;wey bekar h&eacute;nan&iacute; hend&iacute; kara degell Fars&iacute; deshubih&eacute;ne yek ya fillane xorhellatnas u zimanwan, way gutiwe, nekir&eacute; be rayek&iacute; wa qayim u pitew ke dehellweshanewe neb&eacute;t u Lurr&iacute; le Kurd&iacute; dabipcirr&eacute;. Be kurt&iacute; u be Kurd&iacute; em babete p&eacute;w&iacute;st&iacute; be l&eacute;koll&iacute;newey&eacute;k&iacute; meydan&iacute; heye.<\/p>\n<p class=\"Author\"><strong>Le Qam&uacute;s&iacute; ziman&iacute; Kurd&iacute;, Ebdul Rehman&iacute; Zeb&iacute;h&iacute;, cap&iacute; 1988<\/strong><\/p>\n<h3>Sercawe u t&eacute;b&iacute;n&iacute;:<\/h3>\n<ol>\n<li>Prof. M&iacute;norsk&iacute;, Kurdnewey m&eacute;d&eacute;kanin, werg&eacute;rran&iacute; D. Kemal Mezher Ehmed, govar&iacute; korr&iacute; zanyar&iacute; Kurd, Berg&iacute; yekem, bend&iacute; yekem, Sall&iacute; 1973, Bexda, Laperr&iacute; 563.<\/li>\n<li>Dr. Moy&iacute;n, Burahan&iacute; Qatie&#8217;, berg&iacute; yek, laperr&iacute; 37-41.<\/li>\n<li>Dr. Mihmed&iacute; Mukr&iacute;, Goran&iacute; ya tranehay Kurd&iacute;, Taran, Kit&eacute;bxaney Danish, 1957, laperr&iacute; 8.<\/li>\n<li>D&uacute; nawcey pic&uacute;kin le mellbend&iacute; zarawey Bash&uacute;r&iacute;da.<\/li>\n<li>Dr. Kemal Fuad, Zarawekan&iacute; ziman&iacute; Kurd&iacute; u ziman&iacute; edeb&iacute; u n&uacute;s&iacute;nyan, govar&iacute; korr&iacute; zanyar&iacute; Kurd, Jhimare 4, Sall&iacute; 1971, Bexda, Laperr&iacute; 22.<\/li>\n<\/ol>\n<h5>Amadekar&iacute; &uacute; n&uacute;s&iacute;n be p&iacute;t&iacute; yekgirt&uacute;y Kurd&iacute; le layen&iacute; D&iacute;lan Roshan&iacute;<\/h5>\n","protected":false},"excerpt":{"rendered":"<p>&quot;Am&iacute;l&eacute;k&iacute; binj&iacute; heye ke p&iacute;yaw ser&iacute; l&eacute;y surrdem&iacute;n&eacute; u yek&eacute;t&iacute; kon&iacute; Kurdan p&eacute;shandeda, ew&iacute;sh zimanekeyane ke cend&iacute; zarawekan&iacute; jiyawaziyan heb&eacute; h&eacute;shta le bar&iacute; deng u r&eacute;zimanewe<span class=\"excerpt-hellip\"> [\u2026]<\/span><\/p>\n","protected":false},"author":1,"featured_media":372,"parent":0,"menu_order":0,"comment_status":"closed","ping_status":"closed","template":"","meta":{"footnotes":""},"categories":[],"tags":[],"class_list":["post-378","page","type-page","status-publish","has-post-thumbnail","hentry"],"_links":{"self":[{"href":"https:\/\/kurdishacademy.org\/index.php?rest_route=\/wp\/v2\/pages\/378","targetHints":{"allow":["GET"]}}],"collection":[{"href":"https:\/\/kurdishacademy.org\/index.php?rest_route=\/wp\/v2\/pages"}],"about":[{"href":"https:\/\/kurdishacademy.org\/index.php?rest_route=\/wp\/v2\/types\/page"}],"author":[{"embeddable":true,"href":"https:\/\/kurdishacademy.org\/index.php?rest_route=\/wp\/v2\/users\/1"}],"replies":[{"embeddable":true,"href":"https:\/\/kurdishacademy.org\/index.php?rest_route=%2Fwp%2Fv2%2Fcomments&post=378"}],"version-history":[{"count":0,"href":"https:\/\/kurdishacademy.org\/index.php?rest_route=\/wp\/v2\/pages\/378\/revisions"}],"wp:featuredmedia":[{"embeddable":true,"href":"https:\/\/kurdishacademy.org\/index.php?rest_route=\/"}],"wp:attachment":[{"href":"https:\/\/kurdishacademy.org\/index.php?rest_route=%2Fwp%2Fv2%2Fmedia&parent=378"}],"wp:term":[{"taxonomy":"category","embeddable":true,"href":"https:\/\/kurdishacademy.org\/index.php?rest_route=%2Fwp%2Fv2%2Fcategories&post=378"},{"taxonomy":"post_tag","embeddable":true,"href":"https:\/\/kurdishacademy.org\/index.php?rest_route=%2Fwp%2Fv2%2Ftags&post=378"}],"curies":[{"name":"wp","href":"https:\/\/api.w.org\/{rel}","templated":true}]}}