{"id":364,"date":"2008-07-10T15:07:58","date_gmt":"2008-07-10T15:07:58","guid":{"rendered":"http:\/\/localhost\/wp\/wordpress\/keshey-zimani-resmiy-kurdi-ii\/"},"modified":"2008-07-10T15:07:58","modified_gmt":"2008-07-10T15:07:58","slug":"keshey-zimani-resmiy-kurdi-ii","status":"publish","type":"page","link":"https:\/\/kurdishacademy.org\/?page_id=364","title":{"rendered":"K\u00e9shey Ziman\u00ed Resm\u00edy Kurd\u00ed (II)"},"content":{"rendered":"<p><img loading=\"lazy\" decoding=\"async\" class=\" alignright size-full wp-image-359\" hspace=\"6\" height=\"151\" width=\"120\" vspace=\"6\" border=\"0\" align=\"right\" src=\"http:\/\/localhost\/wp\/wordpress\/wp-content\/uploads\/2008\/07\/amir_hassanpour.jpg\" alt=\"\" \/><strong>Em&iacute;r&iacute; Hesenp&uacute;r<\/strong><\/p>\n<p>Besh&iacute; D&uacute;<br \/> 2- Ziman&iacute; Standard u Standard Kirdin&iacute; Ziman: T&iacute;yor&iacute; u Pirat&iacute;k<\/p>\n<p> Standard b&uacute;n pirrosey&eacute;k&iacute; gorrankar&iacute; ziman&iacute; &ndash; komellayet&iacute;ye ke w&eacute;rray peyda b&uacute;n&iacute; netewe u biz&uacute;tnewey netewayet&iacute; (nasyonal&iacute;sm) le p&eacute;shda le Sedey Shazde u Hevde le Urr&uacute;pay Rojhawa dest&iacute;p&eacute;kird. Ew pirroseye le As&iacute;ya u Efr&iacute;qa le axir&iacute; Sedey Nozde da bed&iacute; dekir&eacute; u ziman&iacute; wa heye, wek Kurd&iacute;, le Sedey B&iacute;st da berew standard b&uacute;n werr&eacute; kewt&uacute;n.<\/p>\n<p><!--more--><\/p>\n<p><img loading=\"lazy\" decoding=\"async\" class=\" alignright size-full wp-image-359\" hspace=\"6\" height=\"151\" width=\"120\" vspace=\"6\" border=\"0\" align=\"right\" src=\"http:\/\/localhost\/wp\/wordpress\/wp-content\/uploads\/2008\/07\/amir_hassanpour.jpg\" alt=\"\" \/><strong>Em&iacute;r&iacute; Hesenp&uacute;r<\/strong><\/p>\n<p>Besh&iacute; D&uacute;<br \/> 2- Ziman&iacute; Standard u Standard Kirdin&iacute; Ziman: T&iacute;yor&iacute; u Pirat&iacute;k<\/p>\n<p> Standard b&uacute;n pirrosey&eacute;k&iacute; gorrankar&iacute; ziman&iacute; &ndash; komellayet&iacute;ye ke w&eacute;rray peyda b&uacute;n&iacute; netewe u biz&uacute;tnewey netewayet&iacute; (nasyonal&iacute;sm) le p&eacute;shda le Sedey Shazde u Hevde le Urr&uacute;pay Rojhawa dest&iacute;p&eacute;kird. Ew pirroseye le As&iacute;ya u Efr&iacute;qa le axir&iacute; Sedey Nozde da bed&iacute; dekir&eacute; u ziman&iacute; wa heye, wek Kurd&iacute;, le Sedey B&iacute;st da berew standard b&uacute;n werr&eacute; kewt&uacute;n.<\/p>\n<p><!--break--><\/p>\n<p> Legell ewesh da pirrosey gorran u geshekirdin&iacute; zimanekan&iacute; dn&iacute;ya, ke jhimareyan le n&eacute;wan 6600 u 7000 daye, zor narr&eacute;k u nateraze, u he&zwnj;r ziman&eacute;k barudox&iacute; taybet&iacute; xoy heye, dekr&eacute; le nax&iacute; ew taybet&eacute;t&iacute;yane da rewte gisht&iacute;yekan&iacute; standardib&uacute;n bed&iacute; bikeyn.Bo w&eacute;ne, pirosey standard b&uacute;n&iacute; ziman&iacute; Kurd&iacute; le barudox&iacute; p&eacute;khatin&iacute; Kurd wek netewey&eacute;k&iacute; b&eacute; dewllet dest&iacute;p&eacute;kird ew&iacute;sh le shertumerj&iacute; dabeshikran&iacute; zimaneke le n&eacute;wan cend dewllet ke s&iacute;yaset&iacute; ziman&iacute; jorawjoryan heb&uacute; u he&zwnj;r kam be sh&eacute;weyek pirrojhey zimankujh&iacute;yan ber&eacute;we debird. Be p&eacute;jewane, standard kirdin&iacute; Fars&iacute; u Turk&iacute; wek ziman&iacute; resm&iacute; u dewllet&iacute; dest&iacute;p&eacute;kird. Ziman&iacute; &#8216;Erreb&iacute;sh kat&iacute; destp&eacute;kirdin&iacute; standard b&uacute;n, le n&iacute;wey axir&iacute; Sedey Nozde da, ziman&iacute; resm&iacute; (dewllet&iacute;) neb&uacute; bellam duway sherr&iacute; J&iacute;han&iacute;.<\/p>\n<p> Hewell b&uacute; be ziman&iacute; resm&iacute; cend dewllet. Serbaq&iacute; ew taybet&eacute;t&iacute;yane, standard kirdin&iacute; ew zimanane wek besh&eacute;k le pirrojhey netewe ronan dest&iacute;p&eacute;kird u dir&eacute;jhey b&uacute; &ndash; Fars&iacute; u Turk&iacute; wek amraz&iacute; darrishtin u damezrandin&iacute; netewe- dewllet u Kurd&iacute; wek amraz&iacute; gey&iacute;shtin be desellat&iacute; dewllet&iacute;. D&iacute;yare le ew gisht&eacute;t&iacute;ye da, taybet&eacute;t&iacute; be d&iacute;dekr&eacute;. Bo w&eacute;ne, yek&eacute;k le pirrosekan&iacute; standard kirdin pet&iacute;kirdine ke lez cuwar zimanane da (Turk&iacute;, Fars&iacute;, &#8216;Erreb&iacute; u Kurd&iacute;) bed&iacute;dekr&eacute; bellam le &#8216;Erreb&iacute; u Fars&iacute; da (ke le konewe ziman&iacute; edeb&iacute; u &iacute;darey&iacute; here bedesellat&iacute; nawce b&uacute;n) sernekewt&uacute;we u le Kurd&iacute; u Tirk&iacute; da be sh&eacute;wey&eacute;k&iacute; sererroyane le ara da b&uacute;we.<\/p>\n<p> Standard b&uacute;n pirros&eacute;y&eacute;k&iacute; gorrankar&iacute; tenya ziman n&iacute;ye, u lewe z&iacute;yatir, gorran&eacute;k&iacute; komellayet&iacute;-ziman&iacute;ye: lew pirroseye da, hem ziman degorrdr&eacute; u hem komellge &ndash; ew gorranesh p&eacute;wend&iacute; n&eacute;wan h&eacute;zekan u sercawekan&iacute; desellat desh&eacute;w&eacute;n&eacute; u xebat&iacute; s&iacute;yas&iacute; wer&eacute;dexa. Eger standard b&uacute;n tenya d&iacute;yardey&eacute;y&eacute;k&iacute; ziman&iacute; ba, p&eacute;w&iacute;st nedeb&uacute; ziman&iacute; rahat&uacute; u dewillemend&iacute; wek Fars&iacute; u &#8216;Erreb&iacute; u C&iacute;n&iacute; standard bikr&eacute;n. Be b&eacute; wurdib&uacute;newe le p&eacute;wend&iacute;yekan&iacute; d&iacute;yardey ziman&iacute; u komellayet&iacute; natuwan&iacute;n k&eacute;shey ziman&iacute; standard bash sh&iacute;bikeynewe.<\/p>\n<p> Le pirrosey standard b&uacute;n da, ziman hem le forrm da degorrdir&eacute; u hem le erkekan&iacute; (function) da. Gorrankar&iacute; le forrm da, le gisht beshekan&iacute; ziman da bed&iacute;dekr&eacute; &ndash; s&iacute;st&eacute;m&iacute; deng&iacute;, ortogiraf&iacute; (elf&uacute;b&eacute;, r&eacute;n&uacute;s),&#8230; xallbend&iacute;, wushey&iacute;, r&eacute;ziman&iacute;, me&#8217;nay&iacute; u herweha sh&eacute;waz&iacute; n&uacute;s&iacute;n hem le pexishan da u he&zwnj;m le hellbest da. Le zanst&iacute;yekan&iacute; ziman da , be ew destt&eacute;werdanane dell&eacute;n kodrronan (Codfication)* wate danan&iacute; kod yan qa&#8217;&iacute;de bo dekarh&eacute;nan&iacute; ziman le qisekirdin ra bigre heta r&eacute;n&uacute;s u r&eacute;ziman. Bo w&eacute;ne, le Kurd&iacute; da, elf u b&eacute; c&eacute;kirawe u qa&#8217;&iacute;de &iacute; niw&eacute;y bo dandirawe. H&eacute;nd&eacute;k le c&eacute;keran w&iacute;st&uacute;yane dest le elf u b&eacute;y&iacute; &#8216;Erreb&iacute; &ndash; Fars&iacute; werbiden u bo n&uacute;s&iacute;n&iacute; Kurd&iacute; karametir biken (be z&iacute;yad kirdin&iacute; herif u be &iacute;&#8217;rab be herif kirdin) u h&eacute;ll&eacute;k&iacute; d&iacute; w&iacute;st&uacute;yane be yekjar&iacute; dest&iacute; l&eacute; hellbigrin u elf u b&eacute;y&iacute; Lat&iacute;n&iacute; le bat&iacute; dabin&eacute;n. Ewane gorrankar&iacute;n le forrm&iacute; ziman da.<\/p>\n<p> Gorrankar&iacute; le erkekan&iacute; ziman da, bir&iacute;t&iacute;ye le dekarh&eacute;nan&iacute; ziman le biwar&iacute; jorawjor&iacute; wek zanist, t&eacute;knolojh&iacute;, xw&eacute;ndin u derskutin, karubar&iacute; hik&uacute;met, calak&iacute; ab&uacute;r&iacute;, amraz&iacute; rageyandin&iacute; gisht&iacute; (rojhname, radyo&#8230;) u t&eacute;kinolojh&iacute; rageyandin (kamp&iacute;yutir, &iacute;ntirn&eacute;t&#8230;). Bo w&eacute;ne, Kurd&iacute; le sall&iacute; 1898ewe le biwar&iacute; niw&eacute;y wek rojhnameger&iacute; da dekarhat&uacute;we u le sallan&iacute; 1920ewe b&uacute; be ziman&iacute; radyo u xw&eacute;ndin&iacute; seretay&iacute; u ta radey&eacute;k &iacute;darey&iacute; nawcey&iacute; (le &#8216;&Eacute;raq u Yek&eacute;t&iacute; Sov&eacute;t da).<\/p>\n<p> Peydab&uacute;n&iacute; erk&iacute; niw&eacute; le Kurd&iacute; da ew p&eacute;daw&iacute;st&iacute;yey h&eacute;na gorr&eacute; ke forrm&iacute; zimaneke bigorrdir&eacute; heta bituwan&eacute; willam&iacute; ew n&iacute;yazane bidatewe. Bo w&eacute;ne, radyo Kurd&iacute;yekan&iacute; serdem&iacute; sherr&iacute; J&iacute;han&iacute; D&uacute;wem (Bexda,Beyrr&uacute;t , Yafa) le seryan b&uacute; her rojh hewall u piropagandey sherr billawbikenewe u ewesh p&eacute;w&iacute;st&iacute; be perep&eacute;dan&iacute; wushey zimaneke heb&uacute; ja ci be xuwastinewe ci be datash&iacute;n yan sh&eacute;wey d&iacute;. Herweha, dekarh&eacute;nan&iacute; Kurd&iacute; le kit&eacute;b&iacute; ders&iacute; da k&eacute;shey &iacute; niw&eacute;baw (mod&eacute;rn) kirdin&iacute; s&iacute;st&eacute;m&iacute; wushey&iacute; h&eacute;na gorr&eacute;.<\/p>\n<p> Ew gorrankar&iacute;ye le forrm&iacute; ziman&iacute; Kurd&iacute; da be b&eacute; gorran&iacute; komellgey Kurd p&eacute;k nedehat.Ewesh p&eacute;khatin&iacute; tuw&eacute;jh&eacute;k&iacute; roshinb&iacute;r&iacute; nasyonal&iacute;st le axiruoxir&iacute; Sedey Nozde da b&uacute;, ke zortir le sharekan betaybet le &Iacute;stamb&uacute;l dejhyan. Ew tuw&eacute;jhe roshinb&iacute;re binkey komellayet&iacute; u h&eacute;z&iacute; hander&iacute; hewell hengaw le standard kirdin&iacute; ziman b&uacute;, le 1898 ra heta 1918. Haj&iacute; Qadir(1818-1897) ke niw&eacute;ner&eacute;k&iacute; edeb&iacute;y ew biz&uacute;tnewe s&iacute;yas&iacute;ye b&uacute; daway werg&eacute;rran&iacute; zanist&iacute; mod&eacute;rn, we lanan&iacute; &quot;qay&iacute;me u qes&iacute;de&quot;, u billawkirdine wey &quot;rojhname u jer&iacute;de&quot;y dekird. Sall&eacute;k duway mirdin&iacute; Haj&iacute;, hewell rojhname be ziman&iacute; Kurd&iacute; billawbowe. Le sed sall&iacute; rabird&uacute; da, binkey komellayet&iacute; biz&uacute;tnewey ziman&iacute;y be taybet&iacute; ziman&iacute; standard u netewey&iacute; cend jar gorrdirawe. le p&eacute;shda, ew binke komellayet&iacute;ye le sall&iacute; 1918 bew lawe le n&eacute;wan p&eacute;nj willat da dabesh kira u ew dabesh b&uacute;ne pirosey standard kirdin&iacute; tewaw alloz kird. Le heman katda, le heshta sall&iacute; rabird&uacute; da, binkey komellayet&iacute; tewaw gorrawe u, be peydab&uacute;n&iacute; h&eacute;z&iacute; niw&eacute;, ber&iacute;ntir b&uacute;we. Le korrukomell&iacute; &Iacute;stanb&uacute;ll&iacute; axir&iacute; Sedey Nozde da, binkey komellayet&iacute; biz&uacute;tnewey ziman tuw&eacute;jh&eacute;k&iacute; bic&uacute;k b&uacute; ke p&eacute;khatib&uacute; le xanekan, sh&eacute;xekan, mella u feq&eacute;yekan u cend derc&uacute;y&eacute;k&iacute; medresey Rushd&iacute;ye u &#8216;&eacute;dad&iacute;, u gishtyan p&iacute;yaw b&uacute;n. Tenanet le Kurdistan&iacute; Turk&iacute;ye, le sall&iacute; 1927da belan&iacute; kemewe le sed da 96 kes nexw&eacute;ndewar b&uacute;n (Bayez&iacute;d 97.4 , Bidl&iacute;s 98.2, D&iacute;yarbekir 96.5, Hekar&iacute; 98,6, Mard&iacute;n 97.8, S&eacute;&#8217;rt 96.5, Wan 98.7 ).Bellam &eacute;ste le Turk&iacute;ye u &Eacute;ran u &#8216;&Eacute;raq, biz&uacute;tnewey ziman&iacute; le dest tuw&eacute;jh&iacute; sunet&iacute; roshinb&iacute;ran hatote der&eacute; u le medrese u zankokan u parliman u amraz&iacute; rageyandin, hem le willat da u hem le ast&iacute; n&eacute;wnetewey&iacute; da,berdewame.Eger le seretada,xw&eacute;nerewe taqe kes yan korr&iacute; naw d&iacute;wexan&iacute; axawet u hujrey mizigewtan b&uacute;,&eacute;ste &quot;jemawer&iacute; xw&eacute;nerewe&quot; peyda b&uacute;we.Eger jaran, tuw&eacute;jh&iacute; roshinb&iacute;r tewaw p&iacute;yaw b&uacute;n, &eacute;ste tuw&eacute;jh&eacute;k&iacute; roshinb&iacute;r&iacute; jhin p&eacute;khat&uacute;we. H&eacute;z&iacute; niw&eacute; le biwar&iacute; ziman da daxuwaz&iacute; u n&iacute;yaz&iacute; niw&eacute;y heye. Eger Kurd&iacute; jaran zor be zehmet dest&iacute; degey&iacute;shte daw&eacute;n&iacute; cap, &eacute;ste be qellembazewe berew t&eacute;knolojh&iacute; tazey ziman wek til&eacute;f&iacute;zyon u kamp&iacute;yutir u &iacute;ntirn&eacute;t u telef&uacute;n&iacute; z&iacute;rek (smart fon) wer&eacute;kewt&uacute;we. Ew destkewtane berhe&zwnj;m&iacute; h&eacute;z&iacute; niw&eacute;n u le heman katda ew h&eacute;ze niw&eacute;yane ber&iacute;ntir u beh&eacute;ztir deken u p&eacute;wend&iacute; n&eacute;wan lehjekan u zimanekan u n&uacute;s&iacute;n u kutin degorrin. T&eacute;knolojh&iacute; taze biwar&iacute; niw&eacute; u n&iacute;yaz&iacute; niw&eacute; u r&eacute;baz&iacute; niw&eacute;y le ziman da h&eacute;nawete gorr&eacute;. Lew barudoxe da,pirrojhey taqe nawend kirdin&iacute; ziman&iacute; Kurd&iacute; her le hewell hengaw da t&eacute;kdeqirm&eacute;.<\/p>\n<p> Layene komellayet&iacute;yekan&iacute; standard b&uacute;n zor ber&iacute;n u allozin bellam dekr&eacute; ew alloz&iacute;ye le d&uacute; pirrosey hellbijhardin u pesind kirdin&iacute; lehjey standard da bed&iacute; bikeyn. Rewt&iacute; gisht&iacute; eweye ke yek&eacute;k le lehjekan wek binc&iacute;ney ziman&iacute; standard helldebjh&eacute;rdir&eacute; yan xoy j&eacute;g&iacute;r deka, u le heman katda le layen jemawer&iacute; ax&eacute;weran&iacute; gisht lehjekan werdeg&iacute;r&eacute;, pesind dekr&eacute;, u dekardeh&eacute;ndir&eacute;. Ziman&eacute;k&iacute; le forrm da standard kirab&eacute; (yek s&iacute;st&iacute;m&iacute; deng, yek ortogiraf&iacute;, yek r&eacute;ziman&iacute; heb&eacute;), bellam ax&eacute;weran&iacute; tewaw&iacute; lehjekan dekar&iacute;neh&eacute;nin wek ziman&iacute; standard caw&iacute; l&eacute; nakir&eacute;. Ewe rewt&iacute; gisht&iacute;ye le gorrankar&iacute; komellayet&iacute; le pirrosey standard b&uacute;n da bellam her zimaney le barudox&iacute; m&eacute;jh&uacute;y&iacute; xoy da be sh&eacute;wey taybet&iacute; xoy be ew r&eacute;ye da derrwa. <\/p>\n<p> Standard kirdin be dekarh&eacute;nan&iacute; ziman le n&uacute;s&iacute;n u xw&eacute;ndine we be taybet le capemen&iacute; u le perwerde da, danan&iacute; r&eacute;ziman u qam&uacute;s, u c&eacute;kirdin u niw&eacute;bawkirdin&iacute; elf u b&eacute; u wushekan u r&iacute;n&uacute;s u xallbend&iacute; destp&eacute;deka. Bellam her ziman&eacute;k be gw&eacute;rey barudox&iacute; m&eacute;jh&uacute;y&iacute; xoy ew gorrankar&iacute;ye berr&eacute;we deba.Bo w&eacute;ne, werg&eacute;rran&iacute; &Iacute;nj&iacute;l be ziman&iacute; Ellman&iacute; u billawkirdinewey be cap (sall&iacute; 1534 ) wek hengaw&eacute;k&iacute; seretay&iacute; bellam gir&iacute;ng le standard b&uacute;n&iacute; ew zimane dadendir&eacute;. Be p&eacute;cewane, le ziman&iacute; Somal&iacute; da, billawkirdinewey bernamey radyoy&iacute; le sherr&iacute; J&iacute;han&iacute; D&uacute;hem da be seretay&eacute;k&iacute; gir&iacute;ng le qellem dedir&eacute; u le Kurd&iacute; da, billawkirdinewey rojhname u govar dewr&eacute;k&iacute; bercaw&iacute; g&eacute;rra.<\/p>\n<p> Min le dekarh&eacute;nan&iacute; cemk&iacute; &quot;standard&quot; wek kirdar (f&eacute;&#8217;l), hem le shikll&iacute; t&eacute;perr&iacute; &quot;standardikrdin&quot; u he&zwnj;m le shikll&iacute; t&eacute;neperr&iacute; &quot;standardib&uacute;n&quot; kelik werdegirm. Zor be kurt&iacute;, ziman hem standard deb&eacute; u hem standard dekr&eacute;. Gorran&iacute; ziman u komellge pirosey&eacute;k&iacute; wushyarane ye (be bername u be fikir l&eacute;kirdinewe ye) bellam le heman katda, rewt&iacute; xorrisk&iacute; le her pirrosey&eacute;k&iacute; gorran da bed&iacute; dekr&eacute;. Bo w&eacute;ne b&eacute;t&uacute; n&uacute;ser&eacute;k c&iacute;rok&eacute;k&iacute; zor bash be ziman&eacute;k yan le hjey&eacute;k bin&uacute;s&eacute; shan u qursay&iacute; ew zimane yan lehjeye z&iacute;yatir deka u pile u payey berztir deka b&eacute; ewey bernamey bo ew mebeste b&uacute;b&eacute;.<\/p>\n<p> Bellam le peydab&uacute;n&iacute; ziman&iacute; standard da, dest t&eacute;werdan&iacute; wushyarane dewr&eacute;k&iacute; gir&iacute;ngtir le gorran&iacute; xorrisk&iacute; deg&eacute;rr&eacute;. Bo w&eacute;ne, le ziman&iacute; &Iacute;ngl&iacute;s&iacute; da, Samw&eacute;l Jansn be danan&iacute; ferheng&eacute;k le sall&iacute; 1755 da dewr&eacute;k&iacute; calakaney g&eacute;rra le standardikrdin&iacute; ew zimane be taybet r&eacute;n&uacute;sekey. Herweha, le pirrosey peyda b&uacute;n&iacute;y standard&eacute;k&iacute; niw&eacute; le ziman&iacute; &Iacute;ngl&iacute;s&iacute; da, wate standard&iacute; Emr&iacute;kay&iacute;, danan&iacute; ferheng&iacute; Webster le sal&iacute; 1828 da dewr&eacute;k&iacute; bercaw&iacute; g&eacute;rra. Le ezim&uacute;n&iacute; zimane standardekan da, nakok&iacute; u kok&iacute; heye le n&eacute;wan gorran&iacute; xorrisk&iacute; u wushyarane, u he&zwnj;r ziman&eacute;k p&eacute;wend&iacute; eu d&uacute; rewte be sh&eacute;wey&eacute;k r&eacute;k dexa. Bo w&eacute;ne, le Ferranse dewllet be damezrandin&iacute; ekad&eacute;m&iacute; ziman w&iacute;st&uacute;yet&iacute; bo gorran&iacute; xorrisk&iacute; ziman sin&uacute;r dabin&eacute; u ew ekad&iacute;m&iacute;ye wek dezgay bernamerronan&iacute; ziman&iacute; calak&iacute; bika. Be p&eacute;cewane, le &Iacute;nglstan u Emr&iacute;ka, standardikrdin be b&eacute; ekad&iacute;m&iacute; ziman ber&eacute;we c&uacute;we. Le Kurd&iacute;sh da (b&eacute;jgele Yek&eacute;t&iacute; Sov&eacute;t), erk&iacute; standard kirdin be b&eacute; bernamey&eacute;k&iacute; wushyarane yan be b&eacute; ekad&iacute;m&iacute; ziman ber&eacute;we c&uacute;we legell ewesh da jarubar dezgay&eacute;k yan kom&iacute;tey&eacute;k (bo w&eacute;ne le komar&iacute; Kurdistan da) bo ew mebeste p&eacute;k hat&uacute;we. Le Kurd&iacute; da, be taybet&iacute; le Kurdistan&iacute; &#8216;&Eacute;raq, ew erke zortir le ser shan&iacute; n&uacute;seran, werg&eacute;rran, rojhnamen&uacute;san, ferhe&zwnj;ng n&uacute;san u r&eacute;zimann&uacute;san u berr&eacute;weberan&iacute; radyokan b&uacute;we.<\/p>\n<p> Standard b&uacute;n, le gisht ziman&eacute;k da, pirrosey&eacute;k&iacute; natewawe le ber ewey ke ziman hem&uacute; kat&eacute; le gorran daye u kes natuwan&eacute; b&iacute;west&eacute;n&eacute;. Le kat&eacute;k da le sed sall&iacute; rabird&uacute; da ziman&iacute; Kurd&iacute; xebat&eacute;k&iacute; berdewam&iacute; bo standardb&uacute;n kird&uacute;we, le ziman&iacute; wek &#8216;Erreb&iacute; u Fars&iacute; u &Iacute;ngl&iacute;s&iacute; u Danmark&iacute; u Hulend&iacute; u Ellman&iacute; u Sw&eacute;d&iacute; da pirosey &quot;na-standardib&uacute;n&quot;** le arada b&uacute;we. Bo w&eacute;ne, ziman&iacute; Fars&iacute; kilas&iacute;k ke le H&iacute;nd&uacute;stane we he&zwnj;ta Bak&uacute;r&iacute; Efr&iacute;qa dekar dehat le Sedey B&iacute;st da s&eacute; standard&iacute; Taj&iacute;k&iacute; u Der&iacute; u Fars&iacute; l&eacute; peyda b&uacute;. Herweha ziman&iacute; &#8216;Erre b&iacute;sh cend standard&iacute; wek Mexir&iacute;b u Qah&iacute;re u Bexda u Dem&iacute;shq&iacute; l&eacute; wederkewit. Ziman&iacute; &Iacute;ngl&iacute;s&iacute;she, be cend standard&iacute; wek Emr&iacute;kay&iacute;, Usteral&iacute;yay&iacute;, H&iacute;nd&iacute;, Efr&iacute;qay&iacute;, u&#8230; dabesh b&uacute;we. Eger ziman hem&iacute;she le gor&iacute;n daye standard b&uacute;n&iacute; ziman&iacute;sh pirrosey&eacute;k&iacute; yekjarek&iacute; u heta hetay&iacute; n&iacute;ye. Standardb&uacute;n u nastandardib&uacute;n hawkat le aradan. Le heman katda ke ziman standard deb&eacute; pirrosey nastandard b&uacute;n, ja ci be x&eacute;ray&iacute; ci be espay&iacute;, le g&uacute;ran da de b&eacute;.<\/p>\n<p> Zimanekan be sh&eacute;wey&eacute;k&iacute; serbexo u le fezay&eacute;k&iacute; azad da berew standard b&uacute;n wer&eacute;nakewin. L&eacute;re da mebestim tenya desellat&iacute; dewllet&iacute; u s&iacute;yaset&iacute; zimankujh&iacute; dewlletekan n&iacute;ye. Mebestim zortir qursay&iacute; ferheng&iacute;&nbsp; zimanekane ke d&iacute;yare le desellat&iacute; dewllet&iacute; jw&eacute; nakr&eacute;tewe. Bo w&eacute;ne, ziman&iacute; Kurd&iacute; le Turk&iacute;ye u &#8216;&Eacute;raq u &Eacute;ran le barudox&iacute; de sellat&iacute; Fars&iacute;, Tirk&iacute; u &#8216;Erreb&iacute; da dest&iacute; be standard b&uacute;n kird u ewesh d&uacute; pirrosey le ruwallet da natebay hellkirdin u t&eacute;khellc&uacute;n&iacute; t&eacute;da kobotewe. Bo nim&uacute;ne,pet&iacute; kirdin&iacute; wushe, ke yek&eacute;k le rewtekan&iacute; standard kirdine, le Kurdistan&iacute; &#8216;&Eacute;raq zortir be paktawkirdin&iacute; wushey &#8216;Erreb&iacute; ber&eacute;we dec&eacute;, le &Eacute;ran be paktaw&iacute; Fars&iacute; u le Turk&iacute;ye be bijhar&iacute; wushey Tirk&iacute;. Le heman katda, wushe xuwastinewe lew zimanane dir&eacute;jhey heye. Xuwastinewey wushe, wek pet&iacute;kirdineke, k&eacute;shey&eacute;k&iacute; s&iacute;yas&iacute;ye u bernamey standard kirdin&iacute; tewaw alloz kird&uacute;we. Le Kurdistan&iacute; &#8216;&Eacute;raq zimanekeyan weber l&eacute;shaw&iacute; wushey Fars&iacute; dawe bellam sedan wushey xuwazraw u Kurd&iacute; kiraw&iacute; wek &quot;lehje&quot; paktaw dekr&eacute; u wushey &Iacute;ngl&iacute;s&iacute; &quot;d&iacute;yal&eacute;kit&quot;&iacute; le j&eacute;gey daden&eacute;n. Sercawey ew birryarane le berjhewend&iacute; s&iacute;yas&iacute; daye nek le xisllet&iacute; ziman, be gisht&iacute;, u ziman&iacute; Kurd&iacute;, be taybet&iacute;.<\/p>\n<p> Le ew cend nim&uacute;nane derdekew&eacute; ke her ziman&eacute;k hem le naw xoy da nakok&iacute; heye (wek fire lehjey&eacute;t&iacute; u s&iacute;yaset&iacute; jorawjor&iacute; wushe ronan) u hem le n&eacute;wan xoy u zimanekan&iacute; d&iacute; da (wek piley beh&eacute;z&iacute;y ziman&iacute; &#8216;Erreb&iacute; u Fars&iacute; u &Iacute;ngl&iacute;s&iacute; u b&eacute;h&eacute;z&iacute; n&iacute;sb&iacute; ziman&iacute; Kurd&iacute;). Zimanekan&iacute; dinya le yekitr hellnebirrawin u be tenyay&iacute; u be serbexoy&iacute; najh&iacute;n. Eger zimanekan le rabird&uacute;y d&uacute;r da be derya u uq&iacute;yan&uacute;s u qarre l&eacute;k jw&eacute; deb&uacute;newe, be peydab&uacute;n&iacute; n&iacute;zam&iacute; desmayedar&iacute; l&eacute;k niz&iacute;k b&uacute;newe u n&iacute;zam&eacute;k&iacute; ziman&iacute; yan s&iacute;st&iacute;m&eacute;k&iacute; ziman&iacute;yan p&eacute;k h&eacute;na. N&iacute;zam&iacute; ziman&iacute; bew me&#8217;naye ke zimanekan le d&uacute;r u niz&iacute;kewe kar dekene ser yekitr u be p&eacute;y pile u paye dabesh kirawin u her kamey le ast&eacute;k&iacute; berz&iacute; u nizm&iacute; desellat radewestin: ziman&iacute; gewre u bic&uacute;k, n&uacute;sraw u zarek&iacute;, resm&iacute; u naresm&iacute;, netewey&iacute; u nawcey&iacute;, standard u na standard, n&eacute;wnetewey&iacute; u netewey&iacute;, resm&iacute; u serkut kiraw, u htd.<\/p>\n<p> ** codification*<br \/> Ana.Dewimert and Wim Vandenbussche (edis.). Germanic Standardizations. Monash University\/Vrije Universitei Brussel\/FWO Vlaaderen, 2003<\/p>\n<p> <em>T&eacute;b&iacute;n&iacute;: besh&iacute; d&uacute;wem&iacute; witar&iacute; &quot; k&eacute;shey ziman&iacute; resm&iacute;y Kurd&iacute;&quot; mamosta Em&iacute;r&iacute; Hesenp&uacute;r be sipasewe le jhimarey 256y rojhnamey Rojhname laperrey 13&zwnj;, S&eacute;shemo 8-7-2008 werg&iacute;rawe<\/em><\/p>\n","protected":false},"excerpt":{"rendered":"<p>Em&iacute;r&iacute; Hesenp&uacute;r Besh&iacute; D&uacute; 2- Ziman&iacute; Standard u Standard Kirdin&iacute; Ziman: T&iacute;yor&iacute; u Pirat&iacute;k Standard b&uacute;n pirrosey&eacute;k&iacute; gorrankar&iacute; ziman&iacute; &ndash; komellayet&iacute;ye ke w&eacute;rray peyda b&uacute;n&iacute; netewe<span class=\"excerpt-hellip\"> [\u2026]<\/span><\/p>\n","protected":false},"author":1,"featured_media":359,"parent":0,"menu_order":0,"comment_status":"closed","ping_status":"closed","template":"","meta":{"footnotes":""},"categories":[],"tags":[],"class_list":["post-364","page","type-page","status-publish","has-post-thumbnail","hentry"],"_links":{"self":[{"href":"https:\/\/kurdishacademy.org\/index.php?rest_route=\/wp\/v2\/pages\/364","targetHints":{"allow":["GET"]}}],"collection":[{"href":"https:\/\/kurdishacademy.org\/index.php?rest_route=\/wp\/v2\/pages"}],"about":[{"href":"https:\/\/kurdishacademy.org\/index.php?rest_route=\/wp\/v2\/types\/page"}],"author":[{"embeddable":true,"href":"https:\/\/kurdishacademy.org\/index.php?rest_route=\/wp\/v2\/users\/1"}],"replies":[{"embeddable":true,"href":"https:\/\/kurdishacademy.org\/index.php?rest_route=%2Fwp%2Fv2%2Fcomments&post=364"}],"version-history":[{"count":0,"href":"https:\/\/kurdishacademy.org\/index.php?rest_route=\/wp\/v2\/pages\/364\/revisions"}],"wp:featuredmedia":[{"embeddable":true,"href":"https:\/\/kurdishacademy.org\/index.php?rest_route=\/"}],"wp:attachment":[{"href":"https:\/\/kurdishacademy.org\/index.php?rest_route=%2Fwp%2Fv2%2Fmedia&parent=364"}],"wp:term":[{"taxonomy":"category","embeddable":true,"href":"https:\/\/kurdishacademy.org\/index.php?rest_route=%2Fwp%2Fv2%2Fcategories&post=364"},{"taxonomy":"post_tag","embeddable":true,"href":"https:\/\/kurdishacademy.org\/index.php?rest_route=%2Fwp%2Fv2%2Ftags&post=364"}],"curies":[{"name":"wp","href":"https:\/\/api.w.org\/{rel}","templated":true}]}}