{"id":337,"date":"2008-06-27T08:45:03","date_gmt":"2008-06-27T08:45:03","guid":{"rendered":"http:\/\/localhost\/wp\/wordpress\/kishanewe-le-daxuwazinamey-be-standard-kirdini-sorani\/"},"modified":"2008-06-27T08:45:03","modified_gmt":"2008-06-27T08:45:03","slug":"kishanewe-le-daxuwazinamey-be-standard-kirdini-sorani","status":"publish","type":"page","link":"https:\/\/kurdishacademy.org\/?page_id=337","title":{"rendered":"Kishanewe Le Daxuwaz\u00ednamey Be Standard Kirdin\u00ed Soran\u00ed"},"content":{"rendered":"<p>Selah Ehmed (<em>Hawillat&iacute;, jhi <\/em><em>434,<\/em><em> 25\/6\/2008<\/em>)<br \/>\n<!--more--><\/p>\n<p>Selah Ehmed (<em>Hawillat&iacute;, jhi <\/em><em>434,<\/em><em> 25\/6\/2008<\/em>)<\/p>\n<p>Min ( Selah Ehmed) nawim xistib&uacute;we ser ew daxuwaz&iacute;nameyey ke le jh&eacute;r nawn&iacute;shan&iacute; &quot;Peyam&iacute; komell&eacute;k n&uacute;ser u ed&iacute;b u ekad&eacute;m&iacute;st&iacute; Kurd&quot; le laperrey 2 Hawlat&iacute; jhimare 415 le berwar&iacute; 20 N&iacute;san&iacute; 2008 da billaw kirayewe. Demew&eacute;t le r&eacute;gey em serinjewe u pesh&iacute;man&iacute; u her weha kishanewey xom le daxuwaz&iacute;nameke rabigeyenim. Daxuwaz&iacute;nameke le r&uacute;y sh&eacute;waz u nawerokewe zor k&eacute;sheam&iacute;ze, bellam l&eacute;re da tenya amajhe be cend hoyek&iacute; serek&iacute; dekem bo kishanewekem:<\/p>\n<ol>\n<li>Babet&iacute; ziman&iacute; resm&iacute; p&eacute;w&iacute;st&iacute; be p&eacute;khatin&iacute; firawantir u l&eacute;koll&iacute;newey q&uacute;lltir heye u ew jore karesh be h&eacute;ze siyasiyekan nakir&eacute;t u bigire kar&iacute; ewan&iacute;sh niye lem qonaxe da. Ewey j&eacute;gay serinje dawxuwaz&iacute;nameke p&eacute;khatin&eacute;k&iacute; firawan&iacute; nexist&uacute;wete r&uacute; sebaret be dawxuwaziyeke. Bo nim&uacute;ne dawxuwaz&iacute;nameke p&eacute;khatin&iacute; sh&eacute;wezarekan&iacute; Kirmanj&iacute; u Goran&iacute; u Lurr&iacute; p&eacute;shannadat ta daxuwaziyeke hend&eacute;k rewayet&iacute; werbigir&eacute;t. Gerc&iacute; surusht&iacute; daxuwaziyeke, ke daway serdest kirdin&iacute; sh&eacute;wezar&eacute;k&iacute; d&iacute;yar&iacute;kiraw dekat, merj niye giring b&eacute;t ta kes le ser&iacute; p&eacute;kb&eacute;t.<\/li>\n<li>Birryar&iacute; &quot; standard kirdin&iacute; &quot; Soran&iacute; be tenya serdestkirdin&iacute; Soran&iacute; niye be ser sh&eacute;wezarekan&iacute; d&iacute;ke da, bellk&uacute; birryar&iacute; serdestkirdin&iacute; n&uacute;s&iacute;n&iacute;she be p&iacute;t&iacute; &#8216;Erreb&iacute; le bat&iacute; Lat&iacute;n&iacute;. Em k&eacute;sheye jige le alloziyekan&iacute; u kurdnas&iacute;, peywend&iacute; be serdestkirdin&iacute; siyas&iacute;aney girup&eacute;k le xellkewe heye be ser gir&uacute;pekan&iacute; d&iacute;key xellkda le Kurdistan le ser binemay sh&eacute;wezar. Serdestkirdin&iacute; her sh&eacute;wezar&eacute;k seretay narrewayet&iacute; u nayeksan&iacute; z&iacute;yatir&iacute; &iacute;nsan&iacute; u kult&uacute;r&iacute; u siyas&iacute; u ab&uacute;r&iacute; deh&eacute;n&eacute;te arawe le n&eacute;wan dan&iacute;sht&uacute;wan&iacute; nawce j&iacute;yaj&iacute;yakan&iacute; Kurdistanda.<\/li>\n<li>[4] Le ber ewey ke ew k&eacute;sheye peywend&iacute; be maf u be yeksan&iacute; u be azadiyewe heye, p&eacute;mbashe xom nexeme ber ew berpirsiyar&eacute;tiye narr&uacute;ne weke daxuwaz&iacute;nameke deyh&eacute;n&eacute;te arawe. Zanyariyek&iacute; serek&iacute; derbarey ew base eweye ke h&iacute;c sh&eacute;wezar&eacute;k niye h&iacute;c&iacute; le sh&eacute;wezar&eacute;k&iacute; d&iacute;ke z&iacute;yatir b&eacute;t ta bikir&eacute;t be ziman&iacute; desellat&iacute; siyas&iacute; u &iacute;dar&iacute;. Duwajar madam xellk&eacute;k hen be Kirmanj&iacute; yan Goran&iacute; yan Lurr&iacute; yan Zazak&iacute; u yan sh&eacute;wezar&iacute; d&iacute;ke qise deken, erk&iacute; desellat&iacute; &iacute;dar&iacute; u siyas&iacute; eweye r&eacute;z lew hemerrengiye bigir&eacute;t nek pakitaw&iacute; bikat. Giring&iacute; ziman eweye ke ziman&iacute; dayke bo xellk&eacute;k&iacute; d&iacute;yar&iacute;kiraw, nek ewey ke aya Qaz&iacute; Mihemed yan Mistefa Barzan&iacute; qiseyan p&eacute;kirduwe yan nekirduwe.<\/li>\n<li>Eger dawayek heb&eacute;t le barey zimanewe ke le siyasiyekan u perlemantare Kurdekan bikir&eacute;t, desh&eacute;t ewe b&eacute;t ke birr&eacute;k &#8216;ez&eacute;t bik&eacute;shin be bash&iacute; xoyan f&eacute;r&iacute; ziman&iacute; Kurd&iacute; biken, ja her yek le sh&eacute;wezarekan&iacute; Kurd&iacute; b&eacute;t.<\/li>\n<\/ol>\n<p><em>T&eacute;b&iacute;n&iacute; : ew r&uacute;nkirdinewey berr&eacute;z Selah Ahmed le jhimarey 434 &iacute; Hawillat&iacute; cuwarsheme 25\/6\/2008 laperrey 2 da billawkirawetewe. Em deqe le <a href=\"http:\/\/ruwange.blogspot.com\">w&eacute;bn&uacute;s&iacute; Ruwange<\/a> werg&iacute;rawe u h&eacute;nirawete ser r&eacute;n&uacute;s&iacute; Yekgirt&uacute; <\/em><\/p>\n","protected":false},"excerpt":{"rendered":"<p>Selah Ehmed (Hawillat&iacute;, jhi 434, 25\/6\/2008)<\/p>\n","protected":false},"author":1,"featured_media":0,"parent":0,"menu_order":0,"comment_status":"closed","ping_status":"closed","template":"","meta":{"footnotes":""},"categories":[],"tags":[],"class_list":["post-337","page","type-page","status-publish","hentry"],"_links":{"self":[{"href":"https:\/\/kurdishacademy.org\/index.php?rest_route=\/wp\/v2\/pages\/337","targetHints":{"allow":["GET"]}}],"collection":[{"href":"https:\/\/kurdishacademy.org\/index.php?rest_route=\/wp\/v2\/pages"}],"about":[{"href":"https:\/\/kurdishacademy.org\/index.php?rest_route=\/wp\/v2\/types\/page"}],"author":[{"embeddable":true,"href":"https:\/\/kurdishacademy.org\/index.php?rest_route=\/wp\/v2\/users\/1"}],"replies":[{"embeddable":true,"href":"https:\/\/kurdishacademy.org\/index.php?rest_route=%2Fwp%2Fv2%2Fcomments&post=337"}],"version-history":[{"count":0,"href":"https:\/\/kurdishacademy.org\/index.php?rest_route=\/wp\/v2\/pages\/337\/revisions"}],"wp:attachment":[{"href":"https:\/\/kurdishacademy.org\/index.php?rest_route=%2Fwp%2Fv2%2Fmedia&parent=337"}],"wp:term":[{"taxonomy":"category","embeddable":true,"href":"https:\/\/kurdishacademy.org\/index.php?rest_route=%2Fwp%2Fv2%2Fcategories&post=337"},{"taxonomy":"post_tag","embeddable":true,"href":"https:\/\/kurdishacademy.org\/index.php?rest_route=%2Fwp%2Fv2%2Ftags&post=337"}],"curies":[{"name":"wp","href":"https:\/\/api.w.org\/{rel}","templated":true}]}}