{"id":331,"date":"2008-06-23T21:34:06","date_gmt":"2008-06-23T21:34:06","guid":{"rendered":"http:\/\/localhost\/wp\/wordpress\/veguherandina-nusini-kurdi-be-renusi-erebi-bo-yekgirtu\/"},"modified":"2008-06-23T21:34:06","modified_gmt":"2008-06-23T21:34:06","slug":"veguherandina-nusini-kurdi-be-renusi-erebi-bo-yekgirtu","status":"publish","type":"page","link":"https:\/\/kurdishacademy.org\/?page_id=331","title":{"rendered":"Veguherandina n\u00fas\u00edn\u00ed Kurd\u00ed be r\u00e9n\u00fas\u00ed Ereb\u00ed bo Yekgirt\u00fa"},"content":{"rendered":"<p><FORM ACTION=\"<? echo $PHP_SELF ?>&#8221; METHOD=&#8221;POST&#8221;><br \/>\n    <textarea id=\"textarea\" cols=80 rows=10 name=\"ArabicText\" wrap=virtual dir=rtl title=\"Paste your Kurdo-Arabic text here and the click to convert  \u0646\u0648\u0633\u06cc\u0646\u0647\u200c\u0643\u0647\u200c \u0644\u06ce\u0631\u0647 \u062f\u0627\u0646\u0647 \u0648 \u062f\u0648\u0627\u06cc\u06cc \u0628\u0634\u06cc\u0628\u0647\"><? print ($_POST[\"ArabicText\"]) ?><\/textarea><br \/>\n    <INPUT TYPE=\"submit\" value=\"Bish\u00edne\" title=\"click to Convert\" width=\"70\"><\/p>\n<p>  <\/FORM><br \/>\n<\/center><\/p>\n<p>  <?php\n\tif(isset($_POST[ArabicText])) {\n\t\n\techo \"\n\n<p>Em rajheye le est\u00ed bizmandine, tikaye her hell\u00e9k\u00edtan b\u00edn\u00ed peywend\u00ed be KAL biken.<\/p>\n<p>&#8220;;<\/p>\n<p>\t#$ArabicText = $_POST[&#8216;ArabicText&#8217;];<br \/>\n\t$ArabicText = stripslashes($ArabicText); # added by DR<\/p>\n<p>\t# Ersetzungen<br \/>\n\tinclude (&#8220;alphabet.php&#8221;);<br \/>\n\t$StageOne \t\t= strtr($ArabicText,$alphabet1);<br \/>\n\t$StageTwo \t\t= strtr($StageOne, \t$alphabet2);<br \/>\n\t$StageThree \t= strtr($StageTwo, \t$alphabet3);<br \/>\n\t$StageFour \t\t= strtr($StageThree,$alphabet4);<\/p>\n<p>\techo &#8220;<center>&#8220;;<br \/>\n\techo &#8220;<font face=\\\"Tahoma, DejaVu Sans, Unikurd Web \\\">&#8220;;<br \/>\n\techo &#8220;<\/p>\n<table style=\\\"text-align: left; width: 90%;\\\" border=\\\"0\\\"\";\n\techo \" cellpadding=10 cellspacing=2>&#8220;;<br \/>\n\techo &#8221;  <\/p>\n<tbody>&#8220;;<br \/>\n\techo &#8221;    <\/p>\n<tr>&#8220;;<br \/>\n\techo &#8221;      <\/p>\n<td dir=ltr align=left bgcolor=#ffffff><b>Babeteke be r\u00e9n&uacute;s\u00ed Yekgirt&uacute;<\/td>\n<p>&#8220;; #added by DR<br \/>\n\techo &#8221;      <\/p>\n<td dir=rtl align=right><b>\u0628\u0627\u0628\u0647\u200c\u062a\u0647\u200c\u0643\u0647 \u0647\u0647\u200c\u0631 \u0648\u0647\u200c\u0643 \u062e\u06c6\u06cc<\/b><\/td>\n<p>&#8220;; #added by DR<br \/>\n\techo &#8221;    <\/tr>\n<p>&#8220;;<br \/>\n\techo &#8221;    <\/p>\n<tr>&#8220;;<br \/>\n\techo &#8221;      <\/p>\n<td dir=ltr align=left>&#8220;;<br \/>\n\techo nl2br($StageFour), &#8220;<\/td>\n<p>&#8220;;<br \/>\n\techo &#8221;      <\/p>\n<td dir=rtl align=right>&#8220;;<br \/>\n\t#echo nl2br($_POST[&#8216;ArabicText&#8217;]), &#8220;<\/td>\n<p>&#8220;;<br \/>\n\techo nl2br($ArabicText), &#8220;<\/td>\n<p>&#8220;; #added by DR<br \/>\n\techo &#8221;    <\/tr>\n<p>&#8220;;<br \/>\n\techo &#8221;  <\/tbody>\n<p>&#8220;;<br \/>\n\techo &#8220;<\/table>\n<p>&#8220;;<br \/>\n\techo &#8220;<\/center>&#8220;;<\/p>\n<p>\t}<br \/>\n?>\u200c<br \/>\n<!--more--><br \/>\n<FORM ACTION=\"<? echo $PHP_SELF ?>&#8221; METHOD=&#8221;POST&#8221;><br \/>\n    <textarea id=\"textarea\" cols=80 rows=10 name=\"ArabicText\" wrap=virtual dir=rtl title=\"Paste your Kurdo-Arabic text here and the click to convert  \u0646\u0648\u0633\u06cc\u0646\u0647\u200c\u0643\u0647\u200c \u0644\u06ce\u0631\u0647 \u062f\u0627\u0646\u0647 \u0648 \u062f\u0648\u0627\u06cc\u06cc \u0628\u0634\u06cc\u0628\u0647\"><? print ($_POST[\"ArabicText\"]) ?><\/textarea><br \/>\n    <INPUT TYPE=\"submit\" value=\"Bish\u00edne\" title=\"click to Convert\" width=\"70\"><\/p>\n<p>  <\/FORM><br \/>\n<\/center><\/p>\n<p>  <?php\n\tif(isset($_POST[ArabicText])) {\n\t\n\techo \"\n\n<p>Em rajheye le est\u00ed bizmandine, tikaye her hell\u00e9k\u00edtan b\u00edn\u00ed peywend\u00ed be KAL biken.<\/p>\n<p>&#8220;;<\/p>\n<p>\t#$ArabicText = $_POST[&#8216;ArabicText&#8217;];<br \/>\n\t$ArabicText = stripslashes($ArabicText); # added by DR<\/p>\n<p>\t# Ersetzungen<br \/>\n\tinclude (&#8220;alphabet.php&#8221;);<br \/>\n\t$StageOne \t\t= strtr($ArabicText,$alphabet1);<br \/>\n\t$StageTwo \t\t= strtr($StageOne, \t$alphabet2);<br \/>\n\t$StageThree \t= strtr($StageTwo, \t$alphabet3);<br \/>\n\t$StageFour \t\t= strtr($StageThree,$alphabet4);<\/p>\n<p>\techo &#8220;<center>&#8220;;<br \/>\n\techo &#8220;<font face=\\\"Tahoma, DejaVu Sans, Unikurd Web \\\">&#8220;;<br \/>\n\techo &#8220;<\/p>\n<table style=\\\"text-align: left; width: 90%;\\\" border=\\\"0\\\"\";\n\techo \" cellpadding=10 cellspacing=2>&#8220;;<br \/>\n\techo &#8221;  <\/p>\n<tbody>&#8220;;<br \/>\n\techo &#8221;    <\/p>\n<tr>&#8220;;<br \/>\n\techo &#8221;      <\/p>\n<td dir=ltr align=left bgcolor=#ffffff><b>Babeteke be r\u00e9n&uacute;s\u00ed Yekgirt&uacute;<\/td>\n<p>&#8220;; #added by DR<br \/>\n\techo &#8221;      <\/p>\n<td dir=rtl align=right><b>\u0628\u0627\u0628\u0647\u200c\u062a\u0647\u200c\u0643\u0647 \u0647\u0647\u200c\u0631 \u0648\u0647\u200c\u0643 \u062e\u06c6\u06cc<\/b><\/td>\n<p>&#8220;; #added by DR<br \/>\n\techo &#8221;    <\/tr>\n<p>&#8220;;<br \/>\n\techo &#8221;    <\/p>\n<tr>&#8220;;<br \/>\n\techo &#8221;      <\/p>\n<td dir=ltr align=left>&#8220;;<br \/>\n\techo nl2br($StageFour), &#8220;<\/td>\n<p>&#8220;;<br \/>\n\techo &#8221;      <\/p>\n<td dir=rtl align=right>&#8220;;<br \/>\n\t#echo nl2br($_POST[&#8216;ArabicText&#8217;]), &#8220;<\/td>\n<p>&#8220;;<br \/>\n\techo nl2br($ArabicText), &#8220;<\/td>\n<p>&#8220;; #added by DR<br \/>\n\techo &#8221;    <\/tr>\n<p>&#8220;;<br \/>\n\techo &#8221;  <\/tbody>\n<p>&#8220;;<br \/>\n\techo &#8220;<\/table>\n<p>&#8220;;<br \/>\n\techo &#8220;<\/center>&#8220;;<\/p>\n<p>\t}<br \/>\n?>\u200c<\/p>\n","protected":false},"excerpt":{"rendered":"","protected":false},"author":1,"featured_media":0,"parent":0,"menu_order":0,"comment_status":"closed","ping_status":"closed","template":"","meta":{"footnotes":""},"categories":[],"tags":[],"class_list":["post-331","page","type-page","status-publish","hentry"],"_links":{"self":[{"href":"https:\/\/kurdishacademy.org\/index.php?rest_route=\/wp\/v2\/pages\/331","targetHints":{"allow":["GET"]}}],"collection":[{"href":"https:\/\/kurdishacademy.org\/index.php?rest_route=\/wp\/v2\/pages"}],"about":[{"href":"https:\/\/kurdishacademy.org\/index.php?rest_route=\/wp\/v2\/types\/page"}],"author":[{"embeddable":true,"href":"https:\/\/kurdishacademy.org\/index.php?rest_route=\/wp\/v2\/users\/1"}],"replies":[{"embeddable":true,"href":"https:\/\/kurdishacademy.org\/index.php?rest_route=%2Fwp%2Fv2%2Fcomments&post=331"}],"version-history":[{"count":0,"href":"https:\/\/kurdishacademy.org\/index.php?rest_route=\/wp\/v2\/pages\/331\/revisions"}],"wp:attachment":[{"href":"https:\/\/kurdishacademy.org\/index.php?rest_route=%2Fwp%2Fv2%2Fmedia&parent=331"}],"wp:term":[{"taxonomy":"category","embeddable":true,"href":"https:\/\/kurdishacademy.org\/index.php?rest_route=%2Fwp%2Fv2%2Fcategories&post=331"},{"taxonomy":"post_tag","embeddable":true,"href":"https:\/\/kurdishacademy.org\/index.php?rest_route=%2Fwp%2Fv2%2Ftags&post=331"}],"curies":[{"name":"wp","href":"https:\/\/api.w.org\/{rel}","templated":true}]}}