{"id":324,"date":"2008-06-08T11:22:44","date_gmt":"2008-06-08T11:22:44","guid":{"rendered":"http:\/\/localhost\/wp\/wordpress\/duwanze-suwarey-meriwan\/"},"modified":"2018-10-26T08:39:46","modified_gmt":"2018-10-26T08:39:46","slug":"duwanze-suwarey-meriwan","status":"publish","type":"page","link":"https:\/\/kurdishacademy.org\/?page_id=324","title":{"rendered":"Duwanze suwarey Mer\u00edwan"},"content":{"rendered":"<h3 align=\"center\">Duwanze suwarey Mer\u00edwan<\/h3>\n<p align=\"justify\"><span style=\"color: #800000;\">C\u00edrok\u00ed folklor\u00ed Kurd\u00ed,<br \/>\ndubare n\u00fas\u00ed be p\u00edt\u00ed Yekgirt\u00fa le layen D\u00edlan Roshin\u00ed<\/span><\/p>\n<p><!--more--><\/p>\n<h3 align=\"center\">Duwanze suwarey Mer\u00edwan<\/h3>\n<p align=\"justify\"><span style=\"color: #800000;\">C\u00edrok\u00ed folklor\u00ed Kurd\u00ed,<br \/>\ndubare n\u00fas\u00ed be p\u00edt\u00ed Yekgirt\u00fa le layen D\u00edlan Roshin\u00ed<\/span><\/p>\n<p align=\"justify\">Eg\u00e9rrinewe ke le zeman\u00ed hakim\u00e9t\u00ed \u00cdbrayim Pashai Bebeda, ke ew hele le Qella Cuwalan da nishtibu, Nadir Shai \u00c9ran be leshkir\u00e9k\u00ed duwanze hezar kes\u00edyewe wistibuy be ser willat\u00ed Bebeda ra b\u00far\u00e9 bic\u00e9te ser shar\u00ed M\u00fasill, ke ew deme be des Tirkekanewe buwe. Nadir Sha xeber\u00e9k\u00ed nardibu bo Brayim ke r\u00e9gay bidat\u00e9 be ser willat\u00ed Kurdekana bic\u00e9te ser M\u00fasill, ke b\u00edgr\u00e9. \u00cdbrayim Pasha lew serdemeda legell Tirkekan dost bu. Jige leme be sh\u00edn\u00ed ezan\u00ed ke leshkr\u00ed b\u00e9gane be ser willatya birrwa. Em tekl\u00edfey pesend nekird, cwab\u00ed narrezay\u00ed bo Nadir Sha nardewe. Nadir Sha le ser eme zor dillg\u00edr u z\u00far bu, u wit\u00ed: &#8220;Her eb\u00e9 be ser willat\u00ed Bebeda birrom.&#8221; We bem jore qerar\u00ed da.<\/p>\n<div align=\"right\"><img loading=\"lazy\" decoding=\"async\" class=\" alignright size-full wp-image-322\" src=\"http:\/\/localhost\/wp\/wordpress\/wp-content\/uploads\/2008\/06\/meriwan-01.jpg\" alt=\"Duwanze Suwarey Mer\u00edwan\" width=\"179\" height=\"256\" align=\"right\" border=\"0\" hspace=\"10\" vspace=\"10\" \/><\/div>\n<p align=\"justify\">\u00cdbrayim Pasha xeber\u00ed wer girtibu ke ci rojh\u00e9 \u00c9raniyekan hereket eken. Desubird leshkr\u00e9k ke be destewe eb\u00e9 koy ekatewe. Duwanze suwar ke zor dinyad\u00ed u sharreza bun kirdn\u00ed be p\u00e9sh r\u00e9w\u00ed em leshkirey xoy. Emane le p\u00e9sh leshkirekewe be xar erron we le n\u00edwey shewda egene leshkrekey Nadir Sha, ke le desht\u00ed Mer\u00edwan hellan da bu. Her duwan duwan u s\u00e9yan s\u00e9yan ebine destey\u00e9k, le rast u cep u pisht u p\u00e9sh dewrey leshkireke eden, we le hem\u00fa layekewe eykene hera u desrr\u00e9jh.<\/p>\n<p align=\"justify\">Be hellkewt ew shewe zor tar\u00edk u n\u00fatek u befr u baran eb\u00e9. Be ceshn\u00e9k seryan l\u00e9 esh\u00e9w\u00e9nin ke leshkireke wa ezanin ke quwet\u00e9k\u00ed zor dewrey dawin. Be reng\u00e9k\u00ed wa sh\u00e9wan ke dost u dijhminyan p\u00e9 l\u00e9k nekirayewe. Pelamar\u00ed yektir eden. Ew shewe ta ber\u00ed beyan le naw xoyana le yektir kushtar eken. Qelacoyan xistanaw xoyan.<\/p>\n<p><img loading=\"lazy\" decoding=\"async\" class=\" alignleft size-full wp-image-323\" src=\"http:\/\/localhost\/wp\/wordpress\/wp-content\/uploads\/2008\/06\/meriwan-02.jpg\" alt=\"Duwanze Suwarey Mer\u00edwan\" width=\"256\" height=\"192\" align=\"left\" border=\"1\" hspace=\"10\" vspace=\"10\" \/><\/p>\n<p>&nbsp;<\/p>\n<p>&nbsp;<\/p>\n<p>Ke dinya r\u00fanak eb\u00e9tewe eb\u00ednin ke gelekyan le yektir kushtuwe, zor shpirze bun we pelupoy hereket u h\u00e9z\u00ed beramber westanyan nemawe; be nacar\u00ed egerr\u00e9newe duwawe.<\/p>\n<p align=\"justify\">Em azay\u00edye her le layen\u00ed em duwanze suwarewe kirawe. Hele ke leshkrekey \u00cdbrayim Pasha egat, temasha eken ke leshkir\u00ed \u00c9ran h\u00edcyan nemawe u zor p\u00e9yan naxosh eb\u00e9 ke be ser hewar\u00ed c\u00fall egen.<\/p>\n","protected":false},"excerpt":{"rendered":"<p>Duwanze suwarey Mer\u00edwan C\u00edrok\u00ed folklor\u00ed Kurd\u00ed, dubare n\u00fas\u00ed be p\u00edt\u00ed Yekgirt\u00fa le layen D\u00edlan Roshin\u00ed<\/p>\n","protected":false},"author":1,"featured_media":322,"parent":0,"menu_order":0,"comment_status":"closed","ping_status":"closed","template":"","meta":{"footnotes":""},"categories":[],"tags":[],"class_list":["post-324","page","type-page","status-publish","has-post-thumbnail","hentry"],"_links":{"self":[{"href":"https:\/\/kurdishacademy.org\/index.php?rest_route=\/wp\/v2\/pages\/324","targetHints":{"allow":["GET"]}}],"collection":[{"href":"https:\/\/kurdishacademy.org\/index.php?rest_route=\/wp\/v2\/pages"}],"about":[{"href":"https:\/\/kurdishacademy.org\/index.php?rest_route=\/wp\/v2\/types\/page"}],"author":[{"embeddable":true,"href":"https:\/\/kurdishacademy.org\/index.php?rest_route=\/wp\/v2\/users\/1"}],"replies":[{"embeddable":true,"href":"https:\/\/kurdishacademy.org\/index.php?rest_route=%2Fwp%2Fv2%2Fcomments&post=324"}],"version-history":[{"count":1,"href":"https:\/\/kurdishacademy.org\/index.php?rest_route=\/wp\/v2\/pages\/324\/revisions"}],"predecessor-version":[{"id":2718,"href":"https:\/\/kurdishacademy.org\/index.php?rest_route=\/wp\/v2\/pages\/324\/revisions\/2718"}],"wp:featuredmedia":[{"embeddable":true,"href":"https:\/\/kurdishacademy.org\/index.php?rest_route=\/"}],"wp:attachment":[{"href":"https:\/\/kurdishacademy.org\/index.php?rest_route=%2Fwp%2Fv2%2Fmedia&parent=324"}],"wp:term":[{"taxonomy":"category","embeddable":true,"href":"https:\/\/kurdishacademy.org\/index.php?rest_route=%2Fwp%2Fv2%2Fcategories&post=324"},{"taxonomy":"post_tag","embeddable":true,"href":"https:\/\/kurdishacademy.org\/index.php?rest_route=%2Fwp%2Fv2%2Ftags&post=324"}],"curies":[{"name":"wp","href":"https:\/\/api.w.org\/{rel}","templated":true}]}}