{"id":284,"date":"2008-06-01T23:12:53","date_gmt":"2008-06-01T23:12:53","guid":{"rendered":"http:\/\/localhost\/wp\/wordpress\/existing-kurdish-alphabets\/"},"modified":"2022-02-03T19:24:36","modified_gmt":"2022-02-03T19:24:36","slug":"existing-kurdish-alphabets","status":"publish","type":"page","link":"https:\/\/kurdishacademy.org\/?page_id=284","title":{"rendered":"Current Practised Kurdish alphabets"},"content":{"rendered":"<p>[vc_row 0=&#8221;&#8221;][vc_column][vc_column_text 0=&#8221;&#8221;]<\/p>\n<p class=\"rtecenter\" style=\"text-align: center;\"><b>J\u00farey P\u00edtekan\u00ed Alfab\u00e9y (Elfub\u00e9y \u0626\u0647\u200c\u0644\u0641\u0648\u0628\u06ce) Kurd\u00ed<\/b><\/p>\n<p>It is frequently stated that current Kurdish writing systems have numerous flaws. Workability, cross-dialectal usage, and a lack of International IT-based Standards and representation for Kurdish are among them. To avoid the communication challenges posed by the existence of various Kurdish writing systems, this writer&#8217;s organisation developed a <a href=\"https:\/\/kurdishacademy.org\/?p=111\">Kurdish Unified Alphabet (KUAL) or Yekgirt\u00fa<\/a> that is based on International ISO-8859-1 Standards code making and enabled by most common Unicode code presenting. This modern Kurdish (IS) alphabet incorporated minor changes to the existing Latin-based alphabet, as well as new signs. The new signs were added to improve the flexibility of the Kurdish writing system. The new signs were added to improve the flexibility of the Kurdish writing system. This effort was made as part of KAL&#8217;s larger effort to revitalise and promote the use of the Kurdish language for the benefit of the next generation of Kurds. KAL&#8217;s system was designed and presented to be simple and adequate for communicating via the Internet and other electronic media. This proposal&#8217;s viability is explained in a <a href=\"https:\/\/kurdishacademy.org\/?p=3064\" rel=\"noopener\">Kurdish Orthography Timeline<\/a>, which dates back to the 1780s. (For a timeline of Kurdish orthography, <a href=\"https:\/\/kurdishacademy.org\/?p=3064\" rel=\"nofollow noopener\">See A Kurdish Orthography TIMELINE<\/a>)<\/p>\n<table style=\"height: 1146px;\" border=\"1\" width=\"724\" cellspacing=\"0\" cellpadding=\"2\" align=\"center\">\n<tbody>\n<tr>\n<td align=\"center\" valign=\"middle\" bgcolor=\"#999900\" width=\"23%\"><b title=\"The Unified Kurdish Alphabet\"><span style=\"color: #000000;\">KUAL &#8211; Yekgirt\u00fa <\/span><\/b><br \/>\n<b title=\"The Unified Kurdish Alphabet\"><span style=\"color: #000000;\">(Unified Kurdish)<\/span><\/b><\/td>\n<td align=\"center\" valign=\"middle\" bgcolor=\"#ffcc33\" width=\"24%\"><b><span style=\"color: #000000;\">North Kurdish<\/span><\/b><br \/>\n<b><span style=\"color: #000000;\">(Latin Kurmanj\u00ee)<\/span><\/b><\/td>\n<td align=\"center\" valign=\"middle\" bgcolor=\"#ff0000\" width=\"24%\"><b><span style=\"color: #000000;\">North Kurdish<\/span><\/b><br \/>\n<b><span style=\"color: #000000;\">(Cyrillic Kurmanj\u00ed)<\/span><\/b><\/td>\n<td align=\"center\" valign=\"middle\" bgcolor=\"#339900\" width=\"29%\"><b><span style=\"color: #000000;\" title=\"Central Kurdish; modified Arabic script\">Central Kurdish<\/span><\/b><br \/>\n<b><span style=\"color: #000000;\" title=\"Central Kurdish; modified Arabic script\">(Soran\u00ed &#8211; modified Arabic)<\/span><\/b><\/td>\n<\/tr>\n<tr>\n<td align=\"center\" valign=\"middle\"><b>A \u00a0 a<\/b><\/td>\n<td align=\"center\" valign=\"middle\"><b>A \u00a0 a<\/b><\/td>\n<td align=\"center\" valign=\"middle\"><b>A \u00a0 a<\/b><\/td>\n<td align=\"center\" valign=\"middle\"><b dir=\"rtl\">\u0626\u0627 \u00a0 \u0640\u0627 \u00a0 \u0627<\/b><\/td>\n<\/tr>\n<tr>\n<td align=\"center\" valign=\"middle\"><b>B \u00a0 b<\/b><\/td>\n<td align=\"center\" valign=\"middle\"><b>B \u00a0 b<\/b><\/td>\n<td align=\"center\" valign=\"middle\"><b>\u0411 \u00a0 \u0431 <\/b><\/td>\n<td align=\"center\" valign=\"middle\"><strong>\u0628 \u00a0 \u0640\u0628\u0640 \u00a0 \u0640\u0628 \u00a0 \u0628\u0640 <\/strong><\/td>\n<\/tr>\n<tr>\n<td align=\"center\" valign=\"middle\"><b>C \u00a0 c<\/b><\/td>\n<td align=\"center\" valign=\"middle\"><b>\u00c7 \u00a0 \u00e7<\/b><\/td>\n<td align=\"center\" valign=\"middle\"><b>\u0427 \u00a0 \u0447 <\/b><\/td>\n<td align=\"center\" valign=\"middle\"><strong>\u0686 \u00a0 \u0640\u0686 \u00a0 \u0640\u0686\u0640 \u00a0 \u0686\u0640 <\/strong><\/td>\n<\/tr>\n<tr>\n<td align=\"center\" valign=\"middle\"><b>D d <\/b><\/td>\n<td align=\"center\" valign=\"middle\"><b>D d <\/b><\/td>\n<td align=\"center\" valign=\"middle\"><b>\u0414 \u00a0 \u0434 <\/b><\/td>\n<td align=\"center\" valign=\"middle\"><b>\u062f \u00a0 \u0640\u0640\u062f<\/b><\/td>\n<\/tr>\n<tr>\n<td align=\"center\" valign=\"middle\"><b>E e <\/b><\/td>\n<td align=\"center\" valign=\"middle\"><b>E e<\/b><\/td>\n<td align=\"center\" valign=\"middle\"><b>\u04d8 \u00a0 \u04d9 <\/b><\/td>\n<td align=\"center\" valign=\"middle\"><b>\u06d5 \u00a0 \u0640\u0647 \u00a0 \u0626\u06d5 <\/b><\/td>\n<\/tr>\n<tr>\n<td align=\"center\" valign=\"middle\"><b>\u00c9 \u00a0 \u00e9 <\/b><\/td>\n<td align=\"center\" valign=\"middle\"><b>\u00ca \u00a0 \u00ea<\/b><\/td>\n<td align=\"center\" valign=\"middle\"><b>E \u00a0 e\u00a0 (\u042d \u044d)<\/b><\/td>\n<td align=\"center\" valign=\"middle\"><b>\u06ce \u00a0 \u0640\u06ce \u00a0 \u0640\u06ce\u0640 \u00a0 \u06ce\u0640 \u00a0<\/b><b> \u0626\u06ce\u0640<\/b><\/td>\n<\/tr>\n<tr>\n<td align=\"center\" valign=\"middle\"><b>F \u00a0 f <\/b><\/td>\n<td align=\"center\" valign=\"middle\"><b>F \u00a0 f <\/b><\/td>\n<td align=\"center\" valign=\"middle\"><b>\u0424 \u00a0 \u0444 <\/b><\/td>\n<td align=\"center\" valign=\"middle\"><b>\u0641 \u00a0 \u0640\u0641 \u00a0 \u0640\u0641\u0640 \u00a0 \u0641\u0640 <\/b><\/td>\n<\/tr>\n<tr>\n<td align=\"center\" valign=\"middle\"><b>G \u00a0 g <\/b><\/td>\n<td align=\"center\" valign=\"middle\"><b>G \u00a0 g<\/b><\/td>\n<td align=\"center\" valign=\"middle\"><b>\u0413 \u00a0 \u0433 <\/b><\/td>\n<td align=\"center\" valign=\"middle\"><b>\u06af \u00a0 \u0640\u06af \u00a0 \u0640\u06af\u0640 \u00a0 \u06af\u0640\u0640 <\/b><\/td>\n<\/tr>\n<tr>\n<td align=\"center\" valign=\"middle\"><b>H \u00a0 h<\/b><\/td>\n<td align=\"center\" valign=\"middle\"><b>H \u00a0 h<\/b><\/td>\n<td align=\"center\" valign=\"middle\"><b>h \u00a0 h <\/b><\/td>\n<td align=\"center\" valign=\"middle\"><b>\u0647\u0640 \u00a0 \u0640\u0647\u0640 <\/b><\/td>\n<\/tr>\n<tr>\n<td align=\"center\" valign=\"middle\" height=\"25\"><b>I \u00a0 i <\/b><\/td>\n<td align=\"center\" valign=\"middle\" height=\"25\"><b>I \u00a0 i <\/b><\/td>\n<td align=\"center\" valign=\"middle\" height=\"25\"><b>\u042c\u00a0\u00a0 \u044c <\/b><\/td>\n<td align=\"center\" valign=\"middle\" height=\"25\"><b>\u0646\u0627 \u0646\u0648\u0633\u0631\u0649<\/b><\/td>\n<\/tr>\n<tr>\n<td align=\"center\" valign=\"middle\"><b>\u00cd \u00a0 \u00ed <\/b><\/td>\n<td align=\"center\" valign=\"middle\"><b>\u00ce \u00a0 \u00ee <\/b><\/td>\n<td align=\"center\" valign=\"middle\"><b>\u0418 \u00a0 \u0438 <\/b><\/td>\n<td align=\"center\" valign=\"middle\"><b>\u0649 \u00a0 \u0626\u0649 \u00a0 \u0640\u064a\u0640 \u00a0 \u064a\u0640 <\/b><\/td>\n<\/tr>\n<tr>\n<td align=\"center\" valign=\"middle\"><b>J \u00a0 j<\/b><\/td>\n<td align=\"center\" valign=\"middle\"><b>C \u00a0 c<\/b><\/td>\n<td align=\"center\" valign=\"middle\"><b>\u0429 \u00a0 \u0449 <\/b><\/td>\n<td align=\"center\" valign=\"middle\"><b>\u062c \u00a0 \u0640\u062c \u00a0 \u0640\u062c\u0640 \u00a0 \u062c\u0640 <\/b><\/td>\n<\/tr>\n<tr>\n<td align=\"center\" valign=\"middle\"><b>Jh \u00a0 jh <\/b><\/td>\n<td align=\"center\" valign=\"middle\"><b>J \u00a0 j <\/b><\/td>\n<td align=\"center\" valign=\"middle\"><b>\u0416 \u00a0 \u0436 <\/b><\/td>\n<td align=\"center\" valign=\"middle\"><b>\u0698 \u00a0 \u0640\u0698 \u00a0 <\/b><\/td>\n<\/tr>\n<tr>\n<td align=\"center\" valign=\"middle\"><b>K \u00a0 k <\/b><\/td>\n<td align=\"center\" valign=\"middle\"><b>K \u00a0 k <\/b><\/td>\n<td align=\"center\" valign=\"middle\"><b>\u041a \u00a0 \u043a <\/b><\/td>\n<td align=\"center\" valign=\"middle\"><b>\u06a9 \u00a0 \u0640\u06a9 \u00a0 \u0640\u06a9\u0640 \u00a0 \u06a9\u0640\u0640 <\/b><\/td>\n<\/tr>\n<tr>\n<td align=\"center\" valign=\"middle\"><b>L \u00a0 l<\/b><\/td>\n<td align=\"center\" valign=\"middle\"><b>L \u00a0 l<\/b><\/td>\n<td align=\"center\" valign=\"middle\"><b>\u041b \u00a0 \u043b <\/b><\/td>\n<td align=\"center\" valign=\"middle\"><b>\u0644 \u00a0 \u0640\u0644 \u00a0 \u0640\u0644\u0640 \u00a0 \u0644\u0640\u0640 <\/b><\/td>\n<\/tr>\n<tr>\n<td align=\"center\" valign=\"middle\" height=\"25\"><b>ll<\/b><\/td>\n<td title=\" Does not exist\" align=\"center\" valign=\"middle\" height=\"25\"><b>N\u00eene<\/b><\/td>\n<td align=\"center\" valign=\"middle\" height=\"25\"><b>\u041b\u2019\u00a0 \u043b\u2019<\/b><\/td>\n<td align=\"center\" valign=\"middle\" height=\"25\"><b>\u06b5 \u00a0 \u0640\u06b5 \u00a0 \u0640\u06b5\u0640 \u00a0 \u06b5\u0640\u0640 <\/b><\/td>\n<\/tr>\n<tr>\n<td align=\"center\" valign=\"middle\"><b>M \u00a0 m<\/b><\/td>\n<td align=\"center\" valign=\"middle\"><b>M \u00a0 m<\/b><\/td>\n<td align=\"center\" valign=\"middle\"><b>M \u00a0 \u043c <\/b><\/td>\n<td align=\"center\" valign=\"middle\"><b>\u0645 \u00a0 \u0640\u0645 \u00a0 \u0640\u0645\u0640 \u00a0 \u0645\u0640\u0640 <\/b><\/td>\n<\/tr>\n<tr>\n<td align=\"center\" valign=\"middle\"><b>N \u00a0 n<\/b><\/td>\n<td align=\"center\" valign=\"middle\"><b>N \u00a0 n<\/b><\/td>\n<td align=\"center\" valign=\"middle\">\u041d\u00a0 \u043d<\/td>\n<td align=\"center\" valign=\"middle\"><b>\u0646 \u00a0 \u0640\u0646 \u00a0 \u0640\u0646\u0640 \u00a0 \u0646\u0640\u0640 <\/b><\/td>\n<\/tr>\n<tr>\n<td align=\"center\" valign=\"middle\"><b>O \u00a0 o<\/b><\/td>\n<td align=\"center\" valign=\"middle\"><b>O \u00a0 o<\/b><\/td>\n<td align=\"center\" valign=\"middle\"><b>O \u00a0 o<\/b><\/td>\n<td align=\"center\" valign=\"middle\"><b>\u06c6 \u00a0 \u0640\u06c6 \u00a0 \u0626\u06c6 <\/b><\/td>\n<\/tr>\n<tr>\n<td align=\"center\" valign=\"middle\"><b>P \u00a0 p<\/b><\/td>\n<td align=\"center\" valign=\"middle\"><b>P \u00a0 p<\/b><\/td>\n<td align=\"center\" valign=\"middle\"><b>\u041f \u00a0 \u043f <\/b><\/td>\n<td align=\"center\" valign=\"middle\"><b>\u067e \u00a0 \u0640\u067e \u00a0 \u0640\u067e\u0640 \u00a0 \u067e\u0640\u0640 <\/b><\/td>\n<\/tr>\n<tr>\n<td align=\"center\" valign=\"middle\"><b>Q \u00a0 q<\/b><\/td>\n<td align=\"center\" valign=\"middle\"><b>Q \u00a0 q<\/b><\/td>\n<td align=\"center\" valign=\"middle\"><b>Q \u00a0 q<\/b><\/td>\n<td align=\"center\" valign=\"middle\"><b>\u0642 \u00a0 \u0640\u0642 \u00a0 \u0640\u0642\u0640 \u00a0 \u0642\u0640\u0640 <\/b><\/td>\n<\/tr>\n<tr>\n<td align=\"center\" valign=\"middle\"><b>R \u00a0 r<\/b><\/td>\n<td align=\"center\" valign=\"middle\"><b>R \u00a0 r<\/b><\/td>\n<td align=\"center\" valign=\"middle\"><b>\u0420\u00a0\u00a0 \u0440<\/b><\/td>\n<td align=\"center\" valign=\"middle\"><b>\u0631 \u00a0 \u0640\u0631 \u00a0 <\/b><\/td>\n<\/tr>\n<tr>\n<td align=\"center\" valign=\"middle\" height=\"25\"><b>rr<\/b><\/td>\n<td align=\"center\" valign=\"middle\" height=\"25\"><b>N\u00eene<\/b><\/td>\n<td align=\"center\" valign=\"middle\" height=\"25\"><b>\u0420\u2019\u00a0\u00a0 \u0440\u2019 <\/b><\/td>\n<td align=\"center\" valign=\"middle\" height=\"25\"><b>\u0695 \u00a0 \u0640\u0695<\/b><\/td>\n<\/tr>\n<tr>\n<td align=\"center\" valign=\"middle\"><b>S \u00a0 s<\/b><\/td>\n<td align=\"center\" valign=\"middle\"><b>S \u00a0 s<\/b><\/td>\n<td align=\"center\" valign=\"middle\"><b>C \u00a0 c<\/b><\/td>\n<td align=\"center\" valign=\"middle\"><b>\u0633 \u00a0 \u0640\u0633 \u00a0 \u0640\u0633\u0640 \u00a0 \u0633\u0640\u0640 <\/b><\/td>\n<\/tr>\n<tr>\n<td align=\"center\" valign=\"middle\"><b>Sh \u00a0 Sh<\/b><\/td>\n<td align=\"center\" valign=\"middle\"><b>\u015e \u00a0 \u015f <\/b><\/td>\n<td align=\"center\" valign=\"middle\">\u0428\u00a0 \u0448<\/td>\n<td align=\"center\" valign=\"middle\"><b>\u0634 \u00a0 \u0640\u0634 \u00a0 \u0640\u0634\u0640 \u00a0 \u0634\u0640\u0640 <\/b><\/td>\n<\/tr>\n<tr>\n<td align=\"center\" valign=\"middle\"><b>T \u00a0 t<\/b><\/td>\n<td align=\"center\" valign=\"middle\"><b>T \u00a0 t<\/b><\/td>\n<td align=\"center\" valign=\"middle\"><b>T \u00a0 \u0442 <\/b><\/td>\n<td align=\"center\" valign=\"middle\"><b>\u062a \u00a0 \u0640\u062a \u00a0 \u0640\u062a\u0640 \u00a0 \u062a\u0640\u0640 <\/b><\/td>\n<\/tr>\n<tr>\n<td align=\"center\" valign=\"middle\"><b>U \u00a0 u<\/b><\/td>\n<td align=\"center\" valign=\"middle\"><b>U \u00a0 u<\/b><\/td>\n<td align=\"center\" valign=\"middle\"><b>\u00d6 \u00a0 \u00f6<\/b><\/td>\n<td align=\"center\" valign=\"middle\"><b>\u0648 \u00a0 \u0640\u0648 \u00a0 \u0626\u0648 <\/b><\/td>\n<\/tr>\n<tr>\n<td align=\"center\" valign=\"middle\"><b>\u00da \u00a0 \u00fa<\/b><\/td>\n<td align=\"center\" valign=\"middle\"><b>\u00db \u00a0 \u00fb<\/b><\/td>\n<td align=\"center\" valign=\"middle\"><b>\u0423 \u00a0 \u0443<\/b><\/td>\n<td align=\"center\" valign=\"middle\"><b>\u0648\u0648 \u00a0 \u0640\u0648\u0648<\/b><\/td>\n<\/tr>\n<tr>\n<td align=\"center\" valign=\"middle\"><b>\u00d9 \u00a0 \u00f9<\/b><\/td>\n<td align=\"center\" valign=\"middle\"><b>N\u00eene<\/b><\/td>\n<td align=\"center\" valign=\"middle\"><b>\u041d\u0438\u043d\u044d<\/b><\/td>\n<td align=\"center\" valign=\"middle\"><b>\u0646\u06cc\u06cc\u0647\u200c\u062a\u06cc<\/b><\/td>\n<\/tr>\n<tr>\n<td align=\"center\" valign=\"middle\"><b>V \u00a0 v <\/b><\/td>\n<td align=\"center\" valign=\"middle\"><b>V \u00a0 v<\/b><\/td>\n<td align=\"center\" valign=\"middle\"><b>B \u00a0 \u0432 <\/b><\/td>\n<td align=\"center\" valign=\"middle\"><b>\u06a4 \u00a0 \u0640\u06a4 \u00a0 \u0640\u06a4\u0640 \u00a0 \u06a4\u0640<\/b><\/td>\n<\/tr>\n<tr>\n<td align=\"center\" valign=\"middle\"><b>W \u00a0 w<\/b><\/td>\n<td align=\"center\" valign=\"middle\"><b>W \u00a0 w<\/b><\/td>\n<td align=\"center\" valign=\"middle\"><b>W\u00a0\u00a0 w<\/b><\/td>\n<td align=\"center\" valign=\"middle\"><b>\u0648 \u00a0 \u0640\u0648<\/b><\/td>\n<\/tr>\n<tr>\n<td align=\"center\" valign=\"middle\"><b>X \u00a0 x<\/b><\/td>\n<td align=\"center\" valign=\"middle\"><b>X \u00a0 x<\/b><\/td>\n<td align=\"center\" valign=\"middle\"><b>X \u00a0\u00a0 x<\/b><\/td>\n<td align=\"center\" valign=\"middle\"><b>\u062e \u00a0 \u0640\u062e \u00a0 \u0640\u062e\u0640 \u00a0 \u062e\u0640 <\/b><\/td>\n<\/tr>\n<tr>\n<td align=\"center\" valign=\"middle\"><b>Y \u00a0 y<\/b><\/td>\n<td align=\"center\" valign=\"middle\"><b>Y \u00a0 y<\/b><\/td>\n<td align=\"center\" valign=\"middle\">\u0419\u00a0 \u0439<\/td>\n<td align=\"center\" valign=\"middle\"><b>\u0649 \u00a0 \u0626\u0649 \u00a0 \u0640\u064a\u0640 \u00a0 \u064a\u0640 <\/b><\/td>\n<\/tr>\n<tr>\n<td align=\"center\" valign=\"middle\"><b>Z \u00a0 z<\/b><\/td>\n<td align=\"center\" valign=\"middle\"><b>Z \u00a0 z<\/b><\/td>\n<td align=\"center\" valign=\"middle\"><span lang=\"RU\">\u0417 \u00a0 \u0437<\/span><\/td>\n<td align=\"center\" valign=\"middle\"><b>\u0632 \u00a0 \u0640\u0632<\/b><\/td>\n<\/tr>\n<tr>\n<td align=\"center\" valign=\"middle\" bgcolor=\"#cccc66\"><b>(<\/b><strong>\u1e22 \u1e23<\/strong><b>)*<\/b><\/td>\n<td align=\"center\" valign=\"middle\" bgcolor=\"#cccc66\"><b>H\u00a0 h<\/b><\/td>\n<td align=\"center\" valign=\"middle\" bgcolor=\"#cccc66\"><b>h<\/b><b>\u2019\u00a0\u00a0 <\/b><b>h<\/b><b>\u2019<\/b><\/td>\n<td align=\"center\" valign=\"middle\" bgcolor=\"#cccc66\"><b>\u062d \u00a0 \u0640\u062d \u00a0 \u0640\u062d\u0640 \u00a0 \u062d\u0640 <\/b><\/td>\n<\/tr>\n<tr>\n<td align=\"center\" valign=\"middle\" bgcolor=\"#cccc66\"><b>(<\/b><strong>\u00c6 \u00e6<\/strong><b>)*<\/b><\/td>\n<td align=\"center\" valign=\"middle\" bgcolor=\"#cccc66\"><b>E\u00a0 e<\/b><\/td>\n<td align=\"center\" valign=\"middle\" bgcolor=\"#cccc66\">\u04d8<b>\u2019<\/b><b> \u00a0 <\/b>\u04d9<b>\u2019<\/b><\/td>\n<td align=\"center\" valign=\"middle\" bgcolor=\"#cccc66\"><b>\u0639 \u00a0 \u0640\u0639 \u00a0 \u0640\u0639\u0640 \u00a0 \u0639\u0640 <\/b><\/td>\n<\/tr>\n<tr>\n<td align=\"center\" valign=\"middle\" bgcolor=\"#cccc66\"><b>(<\/b><strong>\u1e8a \u1e8b<\/strong><b>)*<\/b><\/td>\n<td align=\"center\" valign=\"middle\" bgcolor=\"#cccc66\">X\u00a0 x<\/td>\n<td align=\"center\" valign=\"middle\" bgcolor=\"#cccc66\"><span lang=\"ES\">\u0403\u00a0\u00a0 \u0453<\/span><\/td>\n<td align=\"center\" valign=\"middle\" bgcolor=\"#cccc66\"><b>\u063a \u00a0 \u0640\u063a \u00a0 \u0640\u063a\u0640 \u00a0 \u063a\u0640 <\/b><\/td>\n<\/tr>\n<tr>\n<td align=\"center\" valign=\"middle\" bgcolor=\"#cccc66\"><strong>(Kh\u00a0 kh)<\/strong><b>*<\/b><\/td>\n<td align=\"center\" valign=\"middle\" bgcolor=\"#cccc66\"><b>K\u00a0 k<\/b><\/td>\n<td align=\"center\" valign=\"middle\" bgcolor=\"#cccc66\">\u040c\u00a0\u00a0 \u045c\u00a0 <b>*<\/b><b>*<\/b><\/td>\n<td align=\"center\" valign=\"middle\" bgcolor=\"#cccc66\"><b>\u0646\u06cc\u06cc\u0647\u200c\u062a\u06cc<\/b><\/td>\n<\/tr>\n<tr>\n<td align=\"center\" valign=\"middle\" bgcolor=\"#cccc66\"><strong>(Ph\u00a0 ph)<\/strong><b>*<\/b><\/td>\n<td align=\"center\" valign=\"middle\" bgcolor=\"#cccc66\"><b>P\u00a0 p<\/b><\/td>\n<td align=\"center\" valign=\"middle\" bgcolor=\"#cccc66\">\u041f\u2019\u00a0 \u043f\u2019\u00a0 <b>*<\/b><b>*<\/b><\/td>\n<td align=\"center\" valign=\"middle\" bgcolor=\"#cccc66\"><b>\u0646\u06cc\u06cc\u0647\u200c\u062a\u06cc<\/b><\/td>\n<\/tr>\n<tr>\n<td align=\"center\" valign=\"middle\" bgcolor=\"#cccc66\"><strong>(Th\u00a0 th)<\/strong><b>*<\/b><\/td>\n<td align=\"center\" valign=\"middle\" bgcolor=\"#cccc66\"><b>T\u00a0 t<\/b><\/td>\n<td align=\"center\" valign=\"middle\" bgcolor=\"#cccc66\">\u0422\u2019\u00a0 \u0442\u2019\u00a0 <b>*<\/b><b>*<\/b><\/td>\n<td align=\"center\" valign=\"middle\" bgcolor=\"#cccc66\"><b>\u0646\u06cc\u06cc\u0647\u200c\u062a\u06cc<\/b><\/td>\n<\/tr>\n<\/tbody>\n<\/table>\n<p class=\"rtecenter\">visit\u00a0 <a title=\"Conversion tools\" href=\"https:\/\/kurdishacademy.org\/?p=343\">conversion tools<\/a> section for conversion between these alphabets<\/p>\n<p><em>* rear and loaned cases for<a href=\"\/?q=node\/62\"> local dialect adjustment only<\/a><\/em><\/p>\n<p><em>** Kurdish-Cyrillic aspirated cases (Please see <a href=\"https:\/\/kurdishacademy.org\/?page_id=1189\">FAQ section<\/a>)<\/em><\/p>\n<ol>\n<li>See a comparison of <a href=\"https:\/\/kurdishacademy.org\/?p=3007\"> Kurdish, Persian, Arabic and Turkish Alphabet<\/a><\/li>\n<li>The Unified version KUAL (Yekgirt\u00fa) proposed by KAL has been chosen carefully among <a href=\"http:\/\/en.wikipedia.org\/wiki\/ISO_8859-9\" target=\"_blank\" rel=\"noopener\">ISO-8859-1<\/a> international standard codes with Unicode Scripting layout for <a href=\"http:\/\/en.wikipedia.org\/wiki\/ISO_8859-9\" target=\"_blank\" rel=\"noopener\">Basic Latin<\/a> and <a href=\"http:\/\/en.wikipedia.org\/wiki\/ISO_8859-9\" target=\"_blank\" rel=\"noopener\">Latin One<\/a>.<\/li>\n<li>The Script alphabet for Northern Kurdish dialect (Kurmanj\u00ed) follows the International recognized standard for Turkish language <a href=\"http:\/\/en.wikipedia.org\/wiki\/ISO_8859-9\" target=\"_blank\" rel=\"noopener\">ISO-8859-9<\/a>, with Unicode Scripting layout for <a href=\"http:\/\/en.wikipedia.org\/wiki\/ISO_8859-9\" target=\"_blank\" rel=\"noopener\">Basic Latin<\/a> and <a href=\"http:\/\/en.wikipedia.org\/wiki\/ISO_8859-9\" target=\"_blank\" rel=\"noopener\">Unicode Basic Extended Group A<\/a>.<\/li>\n<li>The Script alphabet for Northern Kurdish dialect (Red Kurmanj\u00ed) follows the International recognized standard for Cyrillic Scripting group <a href=\"http:\/\/en.wikipedia.org\/wiki\/ISO_8859-9\" target=\"_blank\" rel=\"noopener\">ISO-8859-5<\/a>, with Unicode Scripting layout for <a href=\"http:\/\/en.wikipedia.org\/wiki\/ISO_8859-9\" target=\"_blank\" rel=\"noopener\">Basic Latin Cyrillic<\/a>.<\/li>\n<li>The Script alphabet for Central Kurdish dialect (Soran\u00ed) follows partly the International recognized standard for Arabic language <a href=\"http:\/\/en.wikipedia.org\/wiki\/ISO_8859-6\" target=\"_new\" rel=\"noopener\">ISO-8859-6<\/a> and some none standard extensions, with <a href=\"http:\/\/en.wikipedia.org\/wiki\/ISO_8859-9\" target=\"_blank\" rel=\"noopener\">Unicode Scripting layout for Arabic Scripting<\/a>.<\/li>\n<\/ol>\n<p>Prepared by Dr <a href=\"https:\/\/sites.google.com\/site\/droshani\/\" target=\"_blank\" rel=\"noopener\">Dilan M.R. Roshani<\/a>[\/vc_column_text][\/vc_column][\/vc_row]<\/p>\n","protected":false},"excerpt":{"rendered":"<p>[vc_row 0=&#8221;&#8221;][vc_column][vc_column_text 0=&#8221;&#8221;] J\u00farey P\u00edtekan\u00ed Alfab\u00e9y (Elfub\u00e9y \u0626\u0647\u200c\u0644\u0641\u0648\u0628\u06ce) Kurd\u00ed It is frequently stated that current Kurdish writing systems have numerous flaws. Workability, cross-dialectal usage, and a<span class=\"excerpt-hellip\"> [\u2026]<\/span><\/p>\n","protected":false},"author":1,"featured_media":0,"parent":0,"menu_order":0,"comment_status":"closed","ping_status":"closed","template":"","meta":{"footnotes":""},"categories":[],"tags":[],"class_list":["post-284","page","type-page","status-publish","hentry"],"_links":{"self":[{"href":"https:\/\/kurdishacademy.org\/index.php?rest_route=\/wp\/v2\/pages\/284","targetHints":{"allow":["GET"]}}],"collection":[{"href":"https:\/\/kurdishacademy.org\/index.php?rest_route=\/wp\/v2\/pages"}],"about":[{"href":"https:\/\/kurdishacademy.org\/index.php?rest_route=\/wp\/v2\/types\/page"}],"author":[{"embeddable":true,"href":"https:\/\/kurdishacademy.org\/index.php?rest_route=\/wp\/v2\/users\/1"}],"replies":[{"embeddable":true,"href":"https:\/\/kurdishacademy.org\/index.php?rest_route=%2Fwp%2Fv2%2Fcomments&post=284"}],"version-history":[{"count":9,"href":"https:\/\/kurdishacademy.org\/index.php?rest_route=\/wp\/v2\/pages\/284\/revisions"}],"predecessor-version":[{"id":3123,"href":"https:\/\/kurdishacademy.org\/index.php?rest_route=\/wp\/v2\/pages\/284\/revisions\/3123"}],"wp:attachment":[{"href":"https:\/\/kurdishacademy.org\/index.php?rest_route=%2Fwp%2Fv2%2Fmedia&parent=284"}],"wp:term":[{"taxonomy":"category","embeddable":true,"href":"https:\/\/kurdishacademy.org\/index.php?rest_route=%2Fwp%2Fv2%2Fcategories&post=284"},{"taxonomy":"post_tag","embeddable":true,"href":"https:\/\/kurdishacademy.org\/index.php?rest_route=%2Fwp%2Fv2%2Ftags&post=284"}],"curies":[{"name":"wp","href":"https:\/\/api.w.org\/{rel}","templated":true}]}}