{"id":220,"date":"2008-05-20T23:15:28","date_gmt":"2008-05-20T23:15:28","guid":{"rendered":"http:\/\/localhost\/wp\/wordpress\/befermikirdini-take-sorani-helleyeki-gewre-debet\/"},"modified":"2018-10-26T08:05:38","modified_gmt":"2018-10-26T08:05:38","slug":"befermikirdini-take-sorani-helleyeki-gewre-debet","status":"publish","type":"page","link":"https:\/\/kurdishacademy.org\/?page_id=220","title":{"rendered":"Beferm\u00edkirdin\u00ed take &#8220;soran\u00ed&#8221; helleyek\u00ed gewre deb\u00e9t"},"content":{"rendered":"<p><img loading=\"lazy\" decoding=\"async\" class=\" alignleft size-full wp-image-219\" src=\"http:\/\/localhost\/wp\/wordpress\/wp-content\/uploads\/2008\/05\/anwer_sultani.png\" alt=\"\" width=\"115\" height=\"144\" align=\"left\" border=\"1\" hspace=\"6\" vspace=\"6\" \/><strong>Enwer Sultan\u00ed<\/strong>\u00a0\u00a0\u00a0\u00a0 (4\/5\/2008)<\/p>\n<p>Pisht\u00edwan\u00ed le p\u00e9shniyar\u00ed &#8221; be ferm\u00ed kirdin\u00ed kirmanj\u00ed xwar\u00fa&#8221; helleyek\u00ed gewre \u00fa karesat\u00e9k\u00ed netewayet\u00ed ye<\/p>\n<p><!--more--><\/p>\n<p><img loading=\"lazy\" decoding=\"async\" class=\" alignleft size-full wp-image-219\" src=\"http:\/\/localhost\/wp\/wordpress\/wp-content\/uploads\/2008\/05\/anwer_sultani.png\" alt=\"\" width=\"115\" height=\"144\" align=\"left\" border=\"1\" hspace=\"6\" vspace=\"6\" \/><strong>Enwer Sultan\u00ed<\/strong>\u00a0\u00a0\u00a0\u00a0 (4\/5\/2008)<\/p>\n<p>Pisht\u00edwan\u00ed le p\u00e9shniyar\u00ed &#8221; be ferm\u00ed kirdin\u00ed kirmanj\u00ed xwar\u00fa&#8221; helleyek\u00ed gewre \u00fa karesat\u00e9k\u00ed netewayet\u00ed ye<\/p>\n<p>Be hoy nexosh\u00ed \u00fa leshnasax\u00ed yewe tuwanay ta \u00fa tuw\u00e9 kirdin \u00fa hellsengandin\u00ed ber\u00e9uj\u00e9 y\u00ed p\u00e9shniyarekey doktorr Em\u00edr \u00fa ew xellkaney d\u00edkem niye, ke bo yan le mil dawe, bellam be kurt\u00ed deb\u00e9jhim ewe teniya shit\u00e9k buwe ke le mamosta Em\u00edr wek dillsoz\u00edy gel \u00fa n\u00edshtmane dabeshkirawekey caweruwan dekira. Bo c\u00ed?<\/p>\n<ol>\n<li>Ewe xedr\u00e9k\u00ed gewre ye le ziyad le s\u00e9 le cuwar\u00ed gelekeman ke le hem\u00fa parcekan\u00ed willat da dejh\u00edn \u00fa be kirmanj\u00edy xwar\u00fa nadw\u00e9n. Serwer\u00ed \u00fa p\u00e9shkewt\u00ed zarawey kirmanj\u00edy xwar\u00fa besh\u00e9k\u00ed le enjam\u00ed siyaset\u00ed dewlet\u00ed Turkiya da hate gunjan ke le mawey 80 sall\u00ed raburd\u00fa da wek besh\u00e9k le dijhayet\u00ed \u00fa dujhmnayet\u00ed kir\u200cdin\u00ed gel\u00ed kurd le cwarc\u00e9wey komar\u00ed Turkiya da hewll\u00ed\u00a0 \u00edshk kirdin\u00ed sercawe \u00fa binajho kirdin\u00ed ew ziman \u00fa zaraweyey dawe ke kurd\u00ed naw willateke p\u00e9y deaxfin.<br \/>\nDewer\u00ed Turkiya le ewe da bercaw b\u00fa ke zarawey serek\u00ed Radyoy Kurd\u00ed Bexda bib\u00e9te kirmanj\u00edy xwar\u00fa bo ewey Kurd\u00ed Turkiya kemtir xuw\u00ed p\u00e9 bigiriun \u00fa gwey biden\u00e9. Her weha siyaset\u00ed Turkiya pishtg\u00edr\u00ed hem\u00edshey\u00ed kirduwe le zeqb\u00fanewey kirmanj\u00ed xwar\u00fa le ew shw\u00e9nane da ke neytwan\u00edb\u00e9t zimaneke be gisht\u00ed \u00fa be hem\u00fa zarawekani yewe tuna bikat. H\u00edc ment\u00edq\u00e9k\u00ed sel\u00edm\u00ed siyas\u00ed natwan\u00e9 pesend\u00ed ewe bikat ke ziyad le s\u00e9 le cuwar\u00ed xelk\u00e9k bikewne shuw\u00e9n kemayesiyek\u00ed diyar\u00edkiraw ew\u00edsh le barudox\u00ed wek barudox\u00ed kurd \u00fa dabiraw\u00ed xellk \u00fa firawan b\u00fanewey rojh be rojh\u00ed keleber\u00ed n\u00e9wan parcekan da.<\/li>\n<li>Ewe, beferm\u00edkirdin\u00ed jiyawaz\u00ed \u00fa dabiraw\u00ed parceyek\u00ed pic\u00fak bellam giring \u00fa callak\u00ed willat &#8211; wate nawcey ax\u00e9weran be zarawey kirmanj\u00edy xwar\u00fa ye le bejhn\u00ed serek\u00ed willat\u00e9k ke Kurdistan b\u00e9t.<\/li>\n<li>\u00a0Lenawbirdin\u00ed h\u00edway le m\u00e9jh\u00edney gel\u00ed kurd e bo wed\u00edh\u00e9nan\u00ed awat\u00ed p\u00e9khatin\u00ed ziman\u00ed yekgirt\u00fa le barudox\u00ed gunjaw\u00ed duwarojh da.<\/li>\n<li>Mor\u00ed pesinde le ser dabeshb\u00fan \u00fa l\u00e9kdabiran\u00ed parcekan\u00ed Kurdistan \u00fa b\u00e9hurmet\u00ed kirdin e be rolekan\u00ed gel\u00ed kurd ke be zarawekan\u00ed d\u00edke deaxfin. Ax\u00e9weran\u00ed kirmanj\u00ed jh\u00far\u00fa, diml\u00ed, hewram\u00ed \u00fa kelhur\u00ed herg\u00edz \u00e9me bo ew helle gewre m\u00e9jhuy\u00edye nabexshin \u00fa yekparcey\u00ed willat ke her \u00e9sta gel\u00e9k lawaz \u00fa lerzok e, l\u00e9dan\u00e9k\u00ed niw\u00e9 \u00fa kar\u00edger\u00ed l\u00e9 dedr\u00e9t bellam em jare be dest\u00ed dujhmin \u00fa dag\u00edrker na, be dest\u00ed xoy\u00ed.<\/li>\n<li>Em kare, h\u00edway ew e le naw debat ke le duwarojh da elfub\u00e9y Lat\u00edn\u00ed &#8211; ke be gisht\u00ed bestirawey zarawey kirmanj\u00ed jh\u00faru we, bib\u00e9te elfub\u00e9y ferm\u00ed hem\u00fa willat \u00fa kurd\u00ed hem\u00fa parcekan le p\u00edt\u00ed kon \u00fa natewaw \u00fa naemroy\u00ed &#8216;Ereb\u00ed rizgari yan b\u00e9t.<\/li>\n<li>Em kare, wate pishtgw\u00e9xistin\u00ed zaraweyek\u00ed hemeg\u00edr \u00fa dewllemend be milyoneha ax\u00e9weri yewe, &#8216;eyn \u00fa b\u00edla wek kar\u00ed dag\u00edrkeran\u00ed willateka man \u00fa bo nim\u00fane, Reza Sha ye &#8211; ke be naw\u00ed yekgirtuy\u00ed xellk \u00fa yekparcey\u00ed xak ewe ziman\u00e9ki yan be zore mil\u00ed kirde hakim \u00fa serok \u00fa zimanekan\u00ed tir- yek le wan kurd\u00ed, yan kirde kilfet \u00fa ken\u00edz\u00ed ew.<\/li>\n<li>Em kare dijh be hem\u00fa esl\u00e9k\u00ed d\u00e9mokras\u00ed \u00fa bendekan\u00ed Jar\u00ed J\u00edhan\u00ed maf\u00ed mirov (Deklerasyon\u00ed Maf\u00ed Mirov) e ke jhimareyek\u00ed kem le xellk be b\u00e9 pirs \u00fa meslehet \u00fa referandom \u00fa dengdan, biriyar le ser peraw\u00e9zkirn\u00ed ziman\u00ed milyonan xelk biden \u00fa be guw\u00e9rey xuwast\u00ed xo yan bibirrin \u00fa bidr\u00fan \u00fa naw\u00ed bin\u00e9n xizmet \u00fa xemxor\u00ed \u00fa dillsoz\u00ed.<\/li>\n<li>Em p\u00e9shniyare teniya le hel \u00fa merj\u00ed d\u00farewilat b\u00fan \u00fa dabirran le xellk hatote gunjan. H\u00edc eql\u00e9k\u00ed sel\u00edm le barudox\u00ed kirjh\u00ed \u00e9stay n\u00e9wan parcekan\u00ed Kurdistan \u00fa be taybet le Bash\u00far -ke shw\u00e9newar\u00ed nahez\u00ed sallan\u00ed sher\u00ed nawxoy\u00ed \u00e9stash bercaw e, p\u00e9shniyar\u00e9k\u00ed ewto nakat \u00fa jh\u00e9r dawxwaziyek\u00ed ewto mor nakat. Ba xawen \u00edmzakan\u00ed ew p\u00e9shniyare kirc \u00fa kale awr\u00e9k le ew kesh \u00fa hewaye bidenewe \u00fa be xoyan da bicnewe.<\/li>\n<li>P\u00e9shniyareke, ne be ment\u00edq\u00ed \u00ednsan\u00ed \u00fa ne be ment\u00edq\u00ed siyas\u00ed le shw\u00e9n\u00ed xoy da niye \u00fa h\u00edc binemayek bo pesind \u00fa werg\u00edran\u00ed le layen komelan\u00ed xellk ewe becaw nakir\u00e9t, her boye\u2019sh wek beyaninameyek\u00ed helley siyas\u00ed p\u00e9sh le daykb\u00fan demr\u00e9t, bellam shw\u00e9newar\u00ed ner\u00e9 y\u00ed xoy le ser yekgirtuy\u00ed \u00fa yekparcey\u00ed komellan\u00ed geleke man daden\u00e9t, ewe\u2019sh dax\u00e9k\u00ed gewre ye ke jhimareyek le r\u00fanakb\u00edr \u00fa xw\u00e9ndewaran\u00ed geleke man dewr\u00e9k\u00ed ewto bib\u00ednin \u00fa bibine hore \u00fa be bejhn\u00ed lawaz\u00ed yekparcey\u00ed gelda bicine xwarewe.<\/li>\n<li>P\u00e9shniyareke le barey zimanewan\u00edsh ewe natewaw e. J\u00fat-standardb\u00fan\u00ed ziman\u00e9k deretan be taqe kes ya komell\u00e9k\u00ed 50 kes\u00ed nadat yek layene \u00fa b\u00e9 s\u00e9 \u00fa d\u00fa, zaraweyek bikene perraw\u00e9z\u00ed ew\u00ed tir \u00fa b\u00fadje \u00fa derfet \u00fa deretan\u00ed ferm\u00ed \u00fa huk\u00fam\u00ed bixene xizmet yeki yan ewe &#8211; ew\u00edsh zaraweyek ke kemayesiyek\u00ed gel\u00e9k kem p\u00e9y\u00ed dedw\u00e9n le beranber zorayetiyek\u00ed heraw \u00fa bercaw \u00fa le hem\u00fa parcekan\u00ed willat da.<\/li>\n<\/ol>\n<p>Le kotay\u00ed da ba em she&#8217;rey Hejhar d\u00fapat bikem ewe ke dell\u00e9 her bo em basey gutwe:<\/p>\n<p>&#8220;&#8230; herkes ke dexiw\u00e9n\u00e9 p\u00edt \u00fa n\u00edw\u00e9k\u00a0\u00a0\u00a0\u00a0\u00a0\u00a0 ew decte kel\u00e9k \u00fa gel le sh\u00edw\u00e9k &#8230;&#8221;<\/p>\n<p>London\u00a0 (08\/5\/2)<\/p>\n","protected":false},"excerpt":{"rendered":"<p>Enwer Sultan\u00ed\u00a0\u00a0\u00a0\u00a0 (4\/5\/2008) Pisht\u00edwan\u00ed le p\u00e9shniyar\u00ed &#8221; be ferm\u00ed kirdin\u00ed kirmanj\u00ed xwar\u00fa&#8221; helleyek\u00ed gewre \u00fa karesat\u00e9k\u00ed netewayet\u00ed ye<\/p>\n","protected":false},"author":1,"featured_media":219,"parent":0,"menu_order":0,"comment_status":"closed","ping_status":"closed","template":"","meta":{"footnotes":""},"categories":[],"tags":[],"class_list":["post-220","page","type-page","status-publish","has-post-thumbnail","hentry"],"_links":{"self":[{"href":"https:\/\/kurdishacademy.org\/index.php?rest_route=\/wp\/v2\/pages\/220","targetHints":{"allow":["GET"]}}],"collection":[{"href":"https:\/\/kurdishacademy.org\/index.php?rest_route=\/wp\/v2\/pages"}],"about":[{"href":"https:\/\/kurdishacademy.org\/index.php?rest_route=\/wp\/v2\/types\/page"}],"author":[{"embeddable":true,"href":"https:\/\/kurdishacademy.org\/index.php?rest_route=\/wp\/v2\/users\/1"}],"replies":[{"embeddable":true,"href":"https:\/\/kurdishacademy.org\/index.php?rest_route=%2Fwp%2Fv2%2Fcomments&post=220"}],"version-history":[{"count":1,"href":"https:\/\/kurdishacademy.org\/index.php?rest_route=\/wp\/v2\/pages\/220\/revisions"}],"predecessor-version":[{"id":2688,"href":"https:\/\/kurdishacademy.org\/index.php?rest_route=\/wp\/v2\/pages\/220\/revisions\/2688"}],"wp:featuredmedia":[{"embeddable":true,"href":"https:\/\/kurdishacademy.org\/index.php?rest_route=\/"}],"wp:attachment":[{"href":"https:\/\/kurdishacademy.org\/index.php?rest_route=%2Fwp%2Fv2%2Fmedia&parent=220"}],"wp:term":[{"taxonomy":"category","embeddable":true,"href":"https:\/\/kurdishacademy.org\/index.php?rest_route=%2Fwp%2Fv2%2Fcategories&post=220"},{"taxonomy":"post_tag","embeddable":true,"href":"https:\/\/kurdishacademy.org\/index.php?rest_route=%2Fwp%2Fv2%2Ftags&post=220"}],"curies":[{"name":"wp","href":"https:\/\/api.w.org\/{rel}","templated":true}]}}