{"id":217,"date":"2008-05-20T21:57:39","date_gmt":"2008-05-20T21:57:39","guid":{"rendered":"http:\/\/localhost\/wp\/wordpress\/be-fermi-kirdini-tenha-yek-zarawe\/"},"modified":"2018-10-26T07:15:51","modified_gmt":"2018-10-26T07:15:51","slug":"be-fermi-kirdini-tenha-yek-zarawe","status":"publish","type":"page","link":"https:\/\/kurdishacademy.org\/?page_id=217","title":{"rendered":"Be ferm\u00ed kirdin\u00ed tenha yek zarawe"},"content":{"rendered":"<p>Be ferm\u00ed kirdin\u00ed tenha yek zarawe, c\u00ed l\u00e9 deb\u00e9tewe<\/p>\n<p><!--more--><\/p>\n<p>Be ferm\u00ed kirdin\u00ed tenha yek zarawe, c\u00ed l\u00e9 deb\u00e9tewe<\/p>\n<p><span style=\"font-family: Tahoma;\"><span dir=\"rtl\"><img loading=\"lazy\" decoding=\"async\" class=\" alignleft size-full wp-image-216\" src=\"https:\/\/kurdishacademy.org\/wp-content\/uploads\/2018\/10\/aram_shekibayi.jpg\" alt=\"Aram Shekibayi\" width=\"81\" height=\"109\" align=\"left\" border=\"0\" hspace=\"7\" vspace=\"7\" \/><\/span><\/span>Le komellgay kurdewar\u00ed\u200cda cend zarawey\u00ed u cend zarockey\u00ed shit\u00e9k\u00ed asayiye, zor degmene eger dan\u00edsht\u00fawan\u00ed d\u00fa gund\u00ed ten\u00edsht yek be yek zarocke qise biken, her le d\u00fa, s\u00e9 dox\u00ed r\u00e9ziman\u00ed\u200cda jiyawaz\u00edan heye.<br \/>\nKurd\u00ed xawen\u00ed cend\u00edn zaraweye\u061b Kirmanj\u00ed, Hewram\u00ed, Kelhor\u00ed u Feyl\u00ed, Soran\u00ed, Zazak\u00ed u Lek\u00ed. Em cend zaraweiye lem cend salleda buwe be tewer\u00ed bas u boc\u00fane zimanewaniyekan, u tenanet kesayetiye huner\u00ed u siyasiyekan\u00edsh lem barewe boc\u00fan u ray xoyan derbirr\u00edwe. u her weha ke dezan\u00edn lem barewe boc\u00fan u bawerr\u00ed jiyajiya heye. Hend\u00e9 be shit\u00e9k\u00ed metirs\u00eddar ejhimar\u00ed deken u wehay l\u00e9 denwarin ke le dahat\u00fada ew cend zarawe (ziman) ye deb\u00e9te hoy dabeshb\u00fan\u00ed Kurd u judab\u00fanewey Kurdekan.<br \/>\nEm cend zaraweye detuwan\u00e9t bib\u00e9te hoy l\u00e9ktirazan\u00ed Kurdekan, belam eme degerr\u00e9tewe bo sh\u00e9waz\u00ed r\u00faber\u00fab\u00fanewey \u00e9me legell em doxe.<br \/>\n\u00e9me ci bimanew\u00e9t u ci nemanew\u00e9t em cend zariye le n\u00e9wanman bilawe. Nakir\u00e9t ke be hem\u00fa -w\u00e9jheran\u00ed zarawekan\u00ed d\u00ed bill\u00e9n ke \u00edtir destberdar\u00ed zarawekey xoyan bin, u be zaraweyek\u200ctir baxaw\u00e9n, u eger tenha le seda yek\u00ed buw\u00e9jheran\u00ed zaraweyek le p\u00e9naw parastin\u00ed zarawekeyan s\u00farbin, ewe be watay manewey ew zaraweye d\u00e9t le komellgada. Her weha parastin u axawtin be ziman\u00ed zigmag\u00ed xoy maf\u00ed hem\u00fa kes\u00e9ke u \u00e9me natuwan\u00edn yek\u00e9k le serek\u00edtir\u00edn mafekan\u00ed b\u00e9besh bikeyn, eger na jiyawaz\u00ed \u00e9me legell Atat\u00farkiyekan ciye?\u200c.<br \/>\nLe layek\u200ctirewe \u00e9me be rast\u00ed kam zarawe hellbjh\u00e9r\u00edn bo ewey bib\u00e9te zarawey ferm\u00ed? berast\u00ed bo Hewram\u00ed ziman\u00e9k, h\u00edc jiyawaziyek wehay niye ke aya ziman\u00ed Fars\u00ed le ser\u00ed komellgay zal b\u00e9t yan ziman\u00ed Kurd\u00ed Soran\u00ed, ewey neb\u00e9t ke emiyan Kurdiye u bes. Tenanet\u200c zor w\u00e9jh\u00ed bira le b\u00e9ganekan aloztir u girantire. u\u200c le her d\u00fa doxda deb\u00e9te hoy fewtan\u00ed ew zare.<br \/>\nBe her sh\u00e9waz\u00e9k ke l\u00e9 denwar\u00edn hellbijhardin\u00ed zarawe yan zarawan\u00e9k u awtrnedanewe le zarawekan\u00ed d\u00ed roxsar\u00e9k\u00ed nash\u00edr\u00edn\u00ed heye u deb\u00e9te hoy r\u00faber\u00fab\u00fanewey zarawekan u axaw\u00e9nerekanyan u dijhayet\u00ed axaw\u00e9neran\u00ed zarekan\u00ed d\u00ed le ast\u00ed zar\u00e9k\u200ctir. shit\u00e9k ke le hend\u00e9 shw\u00e9n\u00ed j\u00edhan buwe be hoy l\u00e9ktirazan u sher. Her weha ke dest p\u00e9 kirdin\u00ed sher\u00ed duwem\u00ed j\u00edhan\u00ed heta radeyek asewar\u00ed ziman\u00ed t\u00e9dab\u00fa.(komellnas\u00ed ziman, M. Reza .batin\u00ed, le layen Aram shek\u00edbayiyewe kirawete Kurd\u00edy Soran\u00ed).<\/p>\n<p>Ista le layek \u200ctirewe bew cend zariye binwar\u00edn, \u00e9me detuwan\u00edn zar\u00e9k wek zar\u00ed nawjey\u00ed hellbjh\u00e9r\u00edn u zarawekan\u00ed d\u00edsh b\u00e9 besh nekeyn le zanist u deselat. U asht\u00ed u tebay\u00ed bixeyne n\u00e9wan axaw\u00e9neran\u00ed zarawekan. Beme \u00e9me detuwan\u00edn bergir\u00ed bikeyn le l\u00e9ktirazan u judab\u00fanewe, eger \u00e9me Kurd\u00edn u hem\u00fa zarawekan u axaw\u00e9nerakaniyan be kurd dezan\u00edn, nab\u00e9t ewan le destkewtekan b\u00e9 besh bikeyn.<br \/>\nEw shite deb\u00e9te hoy l\u00e9ktirazan kat\u00e9k Kelhor yan Hewramiyek hest bikat beme ke le komellgay Kurdewar\u00ed\u200cda wek ziman\u00e9k\u00ed biyan\u00ed u metirs\u00eddar bo Kurdewar\u00ed, be ziman u zarawekey denwarn, ewa wirde wirde deb\u00e9te hoy be juda zan\u00edn\u00ed xoy le komellgakeda u deb\u00e9te hoy parceparce b\u00fan\u00ed Kurd. Kat\u00e9k Kirmanj\u00e9k ke gewretir\u00edn zarawey Kurdiye ,le jhimar\u00ed axaw\u00e9nerewe, wa hest bikat ke ziman u zarawekey le komellgada wek zar\u00e9k\u00ed pest u xuwar hells \u00fa kewt\u00ed legell dekir\u00e9t, zor asayiye eger xoy be yek\u00e9k lew komellga nenas\u00e9t, c\u00fan komellga ew be tak\u00e9k\u00ed komellgake nanas\u00e9t. \u00e9me le j\u00e9 ewe zarawekan r\u00faberuy yek bikeynewe, ba p\u00e9kewe jhiyan bixeyne n\u00e9wanyan, ba Soraniyek bawerr\u00ed beme b\u00e9t ke ewende ew maf\u00ed heye be zarawey xoy baxaw\u00e9n\u00e9t, Kirmanj u Hewram\u00ed u Kelhor u Zazayek\u00edsh mafiyan heye.<br \/>\nWulate cend ziman u j\u00fat zimanekan\u00ed j\u00edhan kem n\u00edn, her \u00edsta &#8216;Eraq\u00ed fediral j\u00fat zimane, wulat\u00ed Afr\u00edqay Bash\u00far ke yek\u00e9k le wulate p\u00e9shkewtuwekan\u00ed Afr\u00edqaye niz\u00edkey 11 ziman\u00ed ferm\u00ed heye u tenha naw\u00ed yek\u00e9kiyan &#8220;Afr\u00edkans&#8221;e, u h\u00e9c l\u00e9ktirazan\u00e9k\u00ed niye u \u00e9me hem\u00fa zarawekan wek zaraweyek\u00ed Kurd\u00ed u hem\u00faman xoman be Kurd dezan\u00edn. Willat\u00ed Sw\u00eds willat\u00e9k\u00ed 4 zimaniye, Kanada wulat\u00e9k\u00ed j\u00fat zimaniye, le Rusiyeda niz\u00edkey 30 ziman\u00ed nawcey\u00ed ferm\u00ed hen. Ba \u00e9meysh wek wulat\u00ed Rusiye yek\u00e9k le zarekan wek zar\u00ed ferm\u00ed binas\u00e9n\u00edn, u le her nawceyek zar\u00e9k\u200ctir\u00edsh be zar\u00ed zanst\u00ed u perwerde u hukm\u00ed binasr\u00e9t, le Hewramanda Hewram\u00ed, le nawcey Kelhor u Feyl\u00edyekanish Kelhor\u00ed u Feyl\u00ed, u le nawce Kirmanjiyekan\u00edsh Kirmanj\u00ed. Aya eme deb\u00e9te hoy l\u00e9ktirazan?<br \/>\nShit\u00e9k\u200ctir ke p\u00e9w\u00edste bizan\u00edn tak ziman\u00ed nab\u00e9te hoy yekgirtin u l\u00e9knetirazan, eger seyr\u00ed j\u00edhan\u00ed &#8216;Ereb bikeyn yan seyr\u00ed barudox\u00ed Kuriyay Bak\u00far u Bash\u00far beme degeyn (binuware,: cend ziman\u00ed sher u p\u00e9kadan, yek ziman\u00ed asht\u00ed u h\u00e9mn\u00ed, Aram shek\u00edbay\u00ed 2007). \u00cdtir be biyanuy eme ke cend zar\u00ed deb\u00e9te hoy juda b\u00fanewey gel\u00ed Kurd u parce parce b\u00fan\u00ed, leme ziyatir xotan mand\u00fa meken. Ew karey \u00e9we Kurd parce parce dekat, nek cend zar\u00ed.<\/p>\n<p>Aram shek\u00edbay\u00ed (Aram.hawrami@gmail.com)<\/p>\n","protected":false},"excerpt":{"rendered":"<p>Be ferm\u00ed kirdin\u00ed tenha yek zarawe, c\u00ed l\u00e9 deb\u00e9tewe<\/p>\n","protected":false},"author":1,"featured_media":216,"parent":0,"menu_order":0,"comment_status":"closed","ping_status":"closed","template":"","meta":{"footnotes":""},"categories":[],"tags":[],"class_list":["post-217","page","type-page","status-publish","has-post-thumbnail","hentry"],"_links":{"self":[{"href":"https:\/\/kurdishacademy.org\/index.php?rest_route=\/wp\/v2\/pages\/217","targetHints":{"allow":["GET"]}}],"collection":[{"href":"https:\/\/kurdishacademy.org\/index.php?rest_route=\/wp\/v2\/pages"}],"about":[{"href":"https:\/\/kurdishacademy.org\/index.php?rest_route=\/wp\/v2\/types\/page"}],"author":[{"embeddable":true,"href":"https:\/\/kurdishacademy.org\/index.php?rest_route=\/wp\/v2\/users\/1"}],"replies":[{"embeddable":true,"href":"https:\/\/kurdishacademy.org\/index.php?rest_route=%2Fwp%2Fv2%2Fcomments&post=217"}],"version-history":[{"count":1,"href":"https:\/\/kurdishacademy.org\/index.php?rest_route=\/wp\/v2\/pages\/217\/revisions"}],"predecessor-version":[{"id":2661,"href":"https:\/\/kurdishacademy.org\/index.php?rest_route=\/wp\/v2\/pages\/217\/revisions\/2661"}],"wp:featuredmedia":[{"embeddable":true,"href":"https:\/\/kurdishacademy.org\/index.php?rest_route=\/"}],"wp:attachment":[{"href":"https:\/\/kurdishacademy.org\/index.php?rest_route=%2Fwp%2Fv2%2Fmedia&parent=217"}],"wp:term":[{"taxonomy":"category","embeddable":true,"href":"https:\/\/kurdishacademy.org\/index.php?rest_route=%2Fwp%2Fv2%2Fcategories&post=217"},{"taxonomy":"post_tag","embeddable":true,"href":"https:\/\/kurdishacademy.org\/index.php?rest_route=%2Fwp%2Fv2%2Ftags&post=217"}],"curies":[{"name":"wp","href":"https:\/\/api.w.org\/{rel}","templated":true}]}}