{"id":204,"date":"2008-05-18T14:55:10","date_gmt":"2008-05-18T14:55:10","guid":{"rendered":"http:\/\/localhost\/wp\/wordpress\/jhi-bizaven-shande-eketia-niviseren-kurd\/"},"modified":"2008-05-18T14:55:10","modified_gmt":"2008-05-18T14:55:10","slug":"jhi-bizaven-shande-eketia-niviseren-kurd","status":"publish","type":"page","link":"https:\/\/kurdishacademy.org\/?page_id=204","title":{"rendered":"Jhi bizav\u00e9n shand\u00e9 \u00e9ket\u00eda niv\u00edser\u00e9n Kurd"},"content":{"rendered":"<p>Jhi bizav&eacute;n shand&eacute; &eacute;ket&iacute;a niv&iacute;ser&eacute;n Kurd &#8211; Duhok, li Ewropa<\/p>\n<p>Peyva &eacute;ket&iacute;a Niv&iacute;ser&eacute;n Kurd &ndash; Duhok di Konfiransa Ziman&eacute; Kurd&iacute; de li Berl&iacute;n&eacute;<br \/>\n<!--more--><\/p>\n<p>Jhi bizav&eacute;n shand&eacute; &eacute;ket&iacute;a niv&iacute;ser&eacute;n Kurd &#8211; Duhok, li Ewropa<\/p>\n<p>Peyva &eacute;ket&iacute;a Niv&iacute;ser&eacute;n Kurd &ndash; Duhok di Konfiransa Ziman&eacute; Kurd&iacute; de li Berl&iacute;n&eacute;<\/p>\n<p><img loading=\"lazy\" decoding=\"async\" class=\" alignright size-full wp-image-203\" width=\"85\" vspace=\"5\" hspace=\"5\" height=\"120\" border=\"1\" align=\"right\" src=\"http:\/\/localhost\/wp\/wordpress\/wp-content\/uploads\/2008\/05\/duhok_writters.jpg\" alt=\"Duhok Writters\" \/>Bi nav&eacute; &eacute;ketiya Niv&iacute;ser&eacute;n Kurd &#8211; Tay&eacute; Dihok&eacute;, em supasiya Kom&iacute;s&iacute;ona Ziman u Perwerdeya ( KNK) u Inst&iacute;tuta Kurd&iacute; li Elmaniya dikin jhi bo gir&eacute;dana v&iacute; konfiranfs&eacute; ziman&iacute; u vexwa\u200cndina komeka endam&eacute;n me u mamostey&eacute;n zankoya Dihok&eacute;, daku bi rengek&iacute; h&eacute;min u rehet u zanst&iacute; dan u standin&eacute; l ser cend mijhar&eacute;n ziman&eacute; Kurd&iacute; bikin u hewil bidin d&iacute;tin u boc&uacute;n&eacute;n shehrezay&eacute;n ziman&eacute; Kurd&iacute; jhi n&eacute;z&iacute;k bizan&iacute;n u s&uacute;dek&eacute; jh&eacute; werbigir&iacute;n jhi bo p&eacute;shvebirina ziman&eacute; Kurd&iacute;.<br \/>Ziman sit&uacute;na serek&iacute; ya p&eacute;shvebirina edeb u peyva kurd&iacute; ye, jhibil&iacute; ku nasnameya me ya netew&iacute; ye u ziman&eacute; Kurd&iacute; dewlemende, b diyal&eacute;kt&eacute;n xwe.<br \/>H&eacute;jhayan: &iacute;ro kurdistana azad babet&eacute; ziman&eacute; sta\u200cndert&eacute; Kurd&iacute; gelek germe, mixabin ku hindek kes xwe bi rewshenb&iacute;r u niv&iacute;skar dizanin, dixwazin zarav&eacute; Soran&iacute; bi&nbsp; kotek&iacute;, bi dar&eacute; zor&eacute;, di perwerda Kurdistan&eacute; de bisep&eacute;nin u r&eacute; li ber zarav&eacute; Kurmanj&iacute; teng bikin u neh&eacute;ln, eve jh&iacute; d&iacute;tineke bertenge u kujhtina zarav&eacute; Kurmanj&iacute; ye u dijh&iacute; j&iacute;hana azad&iacute; u maf&eacute; mirov&iacute; ye&#8230;<br \/>Em h&eacute;v&iacute;darm bi rengek&iacute; rehet u pir berpirsiyar&iacute; dan u sita\u200cndin&eacute; l ser v&iacute; babet&iacute; bikin, di v&iacute; konfirans&iacute; de.<br \/>Parastina zarav&eacute;n Kurd&iacute; u r&eacute;zgirtina taybetmend&iacute;y&eacute;n her zaravek&iacute; u p&eacute;shcavwergirtina &eacute;kgirtina r&eacute;z&eacute;n millet&eacute; Kurd&iacute; u bi cavek&iacute; vekir&iacute; li diyal&eacute;kt&eacute;n Kurd&iacute; bin&eacute;rin d&uacute;r jhi regezperest&iacute;y&eacute; u navceger&iacute;y&eacute; u hizra nisaxa berteng u bila d&iacute;tina me, d&iacute;tineke netew&iacute; bit.<br \/>D&iacute;tina me li &eacute;ketiya Niv&iacute;ser&eacute;n Kurd -Duhok:<br \/>Her d&uacute; zaravey&eacute;n Kurmanj&iacute; u Soran&iacute; mil bi mil l d&uacute;v jugirafiya her zaravek&iacute; p&eacute;sh de bicin u werar&eacute; bikin, li dibstan&eacute;n Kurdistan&eacute;, anku jot &#8211; standerd. zimanzan, pispor, akad&iacute;m&iacute; bi h&eacute;min li ser babet&eacute; ziman&eacute; jot &#8211; standerd, vekol&iacute;n&eacute;n xwe bikin jhi bo pitir dewlemendiya diyal&eacute;kt&eacute;n ziman&eacute; Kurd&iacute; bi giyanek&iacute; vekir&iacute;. Kes&iacute; maf n&iacute;ne &iacute;ro ci diyal&eacute;kt&eacute;n Kurd&iacute; jhi nav bibt, yan daxwaz&eacute; bikt.<br \/>Bashtire bi rengek&iacute; zanst&iacute; hizra bi karan&iacute;na r&eacute;niv&iacute;sa Lat&iacute;n&iacute; bikin u jhek&iacute; xwe u v&iacute; konfirans&iacute; da bib&iacute;nt cunke kiras&eacute; Lat&iacute;n&iacute; pitir l bejhna ziman&eacute; Kurd&iacute; dih&eacute;t &uacute; di gel p&eacute;shvec&uacute;na tekn&iacute;k&iacute; alav&eacute;n gehandin&eacute; ya bilez digunj&iacute;t.<\/p>\n<p>Di gel r&eacute;zgirtin&eacute;n &eacute;k&iacute;tiya Niv&iacute;ser&eacute;n Kurd &#8211; Duhok.<\/p>\n<p>Serok&eacute; &eacute;k&iacute;tiya Niv&iacute;sr&eacute;n Kurd -Duhok<br \/>Hesen Sil&eacute;van&iacute;<\/p>\n<p>Sercawe: Duhok Writters (<a href=\"http:\/\/www.duhokwriters.net\">http:\/\/www.duhokwriters.net<\/a>)<\/p>\n","protected":false},"excerpt":{"rendered":"<p>Jhi bizav&eacute;n shand&eacute; &eacute;ket&iacute;a niv&iacute;ser&eacute;n Kurd &#8211; Duhok, li Ewropa Peyva &eacute;ket&iacute;a Niv&iacute;ser&eacute;n Kurd &ndash; Duhok di Konfiransa Ziman&eacute; Kurd&iacute; de li Berl&iacute;n&eacute;<\/p>\n","protected":false},"author":1,"featured_media":203,"parent":0,"menu_order":0,"comment_status":"closed","ping_status":"closed","template":"","meta":{"footnotes":""},"categories":[],"tags":[],"class_list":["post-204","page","type-page","status-publish","has-post-thumbnail","hentry"],"_links":{"self":[{"href":"https:\/\/kurdishacademy.org\/index.php?rest_route=\/wp\/v2\/pages\/204","targetHints":{"allow":["GET"]}}],"collection":[{"href":"https:\/\/kurdishacademy.org\/index.php?rest_route=\/wp\/v2\/pages"}],"about":[{"href":"https:\/\/kurdishacademy.org\/index.php?rest_route=\/wp\/v2\/types\/page"}],"author":[{"embeddable":true,"href":"https:\/\/kurdishacademy.org\/index.php?rest_route=\/wp\/v2\/users\/1"}],"replies":[{"embeddable":true,"href":"https:\/\/kurdishacademy.org\/index.php?rest_route=%2Fwp%2Fv2%2Fcomments&post=204"}],"version-history":[{"count":0,"href":"https:\/\/kurdishacademy.org\/index.php?rest_route=\/wp\/v2\/pages\/204\/revisions"}],"wp:featuredmedia":[{"embeddable":true,"href":"https:\/\/kurdishacademy.org\/index.php?rest_route=\/"}],"wp:attachment":[{"href":"https:\/\/kurdishacademy.org\/index.php?rest_route=%2Fwp%2Fv2%2Fmedia&parent=204"}],"wp:term":[{"taxonomy":"category","embeddable":true,"href":"https:\/\/kurdishacademy.org\/index.php?rest_route=%2Fwp%2Fv2%2Fcategories&post=204"},{"taxonomy":"post_tag","embeddable":true,"href":"https:\/\/kurdishacademy.org\/index.php?rest_route=%2Fwp%2Fv2%2Ftags&post=204"}],"curies":[{"name":"wp","href":"https:\/\/api.w.org\/{rel}","templated":true}]}}