{"id":195,"date":"2008-05-18T12:11:28","date_gmt":"2008-05-18T12:11:28","guid":{"rendered":"http:\/\/localhost\/wp\/wordpress\/israra-zimanek-yekgirti-stalinizm-e\/"},"modified":"2008-05-18T12:11:28","modified_gmt":"2008-05-18T12:11:28","slug":"israra-zimanek-yekgirti-stalinizm-e","status":"publish","type":"page","link":"https:\/\/kurdishacademy.org\/?page_id=195","title":{"rendered":"Israra &#8220;Zimanek yekgirt\u00ed&#8221; Stal\u00edn\u00edzm e"},"content":{"rendered":"<p>M&uacute;rad JIWAN&nbsp;&nbsp;&nbsp; <br \/>Mallperra NetKurd.com 4\/2\/2008<br \/>\n<!--more--><\/p>\n<p>M&uacute;rad JIWAN&nbsp;&nbsp;&nbsp; <br \/>Mallperra NetKurd.com 4\/2\/2008<\/p>\n<p>Wez&iacute;r&eacute; perwerdey&eacute; y&eacute; hukumeta Kurdistan&eacute; Dilshad Ebdurrehman di hevpeyiv&iacute;na xwe de ya ku duh rojhnameya Kurdistan&iacute; Nw&eacute; p&eacute; re kiriye, bi mixabiniyeka mezin heb&uacute;na perwerdey&eacute; li devera Bahd&iacute;nan a bi zaravay&eacute; kurmanj&iacute;&nbsp; xeteraka mezin dib&iacute;ne. Ew diyar dike ku ev ne enjama biryara w&iacute; ye, jhi biryar&eacute;n wez&iacute;ren ber&eacute; t&eacute;. Dilshad Ebdurrehman her wiha &iacute;fsha dike ku nuha jh&iacute; namey&eacute;n niv&iacute;sand&iacute; y&eacute;n resm&iacute; jhi dezgeh&eacute;n resm&iacute; y&eacute;n dever&eacute;&nbsp; bi kurmanj&iacute; jhi wan re t&eacute;n &uacute; ew v&eacute; yek&eacute; wek xetereka mezin a percekirina yek&iacute;tiya netewey&eacute; kurd dib&iacute;ne.<\/p>\n<p>Wez&iacute;r &iacute;d&iacute;a dike ku wek neteweyek&iacute; (netewey&eacute; kurd) p&eacute;wistiya me bi zimanek&iacute; yekgirt&iacute; heye. Li gor w&iacute; div&eacute; lehjeyek wek ziman&eacute; resm&iacute; y&eacute; yekgirt&iacute; b&eacute; qeb&uacute;l kirin (b&eacute;guman ev jhi bo w&iacute;&nbsp; soran&iacute; ye) &uacute; jhi lehjey&eacute;n din peyv b&eacute;n xistin nav v&eacute; lehjeya ku buye ziman&eacute; resm&iacute;.<\/p>\n<p>Bi v&eacute; hevpeyiv&iacute;n&eacute; jareka din diyar b&uacute; ku k&eacute;shmek&eacute;sh&iacute; &uacute; b&eacute;program&iacute;yeka mezin di pirsa ziman&eacute; yekgirt&iacute; &uacute; perwerdey&eacute; de li nav me heye, proseseka ilm&iacute; nehatiye destp&eacute;kirin ku l&eacute;kol&iacute;n, l&eacute;ger&iacute;n &uacute; enjam&eacute;n wan y&eacute;n hilbijhartina siyaseta ziman &uacute; perwerdey&eacute; li ser esasek&iacute; ilm&iacute; bice, gelek minaqeshey&eacute;n hiss&iacute;, y&eacute;n ne zanist&iacute; ku xwe disp&eacute;rin &iacute;delojhiy&eacute;n kevn &eacute;n wek jhakoben&iacute;zm&eacute;, jhi w&eacute; der&eacute; jh&iacute; stal&iacute;n&iacute;zm&eacute; &uacute; kemal&iacute;zm&eacute;, yan baas&iacute;zm&eacute; (nasyonal&iacute;zma total&iacute;ter a n&iacute;jhadperest a as&iacute;m&iacute;lasyon&iacute;st a ereb tirk &uacute; farisan) t&eacute;n kirin.<\/p>\n<p>Jhi bo ku ez minaqesheya absurd a jhi rast&iacute; &uacute; zanistiy&eacute; d&uacute;r a li ser ziman&eacute; yekgirt&iacute; bidim, jhi bil&iacute; v&eacute; &iacute;d&iacute;aya Dilshad Ebdurrehman (a ku bikaran&iacute;na kurmanj&iacute; &eacute; netewey&eacute; kurd perce bike) ez &eacute; hed&iacute;seyek&eacute; biguh&eacute;zim ku hatiye ser&eacute; min.<\/p>\n<p>Teqr&iacute;ben salek ber&eacute;, min li gel dostek&iacute; xwe y&eacute; ronakb&iacute;r &eacute; soran li ser pirsa pirrlehjey&iacute; &uacute; ziman&eacute; yekgirt&iacute; sohbet dikir. Dost&eacute; min li min vegeriya, bi awayek&iacute; gelek jidd&iacute; &uacute; bi cav&eacute;n tijh&iacute; end&iacute;she got:<\/p>\n<p>&#8211; Kak M&uacute;rad emperyal&iacute;zm &uacute; s&iacute;yon&iacute;zm dixwaze kurdan perce bike. Di riya hin zimanzan &uacute; kurdnas&eacute;n yah&uacute;d&iacute; re (w&iacute; nav&eacute;n hin kurdnas&eacute;n ewrop&iacute; jh&iacute; dan ku h&eacute; dijh&iacute;n, l&eacute; ez wan navan nadim) ew dixwazin alfabeya lat&iacute;n&iacute; &uacute; lehjeya kurmanj&iacute; bikin bela li ser&eacute; milet&eacute; kurd &uacute; kurdan perce bikin.<\/p>\n<p>Ez gelek matmay&iacute; mam ku w&iacute; dost&eacute; min ev yek got. Ber&iacute; v&eacute; sohbeta me bi mehek&eacute; jh&iacute; nasek&iacute; min jhi ronakb&iacute;r&eacute;n kurmanj &eacute;n Kurdistana bakur &iacute;d&iacute;ayeka tam eks&eacute; v&eacute; jhi min re kirib&uacute;. Ez li dost&eacute; xwe y&eacute; soran vegeriyam min got:<\/p>\n<p>&#8211; Kaka, ez jhi te re behsa &iacute;d&iacute;yeka din bikim, ku ber&iacute; mehek&eacute; dostek&iacute; min &eacute; din jhi min re got. Li gor dost&eacute; min &eacute; kurmanj, berpirs&eacute;n desthilata Kurdistana federe, di riya Amer&iacute;kay&eacute; re bi tirkan re li hev kirine ku ew alfabeya lat&iacute;n&iacute; &uacute; lehjeya kurmanj&iacute; jhi perwerdey&eacute; bi temam&iacute; derxin, ten&eacute; alfabeya ereb&iacute; &uacute; lehjeya soran&iacute; bikarb&iacute;nin da tes&iacute;ra bash&uacute;r li ser kurd&eacute;n Tirkiyey&eacute; nebe, Tirkiye jh&iacute; li hember&iacute; v&eacute;, amade ye desthilata Kurdistana federe nas bike.<\/p>\n<p>Bel&eacute;, minaqeshey&eacute;n me y&eacute;n li ser pirrlehjet&iacute; &uacute; ziman&eacute; yekgirt&iacute;, heta nuha, mixabin ku li ser van esas&eacute;n ne jidd&iacute; &uacute; ne zanist&iacute; dicin. Em her yek jhi al&iacute; xwe de gorra y&eacute; din dikolin, tev&iacute; ku zanista di war&eacute; ziman, lehje &uacute; perwerdey&eacute; de, tejrubey&eacute;n welat&eacute;n dunyay&eacute; &uacute; rastiy&eacute;n welat&eacute; me gelek zelal riy&eacute;n careseriyan li ber me radixin. &Iacute;mkan jhi van l&eacute;kol&iacute;n &uacute; pishkin&iacute;nan re nay&eacute;n vekirin, her ku dice em ber bi gerrekeka cirav&iacute;n a b&eacute;veger a xeter ve dicin.<\/p>\n<p>Jarek&eacute;, jhi rastiy&eacute; gelek d&uacute;r e, ku wek neteweyek&iacute; jhi me re yek zimanek&iacute; yekgirt&iacute; div&eacute;. Li ser ruy&eacute; erd&eacute; gelek netewe &uacute; welat hene ku ne yekziman&iacute; ne, li welat&eacute; xwe du an s&eacute; zimanan bikart&iacute;nin &uacute; yek netewe ne. Sw&iacute;sre, Kanada, Hindistan, Afrikaya Bash&uacute;r jhi van welata ne. Ew hem yeknetewetiya xwe dipar&eacute;zin, hem jh&iacute; welat&eacute;n demokrat&iacute;k &uacute; p&eacute;shket&iacute; ne.<\/p>\n<p>Herwiha li dinyay&eacute; welat hene ku xwedan du lehje ne, herdu lehjey&eacute;n xwe jh&iacute; kirine zaravey&eacute;n resm&iacute; y&eacute;n niv&iacute;sk&iacute; y&eacute;n perwerdey&eacute;, statuya herdu lehjeyan qas&iacute; hev bilind e li dezgey&eacute;n resm&iacute; &eacute;n dewlet&eacute;, welatiy&eacute;n w&iacute; welat&iacute; bi k&eacute;fa xwe ne ku di perwerdey&eacute; de k&iacute;jhan lehjey&eacute; hilbijh&eacute;rin, an namey&eacute;n xwe y&eacute;n resm&iacute; bi k&iacute;jhan lehjey&eacute; biniv&iacute;sin. Norvejh welatek&iacute; wiha ye ku herdu lehjey&eacute;n xwe jh&iacute; kirine resm&iacute; &uacute; ew li ba wan qas&iacute; hev biq&iacute;met in, welat&iacute; herdu lehjeyan jh&iacute; dizanin. Norvejh perce neb&uacute;ye, yek netewe ye, kes bi cav&eacute; du netewetiy&eacute; l&eacute; nan&eacute;re &uacute; yek jhi wan welat&eacute;n her&iacute; demokrat&iacute;k &uacute; p&eacute;shkeft&iacute; ye.<\/p>\n<p>Jhi aliy&eacute; din, ne rast e ku hilbijhartina lehjeyek&eacute; wek ziman&eacute; yekb&uacute;y&iacute; y&eacute; resm&iacute; meriv digih&iacute;ne hev &uacute; dike yek netewe. Ev n&eacute;z&iacute; 70-80 salan e ku 20 welat&eacute;n ereb lehjeya qureysh&iacute; kiriye ziman&eacute; xwe y&eacute; yekb&uacute;y&iacute; &eacute; resm&iacute;, l&eacute; ew h&eacute; jh&iacute; 20 welat&eacute; juda ne, ew h&eacute; jh&iacute; neb&uacute;ne yek netewe.<\/p>\n<p>Di ser re&nbsp; jhi ber ku ew edebiyat &uacute; huner&eacute; xwe bi lehja qureysh&iacute; li welatiy&eacute;n xwe ferz dikin, welatiy&eacute;n ereb &eacute;n ku ne qureysh&iacute; ne jhi w&eacute; edebiyat &uacute; huner&eacute; fahm nakin, jh&eacute; hez nakin, mizaha w&eacute;, p&eacute;kan&iacute;n&eacute;n w&eacute; fahm nakin, w&eacute; nakin a xwe, heta &iacute;d&iacute;ayek heye ku di perwerdey&eacute; de h&eacute; n&eacute;z&iacute; jhi %70-y&eacute; ereban nexwendewar in &uacute; yek jhi sedeman jh&iacute; ew e ku wan lehjeyek xer&iacute;b&eacute; welatiy&eacute;n xwe hilbijhartine, ew rewsh, perwerdey&eacute; dijhwartir dike.<\/p>\n<p>Em dizanin ku nuha li nav ereban tevgerek&eacute; destp&eacute;kiriye ku dixwaze her dewleteka ereb erebiya li welat&eacute; xwe hilbijh&eacute;re, bike resm&iacute;.<\/p>\n<p>&Iacute;d&iacute;aya biserxistina zimanek&iacute; yekgirt&iacute; jhi rastiy&eacute;n welat &uacute; metod&eacute;n zanisti y&eacute;n perwerdey&eacute; nay&eacute;, jhi &iacute;delolojhiya kevn a nasyonal&iacute;zma jhakoben t&eacute; ku pisht re li welat&eacute;n sosyal&iacute;st wek tez&eacute;n stal&iacute;n&iacute;st &eacute;n li ser ziman &uacute; netewetiy&eacute; &uacute; li devera me jh&iacute; wek kemal&iacute;zm, baas&iacute;zm &uacute; nesyonal&iacute;zma ereb &uacute; faris xwe daye der, ne ilm&iacute; ye &iacute;deolojh&iacute;k e.<\/p>\n<p>Jhakoben&iacute;zm ber&iacute; z&eacute;detir&iacute; 200 salan r&uacute; da, w&eacute; dewr&eacute;, rewsha j&iacute;han&eacute; r&eacute; dida ku dewlet di p&eacute;shengiya kral an serok&eacute;n ku dixwest bi dar&eacute; zor&eacute; yek&iacute;tiya milet p&eacute;k b&iacute;ne, lehjeya devera qiral an serokek&iacute; bike ziman&eacute; resm&iacute; &eacute; dewlet&eacute; &uacute; hem&uacute; ziman &uacute; lehjey&eacute;n ku di nav w&eacute; dewlet&eacute; de hene as&iacute;m&iacute;le bike, ten&eacute; lehjeyek&eacute; biserxe. Nim&uacute;neya v&eacute; ya her&iacute; balk&eacute;sh Fransa ye. Tev&iacute; ku jhi 200 salan z&eacute;detir e ev siyaset li Fransay&eacute; meshiya ew jhi sed&iacute; sed biserneket, anuha hin lehje &uacute; ziman hene jhi nuh ve derdikevin meydan&eacute; &uacute; statuya xwe di nav jivak&eacute; de dist&iacute;nin. Fransa r&uacute;bir&uacute;y&eacute; asteng&iacute; &uacute; pirsgir&eacute;kan b&uacute;ye, mejb&uacute;r dibe reforman di s&iacute;stema xwe de bike jhi d&eacute;vla yekp&eacute;khateyiya un&iacute;ter a total&iacute;ter a as&iacute;m&iacute;lasyon&iacute;st, ber bi pirp&eacute;khateyiya adem&iacute; merkeziyet&iacute; ya demokrat&iacute;k a entegrasyon&iacute;st dice.<\/p>\n<p>Li welat&eacute;n Sovyeta ber&eacute;, &iacute;deolojhiya stal&iacute;n&iacute;zm&eacute; a li ser yekziman&iacute; &uacute; neteweyiy&eacute; ya li pey yek neteweya komunist &uacute; yek ziman&eacute; r&uacute;s&iacute;, netewey&eacute;n nav v&eacute; dewlet&eacute; ber bi felaket&eacute; de bir, pash de hisht, dijhminayet&iacute; di navbera gelan de k&uacute;r kir, pisht re jh&iacute; t&eacute;k c&uacute;.<\/p>\n<p>Li Tirkyey&eacute; &uacute; welat&eacute;n ereb, s&iacute;stem&eacute;n yekziman&iacute; &uacute; yek netewey&iacute; bingeh&eacute;n xwe jhi fash&iacute;zm &uacute; naz&iacute;zm&eacute;, jhi n&iacute;jhadperestiy&eacute; &uacute; jhi total&iacute;ter&iacute;zma stal&iacute;n&iacute;zm&eacute; girtin, wek kemal&iacute;zm &uacute; baas&iacute;zm diyar b&uacute;n. Bi nav&eacute; yek ziman&iacute;, yek netewey&iacute;, yek dewlet&iacute;, yek alay&iacute;, yek c&iacute;n &uacute; tebeqey&iacute; &uacute; bi israra dewleta merkez&iacute; ya un&iacute;ter ev 80-100 sal in ku pirsgir&eacute;k &uacute; bir&iacute;n&eacute;n gelek mezin di jivak&eacute; de hatine peydakirin.<\/p>\n<p>Gava meriv li minaqeshey&eacute;n ronakb&iacute;r&eacute;n kurd &eacute;n li ser t&eacute;geha neteweb&uacute;n&eacute; &uacute; pirsgir&eacute;ka pirr lehjet&iuml; &uacute; ziman&eacute; yekgirt&iacute; din&eacute;re, meriv dib&iacute;ne ku er&eacute;, ronakb&iacute;r&eacute;n kurd li her car percey&eacute;n Kurdistan&eacute; li dijh&iacute; nasyonal&iacute;zma ereb, tirk &uacute; faris; li dijh&iacute; kemalizm &uacute; baas&iacute;zm&eacute; t&eacute;kosh&iacute;n dan jhi bo rizgarkirina welat&eacute; xwe, l&eacute; pisht&iacute; rizgarkirin&eacute; ew her eyn&iacute; model&eacute; jhi bo perwerde &uacute; ziman&eacute; resm&iacute; hildibijh&eacute;rin, w&eacute; netewetiy&eacute; dipar&eacute;zin ku deq bi deq qopyeya ya kemal&iacute;zm&eacute;, baas&iacute;zm&eacute; &uacute; stal&iacute;n&iacute;zm&eacute; ye. Yan&iacute; ronakb&iacute;r&eacute;n kurd b&uacute;ne kopyey&eacute;n efendiy&eacute;n xwe.<\/p>\n<p>Ev, gava meriv bala xwe dide s&iacute;stema perwerdeb&uacute;na me, ew qas jh&iacute; ne tishtek&iacute; xer&iacute;b e. Ronakb&iacute;r&eacute;n me y&eacute;n hundur&eacute; welat hem di dema perwerdeb&uacute;na xwe ya formel de, hem jh&iacute; di ya gihashtina gisht&iacute; de, di bin s&iacute;stema kemal&iacute;zm &uacute; baas&iacute;zm&eacute; de perwerde b&uacute;n, mejhiy&eacute;n wan bi parad&iacute;gmay&eacute;n nasyonalizm&eacute;n ereb, tirk &uacute; faris dorp&eacute;ckir&iacute; b&uacute;n. Y&eacute;n ku derketin derva jh&iacute; pirraniya wan li welat&eacute;n sosyal&iacute;t &eacute;n ber&eacute; xwend, zaneb&uacute;na wan a jivak&iacute;, perwerdey&iacute;, pedagojh&iacute; &uacute; gelek war&eacute;n din cavkaniya xwe jhi stal&iacute;n&iacute;zm&eacute;, jhi &iacute;deolojhiya sosyal&iacute;st a wan welat&eacute;n hilweshiyay&iacute; girt.<\/p>\n<p>Ev her s&eacute; model jh&iacute; p&uacute;c b&uacute;ne; hin di pirsgir&eacute;kan de as&eacute; b&uacute;ne, hin jh&iacute; hilweshiyane, l&eacute; wek di argument&eacute;n wez&iacute;r&eacute; perwerdey&eacute; Dilshad Ebdurehman de xwesh t&eacute;n d&iacute;tin ronakb&iacute;r&eacute;n kurd ders jhi sedem&eacute;n van t&eacute;kc&uacute;nan dernexistine, nab&iacute;nin ku dewrana wan &iacute;deolojhiyan c&uacute;, nuha em di qonaxeka nuh ya golabal&iacute;zm&eacute; de ne ku welat&eacute;n Ewropay&eacute; jh&iacute; t&eacute; de, xelk xwe diguherin, reforman di xwe de dikin, wan bermayiy&eacute;n jhakoben&iacute;zm&eacute; jh&iacute; jhi nav xwe radikin. Dunya hem&uacute; jhi w&eacute; dewran&eacute; derdikeve, xelas dibe, ronakb&iacute;r&eacute;n kurd h&eacute; nuh destp&eacute;kirine Kurdistan&eacute; dixin nav w&eacute;.<\/p>\n<p>&Iacute;d&iacute;ay&eacute;n yekgirtina ziman li ser esas&eacute; lehjeyek&eacute; jhi metod&eacute;n zanist&iacute; d&uacute;r in. Standard&iacute;zekirina zimanek&iacute; an lehjeyek&eacute; tishtek e &uacute; bi nav&eacute; yekgirtina ziman, ferzkirina lehjeyek&eacute; li ser lehje &uacute; ziman&eacute;n weltiy&eacute;n welatek&iacute; (ku jhi lehjey&eacute;n hevdu fahm nakin) bi dar&eacute; zor&eacute; tishtek&iacute; din e. Ber&eacute;, di dewra qiraliyet&eacute;n mutlaq&iacute;, yan serokatiy&eacute;n&nbsp; navend&iacute; y&eacute;n total&iacute;ter de, welatiy&eacute;n minor&iacute;te y&eacute;n lehje, ziman, an etn&iacute;sitey&eacute;n din bi dar&eacute; zor&eacute; heta derejeyek&eacute; hatin b&eacute;deng kirin, l&eacute; ew nehatin tunekirin. Di sh&uacute;na w&eacute; de, welat pash de man, perwerde, xwendin &uacute; zanist li wan welatan belav neb&uacute;, welat&iacute; jhi hev d&uacute;r ketin, b&uacute;n dijhmin&eacute;n hev.<\/p>\n<p>&Iacute;ro di dema v&eacute; dinya global de ku demokras&iacute;, tolerans &uacute; viyana serbest peywendiy&eacute;n esas&iacute; &eacute;n walat&iacute;tiy&eacute; ne, lehjeya deverek&eacute; ya ku jhi bal dever&eacute;n din nay&eacute; f&eacute;hmkirin, bi dar&eacute; zor&eacute; nikare li ser welatiyan b&eacute; ferzkirin, &eacute; ney&eacute; qeb&uacute;l kirin. Bi eks&eacute; w&eacute;, eger&nbsp; lehjeyek b&eacute;y&iacute; dil&eacute; welatiyan, bi qan&uacute;n an zordariyan li ser wan b&eacute; ferzkirin, ew bi maskeya slogana yek&iacute;tiya netewey&iacute; be jh&iacute; dikare netewe perce bike, welatiyan li hember hev resh bike, wan jhi hev d&uacute;r bixe.<\/p>\n<p>Rastiya Kurdistan&eacute; wiha ye ku hem&uacute; kurd bixwazin jh&iacute;, yek lehje nikare li seranser&eacute; Kurdistan&eacute;, li her car perceyan b&eacute; serdestkirin. Kurd&eacute;n Kurdistana Tirkiyey&eacute; bixwazin jh&iacute; nikarin dev jhi kurmanj&iacute; &uacute; zazak&iacute; &uacute; alfabeya lat&iacute;n&iacute; berdin &uacute; f&eacute;r&iacute; soran&iacute; &uacute; alfabeya ereb&iacute; bibin. S&iacute;stema dewleta Tirkiyey&eacute; r&eacute; nade v&eacute; &uacute; kurd bi xwe jh&iacute; ne bi dest&eacute;n xwe ne. Loma div&eacute; em rastiyek&eacute; qeb&uacute;l bikin, bi k&eacute;mas&iacute; &eacute; hin lehjey&eacute;n kurd&iacute; eger hem&uacute; Kurdistan xelas bibe jh&iacute; demeka dir&eacute;jh heb&uacute;na xwe bipar&eacute;zin, yekb&uacute;na wan ber bi zimanek&iacute; ve yan &eacute; nebe yan &eacute; demeka dir&eacute;jh bik&eacute;she.<\/p>\n<p>Jhi d&eacute;lva qedexekirina hem&uacute; lehjeyan jhi bil&iacute; lehjeyek&eacute;, ya her&iacute; zanist&iacute;, ya her&iacute; pedagojh&iacute;k, ya her&iacute; demokrat&iacute;k, human&iacute;st &uacute; her&iacute; n&eacute;z&iacute;kker, ew e ku her lehje wek lehjeya resm&iacute; a perwerdey&eacute; b&eacute; qeb&uacute;l kirin, her lehje li devera xwe bibe lehjeya yek&eacute;, l&eacute; mufredatek b&eacute; dan&iacute;n ku lehjey&eacute;n din jh&iacute; li her dever&eacute; b&eacute;n xwendin, bi w&iacute; away&iacute; ku her xwendevan&eacute; l&iacute;se xelas kir karibe herdu lehjeyan jh&iacute; biniv&iacute;se, bixw&iacute;ne &uacute; biaxive. Di r&eacute;ya dezgey&eacute;n perwerde &uacute; ziman y&eacute;n din re, di riya medyay&eacute; re jh&iacute; metod&eacute;n n&eacute;z&iacute;kirina lehjeyan bibe stratejh&iacute; da jhi bo demeka dir&eacute;jh ev lehje n&eacute;z&iacute; hev bibin, belk&iacute; bibin yek, yan lehjeyek di riya xwezay&iacute; re li seranser b&eacute; qeb&uacute;lkirin.<\/p>\n<p>Qeb&uacute;lkirina pirrlehjetiy&eacute; jhi ber esas&eacute;n d&iacute;n&iacute; jh&iacute; zar&uacute;retek e. Wek t&eacute; zan&iacute;n kurmanj&iacute; ne ten&eacute; lehjeyek e, ew ziman&eacute; d&iacute;n&iacute; y&eacute; d&iacute;n&eacute; &eacute;z&iacute;d&iacute; ye jh&iacute;. Kurdistana federe nuha ava dibe ku her gel &uacute; netewe, welatiy&eacute;n jhi her d&iacute;n&iacute; bi ziman&eacute; xwe, li gor esas&eacute;n d&iacute;n&eacute; xwe perwerde bibin &uacute; d&iacute;n&eacute; xwe bijh&iacute;n. Ma dibe ku kildan&iacute;, as&uacute;r&iacute;, ermen&iacute; &uacute; tirkman&iacute; serbest be, di perwerdey&eacute; b&eacute; bikaran&iacute;n, l&eacute; kurmanj&iacute; jhi bo &eacute;z&iacute;d&iacute;yan qedexe be, ew soran&iacute; f&eacute;r bibin. Siyaset &uacute; s&iacute;stemeka wiha welat ber bi demokras&iacute; &uacute; azadiy&eacute;, ber bi dunya modern ve nabe, ber bi kemal&iacute;zm, baas&iacute;zm &uacute; stal&iacute;n&iacute;zm&eacute; ve dibe.<\/p>\n<p>Pishtre div&eacute; em xwe bi xwe hin tirs&eacute;n b&eacute;mane jhi xwe re peyda nekin &uacute; nekevin nav shash&iacute;tiy&eacute;n mezin. Tu bingeh tuneye ku gava em lehjeyan serbest bikin &uacute; ew bibin zaravay&eacute;n perwerd&eacute;, netewey&eacute; kurd &eacute; perce bibe. Ew netewey&eacute; kurd ku bi sedan sal e, di v&iacute; hal&eacute; welat&eacute; perjeb&uacute;y&iacute; de, di bin n&iacute;r&eacute; dijhmin de, tev&iacute; hem&uacute; zordariyan, xwe soran, kurmanj, hawram&iacute;, zaza, lur &uacute; feyl&iacute; dib&iacute;ne, l&eacute; wek nasnameyeka serek&iacute; herkes jardin dib&eacute;jhe &quot;ez kurd im&quot;, perce nabe, jhi hev nakeve, di nav tevegera rizgariya netewey&iacute; de mil bi mil&eacute; hev sher dike, ma cima &iacute;ro, gava dewleta w&iacute; hebe, ew serwer be, bikaribe bi dil&eacute; xwe bi k&iacute;jhan lehjey&eacute; bixwaze bixw&iacute;ne, k&iacute;jhan baweriy&eacute; jhi xwe re hilbijh&eacute;re serbest be, cima &eacute; di halek&iacute; wiha de perce bibe?<\/p>\n<p>Bileks gava bib&iacute;ne r&eacute;z li hem&uacute; taybetmendiy&eacute;n w&iacute; t&eacute; girtin, jhi bo bawer&iacute; &uacute; kultura w&iacute; ziman &uacute; lehjeya w&iacute; &uacute; gelek tisht&eacute;n w&iacute; y&eacute;n din dewleta w&iacute; her tisht&iacute; dike, &eacute; pirtir li gel biray&eacute;n xwe y&eacute;n jhi lehje, mezheb &uacute; d&iacute;n&eacute;n din n&eacute;z&iacute;k bibe, di demeka neslek&eacute;-du neslan de gelek taybetiy&eacute;n welatiyan &eacute;n ziman &uacute; kultur&eacute; bi awayek&iacute; teb&iacute;i &eacute; n&eacute;z&iacute; hev bibin &uacute; belk&iacute; yek zimanek&iacute; yekgirt&iacute; jh&iacute; ava bibe.<\/p>\n<p>L&eacute; eger bi eks&eacute; v&eacute;, jhi nuha de aliyek bib&iacute;ne ku her cend&iuml; wan bi hev re li hember&iacute; dijhmin xw&iacute;na xwe r&eacute;t &uacute; dijhmin qewirand, li welat&eacute; xwe ew b&uacute;n serwer, &iacute;jha aliyek&iacute; din r&eacute;z li ziman &uacute; taybetiy&eacute;n w&iacute; y&eacute;n din nagire, heta hin heb&uacute;n &uacute; maf&eacute;n w&iacute; t&eacute;n qedexekirin, &eacute; dilg&iacute;r bibe, h&eacute;rs bibe, jhi aliy&eacute; din d&uacute;r bikeve. Bi v&iacute; away&iacute; esas dikare perceb&uacute;n t&eacute;keve nav netewey&eacute; kurd.<\/p>\n<p>Loma mesela pirlehjey&iacute;, mesleyeka xwedan gelek al&iacute; ye, jhi &iacute;xt&iacute;ras&eacute;n ronakb&iacute;r&eacute;n soran w&eacute;detir hesasiyeteka w&eacute; heye &uacute; dikare tes&iacute;reka w&eacute; ya mezin li pasherojha me bibe. Div&eacute; em bash l&eacute;bikolin, cima em &eacute; yek lehjey&iacute;, yan pirrlehjeyiy&eacute; hilbijh&eacute;rin.<\/p>\n<p>Ber&eacute; em li ser esas&eacute;n zanist&iacute; l&eacute;kol&iacute;n &uacute; pishkin&iacute;nan, jhi ali zimanevan&iacute;, pedagojh&iacute;, sosyolojh&iacute; &uacute; siyas&iacute; bikin, pisht re em biryar&eacute;n xwe y&eacute;n siyas&iacute; li ser van esas&eacute;n zanist&iacute; bidin, qan&uacute;n&eacute;n xwe li ser van esasan derxin. Yan na, bi tes&iacute;ra &iacute;delolojhiy&eacute;n riziyay&iacute; &uacute; romant&iacute;zmeka jhi zanistiy&eacute; d&uacute;r, em dikarin pasherojha netewey&eacute; xwe tar&iacute; bikin, w&eacute; jhi dinya modern a p&eacute;shkeft&iacute; d&uacute;r bixin bav&eacute;jhin nav tar&iacute;tiya herdu qirn&eacute;n ber&eacute;. Pirs pirr hesas e, div&eacute; em hay jhi hesasiyeta w&eacute; hebin.<br \/>&nbsp;<\/p>\n","protected":false},"excerpt":{"rendered":"<p>M&uacute;rad JIWAN&nbsp;&nbsp;&nbsp; Mallperra NetKurd.com 4\/2\/2008<\/p>\n","protected":false},"author":1,"featured_media":0,"parent":0,"menu_order":0,"comment_status":"closed","ping_status":"closed","template":"","meta":{"footnotes":""},"categories":[],"tags":[],"class_list":["post-195","page","type-page","status-publish","hentry"],"_links":{"self":[{"href":"https:\/\/kurdishacademy.org\/index.php?rest_route=\/wp\/v2\/pages\/195","targetHints":{"allow":["GET"]}}],"collection":[{"href":"https:\/\/kurdishacademy.org\/index.php?rest_route=\/wp\/v2\/pages"}],"about":[{"href":"https:\/\/kurdishacademy.org\/index.php?rest_route=\/wp\/v2\/types\/page"}],"author":[{"embeddable":true,"href":"https:\/\/kurdishacademy.org\/index.php?rest_route=\/wp\/v2\/users\/1"}],"replies":[{"embeddable":true,"href":"https:\/\/kurdishacademy.org\/index.php?rest_route=%2Fwp%2Fv2%2Fcomments&post=195"}],"version-history":[{"count":0,"href":"https:\/\/kurdishacademy.org\/index.php?rest_route=\/wp\/v2\/pages\/195\/revisions"}],"wp:attachment":[{"href":"https:\/\/kurdishacademy.org\/index.php?rest_route=%2Fwp%2Fv2%2Fmedia&parent=195"}],"wp:term":[{"taxonomy":"category","embeddable":true,"href":"https:\/\/kurdishacademy.org\/index.php?rest_route=%2Fwp%2Fv2%2Fcategories&post=195"},{"taxonomy":"post_tag","embeddable":true,"href":"https:\/\/kurdishacademy.org\/index.php?rest_route=%2Fwp%2Fv2%2Ftags&post=195"}],"curies":[{"name":"wp","href":"https:\/\/api.w.org\/{rel}","templated":true}]}}