{"id":193,"date":"2008-05-18T10:39:06","date_gmt":"2008-05-18T10:39:06","guid":{"rendered":"http:\/\/localhost\/wp\/wordpress\/bersivek-jhi-bo-birez-dillshad-ebdul-rehman\/"},"modified":"2018-10-26T08:10:43","modified_gmt":"2018-10-26T08:10:43","slug":"bersivek-jhi-bo-birez-dillshad-ebdul-rehman","status":"publish","type":"page","link":"https:\/\/kurdishacademy.org\/?page_id=193","title":{"rendered":"Bersivek jhi bo bir\u00e9z Dillshad Ebdul Rehman"},"content":{"rendered":"<p>Bersivek jhi bo bir\u00e9z Dillshad Ebdul Rehman wez\u00edr\u00e9 perwerdey\u00e9<\/p>\n<p><!--more--><\/p>\n<p>Bersivek jhi bo bir\u00e9z Dillshad Ebdul Rehman wez\u00edr\u00e9 perwerdey\u00e9<\/p>\n<p>Mihemed Ebdula (MihemedEbdula@yahoo.com)<br \/>\nP\u00e9nshem, 08 Gulan 2008<\/p>\n<p><img loading=\"lazy\" decoding=\"async\" class=\" alignright size-full wp-image-192\" src=\"http:\/\/localhost\/wp\/wordpress\/wp-content\/uploads\/2008\/05\/mihemed_ebdula.jpg\" alt=\"Mihemed Ebdula\" width=\"110\" height=\"132\" align=\"right\" border=\"1\" hspace=\"10\" vspace=\"10\" \/>Li rojha 28\/ 4\/ 2008\u00a0 di heft\u00ednameya R\u00fadaw hijhmara caran de, wez\u00edr\u00e9 perwerdeya Kurdistan\u00e9 pishtevaniya xwe jhi bo layen\u00e9 sepandin\u00e9 ragihand, mebesta min pishtevaniya wan 53\u00a0 kesan kir ew \u00e9n ku beyannameyek belavkir\u00ed \u00fa daxwazkir\u00ed sh\u00e9wezar\u00e9 (soran\u00ed) bibe ziman\u00e9 standard li Kurdistan\u00e9. Bi rast\u00ed evan bangewaziy\u00e9n tek layen\u00ed \u00fa b\u00e9y\u00ed wergirtina d\u00edd \u00fa boc\u00fan\u00e9n y\u00e9n beramber (devera kirmanjiya jhor\u00ed), wijhdan \u00fa der\u00fan\u00e9 hem\u00ed rewshenb\u00edr \u00fa niv\u00edser \u00fa zimanzan\u00e9n devera kirmanjiya jhor\u00ed hejhand, cunk\u00ed dem\u00e9 ku babetek\u00ed careniv\u00edsaz m\u00edna ziman\u00e9 standard ku peywend\u00ed bi hem\u00ed Kurdistan\u00e9 ve heye dih\u00e9te azirandin, p\u00e9diviye boc\u00fan\u00e9n pispor \u00fa zimanzan\u00e9n Kurdistan\u00e9 bih\u00e9te wergirtin \u00fa zanay\u00e9n shareza di v\u00ed war\u00ed de bih\u00e9ne gaz\u00edkirin \u00fa konfiranis \u00fa jiv\u00edn jhi bo maweyek\u00ed dir\u00e9jh bih\u00e9ne enjamdan da ku berhem \u00fa biriyar\u00e9n d\u00famahiy\u00e9 di berjhewendiya d\u00edrok \u00fa bizava netewayetiya Kurdistan\u00e9 de bin, l\u00e9 sed mixabin ew kes\u00e9n dib\u00e9jhine xwe zana \u00fa rewshenb\u00edr beyanname \u00fa bangewaziy\u00e9n careniv\u00eds\u00ed radigeh\u00ednin \u00fa Kurdistan\u00e9 bi milk\u00e9 bajh\u00e9r\u00e9 Sil\u00e9maniy\u00e9 biten\u00e9 dizanin \u00fa dever\u00e9n d\u00ed y\u00e9n Kurdistan\u00e9 hem\u00ed kir\u00e9dar \u00fa sepan\u00e9n wanin.<\/p>\n<p><strong>Wez\u00edr\u00e9 h\u00e9jha:<\/strong><\/p>\n<p>em bash dizanin, dem\u00e9 ku tishtek di berjhewendiya deverper\u00e9siya we ya berteng de be, yekser win nav\u00e9 p\u00edroz\u00e9 Barzaniy\u00e9 nemir, serok\u00e9 Kurdistan\u00e9, shoresh\u00e9n \u00cdlon \u00fa Gulan\u00e9 di\u00ednine meydan\u00e9, l\u00e9 em pishtrastin ku serok\u00e9 Kurdistan\u00e9 \u00fa serok\u00e9 hikumeta Kurdistan\u00e9 \u00fa perleman\u00e9 Kurdistan\u00e9 berjhewendiya Kurdistan\u00e9 nadine bi berjhewendiya bajh\u00e9rek\u00ed biten\u00e9, eve yek. Ya diw\u00e9 jh\u00ed, h\u00e9v\u00eddarin \u00e9d\u00ed bese, di van kawdan\u00e9n nazik de bar\u00e9 serok\u00e9 Kurdistan\u00e9 giran nekin \u00fa van jore daxwaziyan jh\u00e9 nekin.<\/p>\n<p><strong>Wez\u00edr\u00e9 h\u00e9jha..<\/strong><\/p>\n<p>Shashyeka gelek mezine ku jenab\u00e9 te jhi bo berjhewndiy\u00e9n nawicegeriy\u00e9n berteng komeka niv\u00edseran li dor xwe kom bike \u00fa li pisht perdeyan bi diz\u00ed ve komb\u00fanan li gel bike \u00fa dijh\u00ed dever\u00e9n d\u00ed y\u00e9n Kurdistan\u00e9 beyannameyan derb\u00e9xin, jhi ber ku jhib\u00edrineke tu wez\u00edr\u00e9 perwerdeya hikumeta her\u00e9ma Kurdistan\u00e9y\u00ed nek wez\u00edr\u00e9 bajharek\u00ed, careniv\u00eds\u00e9 hem\u00ed xwendevan \u00fa perwerdeya Kurdistan\u00e9 di dest\u00e9 te deye \u00fa guneha wan dikeve di stoy\u00e9 te de, nabe tu layengiriya xwe jhi bo deverek\u00e9 yan bajharek\u00ed ragehiyn\u00ed, p\u00e9div\u00ed b\u00fa tu li gel layen\u00e9n berpirs \u00fa peywend\u00eddar di hikumet \u00fa perwerd\u00e9 de r\u00fan\u00e9 \u00fa pispor \u00fa sharezay\u00e9n di v\u00ed war\u00ed de jhi derive \u00fa li nav Kurdistan\u00e9 kom bik\u00ed \u00fa d\u00edd \u00fa boc\u00fan\u00e9n wan wergir\u00ed \u00fa enjam\u00e9n d\u00famahiy\u00e9 jhi bo milet\u00ed rageh\u00edn\u00ed.<\/p>\n<p>H\u00edc rojhek\u00e9 em maf\u00ed nadine xwe ku sh\u00e9wezar\u00e9 kirmanjiya jhor\u00ed li ser sh\u00e9wezar\u00e9 kirmanjiya xwar\u00e9 bih\u00e9te sepandin \u00fa maf\u00e9 xwendevan\u00e9n we bih\u00e9te xwarin, cunk\u00ed em pishtrastin ev karek\u00ed shashe \u00fa me bawer\u00ed p\u00e9 n\u00edne, ev cende biriyara xellk\u00e9 w\u00e9 dever\u00e9 ye her cende pisht rastin jh\u00ed ku h\u00edc rojhek\u00e9 jenab\u00e9 hewe jh\u00ed v\u00e9 cend\u00e9 qeb\u00fal nake.<\/p>\n<p><strong>Wez\u00edr\u00e9 h\u00e9jha..<\/strong><\/p>\n<p>Tisht\u00e9 em dixwazin ewe ku bi her du sh\u00e9wezara bih\u00e9te xwandin anku weku jot sh\u00e9wezar\u00e9n standard li Kurdistan\u00e9 bih\u00e9ne bikar\u00ednan, m\u00edna welat\u00e9 (Nerw\u00e9j) \u00e9, dem\u00e9 yek\u00ed Nerw\u00e9j\u00ed zaroy\u00e9 xwe dish\u00edn\u00e9 dibistan\u00e9, pirsiyar jh\u00e9 dih\u00e9te kirin, ka bi ci sh\u00e9wezar d\u00e9 bixw\u00edne, cunk\u00ed du sh\u00e9wzar\u00e9n standard li welat\u00e9 Nerw\u00e9j\u00e9 hene \u00fa xellk\u00e9 wan azade k\u00edjhan sh\u00e9wezar hilbijh\u00e9re, eve ne biten\u00e9 d\u00edd \u00fa boc\u00fan\u00e9n xellk\u00e9 devera kirmanjiya jhor\u00ed ne, belku d\u00edd \u00fa boc\u00fan\u00e9n gelek shareza \u00fa pispor\u00e9n zimanivan\u00ed y\u00e9n dilsoz \u00fa kurdperwer\u00e9n m\u00edna (Dr. Em\u00edr Hesen Por, Dr. R\u00e9biwar Fetah \u00fa Hesen Qaz\u00ed). ku eve her s\u00e9 jh\u00ed bi sh\u00e9wezar\u00e9 kirmanjiya xwar\u00e9 dipeyvin \u00fa zana \u00fa sharezane di war\u00e9 zanist\u00e9 ziman\u00ed de, l\u00e9 jhi ber ku boc\u00fan\u00e9n wan d\u00farb\u00ednin \u00fa hizira wan ya netewey\u00ed jh\u00ed berfirehe, lewra jh\u00ed niv\u00eds\u00edn \u00fa boc\u00fan\u00e9n wan serp\u00e9 n\u00ednin \u00fa bi rengek\u00ed zanist\u00ed \u00fa serdem\u00ed hizir dikin.<\/p>\n<p>Li d\u00famahiy\u00e9 daxwaz\u00e9 jhi hem\u00ed zimanzan, pispor, niv\u00edser, rewshenb\u00edr \u00fa siyasetmedar\u00e9n kurdperwer \u00fa dilsoz li devera kirmanjiya xwar\u00e9 dikin ku maf\u00e9 y\u00e9 beramber bipar\u00e9zin \u00fa palpisht\u00e9n binemay\u00e9n d\u00edmokirasiy\u00e9 bin \u00fa jhi ziman\u00e9 sepandin\u00e9 d\u00far kevin \u00fa ev\u00e9 biriyar\u00e9 jhi bo me \u00fa zarok\u00e9n me bih\u00e9lin, ku her li q\u00fanaxa yek\u00e9 seretay\u00ed ta q\u00fanaxa d\u00famahiy\u00e9 jhi zankoy\u00e9 bi sh\u00e9wezar\u00e9 dayika xwe bixw\u00ednin \u00fa biniv\u00edsin \u00fa perwerde bibin, eve jh\u00ed maf\u00e9 me y\u00e9 rewaye, eger we bawer\u00ed bi maf\u00e9 mirov\u00ed, d\u00edmokirasiy\u00e9 \u00fa b\u00edr \u00fa boc\u00fan\u00e9n juda juda hebe.<\/p>\n<p>(*) C\u00edgir\u00e9 serok\u00e9 Yek\u00edtiya Niv\u00edskar\u00e9n Kurd-Duhok<\/p>\n<p>Serkan\u00ed:<\/p>\n","protected":false},"excerpt":{"rendered":"<p>Bersivek jhi bo bir\u00e9z Dillshad Ebdul Rehman wez\u00edr\u00e9 perwerdey\u00e9<\/p>\n","protected":false},"author":1,"featured_media":192,"parent":0,"menu_order":0,"comment_status":"closed","ping_status":"closed","template":"","meta":{"footnotes":""},"categories":[],"tags":[],"class_list":["post-193","page","type-page","status-publish","has-post-thumbnail","hentry"],"_links":{"self":[{"href":"https:\/\/kurdishacademy.org\/index.php?rest_route=\/wp\/v2\/pages\/193","targetHints":{"allow":["GET"]}}],"collection":[{"href":"https:\/\/kurdishacademy.org\/index.php?rest_route=\/wp\/v2\/pages"}],"about":[{"href":"https:\/\/kurdishacademy.org\/index.php?rest_route=\/wp\/v2\/types\/page"}],"author":[{"embeddable":true,"href":"https:\/\/kurdishacademy.org\/index.php?rest_route=\/wp\/v2\/users\/1"}],"replies":[{"embeddable":true,"href":"https:\/\/kurdishacademy.org\/index.php?rest_route=%2Fwp%2Fv2%2Fcomments&post=193"}],"version-history":[{"count":1,"href":"https:\/\/kurdishacademy.org\/index.php?rest_route=\/wp\/v2\/pages\/193\/revisions"}],"predecessor-version":[{"id":2692,"href":"https:\/\/kurdishacademy.org\/index.php?rest_route=\/wp\/v2\/pages\/193\/revisions\/2692"}],"wp:featuredmedia":[{"embeddable":true,"href":"https:\/\/kurdishacademy.org\/index.php?rest_route=\/"}],"wp:attachment":[{"href":"https:\/\/kurdishacademy.org\/index.php?rest_route=%2Fwp%2Fv2%2Fmedia&parent=193"}],"wp:term":[{"taxonomy":"category","embeddable":true,"href":"https:\/\/kurdishacademy.org\/index.php?rest_route=%2Fwp%2Fv2%2Fcategories&post=193"},{"taxonomy":"post_tag","embeddable":true,"href":"https:\/\/kurdishacademy.org\/index.php?rest_route=%2Fwp%2Fv2%2Ftags&post=193"}],"curies":[{"name":"wp","href":"https:\/\/api.w.org\/{rel}","templated":true}]}}