{"id":184,"date":"2008-05-18T00:04:18","date_gmt":"2008-05-18T00:04:18","guid":{"rendered":"http:\/\/localhost\/wp\/wordpress\/ahmad-khani-1651-1707\/"},"modified":"2018-10-26T07:53:05","modified_gmt":"2018-10-26T07:53:05","slug":"ahmad-khani-1651-1707","status":"publish","type":"page","link":"https:\/\/kurdishacademy.org\/?page_id=184","title":{"rendered":"Ahmad Khani (1651 &#8211; 1707)"},"content":{"rendered":"<p><img loading=\"lazy\" decoding=\"async\" class=\" alignleft size-full wp-image-183\" src=\"http:\/\/localhost\/wp\/wordpress\/wp-content\/uploads\/2008\/05\/ehmede_xani.jpg\" alt=\"Ehmed Xan\u00ed\" width=\"200\" height=\"249\" align=\"left\" border=\"0\" hspace=\"10\" vspace=\"10\" \/>Ahmad Khani (Kurdish: Ehmed\u00e9 Xan\u00ed,<span style=\"font-size: small;\"><span style=\"font-family: Verdana;\"> \u0626\u0647\u200c\u062d\u0645\u0647\u200c\u062f \u062e\u0627\u0646\u06cc<\/span><\/span>) has lived in years 1651 to 1707 AD, this great Kurdish poet was born amongst the Xan\u00ed&#8217;s tribe in Hekar\u00ed province in Kurdistan. He moved to Bayez\u00edd in Ritkan province and settled there. Later he start with teaching Kurdish (Kurmanj\u00ed) at basic level. Xan\u00ed was fluent in Kurdish, Arabic and Parsi. He wrote his Arabic-Kurdish vocabulary &#8220;N\u00fa-Buhar&#8221; in 1683 to help children with their learning process.<\/p>\n<p><!--more--><\/p>\n<p><img loading=\"lazy\" decoding=\"async\" class=\" alignleft size-full wp-image-183\" src=\"http:\/\/localhost\/wp\/wordpress\/wp-content\/uploads\/2008\/05\/ehmede_xani.jpg\" alt=\"Ehmed Xan\u00ed\" width=\"200\" height=\"249\" align=\"left\" border=\"0\" hspace=\"10\" vspace=\"10\" \/>Ahmad Khani (Kurdish: Ehmed\u00e9 Xan\u00ed,<span style=\"font-size: small;\"><span style=\"font-family: Verdana;\"> \u0626\u0647\u200c\u062d\u0645\u0647\u200c\u062f \u062e\u0627\u0646\u06cc<\/span><\/span>) has lived in years 1651 to 1707 AD, this great Kurdish poet was born amongst the Xan\u00ed&#8217;s tribe in Hekar\u00ed province in Kurdistan. He moved to Bayez\u00edd in Ritkan province and settled there. Later he start with teaching Kurdish (Kurmanj\u00ed) at basic level. Xan\u00ed was fluent in Kurdish, Arabic and Parsi. He wrote his Arabic-Kurdish vocabulary &#8220;N\u00fa-Buhar&#8221; in 1683 to help children with their learning process.<\/p>\n<p>Ehmed\u00e9 Xan\u00ed, the author of Kurdish classic love story &#8220;Mem and Z\u00edn&#8221;, is considered to be the \u00e9pop\u00e9e of the Kurdish literature. Xan\u00ed&#8217;s works are a amongst the good examples of the rich Kurdish literature. Ehmed\u00e9 Xan\u00ed creates a good picture of Kurdish life from 16 century in his works.<\/p>\n<p>In his work Kurdish patriotism and Kurdish reality are incredibly powerful. His nationalist interest and awareness was amongst pioneers for his time. When people of the middle East were in the midst of religious conflicts to identify themselves as Christian and Muslim rather than by their ethnic origins, Xan\u00ed&#8217;s proposal was circulating around an independent Kurdistan. The remarkable fact is that Xan\u00ed lived before the rise of modern sense nationalism.<\/p>\n<p>Xan\u00ed&#8217;s work translated from Kurdish to Turkish in 1968 by the Kurdish author M. Emin Bozarslan and then from Turkish to English by the two Kurdish teachers, translator and academicians in Sidney Australia: Shahin Baker and Bawermend.<\/p>\n<h4>Publications:<\/h4>\n<ol>\n<li>Mem \u00fa Z\u00edn, 1692, first printed in 1919 in Istanbul<\/li>\n<li>N\u00fa Buhar, Arabic-Kurdish vocabulary in verse, 1683 -first printed version by Zar\u00ed Kirmanj\u00ed Press, Rewandiz, 1926-<\/li>\n<\/ol>\n<p>&nbsp;<\/p>\n","protected":false},"excerpt":{"rendered":"<p>Ahmad Khani (Kurdish: Ehmed\u00e9 Xan\u00ed, \u0626\u0647\u200c\u062d\u0645\u0647\u200c\u062f \u062e\u0627\u0646\u06cc) has lived in years 1651 to 1707 AD, this great Kurdish poet was born amongst the Xan\u00ed&#8217;s tribe in<span class=\"excerpt-hellip\"> [\u2026]<\/span><\/p>\n","protected":false},"author":1,"featured_media":183,"parent":0,"menu_order":0,"comment_status":"closed","ping_status":"closed","template":"","meta":{"footnotes":""},"categories":[],"tags":[],"class_list":["post-184","page","type-page","status-publish","has-post-thumbnail","hentry"],"_links":{"self":[{"href":"https:\/\/kurdishacademy.org\/index.php?rest_route=\/wp\/v2\/pages\/184","targetHints":{"allow":["GET"]}}],"collection":[{"href":"https:\/\/kurdishacademy.org\/index.php?rest_route=\/wp\/v2\/pages"}],"about":[{"href":"https:\/\/kurdishacademy.org\/index.php?rest_route=\/wp\/v2\/types\/page"}],"author":[{"embeddable":true,"href":"https:\/\/kurdishacademy.org\/index.php?rest_route=\/wp\/v2\/users\/1"}],"replies":[{"embeddable":true,"href":"https:\/\/kurdishacademy.org\/index.php?rest_route=%2Fwp%2Fv2%2Fcomments&post=184"}],"version-history":[{"count":1,"href":"https:\/\/kurdishacademy.org\/index.php?rest_route=\/wp\/v2\/pages\/184\/revisions"}],"predecessor-version":[{"id":2679,"href":"https:\/\/kurdishacademy.org\/index.php?rest_route=\/wp\/v2\/pages\/184\/revisions\/2679"}],"wp:featuredmedia":[{"embeddable":true,"href":"https:\/\/kurdishacademy.org\/index.php?rest_route=\/"}],"wp:attachment":[{"href":"https:\/\/kurdishacademy.org\/index.php?rest_route=%2Fwp%2Fv2%2Fmedia&parent=184"}],"wp:term":[{"taxonomy":"category","embeddable":true,"href":"https:\/\/kurdishacademy.org\/index.php?rest_route=%2Fwp%2Fv2%2Fcategories&post=184"},{"taxonomy":"post_tag","embeddable":true,"href":"https:\/\/kurdishacademy.org\/index.php?rest_route=%2Fwp%2Fv2%2Ftags&post=184"}],"curies":[{"name":"wp","href":"https:\/\/api.w.org\/{rel}","templated":true}]}}