{"id":179,"date":"2008-05-17T23:50:09","date_gmt":"2008-05-17T23:50:09","guid":{"rendered":"http:\/\/localhost\/wp\/wordpress\/melaye-jeziri-1570-1640\/"},"modified":"2008-05-17T23:50:09","modified_gmt":"2008-05-17T23:50:09","slug":"melaye-jeziri-1570-1640","status":"publish","type":"page","link":"https:\/\/kurdishacademy.org\/?page_id=179","title":{"rendered":"Melay\u00e9 Jez\u00edr\u00ed (1570 &#8211; 1640)"},"content":{"rendered":"<p><img loading=\"lazy\" decoding=\"async\" class=\" alignright size-full wp-image-178\" width=\"200\" vspace=\"10\" hspace=\"10\" height=\"287\" border=\"0\" align=\"right\" alt=\"Melay&eacute; Jez&iacute;r&iacute;\" src=\"http:\/\/localhost\/wp\/wordpress\/wp-content\/uploads\/2008\/05\/melay_jeziri.jpg\" \/>Mela Ehmed Jez&iacute;r&iacute; (Mela Ahmad Jaziri) known as Melay Jez&iacute;r&iacute; (1570 &#8211; 1640) was born in Jiz&iacute;re, Gird&iacute;yan province in Kurdistan (today&#8217;s Mardin).<\/p>\n<p>&nbsp;<\/p>\n<p>&nbsp;<\/p>\n<p>&nbsp;<\/p>\n<p>&nbsp;<\/p>\n<p>&nbsp;<\/p>\n<p>&nbsp;<\/p>\n<p>&nbsp;<\/p>\n<p>&nbsp;<\/p>\n<p>&nbsp;<\/p>\n<p>&nbsp;<\/p>\n<p><!--more--><\/p>\n<p><img loading=\"lazy\" decoding=\"async\" class=\" alignright size-full wp-image-178\" width=\"200\" vspace=\"10\" hspace=\"10\" height=\"287\" border=\"0\" align=\"right\" alt=\"Melay&eacute; Jez&iacute;r&iacute;\" src=\"http:\/\/localhost\/wp\/wordpress\/wp-content\/uploads\/2008\/05\/melay_jeziri.jpg\" \/>Mela Ehmed Jez&iacute;r&iacute; (Mela Ahmad Jaziri) known as Melay Jez&iacute;r&iacute; (1570 &#8211; 1640) was born in Jiz&iacute;re, Gird&iacute;yan province in Kurdistan (today&#8217;s Mardin).<\/p>\n<p>&nbsp;<\/p>\n<p>&nbsp;<\/p>\n<p>&nbsp;<\/p>\n<p>&nbsp;<\/p>\n<p>&nbsp;<\/p>\n<p>&nbsp;<\/p>\n<p>&nbsp;<\/p>\n<p>&nbsp;<\/p>\n<p>&nbsp;<\/p>\n<p>&nbsp;<\/p>\n","protected":false},"excerpt":{"rendered":"<p>Mela Ehmed Jez&iacute;r&iacute; (Mela Ahmad Jaziri) known as Melay Jez&iacute;r&iacute; (1570 &#8211; 1640) was born in Jiz&iacute;re, Gird&iacute;yan province in Kurdistan (today&#8217;s Mardin). &nbsp; &nbsp; &nbsp;<span class=\"excerpt-hellip\"> [\u2026]<\/span><\/p>\n","protected":false},"author":1,"featured_media":178,"parent":0,"menu_order":0,"comment_status":"closed","ping_status":"closed","template":"","meta":{"footnotes":""},"categories":[],"tags":[],"class_list":["post-179","page","type-page","status-publish","has-post-thumbnail","hentry"],"_links":{"self":[{"href":"https:\/\/kurdishacademy.org\/index.php?rest_route=\/wp\/v2\/pages\/179","targetHints":{"allow":["GET"]}}],"collection":[{"href":"https:\/\/kurdishacademy.org\/index.php?rest_route=\/wp\/v2\/pages"}],"about":[{"href":"https:\/\/kurdishacademy.org\/index.php?rest_route=\/wp\/v2\/types\/page"}],"author":[{"embeddable":true,"href":"https:\/\/kurdishacademy.org\/index.php?rest_route=\/wp\/v2\/users\/1"}],"replies":[{"embeddable":true,"href":"https:\/\/kurdishacademy.org\/index.php?rest_route=%2Fwp%2Fv2%2Fcomments&post=179"}],"version-history":[{"count":0,"href":"https:\/\/kurdishacademy.org\/index.php?rest_route=\/wp\/v2\/pages\/179\/revisions"}],"wp:featuredmedia":[{"embeddable":true,"href":"https:\/\/kurdishacademy.org\/index.php?rest_route=\/"}],"wp:attachment":[{"href":"https:\/\/kurdishacademy.org\/index.php?rest_route=%2Fwp%2Fv2%2Fmedia&parent=179"}],"wp:term":[{"taxonomy":"category","embeddable":true,"href":"https:\/\/kurdishacademy.org\/index.php?rest_route=%2Fwp%2Fv2%2Fcategories&post=179"},{"taxonomy":"post_tag","embeddable":true,"href":"https:\/\/kurdishacademy.org\/index.php?rest_route=%2Fwp%2Fv2%2Ftags&post=179"}],"curies":[{"name":"wp","href":"https:\/\/api.w.org\/{rel}","templated":true}]}}