{"id":1577,"date":"2018-09-19T09:58:41","date_gmt":"2018-09-19T09:58:41","guid":{"rendered":"http:\/\/kurdishacademy.org\/wp\/?p=1577"},"modified":"2018-09-19T09:58:41","modified_gmt":"2018-09-19T09:58:41","slug":"jefen-rovi-u-mar","status":"publish","type":"page","link":"https:\/\/kurdishacademy.org\/?page_id=1577","title":{"rendered":"JEFEN: Rov\u00ed \u00fa mar"},"content":{"rendered":"<div class=\"clear-block\">\n<div id=\"node-173\" class=\"node\">\n<div class=\"content clear-block\">\n<h3 align=\"center\">JEFEN: ROV\u00cd \u00da MAR (Hevalt\u00ed div\u00e9 rast\u00ed)<\/h3>\n<p>Rojheke gelek xedar<br \/>\nB\u00fane bira rov\u00ed \u00fa mar<\/p>\n<p>Li zozan\u00e9 wan<br \/>\nNebariye berf \u00fa baran<\/p>\n<p>Xela rab\u00faye, hishk b\u00fane ber \u00fa dar<br \/>\nWana ber\u00e9 xwe dane desht \u00fa newal<\/p>\n<p>Hatine ber cemek\u00ed mezin<br \/>\nFelat\u00e9 av\u00e9 l\u00e9 bipezin<\/p>\n<p>Mar daye gir\u00ed<br \/>\nSit\u00e9r\u00e9n cavan wek liba tir\u00ed<\/p>\n<p>Rov\u00ed jh\u00e9 pirs\u00ed<br \/>\n&#8220;X\u00e9r e bira, cima ditirs\u00ed&#8221;<\/p>\n<p>Rov\u00ed bi dilek\u00ed shewit\u00ed<br \/>\nDerd\u00e9 xwe got \u00fa tebit\u00ed<\/p>\n<p>&#8220;Biray\u00e9 delal, heval\u00e9 mar<br \/>\nWeka bahr be ev newal&#8221;<\/p>\n<p>Rov\u00ed got: &#8220;Ma derd\u00e9 te ci ye?&#8221;<br \/>\nAva newal\u00e9 ma bi ser\u00e9 te ketiye?<\/p>\n<p>Mar bersiv da: Ma bira<br \/>\nEz nizanim soberiya<\/p>\n<p>&#8220;Ku tu her\u00ed<br \/>\nEz\u00e9 bimirim li ciya&#8221;<\/p>\n<p>Mar keniya: Ma em ne bira ne<br \/>\nEm heval\u00e9 dila ne<\/p>\n<p>Rov\u00ed sit\u00e9r\u00e9n mar paqijh kir<br \/>\nDev\u00e9 w\u00ed li ken kir<\/p>\n<p>Go:&#8221; Bira tu xwe li st\u00fay\u00e9 min bilef\u00edne<br \/>\nQasek din em her du jh\u00ed li w\u00ed aliy\u00e9 ne<\/p>\n<p>Rov\u00ed hat ber cem, xwe xwar kir<br \/>\nMar li xwe siwar kir.<\/p>\n<p>Hatin nava av\u00e9, mar st\u00fa jhidand<br \/>\nNava rov\u00ed qetand.<br \/>\nRov\u00ed go: &#8220;Biray\u00e9 mar<br \/>\nEv ci hal e ev ci heval<\/p>\n<p>Mar bi dexas\u00ed keniya<br \/>\n&#8220;Ma min te xapand rov\u00ed y\u00e9 delal&#8221;<\/p>\n<p>&#8220;Tu dizan\u00ed ez mar im<br \/>\nJhi hevaltiya reb\u00e9 \u00edt\u00edbar im&#8221;<\/p>\n<p>Rov\u00ed dest bi dekan kir<br \/>\nCav\u00e9 xwe girt \u00fa dev vekir:<\/p>\n<p>&#8220;Biray\u00e9 mar tu dizan\u00ed, ez pir jhi te hez dikim<br \/>\nEz dixwazimwan cav\u00e9n te ram\u00edsim \u00fa pash\u00e9 bimirim&#8221;<\/p>\n<p>Mar got: &#8220;Ma bira tishtek\u00ed jh\u00e9 xera nabe, zanim<br \/>\nEz\u00e9 daxwaza te ya pash\u00ed bi jih b\u00ednim.&#8221;<\/p>\n<p>Ser\u00e9 xwe an\u00ed ber dev\u00e9 rov\u00ed<br \/>\nJhi bo mac\u00ed bike her du cav\u00e9n w\u00ed<\/p>\n<p>Rov\u00ed dev\u00e9 xwe vekir<br \/>\nDi dexsa ram\u00fasan\u00e9, dev li ser\u00e9 mar kir<\/p>\n<p>W\u00ed fetisand, li ser r\u00e9 rast kir<br \/>\nHate ber ser\u00e9 w\u00ed xwe bi ser de xwar kir<\/p>\n<p>Got. &#8220;Destbirak\u00e9 mar tu cima weha mest \u00ed<br \/>\nHer tisht weha xwes e bi rasht\u00ed&#8221;<\/p>\n<h5>Jhi Rewshen<\/h5>\n<\/div>\n<\/div>\n<div id=\"block-book-0\" class=\"clear-block block block-book\">\n<div class=\"content\">\n<ul class=\"menu\">\n<li class=\"leaf last\">\n<h2><a class=\"book-title active\" href=\"https:\/\/kurdishacademy.org\/wp\/2018\/09\/19\/short-stories\/\">Kurdish Short Stories<\/a><\/h2>\n<div class=\"content\">\n<ul class=\"menu\">\n<li class=\"leaf first\"><a href=\"https:\/\/kurdishacademy.org\/wp\/ciroki-merr-u-bizin\/\">C\u00edrok\u00ed Merr u Bizin<\/a><\/li>\n<li class=\"leaf\"><a href=\"https:\/\/kurdishacademy.org\/wp\/duwanze-suwarey-meriwan\/\">Duwanze suwarey Mer\u00edwan<\/a><\/li>\n<li class=\"leaf\"><a href=\"https:\/\/kurdishacademy.org\/wp\/2018\/09\/19\/jefen-roviye-fenek\/\">JEFEN: Roviy\u00e9 fenek<\/a><\/li>\n<li class=\"leaf\"><a href=\"https:\/\/kurdishacademy.org\/wp\/2018\/09\/19\/jefen-rovi-u-mar\/\">JEFEN: Rov\u00ed \u00fa mar<\/a><\/li>\n<li class=\"leaf\"><a href=\"https:\/\/kurdishacademy.org\/wp\/kukuxtiye-bizeweke\/\">Kukuxt\u00edye Biz\u00e9weke!<\/a><\/li>\n<li><a href=\"https:\/\/kurdishacademy.org\/wp\/2018\/09\/19\/idi-dereng-bu\/\">\u00cdd\u00ed dereng b\u00fa<\/a><\/li>\n<\/ul>\n<\/div>\n<\/li>\n<\/ul>\n<\/div>\n<\/div>\n<\/div>\n<div id=\"footer\"><\/div>\n","protected":false},"excerpt":{"rendered":"<p>JEFEN: ROV\u00cd \u00da MAR (Hevalt\u00ed div\u00e9 rast\u00ed) Rojheke gelek xedar B\u00fane bira rov\u00ed \u00fa mar Li zozan\u00e9 wan Nebariye berf \u00fa baran Xela rab\u00faye, hishk b\u00fane<span class=\"excerpt-hellip\"> [\u2026]<\/span><\/p>\n","protected":false},"author":1,"featured_media":1671,"parent":0,"menu_order":0,"comment_status":"open","ping_status":"open","template":"","meta":{"footnotes":""},"categories":[],"tags":[],"class_list":["post-1577","page","type-page","status-publish","has-post-thumbnail","hentry"],"_links":{"self":[{"href":"https:\/\/kurdishacademy.org\/index.php?rest_route=\/wp\/v2\/pages\/1577","targetHints":{"allow":["GET"]}}],"collection":[{"href":"https:\/\/kurdishacademy.org\/index.php?rest_route=\/wp\/v2\/pages"}],"about":[{"href":"https:\/\/kurdishacademy.org\/index.php?rest_route=\/wp\/v2\/types\/page"}],"author":[{"embeddable":true,"href":"https:\/\/kurdishacademy.org\/index.php?rest_route=\/wp\/v2\/users\/1"}],"replies":[{"embeddable":true,"href":"https:\/\/kurdishacademy.org\/index.php?rest_route=%2Fwp%2Fv2%2Fcomments&post=1577"}],"version-history":[{"count":0,"href":"https:\/\/kurdishacademy.org\/index.php?rest_route=\/wp\/v2\/pages\/1577\/revisions"}],"wp:featuredmedia":[{"embeddable":true,"href":"https:\/\/kurdishacademy.org\/index.php?rest_route=\/"}],"wp:attachment":[{"href":"https:\/\/kurdishacademy.org\/index.php?rest_route=%2Fwp%2Fv2%2Fmedia&parent=1577"}],"wp:term":[{"taxonomy":"category","embeddable":true,"href":"https:\/\/kurdishacademy.org\/index.php?rest_route=%2Fwp%2Fv2%2Fcategories&post=1577"},{"taxonomy":"post_tag","embeddable":true,"href":"https:\/\/kurdishacademy.org\/index.php?rest_route=%2Fwp%2Fv2%2Ftags&post=1577"}],"curies":[{"name":"wp","href":"https:\/\/api.w.org\/{rel}","templated":true}]}}