{"id":153,"date":"2008-05-15T22:05:58","date_gmt":"2008-05-15T22:05:58","guid":{"rendered":"http:\/\/localhost\/wp\/wordpress\/dimili-dialects-of-kurdish-language\/"},"modified":"2018-10-26T08:36:19","modified_gmt":"2018-10-26T08:36:19","slug":"dimili-dialects-of-kurdish-language","status":"publish","type":"page","link":"https:\/\/kurdishacademy.org\/?page_id=153","title":{"rendered":"Dimil\u00ed dialects of Kurdish language"},"content":{"rendered":"<p align=\"justify\">To the far north of Kurdistan along the upper courses of the Euphrates, Kizilirmaq, and Murat rivers in Turkey, the Dimil\u00ed branch of Kurdish language (less accurately but more commonly known as Z\u00e2za) is spoken by about 4.5 million (data from late 80&#8217;s) Dimil\u00ed Kurds, (<a href=\"\/?q=node\/154\">See the map<\/a>). The larger cities of Darsim (now Tun\u00e7eli), Chapakhchur (now Bingol), and Siverek, and a large proportion of the Kurds of Bitlis, are Dimil\u00ed-speaking.<br \/>\n<!--more--><\/p>\n<p align=\"justify\">To the far north of Kurdistan along the upper courses of the Euphrates, Kizilirmaq, and Murat rivers in Turkey, the Dimil\u00ed branch of Kurdish language (less accurately but more commonly known as Z\u00e2za) is spoken by about 4.5 million (data from late 80&#8217;s) Dimil\u00ed Kurds, (<a href=\"\/?q=node\/154\">See the map<\/a>). The larger cities of Darsim (now Tun\u00e7eli), Chapakhchur (now Bingol), and Siverek, and a large proportion of the Kurds of Bitlis, are Dimil\u00ed-speaking. There are also smaller pockets of this language spoken in various corners of Anatolia from Adiysman to Malatya (Melatye) and Maras (Meres), in Southern Kurdistan (northern Iraq, where the speakers are known as the Shebeks) and North Esatern Kurdistan (northwest Iran, the tribes of Dumbuli and some of the Zerzas) as well. The language seems in late classical and early medieval times to have been more or less spoken in all the area now covered by Northern Kurdish Dilects group in contiguous Kurdistan. Its domain also stretched west into Pontus, Cappadocia, and Cilicia, before a sustained period of assimilation and deportations obliterated the Kurdish presence in the area in the Byzantine period. The Dimil\u00ed further retreated from its former eastern domains to its present limited one under pressure from the advancing Northern Kurdish Dilects group speaking pastoralist Kurds. This loss of ground, which started at the beginning of the 16th century, continues to this day.<\/p>\n<p align=\"justify\">Dimil\u00ed is closely related to <a href=\"\/?q=node\/48\">Hewram\u00ed<\/a> (Hawramani, Ewramani), a relationship indicative of a time when a single form of Pahlaw\u00e2ni was spoken throughout much of Kurdistan, when after the late classical period, Kurdistan was homogenized through massive internal migrations. At that time the domain of the Pahlaw\u00e2ni language was uninterrupted across Kurdistan. The main bodies of Dimil\u00ed- and Hewram\u00ed-speaking Kurds are now at the extreme opposite ends of Kurdistan.<\/p>\n<p align=\"justify\">Major dialects of Dimil\u00ed are <strong>S\u00edvirik\u00ed, Kor\u00ed, Hezz\u00fa (or Hezo), Motk\u00ed (or Mot\u00ed), and Dumbul\u00ed<\/strong>. The dialect of Galish\u00ed now spoken in the highlands of Gilan on the Caspian Sea may be a distant offshoot of Dimil\u00ed as well, brought here by the migrating medieval Daylamites from western and northern Kurdistan.<\/p>\n<p align=\"justify\">Dimil\u00ed has served as the prime language of the sacred scriptures of the Alevis, but not the exclusive one. Despite this, not much written material survives to give an indication of the older forms of Dimil\u00ed and its evolution. The documents come from rather unexpected sources: the early medieval Islamic histories. Ibn Isfandiyar in his history of Tabaristan, for example, preserves passages in the language of the Daylamite settlers of this Caspian Sea district, which resembles modern Dimil\u00ed.<\/p>\n<h4>Sources<\/h4>\n<ol>\n<li>Dr. A. Hassanpour, Nationalism and Language in Kurdistan 1918 &#8211; 1985, Mellen Research University Press, USA, 1992<\/li>\n<li>Prof. M. Izady, The Kurds: A Concise Handbook, Dep. of Near Easter Languages and Civilization Harvard University, USA, 1992<\/li>\n<\/ol>\n<p>&nbsp;<\/p>\n","protected":false},"excerpt":{"rendered":"<p>To the far north of Kurdistan along the upper courses of the Euphrates, Kizilirmaq, and Murat rivers in Turkey, the Dimil\u00ed branch of Kurdish language (less<span class=\"excerpt-hellip\"> [\u2026]<\/span><\/p>\n","protected":false},"author":1,"featured_media":0,"parent":0,"menu_order":0,"comment_status":"closed","ping_status":"closed","template":"","meta":{"footnotes":""},"categories":[],"tags":[],"class_list":["post-153","page","type-page","status-publish","hentry"],"_links":{"self":[{"href":"https:\/\/kurdishacademy.org\/index.php?rest_route=\/wp\/v2\/pages\/153","targetHints":{"allow":["GET"]}}],"collection":[{"href":"https:\/\/kurdishacademy.org\/index.php?rest_route=\/wp\/v2\/pages"}],"about":[{"href":"https:\/\/kurdishacademy.org\/index.php?rest_route=\/wp\/v2\/types\/page"}],"author":[{"embeddable":true,"href":"https:\/\/kurdishacademy.org\/index.php?rest_route=\/wp\/v2\/users\/1"}],"replies":[{"embeddable":true,"href":"https:\/\/kurdishacademy.org\/index.php?rest_route=%2Fwp%2Fv2%2Fcomments&post=153"}],"version-history":[{"count":1,"href":"https:\/\/kurdishacademy.org\/index.php?rest_route=\/wp\/v2\/pages\/153\/revisions"}],"predecessor-version":[{"id":2716,"href":"https:\/\/kurdishacademy.org\/index.php?rest_route=\/wp\/v2\/pages\/153\/revisions\/2716"}],"wp:attachment":[{"href":"https:\/\/kurdishacademy.org\/index.php?rest_route=%2Fwp%2Fv2%2Fmedia&parent=153"}],"wp:term":[{"taxonomy":"category","embeddable":true,"href":"https:\/\/kurdishacademy.org\/index.php?rest_route=%2Fwp%2Fv2%2Fcategories&post=153"},{"taxonomy":"post_tag","embeddable":true,"href":"https:\/\/kurdishacademy.org\/index.php?rest_route=%2Fwp%2Fv2%2Ftags&post=153"}],"curies":[{"name":"wp","href":"https:\/\/api.w.org\/{rel}","templated":true}]}}