{"id":145,"date":"2008-05-14T22:52:07","date_gmt":"2008-05-14T22:52:07","guid":{"rendered":"http:\/\/localhost\/wp\/wordpress\/central-kurdish-dialects-group\/"},"modified":"2018-10-26T08:21:07","modified_gmt":"2018-10-26T08:21:07","slug":"central-kurdish-dialects-group","status":"publish","type":"page","link":"https:\/\/kurdishacademy.org\/?page_id=145","title":{"rendered":"Central Kurdish dialects group"},"content":{"rendered":"<p align=\"justify\">Central Kurdish dialects group, also called Soran\u00ed, is the language of a plurality of Kurds in Eastern Kurdistan (Kurdistan in Iran) and Southern Kurdistan (Kurdistan in Iraq), with about 8 million speakers. Major subdialects of Central Kurdish dialects are <strong>Mukr\u00ed, Erdelan\u00ed, Germ\u00edyan\u00ed, Soran\u00ed, Xushnaw, P\u00edjhder, P\u00edran\u00ed, Wermawe, and Hewl\u00e9r\u00ed<\/strong> (or Soran\u00ed proper).<br \/>\n<!--more--><\/p>\n<p align=\"justify\">Central Kurdish dialects group, also called Soran\u00ed, is the language of a plurality of Kurds in Eastern Kurdistan (Kurdistan in Iran) and Southern Kurdistan (Kurdistan in Iraq), with about 8 million speakers. Major subdialects of Central Kurdish dialects are <strong>Mukr\u00ed, Erdelan\u00ed, Germ\u00edyan\u00ed, Soran\u00ed, Xushnaw, P\u00edjhder, P\u00edran\u00ed, Wermawe, and Hewl\u00e9r\u00ed<\/strong> (or Soran\u00ed proper). A line can be drawn to divide Soran\u00ed-speaking areas into a Persianized southeastern section and a more orthodox northwestern section, running from B\u00edjar to Kifr\u00ed, (<a href=\"\/?q=node\/154\">See the map<\/a>). The ergative con-struction in the Persianized Soran\u00ed has begun to disappear, while it is being retained in the non-Persianized northwestern section. Also, under the influence of Arabic and Neo-Aramaic languages, the northwest section of Soran\u00ed has acquired two fricative sounds (faucalized pharyngeal fricative &#8216;ayn, and h\u00e2), absent from other Kurdish, and in fact Indo-European languages.<\/p>\n<p align=\"justify\">Soran\u00ed is a recent labelling after the name of the former principality of Soran. In Sil\u00e9man\u00ed, the Ottoman Empire had created a secundary school (Rushd\u00edye), the graduates from which could go Istanbul to continue to study there. This allowed Soran\u00ed, which was spoken in Sil\u00e9man\u00ed, to progressively replace Hewram\u00ed as the litterary vehicle. Mackenzie writes that the present Kurdish standard called Soran\u00ee is in fact a idealized version of the Sil\u00e9man\u00ed dialect, which uses the phonemic system of the P\u00edjhdar and Mukr\u00ed dialects. Objections have been made to th name Soran\u00ed on the grounds that the name of one dialect, Sonar\u00ed, spoken in the region Soran should not br extended to cover a group of dialect (E. M. Rasul, N\u00faser\u00ed Kurd, No. 4, Nov. 1971).<\/p>\n<h4><strong>Sources<\/strong><\/h4>\n<ol>\n<li>Dr. A. Hassanpour, Nationalism and Language in Kurdistan 1918 &#8211; 1985, Mellen Research University Press, USA, 1992<\/li>\n<li>Jemal Nebez, Toward a Unified Kurdish Language, NUKSE 1976<\/li>\n<li>Prof. M. Izady, The Kurds, A Concise Handbook, Dep. of Near Easter Languages and Civilization Harvard University, USA, 1992<\/li>\n<\/ol>\n<p>&nbsp;<\/p>\n","protected":false},"excerpt":{"rendered":"<p>Central Kurdish dialects group, also called Soran\u00ed, is the language of a plurality of Kurds in Eastern Kurdistan (Kurdistan in Iran) and Southern Kurdistan (Kurdistan in<span class=\"excerpt-hellip\"> [\u2026]<\/span><\/p>\n","protected":false},"author":1,"featured_media":0,"parent":0,"menu_order":0,"comment_status":"closed","ping_status":"closed","template":"","meta":{"footnotes":""},"categories":[],"tags":[],"class_list":["post-145","page","type-page","status-publish","hentry"],"_links":{"self":[{"href":"https:\/\/kurdishacademy.org\/index.php?rest_route=\/wp\/v2\/pages\/145","targetHints":{"allow":["GET"]}}],"collection":[{"href":"https:\/\/kurdishacademy.org\/index.php?rest_route=\/wp\/v2\/pages"}],"about":[{"href":"https:\/\/kurdishacademy.org\/index.php?rest_route=\/wp\/v2\/types\/page"}],"author":[{"embeddable":true,"href":"https:\/\/kurdishacademy.org\/index.php?rest_route=\/wp\/v2\/users\/1"}],"replies":[{"embeddable":true,"href":"https:\/\/kurdishacademy.org\/index.php?rest_route=%2Fwp%2Fv2%2Fcomments&post=145"}],"version-history":[{"count":1,"href":"https:\/\/kurdishacademy.org\/index.php?rest_route=\/wp\/v2\/pages\/145\/revisions"}],"predecessor-version":[{"id":2704,"href":"https:\/\/kurdishacademy.org\/index.php?rest_route=\/wp\/v2\/pages\/145\/revisions\/2704"}],"wp:attachment":[{"href":"https:\/\/kurdishacademy.org\/index.php?rest_route=%2Fwp%2Fv2%2Fmedia&parent=145"}],"wp:term":[{"taxonomy":"category","embeddable":true,"href":"https:\/\/kurdishacademy.org\/index.php?rest_route=%2Fwp%2Fv2%2Fcategories&post=145"},{"taxonomy":"post_tag","embeddable":true,"href":"https:\/\/kurdishacademy.org\/index.php?rest_route=%2Fwp%2Fv2%2Ftags&post=145"}],"curies":[{"name":"wp","href":"https:\/\/api.w.org\/{rel}","templated":true}]}}