{"id":136,"date":"2008-05-14T21:44:15","date_gmt":"2008-05-14T21:44:15","guid":{"rendered":"http:\/\/localhost\/wp\/wordpress\/bem-hellillaw-bigrye-zimani-standard-dirust-nabet\/"},"modified":"2018-10-26T08:08:20","modified_gmt":"2018-10-26T08:08:20","slug":"bem-hellillaw-bigrye-zimani-standard-dirust-nabet","status":"publish","type":"page","link":"https:\/\/kurdishacademy.org\/?page_id=136","title":{"rendered":"Bem hellillaw bigrye zimani standard dirust nab\u00e9t"},"content":{"rendered":"<p><img decoding=\"async\" src=\"file:\/\/\/C:\/Users\/Shano\/AppData\/Local\/Temp\/moz-screenshot.jpg\" alt=\"\" \/>Dr Shef\u00edq Qezaz\u00a0<img loading=\"lazy\" decoding=\"async\" class=\" alignright size-full wp-image-135\" src=\"http:\/\/localhost\/wp\/wordpress\/wp-content\/uploads\/2008\/05\/sh_qezaz.png\" alt=\"Dr Shef\u00edq Qezaz\" width=\"120\" height=\"144\" align=\"right\" border=\"2\" hspace=\"10\" vspace=\"5\" \/><\/p>\n<p>Rojhnamey Media, 05\/05\/2008<\/p>\n<p class=\"rtecenter\"><strong>Bem hellillaw bigrye zimani standard dirust nab\u00e9t Belko misht u mirr\u00e9k\u00ed h\u00e9minaney dew\u00e9t<\/strong><\/p>\n<p><!--more--><\/p>\n<p><img decoding=\"async\" src=\"file:\/\/\/C:\/Users\/Shano\/AppData\/Local\/Temp\/moz-screenshot.jpg\" alt=\"\" \/>Dr Shef\u00edq Qezaz\u00a0<img loading=\"lazy\" decoding=\"async\" class=\" alignright size-full wp-image-135\" src=\"http:\/\/localhost\/wp\/wordpress\/wp-content\/uploads\/2008\/05\/sh_qezaz.png\" alt=\"Dr Shef\u00edq Qezaz\" width=\"120\" height=\"144\" align=\"right\" border=\"2\" hspace=\"10\" vspace=\"5\" \/><\/p>\n<p>Rojhnamey Media, 05\/05\/2008<\/p>\n<p class=\"rtecenter\"><strong>Bem hellillaw bigrye zimani standard dirust nab\u00e9t Belko misht u mirr\u00e9k\u00ed h\u00e9minaney dew\u00e9t<\/strong><\/p>\n<p>Ibrah\u00edm &#8216;Ebas &#8211; Hewl\u00e9r: Dr. Shef\u00edg Qaza le sall\u00ed 1932 le shar\u00ed Sil\u00e9man\u00ed le dayk b\u00fawe. Le sall\u00ed 1964 birrwanamey mejistr\u00ed le Zankoy L\u00e9ks\u00edngton le wilyet\u00ed Kintak\u00ed le Emr\u00edka be dest h\u00ednawe.<\/p>\n<p>&nbsp;<\/p>\n<p>&nbsp;<\/p>\n<p>&nbsp;<\/p>\n<p>&nbsp;<\/p>\n<p>&nbsp;<\/p>\n","protected":false},"excerpt":{"rendered":"<p>Dr Shef\u00edq Qezaz\u00a0 Rojhnamey Media, 05\/05\/2008 Bem hellillaw bigrye zimani standard dirust nab\u00e9t Belko misht u mirr\u00e9k\u00ed h\u00e9minaney dew\u00e9t<\/p>\n","protected":false},"author":1,"featured_media":0,"parent":0,"menu_order":0,"comment_status":"closed","ping_status":"closed","template":"","meta":{"footnotes":""},"categories":[],"tags":[],"class_list":["post-136","page","type-page","status-publish","hentry"],"_links":{"self":[{"href":"https:\/\/kurdishacademy.org\/index.php?rest_route=\/wp\/v2\/pages\/136","targetHints":{"allow":["GET"]}}],"collection":[{"href":"https:\/\/kurdishacademy.org\/index.php?rest_route=\/wp\/v2\/pages"}],"about":[{"href":"https:\/\/kurdishacademy.org\/index.php?rest_route=\/wp\/v2\/types\/page"}],"author":[{"embeddable":true,"href":"https:\/\/kurdishacademy.org\/index.php?rest_route=\/wp\/v2\/users\/1"}],"replies":[{"embeddable":true,"href":"https:\/\/kurdishacademy.org\/index.php?rest_route=%2Fwp%2Fv2%2Fcomments&post=136"}],"version-history":[{"count":1,"href":"https:\/\/kurdishacademy.org\/index.php?rest_route=\/wp\/v2\/pages\/136\/revisions"}],"predecessor-version":[{"id":2690,"href":"https:\/\/kurdishacademy.org\/index.php?rest_route=\/wp\/v2\/pages\/136\/revisions\/2690"}],"wp:attachment":[{"href":"https:\/\/kurdishacademy.org\/index.php?rest_route=%2Fwp%2Fv2%2Fmedia&parent=136"}],"wp:term":[{"taxonomy":"category","embeddable":true,"href":"https:\/\/kurdishacademy.org\/index.php?rest_route=%2Fwp%2Fv2%2Fcategories&post=136"},{"taxonomy":"post_tag","embeddable":true,"href":"https:\/\/kurdishacademy.org\/index.php?rest_route=%2Fwp%2Fv2%2Ftags&post=136"}],"curies":[{"name":"wp","href":"https:\/\/api.w.org\/{rel}","templated":true}]}}