{"id":130,"date":"2008-05-13T22:25:02","date_gmt":"2008-05-13T22:25:02","guid":{"rendered":"http:\/\/localhost\/wp\/wordpress\/hellwesti-53-kes-u-carenusi-zimani-neteweyek\/"},"modified":"2008-05-13T22:25:02","modified_gmt":"2008-05-13T22:25:02","slug":"hellwesti-53-kes-u-carenusi-zimani-neteweyek","status":"publish","type":"page","link":"https:\/\/kurdishacademy.org\/?page_id=130","title":{"rendered":"Hellw\u00e9st\u00ed 53 kes u caren\u00fas\u00ed ziman\u00ed neteweyek"},"content":{"rendered":"<p><img loading=\"lazy\" decoding=\"async\" class=\" alignright size-full wp-image-129\" width=\"120\" vspace=\"8\" hspace=\"8\" height=\"119\" border=\"1\" align=\"right\" alt=\"Hashim Ehmedzade\" src=\"http:\/\/localhost\/wp\/wordpress\/wp-content\/uploads\/2008\/05\/hashim_ahmadzadeh.png\" \/>Dr. Hashem Ahmadzadeh (Hashim Ehmed Zade)<\/p>\n<p>Ser Mamostay Lekollinewe Kurdiyekan<br \/>Hawseroki Nawendi Lekollinewey&nbsp; Kurdi<br \/>Xwendingey Zaniste Mirovayet&iacute; u Komelayetiyekan<br \/>Zankoy Exeter &#8211; Britanya<br \/>\n<!--more--><\/p>\n<p><img loading=\"lazy\" decoding=\"async\" class=\" alignright size-full wp-image-129\" width=\"120\" vspace=\"8\" hspace=\"8\" height=\"119\" border=\"1\" align=\"right\" alt=\"Hashim Ehmedzade\" src=\"http:\/\/localhost\/wp\/wordpress\/wp-content\/uploads\/2008\/05\/hashim_ahmadzadeh.png\" \/>Dr. Hashem Ahmadzadeh (Hashim Ehmed Zade)<\/p>\n<p>Ser Mamostay Lekollinewe Kurdiyekan<br \/>Hawseroki Nawendi Lekollinewey&nbsp; Kurdi<br \/>Xwendingey Zaniste Mirovayet&iacute; u Komelayetiyekan<br \/>Zankoy Exeter &#8211; Britanya<\/p>\n<p>Le r&eacute;kewt&iacute; 20-4-2008 da dawakariyek be wajhoy 53 n&uacute;ser u callak&iacute; buwar&iacute; edeb&iacute; u rojhnamen&uacute;s&iacute; billaw buwetewe ke t&eacute;yda dawa le desellatdaran&iacute; Bash&uacute;r&iacute; Kurdistan dekir&eacute;t Kirmanj&iacute; Xuwar&uacute; be ziman&iacute; ferm&iacute; ew beshey Kurdistan binas&eacute;ndr&eacute;t. Be duway billawb&uacute;newey em dawakariye h&eacute;nd&eacute;k le ax&eacute;weran&iacute; Kirmanj&iacute; Ser&uacute; kardaneweyek&iacute; t&uacute;ndyan n&iacute;shan da u be kirdewe d&uacute; berey dijh be yektir shiklyan girt u w&eacute;dec&eacute;t em base bem z&uacute;wane kotay&iacute; p&eacute; neyet. Le heman katda cend zimannas u zimanzan&iacute; kurd&iacute;sh le cend r&uacute;nkirdinewey jiyawazda boc&uacute;n&iacute; xoyan leser em babete giringe bilaw kirduwetewe. L&eacute;reda hewill dedem be kurt&iacute; komell&eacute;k sernj&iacute; xom lem barewe bixeme r&uacute; u h&iacute;wadarm be norey xom hander u r&eacute;gaxoshker&iacute; bas&eacute;k&iacute; wurd&iacute; zanst&iacute;ane u berpirsiyarane bim le ser yek&eacute;k le giringtir&iacute;n n&iacute;shanekan&iacute; nasnamey Kurdb&uacute;n wata ziman&iacute; Kurd<\/p>\n<ol>\n<li>Ziman diyardeyeke ke le rewt&eacute;k&iacute; m&eacute;jhuy&iacute;da ser helldedat u le rewt&eacute;k&iacute; m&eacute;jhuy&iacute;shda geshe dekat. Zor hokar&iacute; ab&uacute;r&iacute;, komellayet&iacute;, siyas&iacute; u kult&uacute;r&iacute; le derewey geshey sir&uacute;sht&iacute;aney ziman debine hoy perregirtin yan le nawc&uacute;n&iacute; ziman&eacute;k. Jhimarey ew zimananey le seretay hatine aray yekem komellgekan&iacute; mirovewe heta esta qiseyan p&eacute;kirawe le bepar&eacute;ztir&iacute;n astda pitir le 150000 ziman b&uacute;ne. Le rojhgar&iacute; emrroda jhimarey zimanekan geyshtuwete niz&iacute;key 6000 u p&eacute;shb&iacute;n&iacute; dekir&eacute;t ta kotay&iacute; sedey B&iacute;stuiyekem em jhimareye dabez&eacute;te bo kemtir le 1000 ziman. Sereray em r&eacute;jhe gewreyey merg&iacute; zimanekan, heta &eacute;stash ziman wek xall&iacute; serek&iacute; nasnamey mirovekan u netewekan seyr&iacute; dekir&eacute;t.<\/li>\n<li>Babet&iacute; standardkirdin&iacute; ziman le derewey geshey sir&uacute;shtyaney zarawekan le rewt&eacute;k&iacute; m&eacute;jhuy&iacute;da, bir&iacute;tiye le hewl&iacute; be plan&iacute; deselat&iacute; siyas&iacute; u roshnb&iacute;r&iacute; bo afrandin, gelalekirdin u be nawendkirdin&iacute; ziman&eacute;k yan zaraweyek, bo desteberkirdin&iacute; ziman&eacute;k&iacute; ferm&iacute; wek amraz&iacute; p&eacute;wend&iacute; le cuwarc&eacute;wey joxirafiyaiyek&iacute; siyas&iacute;da ke le sh&eacute;wey dewllet-neteweda xoy deb&iacute;n&eacute;tewe.<\/li>\n<li>Rewt&iacute; zallb&uacute;n&iacute; zaraweyek yan ziman&eacute;k be ser ziman u zarawekan&iacute; tirda be hoy hokargel&iacute; siyas&iacute;, kult&uacute;r&iacute;, ab&uacute;r\u200c&iacute; u komellayet&iacute; zor jaran sh&eacute;weyek&iacute; nad&eacute;mokiratyaney be xowe b&iacute;n&iacute;we. Eger kirdeyek&iacute; wa le sedey nozde u seretakan&iacute; sedey b&iacute;stemda tuwan&iacute;b&eacute;t&iacute; be b&eacute; nanewey girft&iacute; zor, serkewt&uacute; b&eacute;t, lem serdemeda esteme kar&eacute;k&iacute; ewto be sanay&iacute; serkewtin wedest bih&eacute;n&eacute;t.<\/li>\n<li>Dewllet-netewekan&iacute; Rojhellat&iacute; Nawerast le seretay sedey b&iacute;stemda tenya be zebiruzeng tuwaniyan ziman&iacute; gir&uacute;pgel&eacute;k&iacute; &eacute;tin&iacute;k&iacute; taybet beser zimanekan&iacute; tirda zall biken. Siyaset&iacute; Mistefa Kemal le Turkiya u Reza Xan&iacute; Pehlew&iacute; le Iran nim&uacute;ney bercaw&iacute; milhur&iacute; siyas&iacute;n ke rewt&iacute; sepandin&iacute; ziman&eacute;k u sir&iacute;newey zimanekan&iacute; tir dekate amanj&iacute; sazkirdin&iacute; neteweyek&iacute; yekdest u yekziman.&nbsp;<\/li>\n<li>Pirs&iacute; Kurd wek pirs&eacute;k&iacute; siyas&iacute; xawen&iacute; taybetmendiyek&iacute; sin&uacute;rbez&eacute;ne u her destkewt&eacute;k&iacute; siyas&iacute; u kult&uacute;r&iacute; le besh&eacute;k&iacute; Kurdistanda rastewxo kart&eacute;ker&iacute; deb&eacute;t le beshekan&iacute; tir&iacute; Kurdistan da.<\/li>\n<li>Dabeshb&uacute;n&iacute; Kurdistan buwete hoy b&eacute;ber&iacute;b&uacute;n&iacute; ziman&iacute; Kurd&iacute; u zarawekan&iacute; le t&eacute;perr kirdin&iacute; gesheyek&iacute; sir&uacute;shtyane. Em dabeshb&uacute;ne le heman katda zarawe Kurdiyekan&iacute; xistuwete naw helumerj&iacute; jiyawaz. Le kat&eacute;kda ke le besh&eacute;k le Kurdistan hellumerj&eacute;k&iacute; kem ta zor lebar bo zarawey Kirmanj&iacute; Xuwar&uacute; rexsa, Kirmanj&iacute; Ser&uacute; kewte ber h&eacute;rsh&iacute; shov&eacute;n&iacute;staney deselatdaran&iacute; Turk u bo mawey hesht deye hewll&iacute; sir&iacute;newey hem&uacute; asewar&eacute;k&iacute; dira. Hewll&iacute; Kurdekan&iacute; Bak&uacute;r&iacute; Kurdistan bo b&uacute;jhandnewe u geshep&eacute;dan&iacute; ziman&iacute; Kurd&iacute; sereray zext&iacute; zor&iacute; nahezan&iacute; em zimane ezm&uacute;n&eacute;k&iacute; pirrbayexe u deb&eacute; r&eacute;z&iacute; l&eacute;big&iacute;r&eacute;t.&nbsp;<\/li>\n<li>Kurdan wek neteweyk&iacute; b&eacute; dewllet le hewll u xebat&iacute; b&eacute;wucan&iacute; xoyanda be dir&eacute;jhay&iacute; sedey b&iacute;stem, sererray kendukosp&iacute; zor, tuwan&iacute;an hest&iacute; hawbesh&iacute; hogir&iacute; be pirs&iacute; netewey&iacute; bipar&eacute;zn u xo wek neteweyk&iacute; hasha l&eacute;kiraw n&iacute;shan biden.<\/li>\n<li>D&uacute; zarawey serek&iacute; Kurd&iacute;, Kirmanj&iacute; Ser&uacute; u Xuwar&uacute; ewende l&eacute;k niz&iacute;kin ke nakir&eacute; wek d&uacute; ziman hellsukewtyan legell bikirdr&eacute;t. Le heman katda em d&uacute; zaraweye ewendesh le yektir jiyawazin ke nakir&eacute; wek yek ziman dabindr&eacute;n. Hogir&iacute; Kurdan be yektir le derewey sin&uacute;re fermiyekanda, layen&eacute;k&iacute; beh&eacute;z&iacute; kurdayetiye u rewa niye jiyawaz&iacute; zarawey&iacute; bikir&eacute;te lemper&eacute;k leser regay hawcaren&uacute;s&iacute; m&eacute;jhuy em netewe b&eacute; dewllete da\u200c.<\/li>\n<li>Desteber kirdin&iacute; nasnameyek&iacute; netewey&iacute; natuwan&eacute; be \u200cferm&iacute;kirdin&iacute; zaraweyek u pishtgw&eacute;xstin&iacute; zarawekan&iacute; tir wed&iacute; b&eacute;t. Bep&eacute;cewane her jore hewl&eacute;k bo serdestkirdin&iacute; zaraweyek deb&eacute;te hokar&iacute; sin&uacute;rk&eacute;shan&eacute;k&iacute; malw&eacute;ranker le n&eacute;wan ax&eacute;weran&iacute; zarawe Kurdiyekanda.<\/li>\n<li>W&eacute;dec&eacute;t be le bercawgirtin&iacute; faktorgel&iacute; jiyawazewe p&eacute;shniyar&iacute; Duktur Amir Hassanpour&nbsp; le mer d&uacute; standardib&uacute;n&iacute; ziman&iacute; kurd&iacute; shiyawtir&iacute;n u gonjawtir&iacute;n r&eacute;gay helsukewtkirdin b&eacute;t legel ziman&iacute; Kurd&iacute;da.&nbsp;<\/li>\n<li>Be bawer&iacute; min le jiyat&iacute; be hederdan&iacute; wizeyek&iacute; zor&iacute; roshnb&iacute;r&iacute; bo sepandin&iacute; zaraweyek beser zarawekan&iacute; tirda deb&eacute;t p&eacute;sheng&iacute; roshnb&iacute;r&iacute; u siyas&iacute; Kurd b&iacute;r le perep&eacute;dan&iacute; zarawe serekiyekan bikatewe u girft&iacute; zor&iacute; em zarawane le buwar&iacute; wusheronan, r&eacute;n&uacute;s u r&eacute;ziman careser bikat. Deselat&iacute; Kurd&iacute; le Bash&uacute;r&iacute; Kurdistan deb&eacute; r&eacute;gexoshker&iacute; em rewte b&eacute;t. Eger bimanhew&eacute;t ziman&iacute; Kurd&iacute; le r&iacute;z&iacute; ew 5000 zimaneda neb&eacute;t ke le Sedey B&iacute;stuiyekemda lenaw decn, deb&eacute; b&iacute;r le geshep&eacute;dan&iacute; ziman&iacute; Kurd&iacute; be her d&uacute; zarawe serekiyekeyewe bikeynewe u helumerj&iacute; perwerde u bekarh&eacute;nan&iacute; le hem&uacute; astekan&iacute; xw&eacute;ndin u zanstda bo birexs&eacute;n&iacute;n.<\/li>\n<li>Bas&eacute;k&iacute; lem ceshne nek her le buwar&iacute; ziman&iacute; belk&uacute; le buwar&iacute; siyas&iacute;shda hestiyare u careserkirdin&iacute; le derewey dawakar&iacute; hawbesh&iacute; nawcegerayiyanedaye. Ezm&uacute;nekan&iacute; siyaset&iacute; ziman&iacute; zor netewey tir detuwanin yarmet&iacute;der&iacute; &eacute;me bin bo doz&iacute;newey shiyawtir&iacute;n r&eacute;gay careserkirdin&iacute; pirs&iacute; ziman. Ezm&uacute;n&iacute; ew wilataney d&uacute; ya cend ziman&iacute; standardiyan heye detuwan&eacute; bo &eacute;me zor be kelik b&eacute;. Ezm&uacute;n&iacute; H&iacute;ndiyekan bo careserkirdin&iacute; pirs&iacute; r&eacute;n&uacute;s u jiyawaz&iacute; zor&iacute; ziman&iacute; dekir&eacute;t kelk&iacute; l&eacute;werg&iacute;r&eacute;t. Ezm&uacute;n&iacute; Yeh&uacute;diyekan le jhiyandinewey ziman&eacute;k&iacute; mird&uacute;da detuwan&eacute;t hestiyar&iacute; pirs&iacute; zimaniman bo sazkirdin&iacute; netewe web&iacute;r bixatewe.<\/li>\n<li>Bas&iacute; ziman u siyaset&iacute; ziman&iacute; u kult&uacute;r&iacute; p&eacute;w&iacute;st&iacute; be sharezay&iacute; u ziman&eacute;k&iacute; t&eacute;kn&iacute;k&iacute; u psporane heye, ziman&eacute;k ke d&uacute;r b&eacute;t le t&uacute;nd&iacute; u b&eacute;r&eacute;z&iacute;. Hewldan bo wer&eacute;xstin&iacute; bas&iacute; zanst&iacute; u zimaninasane erk&eacute;k&iacute; &iacute;nsan&iacute; u Kurdaneye&nbsp;<\/li>\n<\/ol>\n<p>Sercawe: mallperr&iacute; RUWANGE 05\/05\/2008<\/p>\n<p>&nbsp;<\/p>\n","protected":false},"excerpt":{"rendered":"<p>Dr. Hashem Ahmadzadeh (Hashim Ehmed Zade) Ser Mamostay Lekollinewe KurdiyekanHawseroki Nawendi Lekollinewey&nbsp; KurdiXwendingey Zaniste Mirovayet&iacute; u KomelayetiyekanZankoy Exeter &#8211; Britanya<\/p>\n","protected":false},"author":1,"featured_media":129,"parent":0,"menu_order":0,"comment_status":"closed","ping_status":"closed","template":"","meta":{"footnotes":""},"categories":[],"tags":[],"class_list":["post-130","page","type-page","status-publish","has-post-thumbnail","hentry"],"_links":{"self":[{"href":"https:\/\/kurdishacademy.org\/index.php?rest_route=\/wp\/v2\/pages\/130","targetHints":{"allow":["GET"]}}],"collection":[{"href":"https:\/\/kurdishacademy.org\/index.php?rest_route=\/wp\/v2\/pages"}],"about":[{"href":"https:\/\/kurdishacademy.org\/index.php?rest_route=\/wp\/v2\/types\/page"}],"author":[{"embeddable":true,"href":"https:\/\/kurdishacademy.org\/index.php?rest_route=\/wp\/v2\/users\/1"}],"replies":[{"embeddable":true,"href":"https:\/\/kurdishacademy.org\/index.php?rest_route=%2Fwp%2Fv2%2Fcomments&post=130"}],"version-history":[{"count":0,"href":"https:\/\/kurdishacademy.org\/index.php?rest_route=\/wp\/v2\/pages\/130\/revisions"}],"wp:featuredmedia":[{"embeddable":true,"href":"https:\/\/kurdishacademy.org\/index.php?rest_route=\/"}],"wp:attachment":[{"href":"https:\/\/kurdishacademy.org\/index.php?rest_route=%2Fwp%2Fv2%2Fmedia&parent=130"}],"wp:term":[{"taxonomy":"category","embeddable":true,"href":"https:\/\/kurdishacademy.org\/index.php?rest_route=%2Fwp%2Fv2%2Fcategories&post=130"},{"taxonomy":"post_tag","embeddable":true,"href":"https:\/\/kurdishacademy.org\/index.php?rest_route=%2Fwp%2Fv2%2Ftags&post=130"}],"curies":[{"name":"wp","href":"https:\/\/api.w.org\/{rel}","templated":true}]}}